{"id":10557,"date":"2020-03-17T11:01:01","date_gmt":"2020-03-17T17:01:01","guid":{"rendered":"https:\/\/advancedsofttissuerelease.com\/?post_type=product&#038;p=10557"},"modified":"2025-09-23T20:43:49","modified_gmt":"2025-09-24T00:43:49","slug":"kit-detox-2","status":"publish","type":"product","link":"https:\/\/advancedsofttissuerelease.com\/es\/product\/detox-kit\/","title":{"rendered":"Kit de desintoxicaci\u00f3n"},"content":{"rendered":"<div dir=\"ltr\">\n<h1><strong><span class=\"\" style=\"font-size: 12pt; color: #333333;\">Kit de suplementos de desintoxicaci\u00f3n<\/span><\/strong><\/h1>\n<p>En este programa paso a paso, el Dr. Jacobs le mostrar\u00e1 c\u00f3mo implementar la dieta de desintoxicaci\u00f3n de ASTR con nuestro kit de suplementos de desintoxicaci\u00f3n para eliminar las toxinas de su cuerpo. El Dr. Jacobs recomienda la desintoxicaci\u00f3n una o dos veces al a\u00f1o para deshacerse de las exposiciones diarias a toxinas como pesticidas, herbicidas, contaminaci\u00f3n del aire, contaminaci\u00f3n del agua, productos qu\u00edmicos dom\u00e9sticos, etc. El kit de suplementos de desintoxicaci\u00f3n iniciar\u00e1 su viaje para limpiar su cuerpo de toxinas desagradables. que podr\u00eda derivar en problemas de salud como desequilibrio del sistema endocrino, fatiga, insomnio, dolor de cabeza, dolor cr\u00f3nico, inflamaci\u00f3n constante, etc.<\/p>\n<p><span style=\"color: #333333;\"><strong>El kit de suplementos de desintoxicaci\u00f3n incluye<\/strong><\/span><\/p>\n<ol>\n<li>Col\u00e1geno Activo<\/li>\n<li>N-acetil-L-ciste\u00edna (NAC)<\/li>\n<li>yodo activo<\/li>\n<li><span style=\"color: #333333;\">Vitamina C y bioflavonoides\u00a0<\/span><\/li>\n<li><span style=\"color: #333333;\">ASTR \u00a0diet, including recipes<\/span><\/li>\n<\/ol>\n<p><span style=\"color: #0000ff;\"><a style=\"color: #0000ff;\" href=\"https:\/\/advancedsofttissuerelease.com\/es\/producto\/colageno-activo-2\/\"><strong>Col\u00e1geno Activo &gt;<\/strong><\/a><\/span><\/p>\n<\/div>\n<ul>\n<li>Supports detox process<\/li>\n<li>Apoya el proceso de autorreparaci\u00f3n del cart\u00edlago<\/li>\n<li>Apoya el proceso de autorreparaci\u00f3n del tend\u00f3n.<\/li>\n<li>Apoya el proceso de autorreparaci\u00f3n de los ligamentos<\/li>\n<li>Apoya el proceso de autorreparaci\u00f3n de la fascia.<\/li>\n<li>Apoya el cabello saludable<\/li>\n<li>Apoya una piel sana<\/li>\n<li>Apoya las u\u00f1as saludables.<\/li>\n<li>Apoya la lubricaci\u00f3n de las articulaciones.<\/li>\n<li>Apoya la amortiguaci\u00f3n de las articulaciones.<\/li>\n<li>Promueve la bios\u00edntesis del tejido conectivo<\/li>\n<\/ul>\n<p><a href=\"https:\/\/advancedsofttissuerelease.com\/es\/producto\/nac-n-acetyl-l-cysteine\/\"><span style=\"color: #0000ff;\"><strong>N-acetil-L-ciste\u00edna (NAC) &gt;<\/strong><\/span><\/a><\/p>\n<div class=\"page\" title=\"P\u00e1gina 1\">\n<div class=\"section\">\n<div class=\"layoutArea\">\n<div class=\"column\">\n<ul>\n<li>Apoya la s\u00edntesis de glutati\u00f3n<\/li>\n<li>Apoya la desintoxicaci\u00f3n de toxinas y contaminantes ambientales.<\/li>\n<li>Apoya la funci\u00f3n inmunol\u00f3gica<\/li>\n<li>Apoya la funci\u00f3n hep\u00e1tica<\/li>\n<li>Apoya la actividad antioxidante en todas las c\u00e9lulas del cuerpo.<\/li>\n<li>Apoya la funci\u00f3n respiratoria saludable<\/li>\n<\/ul>\n<p><a href=\"https:\/\/advancedsofttissuerelease.com\/es\/producto\/vitamina-c-y-bioflavonoides-2\/\"><strong><span style=\"color: #0000ff;\">Vitamina C &amp;\u00a0<span style=\"caret-color: #0000ff;\">bioflavonoides<\/span>\u00a0 &gt;\u00a0<\/span><\/strong><\/a><\/p>\n<ul>\n<li>F\u00f3rmula de vitamina C de alta potencia<\/li>\n<li>Apoya el sistema inmunol\u00f3gico<\/li>\n<li>Apoya los sistemas antioxidantes<\/li>\n<li>Apoyar la s\u00edntesis de vasos sangu\u00edneos<\/li>\n<li>Apoya la producci\u00f3n de col\u00e1geno.<\/li>\n<li>Apoya la producci\u00f3n de carnitina<\/li>\n<li>Apoya la producci\u00f3n de neurotransmisores<\/li>\n<\/ul>\n<p>La vitamina C y los bioflavonoides combinan vitamina C de alta potencia con un complejo de bioflavonoides c\u00edtricos de espectro completo estandarizado. Tanto la vitamina C como los bioflavonoides han sido ampliamente investigados por sus funciones en el apoyo a la funci\u00f3n antioxidante e inmunol\u00f3gica. Adem\u00e1s, la investigaci\u00f3n indica que la vitamina C es necesaria para la s\u00edntesis de col\u00e1geno, neurotransmisores y carnitina. Los bioflavonoides parecen apoyar el metabolismo y la cognici\u00f3n saludables al funcionar como agentes de se\u00f1alizaci\u00f3n celular.*<\/p>\n<\/div>\n<\/div>\n<\/div>\n<\/div>\n<p><span style=\"color: #0000ff;\"><a style=\"color: #0000ff;\" href=\"https:\/\/advancedsofttissuerelease.com\/es\/producto\/activo-con-yodo-2\/\"><strong>yodo activo &gt;<\/strong><\/a><\/span><\/p>\n<ul>\n<li>Apoya la salud de la tiroides<\/li>\n<li>Supports detox process<\/li>\n<li>Ayuda a mantener el tejido mamario sano.<\/li>\n<li>Apoya la s\u00edntesis saludable de hormonas tiroideas<\/li>\n<li>Reducir el estr\u00e9s oxidativo<\/li>\n<li>Apoya ojos saludables<\/li>\n<li>Apoya el revestimiento gastrointestinal saludable<\/li>\n<li>antioxidante<\/li>\n<\/ul>\n<p><span style=\"color: #333333;\">El suplemento ASTR Essential apoya la protecci\u00f3n antioxidante y la desintoxicaci\u00f3n al mismo tiempo que ayuda a mejorar la salud de las personas con ingestas nutricionales deficientes. El perfil integral de nutrientes en Essential respalda el bienestar fundamental; actividad antioxidante con vitaminas C y E, selenio y betacaroteno; y fase I de desintoxicaci\u00f3n.*<\/span><\/p>\n<p style=\"text-align: center;\"><span style=\"font-size: 8pt; color: #333333;\">Estas declaraciones no han sido evaluadas por la Administraci\u00f3n de Alimentos y Medicamentos. Este producto no est\u00e1 destinado a diagnosticar, tratar, curar o prevenir ninguna enfermedad.<\/span><\/p>","protected":false},"excerpt":{"rendered":"<p><span class=\"\">Programa paso a paso que incluye consejos de desintoxicaci\u00f3n,\u00a0<\/span><span class=\"\">plan de nutrici\u00f3n, <\/span><span class=\"\">recetas, listas de compras y suplementos que lo ayudar\u00e1n a abordar la fuente de sus problemas de salud subyacentes.<\/span><\/p>","protected":false},"featured_media":29581,"template":"","meta":{"_analytify_skip_tracking":false},"product_brand":[],"product_cat":[1782],"product_tag":[1042,1928,1929,1898,529],"woo-feed-brand":[],"class_list":{"0":"post-10557","1":"product","2":"type-product","3":"status-publish","4":"has-post-thumbnail","6":"product_cat-health-supplement-kits","7":"product_tag-detox","8":"product_tag-detox-diet","9":"product_tag-detox-supplements","10":"product_tag-fiber","11":"product_tag-vitamin-c","12":"product_shipping_class-regular-shipping","14":"first","15":"instock","16":"sale","17":"featured","18":"taxable","19":"shipping-taxable","20":"purchasable","21":"product-type-simple"},"exclude_global_add_ons":[],"addons":[],"_links":{"self":[{"href":"https:\/\/advancedsofttissuerelease.com\/es\/wp-json\/wp\/v2\/product\/10557","targetHints":{"allow":["GET"]}}],"collection":[{"href":"https:\/\/advancedsofttissuerelease.com\/es\/wp-json\/wp\/v2\/product"}],"about":[{"href":"https:\/\/advancedsofttissuerelease.com\/es\/wp-json\/wp\/v2\/types\/product"}],"version-history":[{"count":0,"href":"https:\/\/advancedsofttissuerelease.com\/es\/wp-json\/wp\/v2\/product\/10557\/revisions"}],"wp:featuredmedia":[{"embeddable":true,"href":"https:\/\/advancedsofttissuerelease.com\/es\/wp-json\/wp\/v2\/media\/29581"}],"wp:attachment":[{"href":"https:\/\/advancedsofttissuerelease.com\/es\/wp-json\/wp\/v2\/media?parent=10557"}],"wp:term":[{"taxonomy":"product_brand","embeddable":true,"href":"https:\/\/advancedsofttissuerelease.com\/es\/wp-json\/wp\/v2\/product_brand?post=10557"},{"taxonomy":"product_cat","embeddable":true,"href":"https:\/\/advancedsofttissuerelease.com\/es\/wp-json\/wp\/v2\/product_cat?post=10557"},{"taxonomy":"product_tag","embeddable":true,"href":"https:\/\/advancedsofttissuerelease.com\/es\/wp-json\/wp\/v2\/product_tag?post=10557"},{"taxonomy":"woo-feed-brand","embeddable":true,"href":"https:\/\/advancedsofttissuerelease.com\/es\/wp-json\/wp\/v2\/woo-feed-brand?post=10557"}],"curies":[{"name":"wp","href":"https:\/\/api.w.org\/{rel}","templated":true}]}}