{"id":13391,"date":"2020-04-23T16:28:40","date_gmt":"2020-04-23T22:28:40","guid":{"rendered":"https:\/\/advancedsofttissuerelease.com\/?post_type=product&#038;p=13391"},"modified":"2024-10-14T11:50:11","modified_gmt":"2024-10-14T15:50:11","slug":"kit-de-alivio-de-los-senos-paranasales-2","status":"publish","type":"product","link":"https:\/\/advancedsofttissuerelease.com\/es\/product\/sinus-relief-kit\/","title":{"rendered":"Kit de alivio de los senos paranasales"},"content":{"rendered":"<p><span style=\"font-size: 12pt; color: #333333;\"><strong>Kit de alivio de los senos paranasales<\/strong><\/span><\/p>\n<p><span style=\"color: #333333;\">En este programa paso a paso, el Dr. Jacobs le mostrar\u00e1 c\u00f3mo controlar o eliminar los s\u00edntomas de los senos paranasales de manera r\u00e1pida y efectiva al implementar la dieta antiinflamatoria de ASTR con nuestro kit de suplementos para el alivio de los senos paranasales. Si est\u00e1 experimentando un problema de sinusitis a corto plazo o cr\u00f3nico, \u00a1este kit iniciar\u00e1 su viaje para aliviar su dolor de sinusitis!<\/span><\/p>\n<p><span style=\"color: #333333;\"><strong>El kit de alivio sinusal incluye<\/strong><\/span><\/p>\n<ol>\n<li><span style=\"color: #333333;\">Probiotic Max<\/span><\/li>\n<li>Flavonoid\u00a0<span style=\"font-size: 16px;\">Active<\/span><\/li>\n<li>NAC<\/li>\n<li><span style=\"color: #333333;\">K2 y D3 completos<\/span><\/li>\n<li>Niacin Active<\/li>\n<li><span style=\"color: #333333;\">Zinc Activo<\/span><\/li>\n<li><span style=\"color: #333333;\">Dieta antiinflamatoria, incluyendo recetas.<\/span><\/li>\n<\/ol>\n<p><strong><a href=\"https:\/\/advancedsofttissuerelease.com\/es\/producto\/probiotico-max-2\/\">Probi\u00f3tico Max \u2013 18 Cepas &gt;<\/a><\/strong><\/p>\n<ul>\n<li>Apoya una microbiota saludable<\/li>\n<li>Apoya la respuesta inmune natural<\/li>\n<li>Apoya la digesti\u00f3n de la lactosa<\/li>\n<li>Apoya la regularidad intestinal<\/li>\n<li>Apoya un microbioma intestinal saludable<\/li>\n<li>Seleccionado por su viabilidad y estabilidad<\/li>\n<\/ul>\n<div class=\"page\" title=\"P\u00e1gina 1\">\n<div class=\"section\">\n<div class=\"layoutArea\">\n<div class=\"column\">\n<p><a href=\"https:\/\/advancedsofttissuerelease.com\/es\/producto\/infla-facilidad-2-4\/\"><strong>Flavonoid Active &gt;\u00a0<\/strong><\/a><\/p>\n<ul>\n<li>F\u00f3rmula de vitamina C de alta potencia<\/li>\n<li>Apoya el sistema inmunol\u00f3gico<\/li>\n<li>Apoya los sistemas antioxidantes<\/li>\n<li>Apoyar la s\u00edntesis de vasos sangu\u00edneos<\/li>\n<li>Apoya la producci\u00f3n de col\u00e1geno.<\/li>\n<li>Apoya la producci\u00f3n de neurotransmisores<\/li>\n<\/ul>\n<p>Flavonoid Active combines high-potency vitamin C with a standardized, full-spectrum, citrus bioflavonoid complex. Both vitamin C and bioflavonoids have been extensively researched for their roles in supporting antioxidant and immune function. In addition, research indicates that vitamin C is required for the synthesis of collagen, neurotransmitters, and carnitine. flavonoids appear to support healthy metabolism and cognition by functioning as cell-signaling agents.*<\/p>\n<\/div>\n<p><a href=\"https:\/\/advancedsofttissuerelease.com\/es\/producto\/nac-n-acetyl-l-cysteine\/\"><strong>N-acetil-L-ciste\u00edna (NAC) &gt;<\/strong><\/a><\/p>\n<div class=\"page\" title=\"P\u00e1gina 1\">\n<div class=\"section\">\n<div class=\"layoutArea\">\n<div class=\"column\">\n<ul>\n<li>Apoya la s\u00edntesis de glutati\u00f3n<\/li>\n<li>Apoya la desintoxicaci\u00f3n de toxinas y contaminantes ambientales.<\/li>\n<li>Apoya la funci\u00f3n inmunol\u00f3gica<\/li>\n<li>Apoya la funci\u00f3n hep\u00e1tica<\/li>\n<li>Apoya la actividad antioxidante en todas las c\u00e9lulas del cuerpo.<\/li>\n<li>Apoya la funci\u00f3n respiratoria saludable<\/li>\n<\/ul>\n<\/div>\n<\/div>\n<\/div>\n<\/div>\n<\/div>\n<\/div>\n<\/div>\n<div class=\"page\" title=\"P\u00e1gina 2\">\n<div class=\"layoutArea\">\n<div class=\"column\">\n<div class=\"page\" title=\"P\u00e1gina 1\">\n<div class=\"section\">\n<div class=\"layoutArea\">\n<div class=\"page\" title=\"P\u00e1gina 1\">\n<div class=\"section\">\n<div class=\"layoutArea\">\n<p><span style=\"color: #0000ff;\"><a style=\"color: #0000ff;\" href=\"https:\/\/advancedsofttissuerelease.com\/es\/producto\/zinc-activo-2\/\"><strong>Zinc activo &gt;<\/strong><\/a><\/span><\/p>\n<ul>\n<li>Apoya el sistema inmunol\u00f3gico<\/li>\n<li>Apoya la funci\u00f3n neurol\u00f3gica<\/li>\n<li>Apoya el metabolismo de los nutrientes.<\/li>\n<li>Apoya la salud reproductiva<\/li>\n<li>Apoya el equilibrio hormonal<\/li>\n<li>Apoyar la percepci\u00f3n sensorial<\/li>\n<li>Apoya la actividad antioxidante<\/li>\n<li>Apoya las reacciones enzim\u00e1ticas.<\/li>\n<li>Apoya el metabolismo de las prote\u00ednas<\/li>\n<\/ul>\n<p><a href=\"https:\/\/advancedsofttissuerelease.com\/es\/producto\/liberacion-sostenida-de-niacina-2\/\"><strong>Niacin Active &gt;<\/strong><\/a><\/p>\n<ul>\n<li>Apoya los l\u00edpidos sangu\u00edneos saludables<\/li>\n<li>Apoya la salud del colesterol de lipoprote\u00ednas de alta densidad (HDL)<\/li>\n<li>F\u00f3rmula de liberaci\u00f3n prolongada que se completa en siete u ocho horas<\/li>\n<li>Admite el grosor normal de la \u00edntima-media carot\u00eddea (CIMT)<\/li>\n<li>Tiene un menor efecto de rubor en comparaci\u00f3n con la niacina de liberaci\u00f3n instant\u00e1nea<\/li>\n<\/ul>\n<p><span style=\"color: #0000ff;\"><a style=\"color: #0000ff;\" href=\"https:\/\/advancedsofttissuerelease.com\/es\/producto\/k2-d3-completa-2\/\"><strong>K2 y D3 completos &gt;<\/strong><\/a><\/span><\/p>\n<ul>\n<li><span style=\"color: #333333;\">Apoya la circulaci\u00f3n sangu\u00ednea saludable<\/span><\/li>\n<li><span style=\"color: #333333;\">Promueve la salud \u00f3sea \u00f3ptima<\/span><\/li>\n<li><span style=\"color: #333333;\">Promueve el almacenamiento adecuado de calcio<\/span><\/li>\n<li><span style=\"color: #333333;\">Mantiene la funci\u00f3n cardiometab\u00f3lica saludable<\/span><\/li>\n<li><span style=\"color: #333333;\">Apoya la elasticidad arterial<\/span><\/li>\n<li><span style=\"color: #333333;\">Aumenta la funci\u00f3n inmunol\u00f3gica<\/span><\/li>\n<li><span style=\"color: #333333;\">Apoya el equilibrio saludable de calcio<\/span><\/li>\n<li><span style=\"color: #333333;\">Apoya el equilibrio del az\u00facar en la sangre<\/span><\/li>\n<\/ul>\n<p><span style=\"color: #333333;\">La investigaci\u00f3n actual ha encontrado que la suplementaci\u00f3n de alta concentraci\u00f3n de K2, a 180 mcg\/d\u00eda, produce mejores resultados cl\u00ednicos en comparaci\u00f3n con la suplementaci\u00f3n en dosis m\u00e1s bajas*. K2 &amp; D3 complete proporciona 180 mcg de MenaQ7\u00ae PRO, la forma de vitamina K2 m\u00e1s estudiada como MK-7, junto con 5000 UI de vitamina D3 para un soporte \u00f3ptimo de la salud \u00f3sea y cardiovascular.<\/span><\/p>\n<\/div>\n<\/div>\n<\/div>\n<\/div>\n<\/div>\n<\/div>\n<p><span style=\"color: #333333;\"><strong>No contiene:\u00a0<\/strong>Gluten, ma\u00edz, levadura, colores y sabores artificiales.<\/span><\/p>\n<\/div>\n<\/div>\n<\/div>\n<p style=\"text-align: center;\"><span style=\"font-size: 8pt; color: #333333;\">*Estas declaraciones no han sido evaluadas por la Administraci\u00f3n de Alimentos y Medicamentos. Este producto no est\u00e1 destinado a diagnosticar, tratar, curar o prevenir ninguna enfermedad.\u00a0<\/span><\/p>","protected":false},"excerpt":{"rendered":"<p>Programa paso a paso que incluye consejos para aliviar la sinusitis, plan de nutrici\u00f3n, recetas, listas de compras y suplementos que lo ayudar\u00e1n a abordar el origen de sus problemas de salud subyacentes.<\/p>","protected":false},"featured_media":37362,"template":"","meta":{"_analytify_skip_tracking":false},"product_brand":[],"product_cat":[1782],"product_tag":[521,2134,1414,2133,1907],"woo-feed-brand":[],"class_list":{"0":"post-13391","1":"product","2":"type-product","3":"status-publish","4":"has-post-thumbnail","6":"product_cat-health-supplement-kits","7":"product_tag-astr-supplement","8":"product_tag-breakdown-and-clear-mucus","9":"product_tag-immune-support","10":"product_tag-sinus-relief","11":"product_tag-zinc","12":"product_shipping_class-regular-shipping","14":"first","15":"instock","16":"sale","17":"taxable","18":"shipping-taxable","19":"purchasable","20":"product-type-simple"},"exclude_global_add_ons":false,"addons":[{"name":"Crema para el alivio del dolor para el dolor, la inflamaci\u00f3n y acelerar la curaci\u00f3n","type":"checkbox","position":0,"required":true,"title_format":"heading","default":"","description_enable":false,"description":"","placeholder_enable":false,"placeholder":"","display":"radiobutton","restrictions_type":"any_text","adjust_price":false,"price":"","price_type":"flat_fee","restrictions":false,"min":"0","max":"0","options":[{"label":"Yes (save $10)","price":"39","price_type":"flat_fee","image":0,"visibility":true},{"label":"No","price":"","price_type":"flat_fee","image":0,"visibility":true}],"id":1714236870},{"name":"Do you own our tool kit? (A1, A2, A3, A4 & A5)","type":"multiple_choice","position":0,"required":true,"title_format":"heading","default":"","description_enable":false,"description":"","placeholder_enable":false,"placeholder":"","display":"radiobutton","restrictions_type":"any_text","adjust_price":false,"price":"","price_type":"flat_fee","restrictions":false,"min":"0","max":"0","options":[{"label":"Yes","price":"0","price_type":"flat_fee","image":0,"visibility":true},{"label":"No","price":"399","price_type":"flat_fee","image":0,"visibility":true}]}],"_links":{"self":[{"href":"https:\/\/advancedsofttissuerelease.com\/es\/wp-json\/wp\/v2\/product\/13391","targetHints":{"allow":["GET"]}}],"collection":[{"href":"https:\/\/advancedsofttissuerelease.com\/es\/wp-json\/wp\/v2\/product"}],"about":[{"href":"https:\/\/advancedsofttissuerelease.com\/es\/wp-json\/wp\/v2\/types\/product"}],"version-history":[{"count":0,"href":"https:\/\/advancedsofttissuerelease.com\/es\/wp-json\/wp\/v2\/product\/13391\/revisions"}],"wp:featuredmedia":[{"embeddable":true,"href":"https:\/\/advancedsofttissuerelease.com\/es\/wp-json\/wp\/v2\/media\/37362"}],"wp:attachment":[{"href":"https:\/\/advancedsofttissuerelease.com\/es\/wp-json\/wp\/v2\/media?parent=13391"}],"wp:term":[{"taxonomy":"product_brand","embeddable":true,"href":"https:\/\/advancedsofttissuerelease.com\/es\/wp-json\/wp\/v2\/product_brand?post=13391"},{"taxonomy":"product_cat","embeddable":true,"href":"https:\/\/advancedsofttissuerelease.com\/es\/wp-json\/wp\/v2\/product_cat?post=13391"},{"taxonomy":"product_tag","embeddable":true,"href":"https:\/\/advancedsofttissuerelease.com\/es\/wp-json\/wp\/v2\/product_tag?post=13391"},{"taxonomy":"woo-feed-brand","embeddable":true,"href":"https:\/\/advancedsofttissuerelease.com\/es\/wp-json\/wp\/v2\/woo-feed-brand?post=13391"}],"curies":[{"name":"wp","href":"https:\/\/api.w.org\/{rel}","templated":true}]}}