{"id":13751,"date":"2020-05-22T13:20:13","date_gmt":"2020-05-22T19:20:13","guid":{"rendered":"https:\/\/advancedsofttissuerelease.com\/?post_type=product&#038;p=13751"},"modified":"2025-09-23T20:33:35","modified_gmt":"2025-09-24T00:33:35","slug":"kit-de-curacion-de-heridas-2","status":"publish","type":"product","link":"https:\/\/advancedsofttissuerelease.com\/es\/product\/wound-healing-kit\/","title":{"rendered":"Kit de curaci\u00f3n de heridas"},"content":{"rendered":"<p><span style=\"font-size: 12pt; color: #333333;\"><strong>Kit de curaci\u00f3n de heridas<\/strong><\/span><\/p>\n<p><span style=\"color: #333333;\">En este programa paso a paso, el Dr. Jacobs le mostrar\u00e1 c\u00f3mo puede acelerar el proceso de curaci\u00f3n de manera r\u00e1pida y efectiva al implementar la dieta antiinflamatoria de ASTR con nuestro kit de suplementos para la curaci\u00f3n de heridas. Si est\u00e1 experimentando un problema de heridas cr\u00f3nico o a corto plazo, \u00a1este kit iniciar\u00e1 su viaje hacia la curaci\u00f3n!<\/span><\/p>\n<p><span style=\"color: #333333;\"><strong><span style=\"font-size: 12pt; color: #333333;\">Cicatrizaci\u00f3n de la herida<\/span> El kit incluye<\/strong><\/span><\/p>\n<ol>\n<li>Crema analg\u00e9sica<\/li>\n<li>Col\u00e1geno Activo<\/li>\n<li>Vitamina C y bioflavonoides<\/li>\n<li><span style=\"color: #333333;\">K2 y D3 completos<\/span><\/li>\n<li><span style=\"color: #333333;\">Zinc Activo<\/span><\/li>\n<li><span style=\"color: #333333;\">ASTR diet, including recipes<\/span><\/li>\n<\/ol>\n<p><strong><a href=\"https:\/\/advancedsofttissuerelease.com\/es\/producto\/crema-analgesica-2\/\">Crema para aliviar el dolor &gt;<\/a><\/strong><\/p>\n<div class=\"page\" title=\"P\u00e1gina 1\">\n<div class=\"section\">\n<p><strong>Para adultos y ni\u00f1os<\/strong><\/p>\n<ul>\n<li>Apoya el alivio del dolor muscular y articular<\/li>\n<li>Apoya la cicatrizaci\u00f3n de heridas.<\/li>\n<li>Apoya la salud normal de la piel y las u\u00f1as.<\/li>\n<li>Apoya una respuesta inflamatoria saludable<\/li>\n<li>Mejora la salud musculoesquel\u00e9tica<\/li>\n<li>Presume de salud articular<\/li>\n<li>Potencia el movimiento articular<\/li>\n<\/ul>\n<p><strong>La crema para el alivio del dolor se usa para<\/strong><\/p>\n<ul>\n<li>Alivio del dolor<\/li>\n<li>Disminuir la inflamaci\u00f3n<\/li>\n<li>Artritis<\/li>\n<li>Cuidado de las heridas<\/li>\n<li>Eczema<\/li>\n<li>Acn\u00e9<\/li>\n<li>Dermatitis<\/li>\n<li>Soriasis<\/li>\n<\/ul>\n<\/div>\n<\/div>\n<div class=\"page\" title=\"P\u00e1gina 2\">\n<div class=\"layoutArea\">\n<div class=\"column\">\n<div class=\"page\" title=\"P\u00e1gina 1\">\n<div class=\"section\">\n<div class=\"layoutArea\">\n<div class=\"page\" title=\"P\u00e1gina 1\">\n<div class=\"section\">\n<div class=\"layoutArea\">\n<p><a href=\"https:\/\/advancedsofttissuerelease.com\/es\/producto\/colageno-activo-2\/\"><strong>Col\u00e1geno Activo &gt;<\/strong><\/a><\/p>\n<ul>\n<li>Apoya el proceso de autorreparaci\u00f3n del cart\u00edlago<\/li>\n<li>Apoya el proceso de autorreparaci\u00f3n del tend\u00f3n.<\/li>\n<li>Apoya el proceso de autorreparaci\u00f3n de los ligamentos<\/li>\n<li>Apoya el proceso de autorreparaci\u00f3n de la fascia.<\/li>\n<li>Apoya el cabello saludable<\/li>\n<li>Apoya una piel sana<\/li>\n<li>Apoya las u\u00f1as saludables.<\/li>\n<li>Apoya la lubricaci\u00f3n de las articulaciones.<\/li>\n<li>Apoya la amortiguaci\u00f3n de las articulaciones.<\/li>\n<li>Promueve la bios\u00edntesis del tejido conectivo<\/li>\n<\/ul>\n<div class=\"page\" title=\"P\u00e1gina 1\">\n<div class=\"section\">\n<div class=\"layoutArea\">\n<div class=\"column\">\n<p>El col\u00e1geno es un elemento crucial de la piel, el cabello, las u\u00f1as, las articulaciones y el tejido conectivo. Col\u00e1geno Activos: vitamina c, magnesio, col\u00e1geno tipo 1, \u00e1cido hialur\u00f3nico, hidrolizado de gelatina. El col\u00e1geno activo apoya la funci\u00f3n saludable del cart\u00edlago, tend\u00f3n, ligamento, fascia y articulaci\u00f3n.<\/p>\n<\/div>\n<\/div>\n<\/div>\n<\/div>\n<p><a href=\"https:\/\/advancedsofttissuerelease.com\/es\/producto\/vitamina-c-y-bioflavonoides-2\/\"><strong><span style=\"color: #0000ff;\">Vitamina C &amp;\u00a0<span style=\"caret-color: #0000ff;\">bioflavonoides<\/span>\u00a0 &gt;\u00a0<\/span><\/strong><\/a><\/p>\n<ul>\n<li>F\u00f3rmula de vitamina C de alta potencia<\/li>\n<li>Apoya el sistema inmunol\u00f3gico<\/li>\n<li>Apoya los sistemas antioxidantes<\/li>\n<li>Apoyar la s\u00edntesis de vasos sangu\u00edneos<\/li>\n<li>Apoya la producci\u00f3n de col\u00e1geno.<\/li>\n<li>Apoya la producci\u00f3n de carnitina<\/li>\n<li>Apoya la producci\u00f3n de neurotransmisores<\/li>\n<\/ul>\n<p>La vitamina C y los bioflavonoides combinan vitamina C de alta potencia con un complejo de bioflavonoides c\u00edtricos de espectro completo estandarizado. Tanto la vitamina C como los bioflavonoides han sido ampliamente investigados por sus funciones en el apoyo a la funci\u00f3n antioxidante e inmunol\u00f3gica. Adem\u00e1s, la investigaci\u00f3n indica que la vitamina C es necesaria para la s\u00edntesis de col\u00e1geno, neurotransmisores y carnitina. Los bioflavonoides parecen apoyar el metabolismo y la cognici\u00f3n saludables al funcionar como agentes de se\u00f1alizaci\u00f3n celular.*<\/p>\n<p><span style=\"color: #0000ff;\"><a style=\"color: #0000ff;\" href=\"https:\/\/advancedsofttissuerelease.com\/es\/producto\/zinc-activo-2\/\"><strong>Zinc activo &gt;<\/strong><\/a><\/span><\/p>\n<ul>\n<li>Apoya el sistema inmunol\u00f3gico<\/li>\n<li>Apoya la funci\u00f3n neurol\u00f3gica<\/li>\n<li>Apoya el metabolismo de los nutrientes.<\/li>\n<li>Apoya la salud reproductiva<\/li>\n<li>Apoya el equilibrio hormonal<\/li>\n<li>Apoyar la percepci\u00f3n sensorial<\/li>\n<li>Apoya la actividad antioxidante<\/li>\n<li>Apoya las reacciones enzim\u00e1ticas.<\/li>\n<li>Apoya el metabolismo de las prote\u00ednas<\/li>\n<\/ul>\n<p><span style=\"color: #0000ff;\"><a style=\"color: #0000ff;\" href=\"https:\/\/advancedsofttissuerelease.com\/es\/producto\/k2-d3-completa-2\/\"><strong>K2 y D3 completos &gt;<\/strong><\/a><\/span><\/p>\n<ul>\n<li><span style=\"color: #333333;\">Apoya la circulaci\u00f3n sangu\u00ednea saludable<\/span><\/li>\n<li><span style=\"color: #333333;\">Promueve la salud \u00f3sea \u00f3ptima<\/span><\/li>\n<li><span style=\"color: #333333;\">Promueve el almacenamiento adecuado de calcio<\/span><\/li>\n<li><span style=\"color: #333333;\">Mantiene la funci\u00f3n cardiometab\u00f3lica saludable<\/span><\/li>\n<li><span style=\"color: #333333;\">Apoya la elasticidad arterial<\/span><\/li>\n<li><span style=\"color: #333333;\">Aumenta la funci\u00f3n inmunol\u00f3gica<\/span><\/li>\n<li><span style=\"color: #333333;\">Apoya el equilibrio saludable de calcio<\/span><\/li>\n<li><span style=\"color: #333333;\">Apoya el equilibrio del az\u00facar en la sangre<\/span><\/li>\n<\/ul>\n<p><span style=\"color: #333333;\">La investigaci\u00f3n actual ha encontrado que la suplementaci\u00f3n de alta concentraci\u00f3n de K2, a 180 mcg\/d\u00eda, produce mejores resultados cl\u00ednicos en comparaci\u00f3n con la suplementaci\u00f3n en dosis m\u00e1s bajas*. K2 &amp; D3 complete proporciona 180 mcg de MenaQ7\u00ae PRO, la forma de vitamina K2 m\u00e1s estudiada como MK-7, junto con 5000 UI de vitamina D3 para un soporte \u00f3ptimo de la salud \u00f3sea y cardiovascular.<\/span><\/p>\n<\/div>\n<\/div>\n<\/div>\n<\/div>\n<\/div>\n<\/div>\n<p><span style=\"color: #333333;\"><strong>No contiene:\u00a0<\/strong>Gluten, ma\u00edz, levadura, colores y sabores artificiales.<\/span><\/p>\n<\/div>\n<\/div>\n<\/div>\n<p style=\"text-align: center;\"><span style=\"font-size: 8pt; color: #333333;\">*Estas declaraciones no han sido evaluadas por la Administraci\u00f3n de Alimentos y Medicamentos. Este producto no est\u00e1 destinado a diagnosticar, tratar, curar o prevenir ninguna enfermedad.\u00a0<\/span><\/p>","protected":false},"excerpt":{"rendered":"<p>Programa paso a paso que incluye consejos para curar heridas, plan de nutrici\u00f3n, recetas, listas de compras, crema para aliviar el dolor y suplementos que lo ayudar\u00e1n a abordar el origen de sus problemas de salud subyacentes.<\/p>","protected":false},"featured_media":29590,"template":"","meta":{"_analytify_skip_tracking":false},"product_brand":[],"product_cat":[1782],"product_tag":[521,1809,1808,529,2193,1907],"woo-feed-brand":[],"class_list":{"0":"post-13751","1":"product","2":"type-product","3":"status-publish","4":"has-post-thumbnail","6":"product_cat-health-supplement-kits","7":"product_tag-astr-supplement","8":"product_tag-d3-vitamin","9":"product_tag-k2-vitamin","10":"product_tag-vitamin-c","11":"product_tag-wound-healing-supplements","12":"product_tag-zinc","13":"product_shipping_class-regular-shipping","15":"first","16":"instock","17":"sale","18":"taxable","19":"shipping-taxable","20":"purchasable","21":"product-type-simple"},"exclude_global_add_ons":[],"addons":[],"_links":{"self":[{"href":"https:\/\/advancedsofttissuerelease.com\/es\/wp-json\/wp\/v2\/product\/13751","targetHints":{"allow":["GET"]}}],"collection":[{"href":"https:\/\/advancedsofttissuerelease.com\/es\/wp-json\/wp\/v2\/product"}],"about":[{"href":"https:\/\/advancedsofttissuerelease.com\/es\/wp-json\/wp\/v2\/types\/product"}],"version-history":[{"count":0,"href":"https:\/\/advancedsofttissuerelease.com\/es\/wp-json\/wp\/v2\/product\/13751\/revisions"}],"wp:featuredmedia":[{"embeddable":true,"href":"https:\/\/advancedsofttissuerelease.com\/es\/wp-json\/wp\/v2\/media\/29590"}],"wp:attachment":[{"href":"https:\/\/advancedsofttissuerelease.com\/es\/wp-json\/wp\/v2\/media?parent=13751"}],"wp:term":[{"taxonomy":"product_brand","embeddable":true,"href":"https:\/\/advancedsofttissuerelease.com\/es\/wp-json\/wp\/v2\/product_brand?post=13751"},{"taxonomy":"product_cat","embeddable":true,"href":"https:\/\/advancedsofttissuerelease.com\/es\/wp-json\/wp\/v2\/product_cat?post=13751"},{"taxonomy":"product_tag","embeddable":true,"href":"https:\/\/advancedsofttissuerelease.com\/es\/wp-json\/wp\/v2\/product_tag?post=13751"},{"taxonomy":"woo-feed-brand","embeddable":true,"href":"https:\/\/advancedsofttissuerelease.com\/es\/wp-json\/wp\/v2\/woo-feed-brand?post=13751"}],"curies":[{"name":"wp","href":"https:\/\/api.w.org\/{rel}","templated":true}]}}