{"id":14504,"date":"2020-06-24T19:18:16","date_gmt":"2020-06-25T01:18:16","guid":{"rendered":"https:\/\/advancedsofttissuerelease.com\/?post_type=product&#038;p=14504"},"modified":"2025-09-23T20:18:41","modified_gmt":"2025-09-24T00:18:41","slug":"kit-de-rendimiento-deportivo","status":"publish","type":"product","link":"https:\/\/advancedsofttissuerelease.com\/es\/product\/sport-performance-kit\/","title":{"rendered":"Kit de rendimiento deportivo"},"content":{"rendered":"<p>In this step-by-step program, Dr. Jacobs will show you how to quickly and effectively implement ASTR\u2019s diet with our sport performance kit for optimal health, energy, wellness and sport performance. If you would like to maintain optimal sport performance, this kit is great start!<\/p>\n<p><strong>Sport Performance Kit Includes<\/strong><\/p>\n<ol>\n<li>Joint &amp; Muscle Repair<\/li>\n<li>Col\u00e1geno Activo<\/li>\n<li>Niacin Active<\/li>\n<li>B Activo<\/li>\n<li>Magnesio Activo<\/li>\n<li>Coq 10 Activo<\/li>\n<li>omega activo<\/li>\n<li>ASTR diet, including recipes<\/li>\n<\/ol>\n<p><span style=\"color: #0000ff;\"><a style=\"color: #0000ff;\" href=\"https:\/\/advancedsofttissuerelease.com\/es\/producto\/infla-facilidad-2-3\/\"><strong><span style=\"font-size: 12pt;\">Joint &amp; Muscle Repair Pack &gt;<\/span><\/strong><\/a><\/span><\/p>\n<ul>\n<li>Supports joint and muscle repair<\/li>\n<li>Apoya una respuesta inflamatoria saludable<\/li>\n<li>Mejorar la salud musculoesquel\u00e9tica<\/li>\n<li>Presume de salud articular<\/li>\n<li>Potencia el movimiento articular<\/li>\n<li>Aumenta la funci\u00f3n f\u00edsica<\/li>\n<li>Mejora el tiempo de recuperaci\u00f3n del entrenamiento.<\/li>\n<\/ul>\n<p><a href=\"https:\/\/advancedsofttissuerelease.com\/es\/producto\/liberacion-sostenida-de-niacina-3\/\"><strong>niacina<\/strong><strong>\u00a0Active &gt;<\/strong><\/a><\/p>\n<ul>\n<li>Apoya los l\u00edpidos sangu\u00edneos saludables<\/li>\n<li>Apoya la salud del colesterol de lipoprote\u00ednas de alta densidad (HDL)<\/li>\n<li>F\u00f3rmula de liberaci\u00f3n prolongada que se completa en siete u ocho horas<\/li>\n<li>Admite el grosor normal de la \u00edntima-media carot\u00eddea (CIMT)<\/li>\n<li>Tiene un menor efecto de rubor en comparaci\u00f3n con la niacina de liberaci\u00f3n instant\u00e1nea<\/li>\n<\/ul>\n<p><a href=\"https:\/\/advancedsofttissuerelease.com\/es\/producto\/b-activo-2\/\"><strong>B Activo &gt;<\/strong><\/a><\/p>\n<ul>\n<li>Apoya el metabolismo de los carbohidratos.<\/li>\n<li>Apoya el funcionamiento del sistema nervioso.<\/li>\n<li>Apoya el funcionamiento del sistema suprarrenal<\/li>\n<li>Apoya el funcionamiento del sistema inmunol\u00f3gico.<\/li>\n<li>Apoya la salud cardiovascular<\/li>\n<li>Protege contra las deficiencias diet\u00e9ticas.<\/li>\n<li>Protege contra el agotamiento de nutrientes inducido por el estr\u00e9s.<\/li>\n<li>Apoya la funci\u00f3n mental saludable y el estado de \u00e1nimo.<\/li>\n<\/ul>\n<p>El suplemento activo ASTR B ayuda a apoyar el metabolismo de los carbohidratos, el funcionamiento del sistema nervioso\/suprarrenal\/inmunitario, la salud cardiovascular y el funcionamiento mental y el estado de \u00e1nimo saludables. B Active contiene todo el espectro de vitaminas B; formas activadas de B2, B6 y B12; y folato.*<\/p>\n<p><span style=\"color: #0000ff;\"><a style=\"color: #0000ff;\" href=\"https:\/\/advancedsofttissuerelease.com\/es\/producto\/colageno-activo-2\/\"><strong>Col\u00e1geno Activo &gt;<\/strong><\/a><\/span><\/p>\n<ul>\n<li>Apoya el proceso de autorreparaci\u00f3n del cart\u00edlago<\/li>\n<li>Apoya el proceso de autorreparaci\u00f3n del tend\u00f3n.<\/li>\n<li>Apoya el proceso de autorreparaci\u00f3n de los ligamentos<\/li>\n<li>Apoya el proceso de autorreparaci\u00f3n de la fascia.<\/li>\n<li>Apoya el cabello saludable<\/li>\n<li>Apoya una piel sana<\/li>\n<li>Apoya las u\u00f1as saludables.<\/li>\n<li>Apoya la lubricaci\u00f3n de las articulaciones.<\/li>\n<li>Apoya la amortiguaci\u00f3n de las articulaciones.<\/li>\n<li>Promueve la bios\u00edntesis del tejido conectivo<\/li>\n<\/ul>\n<div class=\"page\" title=\"P\u00e1gina 1\">\n<div class=\"section\">\n<div class=\"layoutArea\">\n<div class=\"column\">\n<p>El col\u00e1geno es un elemento crucial de la piel, el cabello, las u\u00f1as, las articulaciones y el tejido conectivo. Col\u00e1geno Activos: vitamina c, magnesio, col\u00e1geno tipo 1, \u00e1cido hialur\u00f3nico, hidrolizado de gelatina. El col\u00e1geno activo apoya la funci\u00f3n saludable del cart\u00edlago, tend\u00f3n, ligamento, fascia y articulaci\u00f3n.<\/p>\n<\/div>\n<\/div>\n<\/div>\n<\/div>\n<p><span style=\"color: #3366ff;\"><a style=\"color: #3366ff;\" href=\"https:\/\/advancedsofttissuerelease.com\/es\/producto\/magnesio-activo-2\/\"><strong>Magnesio Activo &gt;<\/strong><\/a><\/span><\/p>\n<ul>\n<li>Proporciona 3 formas de magnesio de alta absorci\u00f3n.<\/li>\n<li>Magnesio de alta concentraci\u00f3n para apoyo cardiovascular<\/li>\n<li>El magnesio juega un papel vital en cientos de actividades metab\u00f3licas<\/li>\n<li>Ayudar a mantener una presi\u00f3n arterial saludable<\/li>\n<li>Ayuda a mantener niveles saludables de glucosa.<\/li>\n<li>Promueve la producci\u00f3n de energ\u00eda.<\/li>\n<li>Favorece la relajaci\u00f3n muscular<\/li>\n<li>Apoya la funci\u00f3n muscular<\/li>\n<li>Apoyar la funci\u00f3n nerviosa<\/li>\n<\/ul>\n<p><span style=\"color: #3366ff;\"><a style=\"color: #3366ff;\" href=\"https:\/\/advancedsofttissuerelease.com\/es\/producto\/coq-10-activo-2\/\"><strong>CoQ 10 Activo &gt;<\/strong><\/a><\/span><\/p>\n<ul>\n<li>Apoya la generaci\u00f3n de energ\u00eda natural<\/li>\n<li>Apoya el funcionamiento mitocondrial<\/li>\n<li>Apoya la salud del plasma y los tejidos.<\/li>\n<li>Apoya la salud y el funcionamiento del sistema cardiovascular.<\/li>\n<li>Apoya la salud neuromuscular<\/li>\n<li>Apoya el funcionamiento del sistema nervioso central<\/li>\n<\/ul>\n<p>El suplemento ASTR CoQ 10 apoya la generaci\u00f3n de energ\u00eda natural y la salud mitocondrial, el funcionamiento saludable del sistema cardiovascular y la salud neuromuscular y del sistema nervioso central. Se ha demostrado cl\u00ednicamente que ASTR CoQ 10 es m\u00e1s absorbible para una utilizaci\u00f3n \u00f3ptima en apoyo de las necesidades de salud cardiovasculares y energ\u00e9ticas.<\/p>\n<p><span style=\"color: #0000ff;\"><a style=\"color: #0000ff;\" href=\"https:\/\/advancedsofttissuerelease.com\/es\/producto\/omega-activo-2\/\"><strong><span style=\"font-size: 12pt;\">Activo Omega &gt;<\/span><\/strong><\/a><\/span><\/p>\n<ul>\n<li>Apoya la salud cardiovascular<\/li>\n<li>Apoya el metabolismo del az\u00facar en la sangre<\/li>\n<li>Apoya la funci\u00f3n cognitiva<\/li>\n<li>Apoya el desarrollo cognitivo<\/li>\n<li>Apoya una piel sana<\/li>\n<li>Apoya las articulaciones saludables<\/li>\n<li>Apoya los tejidos conectivos saludables<\/li>\n<li>Aumenta la salud visual y ocular<\/li>\n<li>Mantiene el equilibrio inflamatorio normal.<\/li>\n<\/ul>\n<p><span style=\"color: #0000ff;\"><a style=\"color: #0000ff;\" href=\"https:\/\/advancedsofttissuerelease.com\/es\/producto\/crema-analgesica-2\/\"><strong><span style=\"font-size: 12pt;\">Crema para aliviar el dolor &gt;<\/span><\/strong><\/a><\/span><\/p>\n<div class=\"page\" title=\"P\u00e1gina 1\">\n<div class=\"section\">\n<p><strong>Para adultos y ni\u00f1os<\/strong><\/p>\n<ul>\n<li>Apoya el alivio del dolor muscular y articular<\/li>\n<li>Apoya la cicatrizaci\u00f3n de heridas.<\/li>\n<li>Apoya la salud normal de la piel y las u\u00f1as.<\/li>\n<li>Apoya una respuesta inflamatoria saludable<\/li>\n<li>Mejora la salud musculoesquel\u00e9tica<\/li>\n<li>Presume de salud articular<\/li>\n<li>Potencia el movimiento articular<\/li>\n<\/ul>\n<p><strong>La crema para aliviar el dolor se usa para:<\/strong><\/p>\n<ul>\n<li>Alivio del dolor<\/li>\n<li>Disminuir la inflamaci\u00f3n<\/li>\n<li>Artritis<\/li>\n<li>Cuidado de las heridas<\/li>\n<li>Eczema<\/li>\n<li>Acn\u00e9<\/li>\n<li>Dermatitis<\/li>\n<li>Soriasis<\/li>\n<\/ul>\n<\/div>\n<\/div>\n<p style=\"text-align: center;\"><span style=\"font-size: 8pt;\">*Estas declaraciones no han sido evaluadas por la Administraci\u00f3n de Alimentos y Medicamentos. Este producto no est\u00e1 destinado a diagnosticar, tratar, curar o prevenir ninguna enfermedad.<\/span><\/p>","protected":false},"excerpt":{"rendered":"<p><span class=\"\">Step-by-step program including improve sport performance tips,\u00a0<\/span><span class=\"\">plan de nutrici\u00f3n, <\/span><span class=\"\">recetas, listas de compras y suplementos que lo ayudar\u00e1n a abordar la fuente de sus problemas de salud subyacentes.<\/span><\/p>","protected":false},"featured_media":41491,"template":"","meta":{"_analytify_skip_tracking":false},"product_brand":[],"product_cat":[1782],"product_tag":[2252,2326,2253,1329,2250],"woo-feed-brand":[],"class_list":{"0":"post-14504","1":"product","2":"type-product","3":"status-publish","4":"has-post-thumbnail","6":"product_cat-health-supplement-kits","7":"product_tag-boosts-physical-function","8":"product_tag-collagen","9":"product_tag-enhances-workout-recovery-time","10":"product_tag-magnesium","11":"product_tag-sport-performance-kit","13":"first","14":"instock","15":"sale","16":"taxable","17":"shipping-taxable","18":"purchasable","19":"product-type-simple"},"exclude_global_add_ons":false,"addons":[{"name":"Crema para el alivio del dolor para el dolor, la inflamaci\u00f3n y acelerar la curaci\u00f3n","type":"checkbox","position":0,"required":true,"title_format":"heading","default":"","description_enable":false,"description":"","placeholder_enable":false,"placeholder":"","display":"select","restrictions_type":"any_text","adjust_price":false,"price":"","price_type":"flat_fee","restrictions":false,"min":"0","max":"0","options":[{"label":"Yes (save $10)","price":"39","price_type":"flat_fee","image":0,"visibility":true},{"label":"No","price":"","price_type":"flat_fee","image":0,"visibility":true}],"id":1714237321},{"name":"Do you own our tool kit? (A1, A2, A3, A4 & A5)","type":"multiple_choice","position":0,"required":true,"title_format":"heading","default":"","description_enable":false,"description":"","placeholder_enable":false,"placeholder":"","display":"radiobutton","restrictions_type":"any_text","adjust_price":false,"price":"","price_type":"flat_fee","restrictions":false,"min":"0","max":"0","options":[{"label":"Yes","price":"0","price_type":"flat_fee","image":0,"visibility":true},{"label":"No","price":"399","price_type":"flat_fee","image":0,"visibility":true}]}],"_links":{"self":[{"href":"https:\/\/advancedsofttissuerelease.com\/es\/wp-json\/wp\/v2\/product\/14504","targetHints":{"allow":["GET"]}}],"collection":[{"href":"https:\/\/advancedsofttissuerelease.com\/es\/wp-json\/wp\/v2\/product"}],"about":[{"href":"https:\/\/advancedsofttissuerelease.com\/es\/wp-json\/wp\/v2\/types\/product"}],"version-history":[{"count":0,"href":"https:\/\/advancedsofttissuerelease.com\/es\/wp-json\/wp\/v2\/product\/14504\/revisions"}],"wp:featuredmedia":[{"embeddable":true,"href":"https:\/\/advancedsofttissuerelease.com\/es\/wp-json\/wp\/v2\/media\/41491"}],"wp:attachment":[{"href":"https:\/\/advancedsofttissuerelease.com\/es\/wp-json\/wp\/v2\/media?parent=14504"}],"wp:term":[{"taxonomy":"product_brand","embeddable":true,"href":"https:\/\/advancedsofttissuerelease.com\/es\/wp-json\/wp\/v2\/product_brand?post=14504"},{"taxonomy":"product_cat","embeddable":true,"href":"https:\/\/advancedsofttissuerelease.com\/es\/wp-json\/wp\/v2\/product_cat?post=14504"},{"taxonomy":"product_tag","embeddable":true,"href":"https:\/\/advancedsofttissuerelease.com\/es\/wp-json\/wp\/v2\/product_tag?post=14504"},{"taxonomy":"woo-feed-brand","embeddable":true,"href":"https:\/\/advancedsofttissuerelease.com\/es\/wp-json\/wp\/v2\/woo-feed-brand?post=14504"}],"curies":[{"name":"wp","href":"https:\/\/api.w.org\/{rel}","templated":true}]}}