{"id":22803,"date":"2021-04-16T11:03:07","date_gmt":"2021-04-16T17:03:07","guid":{"rendered":"https:\/\/advancedsofttissuerelease.com\/?post_type=product&#038;p=22803"},"modified":"2024-11-06T21:30:38","modified_gmt":"2024-11-07T02:30:38","slug":"vitamina-c-y-bioflavonoides-2","status":"publish","type":"product","link":"https:\/\/advancedsofttissuerelease.com\/es\/product\/vitamin-c-and-bioflavonoids\/","title":{"rendered":"Vitamina C y Bioflavonoides"},"content":{"rendered":"<div class=\"page\" title=\"P\u00e1gina 1\">\n<div class=\"section\">\n<div class=\"layoutArea\">\n<div class=\"column\">\n<p><strong>Vitamina C y Bioflavonoides<\/strong><\/p>\n<\/div>\n<\/div>\n<\/div>\n<\/div>\n<ul>\n<li>F\u00f3rmula de vitamina C de alta potencia<\/li>\n<li>Apoya el sistema inmunol\u00f3gico<\/li>\n<li>Apoya los sistemas antioxidantes<\/li>\n<li>Apoyar la s\u00edntesis de vasos sangu\u00edneos<\/li>\n<li>Apoya la producci\u00f3n de col\u00e1geno.<\/li>\n<li>Apoya la producci\u00f3n de carnitina<\/li>\n<li>Apoya la producci\u00f3n de neurotransmisores<\/li>\n<\/ul>\n<p>La vitamina C y los bioflavonoides combinan vitamina C de alta potencia con un complejo de bioflavonoides c\u00edtricos de espectro completo estandarizado. Tanto la vitamina C como los bioflavonoides han sido ampliamente investigados por sus funciones en el apoyo a la funci\u00f3n antioxidante e inmunol\u00f3gica. Adem\u00e1s, la investigaci\u00f3n indica que la vitamina C es necesaria para la s\u00edntesis de col\u00e1geno, neurotransmisores y carnitina. Los bioflavonoides parecen apoyar el metabolismo y la cognici\u00f3n saludables al funcionar como agentes de se\u00f1alizaci\u00f3n celular.*<\/p>\n<p><strong>NO CONTIENE\u00a0<\/strong>Trigo, gluten, levadura, soja, productos animales o l\u00e1cteos, pescado, mariscos, cacahuetes, frutos secos, huevo, ingredientes derivados de organismos modificados gen\u00e9ticamente (OGM), colorantes artificiales, edulcorantes artificiales o conservantes artificiales.<\/p>\n<p style=\"text-align: center;\"><span style=\"font-size: 8pt;\">*Estas declaraciones no han sido evaluadas por la Administraci\u00f3n de Alimentos y Medicamentos. Este producto no est\u00e1 destinado a diagnosticar, tratar, curar o prevenir ninguna enfermedad.\u00a0<\/span><\/p>","protected":false},"excerpt":{"rendered":"<p>Vitamin C and Bioflavonoids High-potency vitamin C formula Supports immune system Supports antioxidant systems Support blood vessel synthesis Supports production of collagen Supports production of carnitine Supports production of neurotransmitters Vitamin C and Bioflavonoids combines high-potency vitamin C with a standardized, full-spectrum, citrus bioflavonoid complex. Both vitamin C and bioflavonoids have been extensively researched for [&hellip;]<\/p>\n","protected":false},"featured_media":22809,"template":"","meta":{"_analytify_skip_tracking":false},"product_brand":[],"product_cat":[515],"product_tag":[629,521,2311,1042,652,1044,529],"woo-feed-brand":[],"class_list":{"0":"post-22803","1":"product","2":"type-product","3":"status-publish","4":"has-post-thumbnail","6":"product_cat-supplements","7":"product_tag-antioxidant","8":"product_tag-astr-supplement","9":"product_tag-bioflavonoids","10":"product_tag-detox","11":"product_tag-detoxification","12":"product_tag-toxins","13":"product_tag-vitamin-c","14":"product_shipping_class-regular-shipping","16":"first","17":"instock","18":"taxable","19":"shipping-taxable","20":"purchasable","21":"product-type-variable-subscription"},"exclude_global_add_ons":[],"addons":[],"_links":{"self":[{"href":"https:\/\/advancedsofttissuerelease.com\/es\/wp-json\/wp\/v2\/product\/22803","targetHints":{"allow":["GET"]}}],"collection":[{"href":"https:\/\/advancedsofttissuerelease.com\/es\/wp-json\/wp\/v2\/product"}],"about":[{"href":"https:\/\/advancedsofttissuerelease.com\/es\/wp-json\/wp\/v2\/types\/product"}],"version-history":[{"count":0,"href":"https:\/\/advancedsofttissuerelease.com\/es\/wp-json\/wp\/v2\/product\/22803\/revisions"}],"wp:featuredmedia":[{"embeddable":true,"href":"https:\/\/advancedsofttissuerelease.com\/es\/wp-json\/wp\/v2\/media\/22809"}],"wp:attachment":[{"href":"https:\/\/advancedsofttissuerelease.com\/es\/wp-json\/wp\/v2\/media?parent=22803"}],"wp:term":[{"taxonomy":"product_brand","embeddable":true,"href":"https:\/\/advancedsofttissuerelease.com\/es\/wp-json\/wp\/v2\/product_brand?post=22803"},{"taxonomy":"product_cat","embeddable":true,"href":"https:\/\/advancedsofttissuerelease.com\/es\/wp-json\/wp\/v2\/product_cat?post=22803"},{"taxonomy":"product_tag","embeddable":true,"href":"https:\/\/advancedsofttissuerelease.com\/es\/wp-json\/wp\/v2\/product_tag?post=22803"},{"taxonomy":"woo-feed-brand","embeddable":true,"href":"https:\/\/advancedsofttissuerelease.com\/es\/wp-json\/wp\/v2\/woo-feed-brand?post=22803"}],"curies":[{"name":"wp","href":"https:\/\/api.w.org\/{rel}","templated":true}]}}