{"id":2671,"date":"2019-02-04T18:37:51","date_gmt":"2019-02-05T01:37:51","guid":{"rendered":"https:\/\/advancedsofttissuerelease.com\/?post_type=product&#038;p=2671"},"modified":"2026-01-16T14:59:53","modified_gmt":"2026-01-16T19:59:53","slug":"astr-certificacion-de-membresia","status":"publish","type":"product","link":"https:\/\/advancedsofttissuerelease.com\/es\/product\/astr-membership-certification\/","title":{"rendered":"Membres\u00eda y Certificaci\u00f3n ASTR"},"content":{"rendered":"<h1 style=\"text-align: center;\"><span style=\"color: #000000;\"><b>Suscripci\u00f3n anual de proveedor:<\/b><\/span><\/h1>\n<h2><span style=\"color: #000000;\"><b>\u00bfPor qu\u00e9 convertirse en miembro?<\/b><\/span><\/h2>\n<p>La especialidad de ASTR es din\u00e1mica y cambia y avanza constantemente para satisfacer mejor la necesidad de la sociedad de un alivio del dolor r\u00e1pido, no invasivo y a largo plazo.<\/p>\n<p>En ASTR, nuestro equipo trabaja incansablemente para mantener su posici\u00f3n como la especialidad m\u00e1s avanzada en la industria de la salud. A trav\u00e9s de la investigaci\u00f3n y la experimentaci\u00f3n, nuestro equipo desarrolla constantemente nuevas teor\u00edas, metodolog\u00edas, herramientas y dispositivos para que los proveedores de atenci\u00f3n m\u00e9dica puedan aprender los enfoques m\u00e1s r\u00e1pidos y efectivos para tratar el dolor del paciente.<\/p>\n<h2><span style=\"color: #000000;\"><b>Beneficios de la Membres\u00eda Anual:<\/b><\/span><\/h2>\n<ul>\n<li>Acceso al curso completo en l\u00ednea de ASTR: videos, formularios, protocolos y folletos<\/li>\n<li>Acceso a nuevos productos, investigaciones y protocolos<\/li>\n<li>Acceso a 18.5 \u2013 27 CEU&#039;s anuales<\/li>\n<li>Reciba descuentos adicionales <strong>hasta 15% apagado<\/strong> para la compra de productos ASTR tales como: herramientas, dispositivos, suplementos, cursos, etc.<\/li>\n<\/ul>\n<h2><span style=\"color: #000000;\"><b>Beneficios de la Certificaci\u00f3n:<\/b><\/span><\/h2>\n<ul>\n<li>Podr\u00e1 utilizar el t\u00edtulo de ASTR junto a su nombre.<\/li>\n<li>Podr\u00e1 comercializar que est\u00e1 certificado en ASTR.<\/li>\n<li>Recibir\u00e1 un certificado de pared ASTR para exhibir en su cl\u00ednica.<\/li>\n<\/ul>\n<h2><span style=\"color: #000000;\"><b>requisitos previos:<\/b><\/span><\/h2>\n<p style=\"padding-left: 40px;\"><span style=\"color: #000000;\"><b>Afiliaci\u00f3n<\/b>:<\/span> Compra previa del curso en l\u00ednea completo de ASTR o curso f\u00edsico asistido y conjunto de herramientas comprado.<\/p>\n<p style=\"padding-left: 40px;\"><span style=\"color: #000000;\"><b>Certificaci\u00f3n<\/b>:<\/span><\/p>\n<ul>\n<li style=\"list-style-type: none;\">\n<ul>\n<li>Compra anterior de conjunto completo de herramientas y MagnaHeal<\/li>\n<li>Complet\u00f3 y aprob\u00f3 la prueba del curso completo de ASTR<\/li>\n<li>Asisti\u00f3 al curso f\u00edsico o recibi\u00f3 <a href=\"https:\/\/advancedsofttissuerelease.com\/es\/producto\/entrenamiento-privado-2\/\"><span style=\"color: #0000ff;\">1 hora<\/span> <\/a><a href=\"https:\/\/advancedsofttissuerelease.com\/es\/producto\/entrenamiento-privado-2\/\"><span style=\"color: #0000ff;\">entrenamiento privado &gt;<\/span><\/a><\/li>\n<li><span style=\"color: #0000ff;\"><a style=\"color: #0000ff;\" href=\"https:\/\/advancedsofttissuerelease.com\/es\/que-es-astr-proveedor\/elegibilidad-2\/\" target=\"_blank\" rel=\"noopener\">Requisitos &gt;<\/a><\/span><\/li>\n<\/ul>\n<\/li>\n<\/ul>","protected":false},"excerpt":{"rendered":"<p>Annual Provider Subscription: Why Become a Member? ASTR\u2019s specialty is dynamic and is constantly changing and advancing to better meet society&#8217;s need for fast, non-invasive, long-term pain relief. At ASTR, our team works tirelessly to maintain its position as the most cutting-edge specialty in the healthcare industry. Through research and experimentation, our team is constantly [&hellip;]<\/p>\n","protected":false},"featured_media":3330,"template":"","meta":{"_analytify_skip_tracking":false},"product_brand":[],"product_cat":[221],"product_tag":[256,386,414,388,389,2010,387,247],"woo-feed-brand":[],"class_list":{"0":"post-2671","1":"product","2":"type-product","3":"status-publish","4":"has-post-thumbnail","6":"product_cat-provider-courses-tools","7":"product_tag-advanced-soft-tissue-release","8":"product_tag-astr-online-course","9":"product_tag-astr-tools","10":"product_tag-ceus","11":"product_tag-continue-education-course","12":"product_tag-diy-home-pain-relief","13":"product_tag-online-certification","14":"product_tag-online-courses","15":"product_shipping_class-no-shipping","17":"first","18":"instock","19":"featured","20":"purchasable","21":"product-type-variable-subscription"},"exclude_global_add_ons":[],"addons":[],"_links":{"self":[{"href":"https:\/\/advancedsofttissuerelease.com\/es\/wp-json\/wp\/v2\/product\/2671","targetHints":{"allow":["GET"]}}],"collection":[{"href":"https:\/\/advancedsofttissuerelease.com\/es\/wp-json\/wp\/v2\/product"}],"about":[{"href":"https:\/\/advancedsofttissuerelease.com\/es\/wp-json\/wp\/v2\/types\/product"}],"version-history":[{"count":0,"href":"https:\/\/advancedsofttissuerelease.com\/es\/wp-json\/wp\/v2\/product\/2671\/revisions"}],"wp:featuredmedia":[{"embeddable":true,"href":"https:\/\/advancedsofttissuerelease.com\/es\/wp-json\/wp\/v2\/media\/3330"}],"wp:attachment":[{"href":"https:\/\/advancedsofttissuerelease.com\/es\/wp-json\/wp\/v2\/media?parent=2671"}],"wp:term":[{"taxonomy":"product_brand","embeddable":true,"href":"https:\/\/advancedsofttissuerelease.com\/es\/wp-json\/wp\/v2\/product_brand?post=2671"},{"taxonomy":"product_cat","embeddable":true,"href":"https:\/\/advancedsofttissuerelease.com\/es\/wp-json\/wp\/v2\/product_cat?post=2671"},{"taxonomy":"product_tag","embeddable":true,"href":"https:\/\/advancedsofttissuerelease.com\/es\/wp-json\/wp\/v2\/product_tag?post=2671"},{"taxonomy":"woo-feed-brand","embeddable":true,"href":"https:\/\/advancedsofttissuerelease.com\/es\/wp-json\/wp\/v2\/woo-feed-brand?post=2671"}],"curies":[{"name":"wp","href":"https:\/\/api.w.org\/{rel}","templated":true}]}}