{"id":2993,"date":"2019-02-28T23:48:55","date_gmt":"2019-03-01T07:48:55","guid":{"rendered":"https:\/\/advancedsofttissuerelease.com\/?post_type=product&#038;p=2993"},"modified":"2024-11-06T12:13:38","modified_gmt":"2024-11-06T17:13:38","slug":"coq-10-activo-2","status":"publish","type":"product","link":"https:\/\/advancedsofttissuerelease.com\/es\/product\/coq-10-active\/","title":{"rendered":"CoQ 10 Activo"},"content":{"rendered":"<h1>CoQ 10 Activo<\/h1>\n<ul>\n<li>Apoya la generaci\u00f3n de energ\u00eda natural<\/li>\n<li>Apoya el funcionamiento mitocondrial<\/li>\n<li>Apoya la salud del plasma y los tejidos.<\/li>\n<li>Apoya la salud y el funcionamiento del sistema cardiovascular.<\/li>\n<li>Apoya la salud neuromuscular<\/li>\n<li>Apoya el funcionamiento del sistema nervioso central<\/li>\n<\/ul>\n<p>El suplemento activo ASTR CoQ 10 apoya la generaci\u00f3n de energ\u00eda natural y la salud mitocondrial, el funcionamiento saludable del sistema cardiovascular y la salud neuromuscular y del sistema nervioso central. Se ha demostrado cl\u00ednicamente que ASTR CoQ 10 es m\u00e1s absorbible para una utilizaci\u00f3n \u00f3ptima en apoyo de las necesidades de salud cardiovasculares y energ\u00e9ticas.*<\/p>\n<p><strong>NO CONTIENE:<\/strong>\u00a0gluten, colorantes artificiales, edulcorantes artificiales o conservantes artificiales.<\/p>\n<p style=\"text-align: center;\"><span style=\"font-size: 8pt;\">*Estas declaraciones no han sido evaluadas por la Administraci\u00f3n de Alimentos y Medicamentos. Este producto no est\u00e1 destinado a diagnosticar, tratar, curar o prevenir ninguna enfermedad.\u00a0<\/span><\/p>","protected":false},"excerpt":{"rendered":"<p>CoQ 10 Active Supports natural energy generation Supports mitochondrial functioning Supports plasma and tissue health Supports health and functioning of the cardiovascular system Supports neuromuscular health Supports central nervous system functioning ASTR CoQ 10 Active Supplement supports natural energy generation and mitochondrial health, healthy functioning of the cardiovascular system, and neuromuscular and central nervous system [&hellip;]<\/p>\n","protected":false},"featured_media":10124,"template":"","meta":{"_analytify_skip_tracking":false},"product_brand":[],"product_cat":[515],"product_tag":[521,535,1832,604,605,609,606,607],"woo-feed-brand":[],"class_list":{"0":"post-2993","1":"product","2":"type-product","3":"status-publish","4":"has-post-thumbnail","6":"product_cat-supplements","7":"product_tag-astr-supplement","8":"product_tag-cardiovascular-system","9":"product_tag-coenzyme-10","10":"product_tag-coq-10","11":"product_tag-energy","12":"product_tag-energy-generation","13":"product_tag-mitochondria","14":"product_tag-neuromuscular","15":"product_shipping_class-regular-shipping","17":"first","18":"instock","19":"taxable","20":"shipping-taxable","21":"purchasable","22":"product-type-variable-subscription"},"exclude_global_add_ons":[],"addons":[],"_links":{"self":[{"href":"https:\/\/advancedsofttissuerelease.com\/es\/wp-json\/wp\/v2\/product\/2993","targetHints":{"allow":["GET"]}}],"collection":[{"href":"https:\/\/advancedsofttissuerelease.com\/es\/wp-json\/wp\/v2\/product"}],"about":[{"href":"https:\/\/advancedsofttissuerelease.com\/es\/wp-json\/wp\/v2\/types\/product"}],"version-history":[{"count":0,"href":"https:\/\/advancedsofttissuerelease.com\/es\/wp-json\/wp\/v2\/product\/2993\/revisions"}],"wp:featuredmedia":[{"embeddable":true,"href":"https:\/\/advancedsofttissuerelease.com\/es\/wp-json\/wp\/v2\/media\/10124"}],"wp:attachment":[{"href":"https:\/\/advancedsofttissuerelease.com\/es\/wp-json\/wp\/v2\/media?parent=2993"}],"wp:term":[{"taxonomy":"product_brand","embeddable":true,"href":"https:\/\/advancedsofttissuerelease.com\/es\/wp-json\/wp\/v2\/product_brand?post=2993"},{"taxonomy":"product_cat","embeddable":true,"href":"https:\/\/advancedsofttissuerelease.com\/es\/wp-json\/wp\/v2\/product_cat?post=2993"},{"taxonomy":"product_tag","embeddable":true,"href":"https:\/\/advancedsofttissuerelease.com\/es\/wp-json\/wp\/v2\/product_tag?post=2993"},{"taxonomy":"woo-feed-brand","embeddable":true,"href":"https:\/\/advancedsofttissuerelease.com\/es\/wp-json\/wp\/v2\/woo-feed-brand?post=2993"}],"curies":[{"name":"wp","href":"https:\/\/api.w.org\/{rel}","templated":true}]}}