{"id":3105,"date":"2019-03-12T22:24:46","date_gmt":"2019-03-13T05:24:46","guid":{"rendered":"https:\/\/advancedsofttissuerelease.com\/?post_type=product&#038;p=3105"},"modified":"2024-10-20T15:07:45","modified_gmt":"2024-10-20T19:07:45","slug":"soldado-americano-2","status":"publish","type":"product","link":"https:\/\/advancedsofttissuerelease.com\/es\/product\/gi\/","title":{"rendered":"GI"},"content":{"rendered":"<h1>GI<\/h1>\n<ul>\n<li>Apoya la integridad y el funcionamiento \u00f3ptimo del tracto gastrointestinal<\/li>\n<li>Apoya la mucosa gastrointestinal<\/li>\n<li>Apoya la inulina prebi\u00f3tica<\/li>\n<\/ul>\n<p>El suplemento ASTR GI apoya la integridad y el funcionamiento \u00f3ptimo del tracto gastrointestinal. GI presenta L-glutamina, zinc y \u00e1cido pantot\u00e9nico para ayudar a la mucosa gastrointestinal y la inulina prebi\u00f3tica para nutrir las c\u00e9lulas de la mucosa. Tambi\u00e9n cuenta con extracto de hoja de aloe, que tradicionalmente se ha utilizado para una funci\u00f3n gastrointestinal \u00f3ptima.*<\/p>\n<p><strong>NO CONTIENE:<\/strong> Trigo, gluten, levadura, soja, productos derivados de animales o l\u00e1cteos, pescado, mariscos, cacahuetes, frutos secos, huevo, ingredientes derivados de organismos modificados gen\u00e9ticamente, colorantes artificiales o edulcorantes artificiales.<\/p>\n<p style=\"text-align: center;\"><span style=\"font-size: 8pt;\">Estas declaraciones no han sido evaluadas por la Administraci\u00f3n de Alimentos y Medicamentos. Este producto no est\u00e1 destinado a diagnosticar, tratar, curar o prevenir ninguna enfermedad.\u00a0<\/span><\/p>","protected":false},"excerpt":{"rendered":"<p>GI Supports the integrity and optimal functioning of the gastrointestinal tract Supports the gastrointestinal mucosa Supports the prebiotic inulin The ASTR GI Supplement supports the integrity and optimal functioning of the gastrointestinal tract. GI features L-glutamine, zinc and pantothenic acid to support the gastrointestinal mucosa and the prebiotic inulin to provide nourishment of the mucosa [&hellip;]<\/p>\n","protected":false},"featured_media":9780,"template":"","meta":{"_analytify_skip_tracking":false},"product_brand":[],"product_cat":[515],"product_tag":[521,671,662,673,672],"woo-feed-brand":[],"class_list":{"0":"post-3105","1":"product","2":"type-product","3":"status-publish","4":"has-post-thumbnail","6":"product_cat-supplements","7":"product_tag-astr-supplement","8":"product_tag-gastrointestinal-tract","9":"product_tag-gi","10":"product_tag-inulin","11":"product_tag-mucosa","12":"product_shipping_class-regular-shipping","14":"first","15":"instock","16":"taxable","17":"shipping-taxable","18":"purchasable","19":"product-type-variable-subscription"},"exclude_global_add_ons":[],"addons":[],"_links":{"self":[{"href":"https:\/\/advancedsofttissuerelease.com\/es\/wp-json\/wp\/v2\/product\/3105","targetHints":{"allow":["GET"]}}],"collection":[{"href":"https:\/\/advancedsofttissuerelease.com\/es\/wp-json\/wp\/v2\/product"}],"about":[{"href":"https:\/\/advancedsofttissuerelease.com\/es\/wp-json\/wp\/v2\/types\/product"}],"version-history":[{"count":0,"href":"https:\/\/advancedsofttissuerelease.com\/es\/wp-json\/wp\/v2\/product\/3105\/revisions"}],"wp:featuredmedia":[{"embeddable":true,"href":"https:\/\/advancedsofttissuerelease.com\/es\/wp-json\/wp\/v2\/media\/9780"}],"wp:attachment":[{"href":"https:\/\/advancedsofttissuerelease.com\/es\/wp-json\/wp\/v2\/media?parent=3105"}],"wp:term":[{"taxonomy":"product_brand","embeddable":true,"href":"https:\/\/advancedsofttissuerelease.com\/es\/wp-json\/wp\/v2\/product_brand?post=3105"},{"taxonomy":"product_cat","embeddable":true,"href":"https:\/\/advancedsofttissuerelease.com\/es\/wp-json\/wp\/v2\/product_cat?post=3105"},{"taxonomy":"product_tag","embeddable":true,"href":"https:\/\/advancedsofttissuerelease.com\/es\/wp-json\/wp\/v2\/product_tag?post=3105"},{"taxonomy":"woo-feed-brand","embeddable":true,"href":"https:\/\/advancedsofttissuerelease.com\/es\/wp-json\/wp\/v2\/woo-feed-brand?post=3105"}],"curies":[{"name":"wp","href":"https:\/\/api.w.org\/{rel}","templated":true}]}}