{"id":37804,"date":"2022-04-25T11:56:52","date_gmt":"2022-04-25T17:56:52","guid":{"rendered":"https:\/\/advancedsofttissuerelease.com\/?post_type=product&#038;p=37804"},"modified":"2024-10-05T12:08:17","modified_gmt":"2024-10-05T16:08:17","slug":"kit-de-apoyo-a-la-fertilidad-2","status":"publish","type":"product","link":"https:\/\/advancedsofttissuerelease.com\/es\/product\/fertility-support-kit\/","title":{"rendered":"Kit de apoyo a la fertilidad"},"content":{"rendered":"<h1><span style=\"font-size: 12pt; color: #333333;\"><strong>Kit de suplementos de apoyo a la fertilidad<\/strong><\/span><\/h1>\n<p>En este programa paso a paso, el Dr. Jacobs le mostrar\u00e1 c\u00f3mo implementar r\u00e1pida y efectivamente la dieta ASTR con nuestro kit de suplementos de apoyo a la fertilidad para un apoyo \u00f3ptimo a la fertilidad para hombres y mujeres. Si desea mantener una salud y fertilidad \u00f3ptimas, \u00a1este kit es un gran comienzo!<\/p>\n<h2><span style=\"color: #333333;\"><strong>El kit de suplementos de apoyo a la fertilidad incluye<\/strong><\/span><\/h2>\n<ol>\n<li><span style=\"color: #333333;\">B Activo<\/span><\/li>\n<li>Coq 10 Activo<\/li>\n<li>K2 y D3 completos<\/li>\n<li>omega activo<\/li>\n<li>Vitamina C y bioflavonoides<\/li>\n<li>yodo activo<\/li>\n<li><span style=\"color: #333333;\">Dieta antiinflamatoria, incluyendo recetas.<\/span><\/li>\n<\/ol>\n<p><span style=\"color: #0000ff;\"><a style=\"color: #0000ff;\" href=\"https:\/\/advancedsofttissuerelease.com\/es\/producto\/b-activo-2\/\"><strong>B Activo &gt;<\/strong><\/a><\/span><\/p>\n<ul>\n<li><span style=\"color: #333333;\">Apoya el metabolismo de los carbohidratos.<\/span><\/li>\n<li><span style=\"color: #333333;\">Apoya el funcionamiento del sistema nervioso.<\/span><\/li>\n<li><span style=\"color: #333333;\">Apoya el funcionamiento del sistema suprarrenal<\/span><\/li>\n<li><span style=\"color: #333333;\">Apoya el funcionamiento del sistema inmunol\u00f3gico.<\/span><\/li>\n<li><span style=\"color: #333333;\">Apoya la salud cardiovascular<\/span><\/li>\n<li><span style=\"color: #333333;\">Protege contra las deficiencias diet\u00e9ticas.<\/span><\/li>\n<li><span style=\"color: #333333;\">Protege contra el agotamiento de nutrientes inducido por el estr\u00e9s.<\/span><\/li>\n<li><span style=\"color: #333333;\">Apoya la funci\u00f3n mental saludable y el estado de \u00e1nimo.<\/span><\/li>\n<\/ul>\n<p><span style=\"color: #333333;\">El suplemento activo ASTR B ayuda a apoyar el metabolismo de los carbohidratos, el funcionamiento del sistema nervioso\/suprarrenal\/inmunitario, la salud cardiovascular y el funcionamiento mental y el estado de \u00e1nimo saludables. B Active contiene todo el espectro de vitaminas B; formas activadas de B2, B6 y B12; y folato.*<\/span><\/p>\n<p><a href=\"https:\/\/advancedsofttissuerelease.com\/es\/producto\/vitamina-c-y-bioflavonoides-2\/\"><strong><span style=\"color: #0000ff;\">Vitamina C &amp;\u00a0<span style=\"caret-color: #0000ff;\">bioflavonoides<\/span>\u00a0 &gt;\u00a0<\/span><\/strong><\/a><\/p>\n<ul>\n<li>F\u00f3rmula de vitamina C de alta potencia<\/li>\n<li>Apoya el sistema inmunol\u00f3gico<\/li>\n<li>Apoya los sistemas antioxidantes<\/li>\n<li>Apoyar la s\u00edntesis de vasos sangu\u00edneos<\/li>\n<li>Apoya la producci\u00f3n de col\u00e1geno.<\/li>\n<li>Apoya la producci\u00f3n de carnitina<\/li>\n<li>Apoya la producci\u00f3n de neurotransmisores<\/li>\n<\/ul>\n<p>La vitamina C y los bioflavonoides combinan vitamina C de alta potencia con un complejo de bioflavonoides c\u00edtricos de espectro completo estandarizado. Tanto la vitamina C como los bioflavonoides han sido ampliamente investigados por sus funciones en el apoyo a la funci\u00f3n antioxidante e inmunol\u00f3gica. Adem\u00e1s, la investigaci\u00f3n indica que la vitamina C es necesaria para la s\u00edntesis de col\u00e1geno, neurotransmisores y carnitina. Los bioflavonoides parecen apoyar el metabolismo y la cognici\u00f3n saludables al funcionar como agentes de se\u00f1alizaci\u00f3n celular.*<\/p>\n<p><span style=\"color: #0000ff;\"><a style=\"color: #0000ff;\" href=\"https:\/\/advancedsofttissuerelease.com\/es\/producto\/coq-10-activo-2\/\"><strong>CoQ 10 Activo &gt;<\/strong><\/a><\/span><\/p>\n<ul>\n<li>Apoya la generaci\u00f3n de energ\u00eda natural<\/li>\n<li>Apoya el funcionamiento mitocondrial<\/li>\n<li>Apoya la salud del plasma y los tejidos.<\/li>\n<li>Apoya la salud y el funcionamiento del sistema cardiovascular.<\/li>\n<li>Apoya la salud neuromuscular<\/li>\n<li>Apoya el funcionamiento del sistema nervioso central<\/li>\n<\/ul>\n<p>El suplemento ASTR CoQ 10 apoya la generaci\u00f3n de energ\u00eda natural y la salud mitocondrial, el funcionamiento saludable del sistema cardiovascular y la salud neuromuscular y del sistema nervioso central. Se ha demostrado cl\u00ednicamente que ASTR CoQ 10 es m\u00e1s absorbible para una utilizaci\u00f3n \u00f3ptima en apoyo de las necesidades de salud cardiovasculares y energ\u00e9ticas.<\/p>\n<p><span style=\"color: #0000ff;\"><a style=\"color: #0000ff;\" href=\"https:\/\/advancedsofttissuerelease.com\/es\/producto\/k2-d3-completa-2\/\"><strong>K2 y D3 completos &gt;<\/strong><\/a><\/span><\/p>\n<ul>\n<li>Apoya la circulaci\u00f3n sangu\u00ednea saludable<\/li>\n<li>Promueve la salud \u00f3sea \u00f3ptima<\/li>\n<li>Promueve el almacenamiento adecuado de calcio<\/li>\n<li>Mantiene la funci\u00f3n cardiometab\u00f3lica saludable<\/li>\n<li>Apoya la elasticidad arterial<\/li>\n<li>Aumenta la funci\u00f3n inmunol\u00f3gica<\/li>\n<li>Apoya el equilibrio saludable de calcio<\/li>\n<li>Apoya el equilibrio del az\u00facar en la sangre<\/li>\n<\/ul>\n<div class=\"page\" title=\"P\u00e1gina 1\">\n<div class=\"section\">\n<div class=\"layoutArea\">\n<div class=\"column\">\n<p>La investigaci\u00f3n actual ha encontrado que la suplementaci\u00f3n de alta concentraci\u00f3n de K2, a 180 mcg\/d\u00eda, produce mejores resultados cl\u00ednicos en comparaci\u00f3n con la suplementaci\u00f3n en dosis m\u00e1s bajas*. K2 &amp; D3 complete proporciona 180 mcg de MenaQ7\u00ae PRO, la forma de vitamina K2 m\u00e1s estudiada como MK-7, junto con 5000 UI de vitamina D3 para un soporte \u00f3ptimo de la salud \u00f3sea y cardiovascular.<\/p>\n<\/div>\n<\/div>\n<\/div>\n<\/div>\n<p><span style=\"color: #0000ff;\"><a style=\"color: #0000ff;\" href=\"https:\/\/advancedsofttissuerelease.com\/es\/producto\/omega-activo-2\/\"><strong><span style=\"font-size: 12pt;\">Activo Omega &gt;<\/span><\/strong><\/a><\/span><\/p>\n<ul>\n<li>Apoya la salud cardiovascular<\/li>\n<li>Apoya el metabolismo del az\u00facar en la sangre<\/li>\n<li>Apoya la funci\u00f3n cognitiva<\/li>\n<li>Apoya el desarrollo cognitivo<\/li>\n<li>Apoya una piel sana<\/li>\n<li>Apoya las articulaciones saludables<\/li>\n<li>Apoya los tejidos conectivos saludables<\/li>\n<li>Aumenta la salud visual y ocular<\/li>\n<li>Mantiene el equilibrio inflamatorio normal.<\/li>\n<\/ul>\n<p><span style=\"color: #0000ff;\"><a style=\"color: #0000ff;\" href=\"https:\/\/advancedsofttissuerelease.com\/es\/producto\/activo-con-yodo-2\/\"><strong><span style=\"font-size: 12pt;\">yodo activo &gt;<\/span><\/strong><\/a><\/span><\/p>\n<ul>\n<li>Apoya la salud de la tiroides<\/li>\n<li>Ayuda a mantener el tejido mamario sano.<\/li>\n<li>Apoya la s\u00edntesis saludable de hormonas tiroideas<\/li>\n<li>Reducir el estr\u00e9s oxidativo<\/li>\n<li>Apoya ojos saludables<\/li>\n<li>Apoya el revestimiento gastrointestinal saludable<\/li>\n<li>antioxidante<\/li>\n<\/ul>\n<div class=\"page\" title=\"P\u00e1gina 1\">\n<div class=\"section\">\n<div class=\"layoutArea\">\n<div class=\"column\">\n<p>F\u00f3rmula de yodo y selenio para una funci\u00f3n \u00f3ptima de la gl\u00e1ndula tiroides<\/p>\n<\/div>\n<\/div>\n<\/div>\n<\/div>\n<p style=\"text-align: center;\"><span style=\"font-size: 8pt; color: #333333;\">*Estas declaraciones no han sido evaluadas por la Administraci\u00f3n de Alimentos y Medicamentos. Este producto no est\u00e1 destinado a diagnosticar, tratar, curar o prevenir ninguna enfermedad.\u00a0<\/span><\/p>","protected":false},"excerpt":{"rendered":"<p>Programa paso a paso que incluye consejos de salud, plan de nutrici\u00f3n, recetas, listas de compras y suplementos que lo ayudar\u00e1n a abordar el origen de sus problemas de salud subyacentes.<\/p>","protected":false},"featured_media":37810,"template":"","meta":{"_analytify_skip_tracking":false},"product_brand":[],"product_cat":[1782],"product_tag":[604,2344,2342,2341,2343],"woo-feed-brand":[],"class_list":{"0":"post-37804","1":"product","2":"type-product","3":"status-publish","4":"has-post-thumbnail","6":"product_cat-health-supplement-kits","7":"product_tag-coq-10","8":"product_tag-fertility-diet","9":"product_tag-fertility-suplements","10":"product_tag-fertility-support","11":"product_tag-fertility-vitamins","12":"product_shipping_class-regular-shipping","14":"first","15":"instock","16":"sale","17":"taxable","18":"shipping-taxable","19":"purchasable","20":"product-type-simple"},"exclude_global_add_ons":[],"addons":[],"_links":{"self":[{"href":"https:\/\/advancedsofttissuerelease.com\/es\/wp-json\/wp\/v2\/product\/37804","targetHints":{"allow":["GET"]}}],"collection":[{"href":"https:\/\/advancedsofttissuerelease.com\/es\/wp-json\/wp\/v2\/product"}],"about":[{"href":"https:\/\/advancedsofttissuerelease.com\/es\/wp-json\/wp\/v2\/types\/product"}],"version-history":[{"count":0,"href":"https:\/\/advancedsofttissuerelease.com\/es\/wp-json\/wp\/v2\/product\/37804\/revisions"}],"wp:featuredmedia":[{"embeddable":true,"href":"https:\/\/advancedsofttissuerelease.com\/es\/wp-json\/wp\/v2\/media\/37810"}],"wp:attachment":[{"href":"https:\/\/advancedsofttissuerelease.com\/es\/wp-json\/wp\/v2\/media?parent=37804"}],"wp:term":[{"taxonomy":"product_brand","embeddable":true,"href":"https:\/\/advancedsofttissuerelease.com\/es\/wp-json\/wp\/v2\/product_brand?post=37804"},{"taxonomy":"product_cat","embeddable":true,"href":"https:\/\/advancedsofttissuerelease.com\/es\/wp-json\/wp\/v2\/product_cat?post=37804"},{"taxonomy":"product_tag","embeddable":true,"href":"https:\/\/advancedsofttissuerelease.com\/es\/wp-json\/wp\/v2\/product_tag?post=37804"},{"taxonomy":"woo-feed-brand","embeddable":true,"href":"https:\/\/advancedsofttissuerelease.com\/es\/wp-json\/wp\/v2\/woo-feed-brand?post=37804"}],"curies":[{"name":"wp","href":"https:\/\/api.w.org\/{rel}","templated":true}]}}