{"id":4733,"date":"2019-06-12T11:34:29","date_gmt":"2019-06-12T17:34:29","guid":{"rendered":"https:\/\/advancedsofttissuerelease.com\/?post_type=product&#038;p=4733"},"modified":"2025-09-23T20:47:35","modified_gmt":"2025-09-24T00:47:35","slug":"programa-lean-2","status":"publish","type":"product","link":"https:\/\/advancedsofttissuerelease.com\/es\/product\/lean-program\/","title":{"rendered":"Programa y suplementos Lean"},"content":{"rendered":"<div dir=\"ltr\">\n<h1><strong><span class=\"\" style=\"font-size: 12pt; color: #333333;\">Programa Lean y suplementos<\/span><\/strong><\/h1>\n<p><span class=\"\" style=\"color: #333333;\">El Programa Lean de ASTR es un enfoque cient\u00edfico actualizado basado en cientos de estudios enfocados en la mejor manera de perder peso a trav\u00e9s de suplementos, dieta y modificaci\u00f3n del comportamiento. Este es un plan diet\u00e9tico paso a paso que incluye la creaci\u00f3n de una lista de compras, muestras de recetas, recetas de cuidado personal, instrucciones en video sobre c\u00f3mo implementar el programa lean y un manual paso a paso.<\/span><\/p>\n<\/div>\n<h2><span class=\"\" style=\"font-size: 12pt; color: #333333;\"><b class=\"\">\u00bfQu\u00e9 condiciones\/pacientes se beneficiar\u00edan m\u00e1s del Programa Lean de ASTR?<\/b><\/span><\/h2>\n<ul>\n<li><span class=\"\" style=\"color: #333333;\">Diab\u00e9tico\/prediab\u00e9tico\/resistente a la insulina<\/span><\/li>\n<li><span class=\"\" style=\"color: #333333;\">Fatiga cr\u00f3nica\/baja energ\u00eda<\/span><\/li>\n<li><span class=\"\" style=\"color: #333333;\">Sobrepeso<\/span><\/li>\n<li><span class=\"\" style=\"color: #333333;\">Alta presi\u00f3n sangu\u00ednea<\/span><\/li>\n<li><span class=\"\" style=\"color: #333333;\">Niveles altos de triglic\u00e9ridos<\/span><\/li>\n<li><span class=\"\" style=\"color: #333333;\">Colesterol alto<\/span><\/li>\n<li><span style=\"color: #333333;\">S\u00edndrome X<\/span><\/li>\n<\/ul>\n<p><span style=\"color: #333333;\"><b>Qu\u00e9 est\u00e1 incluido:<\/b><\/span><\/p>\n<ul>\n<li><span style=\"color: #333333;\">v\u00eddeo de instrucciones<\/span><\/li>\n<li><span style=\"color: #333333;\">ejemplos de recetas<span class=\"Apple-converted-space\">\u00a0<\/span><\/span><\/li>\n<li><span style=\"color: #333333;\">Planes de alimentaci\u00f3n<\/span><\/li>\n<li><span style=\"color: #333333;\">manual magra de ASTR<\/span><\/li>\n<li><span style=\"color: #333333;\">Suplementos<\/span>\n<ul>\n<li><span style=\"color: #333333;\">Col\u00e1geno Activo<\/span><\/li>\n<li><span style=\"color: #333333;\">B-activo<\/span><\/li>\n<li><span style=\"color: #333333;\">yodo activo<\/span><\/li>\n<li><span style=\"color: #333333;\">Probiotic Max<\/span><\/li>\n<\/ul>\n<\/li>\n<\/ul>\n<p><span style=\"color: #333333;\"><b>Suplementos:<span class=\"Apple-converted-space\">\u00a0<\/span><\/b><\/span><\/p>\n<p><a href=\"https:\/\/advancedsofttissuerelease.com\/es\/producto\/colageno-activo-2\/\"><strong>Col\u00e1geno Activo &gt;<\/strong><\/a><\/p>\n<ul>\n<li>Apoya el proceso de autorreparaci\u00f3n del cart\u00edlago<\/li>\n<li>Apoya el proceso de autorreparaci\u00f3n del tend\u00f3n.<\/li>\n<li>Apoya el proceso de autorreparaci\u00f3n de los ligamentos<\/li>\n<li>Apoya el proceso de autorreparaci\u00f3n de la fascia.<\/li>\n<li>Apoya el cabello saludable<\/li>\n<li>Apoya una piel sana<\/li>\n<li>Apoya las u\u00f1as saludables.<\/li>\n<li>Apoya la lubricaci\u00f3n de las articulaciones.<\/li>\n<li>Apoya la amortiguaci\u00f3n de las articulaciones.<\/li>\n<li>Promueve la bios\u00edntesis del tejido conectivo<\/li>\n<\/ul>\n<div class=\"page\" title=\"P\u00e1gina 1\">\n<div class=\"section\">\n<div class=\"layoutArea\">\n<div class=\"column\">\n<p>El col\u00e1geno es un elemento crucial de la piel, el cabello, las u\u00f1as, las articulaciones y el tejido conectivo. Col\u00e1geno Activos: vitamina c, magnesio, col\u00e1geno tipo 1, \u00e1cido hialur\u00f3nico, hidrolizado de gelatina. El col\u00e1geno activo apoya la funci\u00f3n saludable del cart\u00edlago, tend\u00f3n, ligamento, fascia y articulaci\u00f3n.<\/p>\n<\/div>\n<\/div>\n<\/div>\n<\/div>\n<p><a href=\"https:\/\/advancedsofttissuerelease.com\/es\/producto\/b-activo-2\/\"><strong>B Activo &gt;<\/strong><\/a><\/p>\n<ul>\n<li><span style=\"color: #333333;\">Apoya el metabolismo de los carbohidratos.<\/span><\/li>\n<li><span style=\"color: #333333;\">Apoya el funcionamiento del sistema nervioso.<\/span><\/li>\n<li><span style=\"color: #333333;\">Apoya el funcionamiento del sistema suprarrenal<\/span><\/li>\n<li><span style=\"color: #333333;\">Apoya el funcionamiento del sistema inmunol\u00f3gico.<\/span><\/li>\n<li><span style=\"color: #333333;\">Apoya la salud cardiovascular<\/span><\/li>\n<li><span style=\"color: #333333;\">Apoya la funci\u00f3n mental saludable y el estado de \u00e1nimo.<\/span><\/li>\n<\/ul>\n<p><span style=\"color: #333333;\">El suplemento activo ASTR B ayuda a apoyar el metabolismo de los carbohidratos, el funcionamiento del sistema nervioso\/suprarrenal\/inmunitario, la salud cardiovascular y el funcionamiento mental y el estado de \u00e1nimo saludables. B Active contiene todo el espectro de vitaminas B; formas activadas de B2, B6 y B12; benfotiamina; y folato.*<\/span><\/p>\n<p><a href=\"https:\/\/advancedsofttissuerelease.com\/es\/producto\/activo-con-yodo-2\/\"><strong>yodo activo &gt;<\/strong><\/a><\/p>\n<ul>\n<li>Apoya la salud de la tiroides<\/li>\n<li>Ayuda a mantener el tejido mamario sano.<\/li>\n<li>Apoya la s\u00edntesis saludable de hormonas tiroideas<\/li>\n<li>Reducir el estr\u00e9s oxidativo<\/li>\n<li>Apoya ojos saludables<\/li>\n<li>Apoya el sistema inmunol\u00f3gico<\/li>\n<li>Apoya el proceso de desintoxicaci\u00f3n<\/li>\n<li>Apoya el revestimiento gastrointestinal saludable<\/li>\n<li>antioxidante<\/li>\n<\/ul>\n<p><a href=\"https:\/\/advancedsofttissuerelease.com\/es\/producto\/probiotico-max-2\/\"><strong>Probi\u00f3tico Max \u2013 18 cepas&gt;<\/strong><\/a><\/p>\n<ul>\n<li><span style=\"color: #333333;\">Apoya una microbiota saludable<\/span><\/li>\n<li><span style=\"color: #333333;\">Apoya la respuesta inmune natural<\/span><\/li>\n<li><span style=\"color: #333333;\">Apoya la digesti\u00f3n de la lactosa<\/span><\/li>\n<li><span style=\"color: #333333;\">Apoya la regularidad intestinal<\/span><\/li>\n<li><span style=\"color: #333333;\">Apoya un microbioma intestinal saludable<\/span><\/li>\n<li><span style=\"color: #333333;\">Seleccionado por su viabilidad y estabilidad<\/span><\/li>\n<\/ul>\n<p><span style=\"color: #333333;\">El suplemento ASTR Probiotic Max apoya una microbiota saludable, la respuesta inmune natural, la digesti\u00f3n de la lactosa y la regularidad intestinal. Probiotic Max Strain presenta diversas cepas probi\u00f3ticas para apoyar un microbioma intestinal saludable. Estas cepas no solo fueron seleccionadas por sus beneficios para la salud y acciones complementarias, sino tambi\u00e9n por su viabilidad y estabilidad. Para proteger a las bacterias de la luz y la humedad, se utilizan envases opacos y revestidos con aluminio para ambas f\u00f3rmulas.*<\/span><\/p>\n<p style=\"text-align: center;\"><span style=\"color: #333333; font-size: 8pt;\">Estas declaraciones no han sido evaluadas por la Administraci\u00f3n de Alimentos y Medicamentos. Este producto no est\u00e1 destinado a diagnosticar, tratar, curar o prevenir ninguna enfermedad.<\/span><\/p>","protected":false},"excerpt":{"rendered":"<p><span class=\"\">Programa paso a paso que incluye consejos de apoyo lean,\u00a0<\/span><span class=\"\">plan de nutrici\u00f3n, <\/span><span class=\"\">recetas, listas de compras y suplementos que lo ayudar\u00e1n a abordar la fuente de sus problemas de salud subyacentes.<\/span><\/p>","protected":false},"featured_media":44089,"template":"","meta":{"_analytify_skip_tracking":false},"product_brand":[],"product_cat":[1782],"product_tag":[1247,1246,1938,1939],"woo-feed-brand":[],"class_list":{"0":"post-4733","1":"product","2":"type-product","3":"status-publish","4":"has-post-thumbnail","6":"product_cat-health-supplement-kits","7":"product_tag-lean-program","8":"product_tag-weight-loss","9":"product_tag-weight-loss-supplements","10":"product_tag-weight-management-program","11":"product_shipping_class-regular-shipping","13":"first","14":"instock","15":"sale","16":"featured","17":"taxable","18":"shipping-taxable","19":"purchasable","20":"product-type-simple"},"exclude_global_add_ons":[],"addons":[],"_links":{"self":[{"href":"https:\/\/advancedsofttissuerelease.com\/es\/wp-json\/wp\/v2\/product\/4733","targetHints":{"allow":["GET"]}}],"collection":[{"href":"https:\/\/advancedsofttissuerelease.com\/es\/wp-json\/wp\/v2\/product"}],"about":[{"href":"https:\/\/advancedsofttissuerelease.com\/es\/wp-json\/wp\/v2\/types\/product"}],"version-history":[{"count":0,"href":"https:\/\/advancedsofttissuerelease.com\/es\/wp-json\/wp\/v2\/product\/4733\/revisions"}],"wp:featuredmedia":[{"embeddable":true,"href":"https:\/\/advancedsofttissuerelease.com\/es\/wp-json\/wp\/v2\/media\/44089"}],"wp:attachment":[{"href":"https:\/\/advancedsofttissuerelease.com\/es\/wp-json\/wp\/v2\/media?parent=4733"}],"wp:term":[{"taxonomy":"product_brand","embeddable":true,"href":"https:\/\/advancedsofttissuerelease.com\/es\/wp-json\/wp\/v2\/product_brand?post=4733"},{"taxonomy":"product_cat","embeddable":true,"href":"https:\/\/advancedsofttissuerelease.com\/es\/wp-json\/wp\/v2\/product_cat?post=4733"},{"taxonomy":"product_tag","embeddable":true,"href":"https:\/\/advancedsofttissuerelease.com\/es\/wp-json\/wp\/v2\/product_tag?post=4733"},{"taxonomy":"woo-feed-brand","embeddable":true,"href":"https:\/\/advancedsofttissuerelease.com\/es\/wp-json\/wp\/v2\/woo-feed-brand?post=4733"}],"curies":[{"name":"wp","href":"https:\/\/api.w.org\/{rel}","templated":true}]}}