{"id":9436,"date":"2020-01-15T17:20:39","date_gmt":"2020-01-16T01:20:39","guid":{"rendered":"https:\/\/advancedsofttissuerelease.com\/?post_type=product&#038;p=9436"},"modified":"2024-11-06T12:08:22","modified_gmt":"2024-11-06T17:08:22","slug":"activo-con-yodo-2","status":"publish","type":"product","link":"https:\/\/advancedsofttissuerelease.com\/es\/product\/iodine-active\/","title":{"rendered":"yodo activo"},"content":{"rendered":"<h1>yodo activo<\/h1>\n<ul>\n<li>Apoya la salud de la tiroides<\/li>\n<li>Ayuda a mantener el tejido mamario sano.<\/li>\n<li>Apoya la s\u00edntesis saludable de hormonas tiroideas<\/li>\n<li>Reducir el estr\u00e9s oxidativo<\/li>\n<li>Apoya ojos saludables<\/li>\n<li>Apoya el sistema inmunol\u00f3gico<\/li>\n<li>Apoya el proceso de desintoxicaci\u00f3n<\/li>\n<li>Apoya el revestimiento gastrointestinal saludable<\/li>\n<li>antioxidante<\/li>\n<\/ul>\n<div class=\"page\" title=\"P\u00e1gina 1\">\n<div class=\"section\">\n<div class=\"layoutArea\">\n<div class=\"column\">\n<p>F\u00f3rmula de yodo y selenio para una funci\u00f3n \u00f3ptima de la gl\u00e1ndula tiroides<\/p>\n<\/div>\n<\/div>\n<\/div>\n<\/div>\n<p><strong>NO CONTIENE<\/strong>\u00a0ingredientes derivados de organismos gen\u00e9ticamente modificados (OGM), colorantes artificiales, edulcorantes artificiales o conservantes artificiales.<\/p>\n<p style=\"text-align: center;\"><span style=\"font-size: 10pt;\">*Estas declaraciones no han sido evaluadas por la Administraci\u00f3n de Alimentos y Medicamentos. Este producto no est\u00e1 destinado a diagnosticar, tratar, curar o prevenir ninguna enfermedad.\u00a0<\/span><\/p>","protected":false},"excerpt":{"rendered":"<p>Iodine Active Supports thyroid health Helps maintain healthy breast tissue Supports healthy synthesis of thyroid hormones Reduce oxidative stress Supports healthy eyes Supports immune system Supports detoxification process Supports healthy gastrointestinal lining Antioxidant Iodine &amp; selenium formula for optimal thyroid gland function DOES NOT CONTAIN\u00a0ingredients derived from genetically modified organisms (GMOs), artificial colors, artificial sweeteners, [&hellip;]<\/p>\n","protected":false},"featured_media":9631,"template":"","meta":{"_analytify_skip_tracking":false},"product_brand":[],"product_cat":[515],"product_tag":[521,1414,1604,1603],"woo-feed-brand":[],"class_list":{"0":"post-9436","1":"product","2":"type-product","3":"status-publish","4":"has-post-thumbnail","6":"product_cat-supplements","7":"product_tag-astr-supplement","8":"product_tag-immune-support","9":"product_tag-iodine","10":"product_tag-selenium","11":"product_shipping_class-regular-shipping","13":"first","14":"instock","15":"taxable","16":"shipping-taxable","17":"purchasable","18":"product-type-variable-subscription"},"exclude_global_add_ons":[],"addons":[],"_links":{"self":[{"href":"https:\/\/advancedsofttissuerelease.com\/es\/wp-json\/wp\/v2\/product\/9436","targetHints":{"allow":["GET"]}}],"collection":[{"href":"https:\/\/advancedsofttissuerelease.com\/es\/wp-json\/wp\/v2\/product"}],"about":[{"href":"https:\/\/advancedsofttissuerelease.com\/es\/wp-json\/wp\/v2\/types\/product"}],"version-history":[{"count":0,"href":"https:\/\/advancedsofttissuerelease.com\/es\/wp-json\/wp\/v2\/product\/9436\/revisions"}],"wp:featuredmedia":[{"embeddable":true,"href":"https:\/\/advancedsofttissuerelease.com\/es\/wp-json\/wp\/v2\/media\/9631"}],"wp:attachment":[{"href":"https:\/\/advancedsofttissuerelease.com\/es\/wp-json\/wp\/v2\/media?parent=9436"}],"wp:term":[{"taxonomy":"product_brand","embeddable":true,"href":"https:\/\/advancedsofttissuerelease.com\/es\/wp-json\/wp\/v2\/product_brand?post=9436"},{"taxonomy":"product_cat","embeddable":true,"href":"https:\/\/advancedsofttissuerelease.com\/es\/wp-json\/wp\/v2\/product_cat?post=9436"},{"taxonomy":"product_tag","embeddable":true,"href":"https:\/\/advancedsofttissuerelease.com\/es\/wp-json\/wp\/v2\/product_tag?post=9436"},{"taxonomy":"woo-feed-brand","embeddable":true,"href":"https:\/\/advancedsofttissuerelease.com\/es\/wp-json\/wp\/v2\/woo-feed-brand?post=9436"}],"curies":[{"name":"wp","href":"https:\/\/api.w.org\/{rel}","templated":true}]}}