{"id":10859,"date":"2020-03-24T13:54:14","date_gmt":"2020-03-24T20:54:14","guid":{"rendered":"https:\/\/advancedsofttissuerelease.com\/?page_id=10859"},"modified":"2020-03-25T19:51:03","modified_gmt":"2020-03-26T02:51:03","slug":"lhistoire-de-lechec-du-triomphe-de-notre-famille","status":"publish","type":"page","link":"https:\/\/advancedsofttissuerelease.com\/fr\/our-familys-story-of-failure-triumph\/","title":{"rendered":"L&#039;histoire d&#039;\u00e9chec et de triomphe de notre famille"},"content":{"rendered":"<div data-elementor-type=\"wp-page\" data-elementor-id=\"10859\" class=\"elementor elementor-10859\" data-elementor-post-type=\"page\">\n\t\t\t\t\t\t<section class=\"elementor-section elementor-top-section elementor-element elementor-element-73c6da08 elementor-section-boxed elementor-section-height-default elementor-section-height-default\" data-id=\"73c6da08\" data-element_type=\"section\" data-e-type=\"section\">\n\t\t\t\t\t\t<div class=\"elementor-container elementor-column-gap-default\">\n\t\t\t\t\t<div class=\"elementor-column elementor-col-100 elementor-top-column elementor-element elementor-element-6f111875\" data-id=\"6f111875\" data-element_type=\"column\" data-e-type=\"column\">\n\t\t\t<div class=\"elementor-widget-wrap elementor-element-populated\">\n\t\t\t\t\t\t<div class=\"elementor-element elementor-element-5592dfda elementor-widget elementor-widget-text-editor\" data-id=\"5592dfda\" data-element_type=\"widget\" data-e-type=\"widget\" data-widget_type=\"text-editor.default\">\n\t\t\t\t<div class=\"elementor-widget-container\">\n\t\t\t\t\t\t\t\t\t<h1><strong><span style=\"font-size: 12pt;\">L&#039;histoire d&#039;\u00e9chec et de triomphe de notre famille<\/span><\/strong><\/h1><p>Il y a presque quatre ans, ironiquement juste avant les \u00e9lections de 2016, ma femme et moi avons pris la d\u00e9cision tr\u00e8s difficile de fermer notre clinique de physioth\u00e9rapie. Obamacare avait pris un lourd tribut sur nos vies, personnellement et professionnellement, l&#039;\u00e9conomie \u00e9tait toujours sur les rochers et les gens \u00e9taient inquiets de savoir qui deviendrait pr\u00e9sident et comment cela aurait un impact sur le climat \u00e9conomique de notre pays.<\/p><p>Nous avons pass\u00e9 2017 \u00e0 r\u00e9\u00e9valuer nos valeurs, nos forces et nos objectifs \u00e0 long terme et, ce faisant, \u00e0 d\u00e9velopper une nouvelle fa\u00e7on innovante de fournir notre contenu et nos produits aux prestataires de soins de sant\u00e9 en ligne. Nous avons ouvert l&#039;ASTR Institute en 2018 et en seulement un an, il est devenu tr\u00e8s clair que nous devions \u00e9largir notre vision en tant qu&#039;entreprise. \u00c0 l&#039;automne 2019, nous avons cr\u00e9\u00e9 une nouvelle cat\u00e9gorie de march\u00e9 et lanc\u00e9 les programmes de traitement \u00e0 domicile \u00e9tape par \u00e9tape en ligne et les trousses d&#039;outils pour les patients d&#039;ASTR. En moins de six mois, nos programmes et kits de traitement \u00e0 domicile ont d\u00e9pass\u00e9 les ventes de nos fournisseurs\u00a0; nous permettant de fonctionner presque 100% comme une entreprise en ligne.<\/p><p>Avec chaque bo\u00eete que nous pr\u00e9parons et exp\u00e9dions, nous nous rappelons humblement o\u00f9 nous en \u00e9tions il y a quatre ans\u00a0; avec \u00e0 peine assez d&#039;argent sur notre compte pour faire avancer nos affaires un mois de plus. Avec chaque cours en ligne que nous vendons, nous sommes encourag\u00e9s et rappel\u00e9s que nos produits et services sont pertinents et que vous faites confiance et croyez en ce que nous faisons.<\/p><p>Nous sommes tellement reconnaissants pour les moments difficiles que nous avons travers\u00e9s. Nous avons appris \u00e0 \u00e9couter les directives de Dieu avec plus d&#039;ob\u00e9issance, nous sommes devenus plus flexibles et dispos\u00e9s \u00e0 changer de cap pour r\u00e9pondre \u00e0 vos besoins et nous avons appris \u00e0 pers\u00e9v\u00e9rer malgr\u00e9 tous les obstacles.<\/p><p>Dr et Mme Jacobs<\/p>\t\t\t\t\t\t\t\t<\/div>\n\t\t\t\t<\/div>\n\t\t\t\t\t<\/div>\n\t\t<\/div>\n\t\t\t\t<div class=\"elementor-column elementor-col-100 elementor-top-column elementor-element elementor-element-42442ca\" data-id=\"42442ca\" data-element_type=\"column\" data-e-type=\"column\">\n\t\t\t<div class=\"elementor-widget-wrap elementor-element-populated\">\n\t\t\t\t\t\t<div class=\"elementor-element elementor-element-fc9d3e5 elementor-widget elementor-widget-image\" data-id=\"fc9d3e5\" data-element_type=\"widget\" data-e-type=\"widget\" data-widget_type=\"image.default\">\n\t\t\t\t<div class=\"elementor-widget-container\">\n\t\t\t\t\t\t\t\t\t\t\t\t\t\t\t<img fetchpriority=\"high\" decoding=\"async\" width=\"376\" height=\"500\" src=\"https:\/\/advancedsofttissuerelease.com\/wp-content\/uploads\/2020\/03\/Dr.Jacobs-scaled.jpeg\" class=\"attachment-full size-full wp-image-10863\" alt=\"\" srcset=\"https:\/\/advancedsofttissuerelease.com\/wp-content\/uploads\/2020\/03\/Dr.Jacobs-scaled.jpeg 376w, https:\/\/advancedsofttissuerelease.com\/wp-content\/uploads\/2020\/03\/Dr.Jacobs-scaled-300x399.jpeg 300w, https:\/\/advancedsofttissuerelease.com\/wp-content\/uploads\/2020\/03\/Dr.Jacobs-1154x1536.jpeg 1154w, https:\/\/advancedsofttissuerelease.com\/wp-content\/uploads\/2020\/03\/Dr.Jacobs-1539x2048.jpeg 1539w\" sizes=\"(max-width: 376px) 100vw, 376px\" \/>\t\t\t\t\t\t\t\t\t\t\t\t\t\t\t<\/div>\n\t\t\t\t<\/div>\n\t\t\t\t\t<\/div>\n\t\t<\/div>\n\t\t\t\t\t<\/div>\n\t\t<\/section>\n\t\t\t\t<section class=\"elementor-section elementor-top-section elementor-element elementor-element-5bb5bac elementor-section-boxed elementor-section-height-default elementor-section-height-default\" data-id=\"5bb5bac\" data-element_type=\"section\" data-e-type=\"section\">\n\t\t\t\t\t\t<div class=\"elementor-container elementor-column-gap-default\">\n\t\t\t\t\t\t<\/div>\n\t\t<\/section>\n\t\t\t\t<section class=\"elementor-section elementor-top-section elementor-element elementor-element-282c0be elementor-section-stretched elementor-section-boxed elementor-section-height-default elementor-section-height-default\" data-id=\"282c0be\" data-element_type=\"section\" data-e-type=\"section\" data-settings=\"{&quot;stretch_section&quot;:&quot;section-stretched&quot;}\">\n\t\t\t\t\t\t<div class=\"elementor-container elementor-column-gap-default\">\n\t\t\t\t\t<div class=\"elementor-column elementor-col-100 elementor-top-column elementor-element elementor-element-b628cf4\" data-id=\"b628cf4\" data-element_type=\"column\" data-e-type=\"column\" data-settings=\"{&quot;background_background&quot;:&quot;classic&quot;}\">\n\t\t\t<div class=\"elementor-widget-wrap elementor-element-populated\">\n\t\t\t\t\t\t<div class=\"elementor-element elementor-element-521c05c elementor-widget elementor-widget-heading\" data-id=\"521c05c\" data-element_type=\"widget\" data-e-type=\"widget\" data-widget_type=\"heading.default\">\n\t\t\t\t<div class=\"elementor-widget-container\">\n\t\t\t\t\t<h2 class=\"elementor-heading-title elementor-size-default\"><a href=\"https:\/\/advancedsofttissuerelease.com\/fr\/categorie-de-produit\/online-treatment-programs-for-patients\/\"><b>Responsabiliser les patients<\/b><\/a><\/h2>\t\t\t\t<\/div>\n\t\t\t\t<\/div>\n\t\t\t\t<div class=\"elementor-element elementor-element-76b2e17 elementor-widget elementor-widget-text-editor\" data-id=\"76b2e17\" data-element_type=\"widget\" data-e-type=\"widget\" data-widget_type=\"text-editor.default\">\n\t\t\t\t<div class=\"elementor-widget-container\">\n\t\t\t\t\t\t\t\t\t<p style=\"text-align: center;\"><a href=\"https:\/\/advancedsofttissuerelease.com\/fr\/categorie-de-produit\/online-treatment-programs-for-patients\/\"><span style=\"font-size: 12pt; color: #333333;\">Une trousse \u00e0 outils \u00e0 la fois<\/span><\/a><\/p>\t\t\t\t\t\t\t\t<\/div>\n\t\t\t\t<\/div>\n\t\t\t\t<div class=\"elementor-element elementor-element-f5bea07 elementor-widget elementor-widget-text-editor\" data-id=\"f5bea07\" data-element_type=\"widget\" data-e-type=\"widget\" data-widget_type=\"text-editor.default\">\n\t\t\t\t<div class=\"elementor-widget-container\">\n\t\t\t\t\t\t\t\t\t<p style=\"text-align: center;\"><span style=\"font-size: 8pt;\">Maintenant \u00e0 partir de $399<\/span><\/p>\t\t\t\t\t\t\t\t<\/div>\n\t\t\t\t<\/div>\n\t\t\t\t<div class=\"elementor-element elementor-element-4a857e9 elementor-widget elementor-widget-text-editor\" data-id=\"4a857e9\" data-element_type=\"widget\" data-e-type=\"widget\" data-widget_type=\"text-editor.default\">\n\t\t\t\t<div class=\"elementor-widget-container\">\n\t\t\t\t\t\t\t\t\t<p style=\"text-align: center;\"><span style=\"color: #0000ff; font-size: 12pt;\"><a style=\"color: #0000ff;\" href=\"https:\/\/advancedsofttissuerelease.com\/fr\/programmes-de-trousse-d-outils-pour-les-patients-2\/\">En savoir plus &gt;<\/a> \u00a0 <a style=\"color: #0000ff;\" href=\"https:\/\/advancedsofttissuerelease.com\/fr\/produit\/soignez-votre-douleur-a-maison-2\/\">Acheter &gt;<\/a><\/span><\/p>\t\t\t\t\t\t\t\t<\/div>\n\t\t\t\t<\/div>\n\t\t\t\t<div class=\"elementor-element elementor-element-e692784 elementor-widget elementor-widget-video\" data-id=\"e692784\" data-element_type=\"widget\" data-e-type=\"widget\" data-settings=\"{&quot;youtube_url&quot;:&quot;https:\\\/\\\/www.youtube.com\\\/watch?v=C90ww6nyALk&quot;,&quot;show_image_overlay&quot;:&quot;yes&quot;,&quot;image_overlay&quot;:{&quot;url&quot;:&quot;https:\\\/\\\/advancedsofttissuerelease.com\\\/wp-content\\\/uploads\\\/2020\\\/02\\\/Treat-your-shoulder-pain-with-ASTR-tools-scaled.jpg&quot;,&quot;id&quot;:9712,&quot;size&quot;:&quot;&quot;},&quot;video_type&quot;:&quot;youtube&quot;,&quot;controls&quot;:&quot;yes&quot;}\" data-widget_type=\"video.default\">\n\t\t\t\t<div class=\"elementor-widget-container\">\n\t\t\t\t\t\t\t<div class=\"elementor-wrapper elementor-open-inline\">\n\t\t\t<div class=\"elementor-video\"><\/div>\t\t\t\t<div class=\"elementor-custom-embed-image-overlay\" style=\"background-image: url(https:\/\/advancedsofttissuerelease.com\/wp-content\/uploads\/2020\/02\/Treat-your-shoulder-pain-with-ASTR-tools-scaled-scaled.jpg);\">\n\t\t\t\t\t\t\t\t\t\t\t\t\t\t\t\t<div class=\"elementor-custom-embed-play\" role=\"button\" aria-label=\"\u0634\u063a\u0644 \u0627\u0644\u0641\u064a\u062f\u064a\u0648\" tabindex=\"0\" data-no-translation-aria-label=\"\">\n\t\t\t\t\t\t\t<i aria-hidden=\"true\" class=\"eicon-play\"><\/i>\t\t\t\t\t\t<\/div>\n\t\t\t\t\t\t\t\t\t<\/div>\n\t\t\t\t\t<\/div>\n\t\t\t\t\t\t<\/div>\n\t\t\t\t<\/div>\n\t\t\t\t\t<\/div>\n\t\t<\/div>\n\t\t\t\t\t<\/div>\n\t\t<\/section>\n\t\t\t\t<section class=\"elementor-section elementor-top-section elementor-element elementor-element-0151d64 elementor-section-stretched elementor-section-boxed elementor-section-height-default elementor-section-height-default\" data-id=\"0151d64\" data-element_type=\"section\" data-e-type=\"section\" data-settings=\"{&quot;stretch_section&quot;:&quot;section-stretched&quot;}\">\n\t\t\t\t\t\t<div class=\"elementor-container elementor-column-gap-default\">\n\t\t\t\t\t<div class=\"elementor-column elementor-col-100 elementor-top-column elementor-element elementor-element-cb52896\" data-id=\"cb52896\" data-element_type=\"column\" data-e-type=\"column\" data-settings=\"{&quot;background_background&quot;:&quot;classic&quot;}\">\n\t\t\t<div class=\"elementor-widget-wrap elementor-element-populated\">\n\t\t\t\t\t\t<div class=\"elementor-element elementor-element-5780eb6 elementor-widget elementor-widget-heading\" data-id=\"5780eb6\" data-element_type=\"widget\" data-e-type=\"widget\" data-widget_type=\"heading.default\">\n\t\t\t\t<div class=\"elementor-widget-container\">\n\t\t\t\t\t<h2 class=\"elementor-heading-title elementor-size-default\"><a href=\"https:\/\/advancedsofttissuerelease.com\/fr\/categorie-de-produit\/fournisseurs-cours-outils-2\/\"><span class=\"elementor-heading-title elementor-size-default elementor-inline-editing pen\" data-elementor-setting-key=\"title\" data-pen-placeholder=\"Type Here...\"><span style=\"font-weight: 700\">Minimiser l&#039;\u00e9nergie Maximiser les r\u00e9sultats<\/span><\/span><\/a><\/h2>\t\t\t\t<\/div>\n\t\t\t\t<\/div>\n\t\t\t\t<div class=\"elementor-element elementor-element-b0d887e elementor-widget elementor-widget-text-editor\" data-id=\"b0d887e\" data-element_type=\"widget\" data-e-type=\"widget\" data-widget_type=\"text-editor.default\">\n\t\t\t\t<div class=\"elementor-widget-container\">\n\t\t\t\t\t\t\t\t\t<p style=\"text-align: center;\"><span style=\"font-size: 12pt; color: #333333;\">Trousse d&#039;outils du fournisseur<\/span><\/p>\t\t\t\t\t\t\t\t<\/div>\n\t\t\t\t<\/div>\n\t\t\t\t<div class=\"elementor-element elementor-element-7766af2 elementor-widget elementor-widget-text-editor\" data-id=\"7766af2\" data-element_type=\"widget\" data-e-type=\"widget\" data-widget_type=\"text-editor.default\">\n\t\t\t\t<div class=\"elementor-widget-container\">\n\t\t\t\t\t\t\t\t\t<p style=\"text-align: center;\"><span style=\"font-size: 8pt;\">Maintenant \u00e0 partir de $299<\/span><\/p>\t\t\t\t\t\t\t\t<\/div>\n\t\t\t\t<\/div>\n\t\t\t\t<div class=\"elementor-element elementor-element-ce6da29 elementor-widget elementor-widget-text-editor\" data-id=\"ce6da29\" data-element_type=\"widget\" data-e-type=\"widget\" data-widget_type=\"text-editor.default\">\n\t\t\t\t<div class=\"elementor-widget-container\">\n\t\t\t\t\t\t\t\t\t<p style=\"text-align: center;\"><span style=\"color: #0000ff; font-size: 12pt;\"><a style=\"color: #0000ff;\" href=\"https:\/\/advancedsofttissuerelease.com\/fr\/categorie-de-produit\/fournisseurs-cours-outils-2\/\">En savoir plus &gt;<\/a> \u00a0<a style=\"color: #0000ff;\" href=\"https:\/\/advancedsofttissuerelease.com\/fr\/categorie-de-produit\/fournisseurs-cours-outils-2\/\">\u00a0Acheter &gt;<\/a><\/span><\/p>\t\t\t\t\t\t\t\t<\/div>\n\t\t\t\t<\/div>\n\t\t\t\t<div class=\"elementor-element elementor-element-0bccd77 elementor-widget elementor-widget-image\" data-id=\"0bccd77\" data-element_type=\"widget\" data-e-type=\"widget\" data-widget_type=\"image.default\">\n\t\t\t\t<div class=\"elementor-widget-container\">\n\t\t\t\t\t\t\t\t\t\t\t\t\t\t\t\t<a href=\"https:\/\/advancedsofttissuerelease.com\/fr\/categorie-de-produit\/fournisseurs-cours-outils-2\/\">\n\t\t\t\t\t\t\t<img decoding=\"async\" width=\"500\" height=\"333\" src=\"https:\/\/advancedsofttissuerelease.com\/wp-content\/uploads\/2020\/02\/ASTR-treatment-therapy-scaled.jpg\" class=\"attachment-full size-full wp-image-9713\" alt=\"\" srcset=\"https:\/\/advancedsofttissuerelease.com\/wp-content\/uploads\/2020\/02\/ASTR-treatment-therapy-scaled.jpg 500w, https:\/\/advancedsofttissuerelease.com\/wp-content\/uploads\/2020\/02\/ASTR-treatment-therapy-scaled-200x133.jpg 200w, https:\/\/advancedsofttissuerelease.com\/wp-content\/uploads\/2020\/02\/ASTR-treatment-therapy-scaled-300x200.jpg 300w\" sizes=\"(max-width: 500px) 100vw, 500px\" \/>\t\t\t\t\t\t\t\t<\/a>\n\t\t\t\t\t\t\t\t\t\t\t\t\t\t\t<\/div>\n\t\t\t\t<\/div>\n\t\t\t\t\t<\/div>\n\t\t<\/div>\n\t\t\t\t\t<\/div>\n\t\t<\/section>\n\t\t\t\t<\/div>","protected":false},"excerpt":{"rendered":"<p>Our Family\u2019s Story Of Failure &amp; Triumph Almost four years ago, ironically right before the 2016 elections, my wife and I made the very difficult decision to close our PT clinic. Obamacare had taken a major toll on our lives, personally and professionally, the economy was still on the rocks and people were nervous about [&hellip;]<\/p>\n","protected":false},"author":1,"featured_media":0,"parent":0,"menu_order":0,"comment_status":"closed","ping_status":"closed","template":"","meta":{"_analytify_skip_tracking":false,"footnotes":""},"class_list":["post-10859","page","type-page","status-publish","hentry"],"_links":{"self":[{"href":"https:\/\/advancedsofttissuerelease.com\/fr\/wp-json\/wp\/v2\/pages\/10859","targetHints":{"allow":["GET"]}}],"collection":[{"href":"https:\/\/advancedsofttissuerelease.com\/fr\/wp-json\/wp\/v2\/pages"}],"about":[{"href":"https:\/\/advancedsofttissuerelease.com\/fr\/wp-json\/wp\/v2\/types\/page"}],"author":[{"embeddable":true,"href":"https:\/\/advancedsofttissuerelease.com\/fr\/wp-json\/wp\/v2\/users\/1"}],"replies":[{"embeddable":true,"href":"https:\/\/advancedsofttissuerelease.com\/fr\/wp-json\/wp\/v2\/comments?post=10859"}],"version-history":[{"count":0,"href":"https:\/\/advancedsofttissuerelease.com\/fr\/wp-json\/wp\/v2\/pages\/10859\/revisions"}],"wp:attachment":[{"href":"https:\/\/advancedsofttissuerelease.com\/fr\/wp-json\/wp\/v2\/media?parent=10859"}],"curies":[{"name":"wp","href":"https:\/\/api.w.org\/{rel}","templated":true}]}}