{"id":1113,"date":"2019-01-04T21:21:11","date_gmt":"2019-01-04T21:21:11","guid":{"rendered":"https:\/\/advancedsofttissuerelease.com\/?page_id=1113"},"modified":"2022-02-16T12:30:54","modified_gmt":"2022-02-16T19:30:54","slug":"politique-de-retour-2","status":"publish","type":"page","link":"https:\/\/advancedsofttissuerelease.com\/fr\/return-policy\/","title":{"rendered":"Politique de retour"},"content":{"rendered":"<p><strong>Politique de retour <\/strong><\/p>\r\n\r\n\r\n\r\n<p>Chez ASTR, nous nous engageons pleinement \u00e0 fournir \u00e0 nos clients des soins de la plus haute qualit\u00e9 ! Nous savons que nos produits et services fonctionnent et nous voulons que vous vous sentiez 100% confiant lorsque vous nous choisissez pour vos besoins de soins de sant\u00e9\u00a0! Si tu n&#039;es pas\u00a0<b>satisfait<\/b>\u00a0avec nos outils, programmes en ligne ou cours en ligne, vous pouvez demander le remboursement de votre achat dans\u00a0<b>14 jours<\/b>\u00a0de recevoir nos produits et cours. Tous les retours doivent \u00eatre initi\u00e9s et renvoy\u00e9s au plus tard le 14e jour suivant la r\u00e9ception des articles. Cela inclut les cours en ligne. Cette politique de retour est valable uniquement pour les premiers acheteurs. Notre promesse de satisfaction 100% ne s&#039;applique pas aux cr\u00e8mes, aux suppl\u00e9ments, aux programmes avec suppl\u00e9ments inclus, aux \u00e9valuations de t\u00e9l\u00e9sant\u00e9\/consultations t\u00e9l\u00e9phoniques, aux traitements dans notre clinique ou aux formations priv\u00e9es. Pour les retours \u00e9ligibles, nous remboursons le montant total moins les frais d&#039;exp\u00e9dition et les frais de r\u00e9approvisionnement 20%. Pour les plans de paiement, les frais de r\u00e9approvisionnement 20% seront d\u00e9duits de votre premier paiement effectu\u00e9. Nous ne payons pas les frais de retour.\u00a0<\/p>\r\n\r\n\r\n\r\n\r\n\r\n\r\n\r\n\r\n\r\n<p><span style=\"font-size: 12pt;\"> \r\n\r\n <\/span><\/p>\r\n<p><span style=\"font-size: 12pt;\">Les remises et promotions ne sont pas cumulables. Les rabais actuels ne peuvent pas \u00eatre appliqu\u00e9s aux achats ant\u00e9rieurs. Les achats ant\u00e9rieurs ne peuvent pas \u00eatre rembours\u00e9s afin que le client puisse acheter au prix r\u00e9duit actuel.<\/span><\/p>","protected":false},"excerpt":{"rendered":"<p>Return Policy At ASTR, we are fully committed to providing our customers with the highest quality of care! We know our products and services work and we want you to feel 100% confident when choosing us for your healthcare needs! If you are not\u00a0satisfied\u00a0with our tools, online programs or online courses, you can request a [&hellip;]<\/p>\n","protected":false},"author":1,"featured_media":0,"parent":0,"menu_order":0,"comment_status":"closed","ping_status":"closed","template":"","meta":{"_analytify_skip_tracking":false,"footnotes":""},"class_list":["post-1113","page","type-page","status-publish","hentry"],"_links":{"self":[{"href":"https:\/\/advancedsofttissuerelease.com\/fr\/wp-json\/wp\/v2\/pages\/1113","targetHints":{"allow":["GET"]}}],"collection":[{"href":"https:\/\/advancedsofttissuerelease.com\/fr\/wp-json\/wp\/v2\/pages"}],"about":[{"href":"https:\/\/advancedsofttissuerelease.com\/fr\/wp-json\/wp\/v2\/types\/page"}],"author":[{"embeddable":true,"href":"https:\/\/advancedsofttissuerelease.com\/fr\/wp-json\/wp\/v2\/users\/1"}],"replies":[{"embeddable":true,"href":"https:\/\/advancedsofttissuerelease.com\/fr\/wp-json\/wp\/v2\/comments?post=1113"}],"version-history":[{"count":0,"href":"https:\/\/advancedsofttissuerelease.com\/fr\/wp-json\/wp\/v2\/pages\/1113\/revisions"}],"wp:attachment":[{"href":"https:\/\/advancedsofttissuerelease.com\/fr\/wp-json\/wp\/v2\/media?parent=1113"}],"curies":[{"name":"wp","href":"https:\/\/api.w.org\/{rel}","templated":true}]}}