{"id":115,"date":"2015-08-17T15:00:35","date_gmt":"2015-08-17T15:00:35","guid":{"rendered":"https:\/\/advancedsofttissuerelease.com\/our-team\/"},"modified":"2022-03-16T12:27:47","modified_gmt":"2022-03-16T18:27:47","slug":"our-team","status":"publish","type":"page","link":"https:\/\/advancedsofttissuerelease.com\/fr\/our-team\/","title":{"rendered":"Our Team"},"content":{"rendered":"<div data-elementor-type=\"wp-page\" data-elementor-id=\"115\" class=\"elementor elementor-115\" data-elementor-post-type=\"page\">\n\t\t\t\t\t\t<section class=\"elementor-section elementor-top-section elementor-element elementor-element-88158d1 elementor-section-stretched elementor-section-boxed elementor-section-height-default elementor-section-height-default\" data-id=\"88158d1\" data-element_type=\"section\" data-e-type=\"section\" data-settings=\"{&quot;stretch_section&quot;:&quot;section-stretched&quot;}\">\n\t\t\t\t\t\t<div class=\"elementor-container elementor-column-gap-default\">\n\t\t\t\t\t<div class=\"elementor-column elementor-col-100 elementor-top-column elementor-element elementor-element-eb18aef\" data-id=\"eb18aef\" data-element_type=\"column\" data-e-type=\"column\">\n\t\t\t<div class=\"elementor-widget-wrap elementor-element-populated\">\n\t\t\t\t\t\t<div class=\"elementor-element elementor-element-90eebb7 elementor-widget elementor-widget-uael-advanced-heading\" data-id=\"90eebb7\" data-element_type=\"widget\" data-e-type=\"widget\" data-widget_type=\"uael-advanced-heading.default\">\n\t\t\t\t<div class=\"elementor-widget-container\">\n\t\t\t\t\t\n\t\t<div class=\"uael-module-content uael-heading-wrapper\">\n\t\t\t\t\t\t\n\t\t\t<h1 class=\"uael-heading\">\n\t\t\t\t\t\t\t\t\t\t<span class=\"uael-heading-text elementor-inline-editing uael-size--default\" data-elementor-setting-key=\"heading_title\" data-elementor-inline-editing-toolbar=\"basic\">Our Team<\/span>\n\t\t\t\t\t\t\t<\/h1>\n\n\t\t\t\n\t\t\t\n\t\t\t\n\t\t\t\t\t\t<\/div>\n\t\t\t\t\t\t<\/div>\n\t\t\t\t<\/div>\n\t\t\t\t\t<\/div>\n\t\t<\/div>\n\t\t\t\t\t<\/div>\n\t\t<\/section>\n\t\t\t\t<section class=\"elementor-section elementor-top-section elementor-element elementor-element-80f1693 elementor-section-stretched elementor-section-boxed elementor-section-height-default elementor-section-height-default\" data-id=\"80f1693\" data-element_type=\"section\" data-e-type=\"section\" data-settings=\"{&quot;stretch_section&quot;:&quot;section-stretched&quot;}\">\n\t\t\t\t\t\t<div class=\"elementor-container elementor-column-gap-default\">\n\t\t\t\t\t<div class=\"elementor-column elementor-col-50 elementor-top-column elementor-element elementor-element-5c9f04d\" data-id=\"5c9f04d\" data-element_type=\"column\" data-e-type=\"column\">\n\t\t\t<div class=\"elementor-widget-wrap elementor-element-populated\">\n\t\t\t\t\t\t<div class=\"elementor-element elementor-element-4a5a57e elementor-widget elementor-widget-image\" data-id=\"4a5a57e\" data-element_type=\"widget\" data-e-type=\"widget\" data-widget_type=\"image.default\">\n\t\t\t\t<div class=\"elementor-widget-container\">\n\t\t\t\t\t\t\t\t\t\t\t\t\t\t\t<img fetchpriority=\"high\" decoding=\"async\" width=\"2086\" height=\"2560\" src=\"https:\/\/advancedsofttissuerelease.com\/wp-content\/uploads\/2019\/01\/Dr-Joseph-Jacobs-DPT-ASTR-ACN-scaled.jpg\" class=\"attachment-full size-full wp-image-1630\" alt=\"Dr-Joseph-Jacobs-DPT-ASTR-ACN\" srcset=\"https:\/\/advancedsofttissuerelease.com\/wp-content\/uploads\/2019\/01\/Dr-Joseph-Jacobs-DPT-ASTR-ACN-scaled.jpg 2086w, https:\/\/advancedsofttissuerelease.com\/wp-content\/uploads\/2019\/01\/Dr-Joseph-Jacobs-DPT-ASTR-ACN-1251x1536.jpg 1251w, https:\/\/advancedsofttissuerelease.com\/wp-content\/uploads\/2019\/01\/Dr-Joseph-Jacobs-DPT-ASTR-ACN-1668x2048.jpg 1668w, https:\/\/advancedsofttissuerelease.com\/wp-content\/uploads\/2019\/01\/Dr-Joseph-Jacobs-DPT-ASTR-ACN-10x12.jpg 10w, https:\/\/advancedsofttissuerelease.com\/wp-content\/uploads\/2019\/01\/Dr-Joseph-Jacobs-DPT-ASTR-ACN-1024x1257.jpg 1024w\" sizes=\"(max-width: 2086px) 100vw, 2086px\" \/>\t\t\t\t\t\t\t\t\t\t\t\t\t\t\t<\/div>\n\t\t\t\t<\/div>\n\t\t\t\t\t<\/div>\n\t\t<\/div>\n\t\t\t\t<div class=\"elementor-column elementor-col-50 elementor-top-column elementor-element elementor-element-2b7dd4d\" data-id=\"2b7dd4d\" data-element_type=\"column\" data-e-type=\"column\">\n\t\t\t<div class=\"elementor-widget-wrap elementor-element-populated\">\n\t\t\t\t\t\t<div class=\"elementor-element elementor-element-ac13155 elementor-widget elementor-widget-heading\" data-id=\"ac13155\" data-element_type=\"widget\" data-e-type=\"widget\" data-widget_type=\"heading.default\">\n\t\t\t\t<div class=\"elementor-widget-container\">\n\t\t\t\t\t<h1 class=\"elementor-heading-title elementor-size-default\">Joseph Jacobs, DPT, ACN, ASTR<\/h1>\t\t\t\t<\/div>\n\t\t\t\t<\/div>\n\t\t\t\t<div class=\"elementor-element elementor-element-b1ae527 elementor-icon-list--layout-traditional elementor-list-item-link-full_width elementor-widget elementor-widget-icon-list\" data-id=\"b1ae527\" data-element_type=\"widget\" data-e-type=\"widget\" data-widget_type=\"icon-list.default\">\n\t\t\t\t<div class=\"elementor-widget-container\">\n\t\t\t\t\t\t\t<ul class=\"elementor-icon-list-items\">\n\t\t\t\t\t\t\t<li class=\"elementor-icon-list-item\">\n\t\t\t\t\t\t\t\t\t\t\t<span class=\"elementor-icon-list-icon\">\n\t\t\t\t\t\t\t<i aria-hidden=\"true\" class=\"auxicon auxicon-primitive-dot\"><\/i>\t\t\t\t\t\t<\/span>\n\t\t\t\t\t\t\t\t\t\t<span class=\"elementor-icon-list-text\">Docteur en physioth\u00e9rapie<\/span>\n\t\t\t\t\t\t\t\t\t<\/li>\n\t\t\t\t\t\t\t\t<li class=\"elementor-icon-list-item\">\n\t\t\t\t\t\t\t\t\t\t\t<span class=\"elementor-icon-list-icon\">\n\t\t\t\t\t\t\t<i aria-hidden=\"true\" class=\"auxicon auxicon-primitive-dot\"><\/i>\t\t\t\t\t\t<\/span>\n\t\t\t\t\t\t\t\t\t\t<span class=\"elementor-icon-list-text\">Nutritionniste clinique avanc\u00e9e<\/span>\n\t\t\t\t\t\t\t\t\t<\/li>\n\t\t\t\t\t\t\t\t<li class=\"elementor-icon-list-item\">\n\t\t\t\t\t\t\t\t\t\t\t<span class=\"elementor-icon-list-icon\">\n\t\t\t\t\t\t\t<i aria-hidden=\"true\" class=\"auxicon auxicon-primitive-dot\"><\/i>\t\t\t\t\t\t<\/span>\n\t\t\t\t\t\t\t\t\t\t<span class=\"elementor-icon-list-text\">Functional Medicine Practitioner &amp; Instructor<\/span>\n\t\t\t\t\t\t\t\t\t<\/li>\n\t\t\t\t\t\t\t\t<li class=\"elementor-icon-list-item\">\n\t\t\t\t\t\t\t\t\t\t\t<span class=\"elementor-icon-list-icon\">\n\t\t\t\t\t\t\t<i aria-hidden=\"true\" class=\"auxicon auxicon-primitive-dot\"><\/i>\t\t\t\t\t\t<\/span>\n\t\t\t\t\t\t\t\t\t\t<span class=\"elementor-icon-list-text\">Inventeur de l&#039;ASTR<\/span>\n\t\t\t\t\t\t\t\t\t<\/li>\n\t\t\t\t\t\t\t\t<li class=\"elementor-icon-list-item\">\n\t\t\t\t\t\t\t\t\t\t\t<span class=\"elementor-icon-list-icon\">\n\t\t\t\t\t\t\t<i aria-hidden=\"true\" class=\"auxicon auxicon-primitive-dot\"><\/i>\t\t\t\t\t\t<\/span>\n\t\t\t\t\t\t\t\t\t\t<span class=\"elementor-icon-list-text\">A re\u00e7u l&#039;approbation de 8 brevets<\/span>\n\t\t\t\t\t\t\t\t\t<\/li>\n\t\t\t\t\t\t\t\t<li class=\"elementor-icon-list-item\">\n\t\t\t\t\t\t\t\t\t\t\t<span class=\"elementor-icon-list-icon\">\n\t\t\t\t\t\t\t<i aria-hidden=\"true\" class=\"auxicon auxicon-primitive-dot\"><\/i>\t\t\t\t\t\t<\/span>\n\t\t\t\t\t\t\t\t\t\t<span class=\"elementor-icon-list-text\">Former les m\u00e9decins du monde entier<\/span>\n\t\t\t\t\t\t\t\t\t<\/li>\n\t\t\t\t\t\t\t\t<li class=\"elementor-icon-list-item\">\n\t\t\t\t\t\t\t\t\t\t\t<span class=\"elementor-icon-list-icon\">\n\t\t\t\t\t\t\t<i aria-hidden=\"true\" class=\"auxicon auxicon-primitive-dot\"><\/i>\t\t\t\t\t\t<\/span>\n\t\t\t\t\t\t\t\t\t\t<span class=\"elementor-icon-list-text\">Survivant du cancer<\/span>\n\t\t\t\t\t\t\t\t\t<\/li>\n\t\t\t\t\t\t<\/ul>\n\t\t\t\t\t\t<\/div>\n\t\t\t\t<\/div>\n\t\t\t\t\t<\/div>\n\t\t<\/div>\n\t\t\t\t\t<\/div>\n\t\t<\/section>\n\t\t\t\t<section class=\"elementor-section elementor-top-section elementor-element elementor-element-64e73f8 elementor-section-stretched elementor-section-boxed elementor-section-height-default elementor-section-height-default\" data-id=\"64e73f8\" data-element_type=\"section\" data-e-type=\"section\" data-settings=\"{&quot;stretch_section&quot;:&quot;section-stretched&quot;}\">\n\t\t\t\t\t\t<div class=\"elementor-container elementor-column-gap-default\">\n\t\t\t\t\t<div class=\"elementor-column elementor-col-50 elementor-top-column elementor-element elementor-element-f172cb9\" data-id=\"f172cb9\" data-element_type=\"column\" data-e-type=\"column\">\n\t\t\t<div class=\"elementor-widget-wrap elementor-element-populated\">\n\t\t\t\t\t\t<div class=\"elementor-element elementor-element-67ab3fc elementor-widget elementor-widget-text-editor\" data-id=\"67ab3fc\" data-element_type=\"widget\" data-e-type=\"widget\" data-widget_type=\"text-editor.default\">\n\t\t\t\t<div class=\"elementor-widget-container\">\n\t\t\t\t\t\t\t\t\t<p>Le docteur Joseph Jacobs est un survivant du cancer. Il souffrait de migraines chroniques, de maux de t\u00eate, de fatigue et de douleurs avant d&#039;inventer la sp\u00e9cialit\u00e9 ASTR. Il est titulaire d&#039;un doctorat en physioth\u00e9rapie du Coll\u00e8ge dominicain de New York et d&#039;un baccalaur\u00e9at sp\u00e9cialis\u00e9 en gestion d&#039;h\u00f4tels et de restaurants de l&#039;Universit\u00e9 Fairleigh Dickinson du New Jersey.<\/p><p>Le Dr Jacobs a commenc\u00e9 \u00e0 rechercher et \u00e0 d\u00e9velopper sa nouvelle sp\u00e9cialit\u00e9 pour traiter la douleur des patients plus efficacement que les m\u00e9thodes qu&#039;il avait apprises \u00e0 l&#039;\u00e9cole. De 2011 \u00e0 2021, il a continu\u00e9 \u00e0 d\u00e9velopper les man\u0153uvres, les outils et les m\u00e9thodologies qui composent l&#039;ASTR, et il continue d&#039;affiner les \u00e9l\u00e9ments de l&#039;ASTR gr\u00e2ce \u00e0 des recherches continues. Advanced Soft Tissue Release (ASTR) a \u00e9t\u00e9 enregistr\u00e9 par le US Patent and Trademark Office.<\/p><p><strong>\u00a0<\/strong><strong style=\"color: var( --e-global-color-text ); font-family: var( --e-global-typography-text-font-family ), verdana;\">Les techniques et instruments invent\u00e9s par le docteur Jacobs comprennent\u00a0:\u00a0<\/strong><\/p><p>\u2013 Lib\u00e9ration avanc\u00e9e des tissus mous\u00ae (ASTR\u00ae)<\/p><p>\u2013 Technique de lib\u00e9ration de tensionTM<\/p><p>\u2013 Instruments ASTR I, II, III, IV, V et VI (brevet\u00e9)<\/p><p>\u2013 Fascia ScaleTM<\/p><p>\u2013 \u00c9chelle de fibrose (cicatrice)<\/p><p>\u2013 \u00c9chelle de points de d\u00e9clenchementTM<\/p><p>\u2013 \u00c9chelle de spasmes musculairesMC<\/p><p>\u2013 Lib\u00e9ration BioPsycho (BPR)TM<\/p><p>\u00a0<\/p><p>L&#039;ambition de la vie du Dr Jacobs est de d\u00e9velopper et de rechercher en permanence de nouveaux instruments, th\u00e9ories et m\u00e9thodologies pour r\u00e9volutionner l&#039;industrie m\u00e9dicale afin de soulager plus rapidement et plus efficacement la douleur.<\/p><p>Le Dr Jacobs continue de diffuser ses connaissances et ses recherches en enseignant aux m\u00e9decins et aux prestataires de soins de sant\u00e9 du monde entier via diverses plateformes, notamment en prenant la parole dans TedX Talks et en \u00e9tant pr\u00e9sent\u00e9 dans plusieurs magazines. On fait confiance au Dr Jacobs pour offrir un soulagement de la douleur \u00e0 long terme et une th\u00e9rapie ASTR efficace aux patients du monde entier.<\/p><p><strong>Le Dr Jacobs croit fermement en la formation continue et a lu des livres et suivi des cours sur les sujets suivants\u00a0:<\/strong><\/p><p>\u2013 M\u00e9decine fonctionnelle<\/p><p>- La nutrition<\/p><p>\u2013 Lib\u00e9ration myofasciale<\/p><p>\u2013 D\u00e9formation-contre-contrainte<\/p><p>\u2013 Technique \u00e9nerg\u00e9tique musculaire (MET)<\/p><p>\u2013 Mobilisation des tissus mous<\/p><p>\u2013 Mobilisation conjointe (y compris Mulligan Concept)<\/p><p>\u2013 Lib\u00e9ration du point de d\u00e9clenchement<\/p><p>\u2013 Technique de lib\u00e9ration des r\u00e9flexes primaux (PRRT)<\/p><p>\u2013 Facilitation Neuromusculaire Proprioceptive (PNF)<\/p><p>\u2013 R\u00e9\u00e9ducation neuromusculaire<\/p><p>\u2013 Mobilisation du tissu conjonctif<\/p><p>\u2013 Lib\u00e9ration Cranioscarale<\/p><p>\u2013 Distorsion fasciale<\/p><p>\u2013 Mobilisation Visc\u00e9rale<\/p><p>\u2013 Th\u00e9rapie Bowen<\/p><p>\u2013 Rolfing<\/p><p>\u2013 Massages<\/p><p>- Th\u00e9rapie cognitivo-comportementale<\/p><p>\u2013 Technique de lib\u00e9ration \u00e9motionnelle<\/p><p>\u2013 Th\u00e9rapie par la parole<\/p><p>- Et beaucoup plus<\/p>\t\t\t\t\t\t\t\t<\/div>\n\t\t\t\t<\/div>\n\t\t\t\t\t<\/div>\n\t\t<\/div>\n\t\t\t\t<div class=\"elementor-column elementor-col-50 elementor-top-column elementor-element elementor-element-79fd9f0\" data-id=\"79fd9f0\" data-element_type=\"column\" data-e-type=\"column\">\n\t\t\t<div class=\"elementor-widget-wrap elementor-element-populated\">\n\t\t\t\t\t\t<div class=\"elementor-element elementor-element-f888a15 uael-heading-align-center elementor-widget elementor-widget-uael-advanced-heading\" data-id=\"f888a15\" data-element_type=\"widget\" data-e-type=\"widget\" data-widget_type=\"uael-advanced-heading.default\">\n\t\t\t\t<div class=\"elementor-widget-container\">\n\t\t\t\t\t\n\t\t<div class=\"uael-module-content uael-heading-wrapper\">\n\t\t\t\t\t\t\n\t\t\t<h2 class=\"uael-heading\">\n\t\t\t\t\t\t\t\t\t\t<span class=\"uael-heading-text elementor-inline-editing uael-size--default\" data-elementor-setting-key=\"heading_title\" data-elementor-inline-editing-toolbar=\"basic\">Remettre en question les perspectives traditionnelles sur le soulagement de la douleur | Conf\u00e9rence TEDx du Dr Jacobs<\/span>\n\t\t\t\t\t\t\t<\/h2>\n\n\t\t\t\n\t\t\t\n\t\t\t\n\t\t\t\t\t\t<\/div>\n\t\t\t\t\t\t<\/div>\n\t\t\t\t<\/div>\n\t\t\t\t<div class=\"elementor-element elementor-element-0358da1 uael-aspect-ratio-16_9 uael-youtube-subscribe-no elementor-widget elementor-widget-uael-video\" data-id=\"0358da1\" data-element_type=\"widget\" data-e-type=\"widget\" data-widget_type=\"uael-video.default\">\n\t\t\t\t<div class=\"elementor-widget-container\">\n\t\t\t\t\t\t\t\t\t<div class=\"uael-video__outer-wrap  uael-video-type-youtube uael-video-play-lightbox\" data-device=\"false\" data-vsticky=\"no\" data-hidedesktop=\"\" data-hidetablet=\"\" data-hidemobile=\"\" data-vsticky-viewport=\"0\" data-elementor-open-lightbox=\"yes\" data-elementor-lightbox=\"{&quot;type&quot;:&quot;video&quot;,&quot;videoType&quot;:&quot;youtube&quot;,&quot;url&quot;:&quot;https:\\\/\\\/www.youtube.com\\\/embed\\\/aO3ZEcULNco?rel=0&amp;start&amp;end&amp;controls=1&amp;mute=0&amp;modestbranding=0&amp;&quot;,&quot;modalOptions&quot;:{&quot;id&quot;:&quot;elementor-lightbox-0358da1&quot;,&quot;entranceAnimation&quot;:&quot;&quot;,&quot;entranceAnimation_tablet&quot;:&quot;&quot;,&quot;entranceAnimation_mobile&quot;:&quot;&quot;,&quot;videoAspectRatio&quot;:&quot;169&quot;}}\">\n\t\t\t\t\t\t<div class=\"uael-video-inner-wrap\">\n\t\t\t\t<div class=\"uael-video__play\" data-src=\"https:\/\/www.youtube.com\/embed\/aO3ZEcULNco?rel=0&amp;start&amp;end&amp;controls=1&amp;mute=0&amp;modestbranding=0&amp;\">\n\t\t\t\t\t<img decoding=\"async\" class=\"uael-video__thumb\" src=\"https:\/\/i.ytimg.com\/vi\/aO3ZEcULNco\/maxresdefault.jpg\" alt=\"\"><\/img>\n\t\t\t\t\t<div class=\"uael-video__play-icon uael-animation-\">\n\t\t\t\t\t\t<i aria-hidden=\"true\" class=\"fas fa-play-circle\"><\/i>\t\t\t\t\t<\/div>\n\t\t\t\t<\/div>\n\t\t\t\t\t\t\t\t\t\t\t<\/div>\n\t\t<\/div>\n\t\t\t\t\t\t\t<\/div>\n\t\t\t\t<\/div>\n\t\t\t\t\t<\/div>\n\t\t<\/div>\n\t\t\t\t\t<\/div>\n\t\t<\/section>\n\t\t\t\t<\/div>","protected":false},"excerpt":{"rendered":"<p>Our Team Joseph Jacobs, DPT, ACN, ASTRs Doctor of Physical Therapy Advanced Clinical Nutritionist Functional Medicine Practitioner &#038; Instructor Inventor of ASTR Received approval for 8 patents Educate doctors worldwide Cancer survivor Doctor Joseph Jacobs is a cancer survivor. He used to suffer from chronic migraines, headaches, fatigue and pain before he invented ASTR speciality. [&hellip;]<\/p>\n","protected":false},"author":2447,"featured_media":503,"parent":0,"menu_order":7,"comment_status":"closed","ping_status":"closed","template":"","meta":{"_analytify_skip_tracking":false,"footnotes":""},"class_list":["post-115","page","type-page","status-publish","has-post-thumbnail","hentry"],"_links":{"self":[{"href":"https:\/\/advancedsofttissuerelease.com\/fr\/wp-json\/wp\/v2\/pages\/115","targetHints":{"allow":["GET"]}}],"collection":[{"href":"https:\/\/advancedsofttissuerelease.com\/fr\/wp-json\/wp\/v2\/pages"}],"about":[{"href":"https:\/\/advancedsofttissuerelease.com\/fr\/wp-json\/wp\/v2\/types\/page"}],"author":[{"embeddable":true,"href":"https:\/\/advancedsofttissuerelease.com\/fr\/wp-json\/wp\/v2\/users\/2447"}],"replies":[{"embeddable":true,"href":"https:\/\/advancedsofttissuerelease.com\/fr\/wp-json\/wp\/v2\/comments?post=115"}],"version-history":[{"count":0,"href":"https:\/\/advancedsofttissuerelease.com\/fr\/wp-json\/wp\/v2\/pages\/115\/revisions"}],"wp:featuredmedia":[{"embeddable":true,"href":"https:\/\/advancedsofttissuerelease.com\/fr\/wp-json\/wp\/v2\/media\/503"}],"wp:attachment":[{"href":"https:\/\/advancedsofttissuerelease.com\/fr\/wp-json\/wp\/v2\/media?parent=115"}],"curies":[{"name":"wp","href":"https:\/\/api.w.org\/{rel}","templated":true}]}}