{"id":116,"date":"2015-08-17T15:01:19","date_gmt":"2015-08-17T15:01:19","guid":{"rendered":"https:\/\/advancedsofttissuerelease.com\/mission\/"},"modified":"2020-01-06T15:31:41","modified_gmt":"2020-01-06T23:31:41","slug":"mission-2","status":"publish","type":"page","link":"https:\/\/advancedsofttissuerelease.com\/fr\/mission\/","title":{"rendered":"Mission"},"content":{"rendered":"<p>&nbsp;<\/p>\n<p><span style=\"font-size: 12pt;\">Nous nous effor\u00e7ons de r\u00e9volutionner le domaine m\u00e9dical en recherchant, inventant et d\u00e9veloppant des instruments, dispositifs, suppl\u00e9ments et m\u00e9thodologies avanc\u00e9s pour traiter la douleur \u00e0 sa source. Notre objectif est de faciliter l&#039;acc\u00e8s g\u00e9n\u00e9ralis\u00e9 \u00e0 un soulagement non invasif, rapide et \u00e0 long terme pour les millions de personnes touch\u00e9es par des blessures et des affections douloureuses.<\/span><\/p>","protected":false},"excerpt":{"rendered":"<p>&nbsp; Nous nous effor\u00e7ons de r\u00e9volutionner le domaine m\u00e9dical en recherchant, inventant et d\u00e9veloppant des instruments, dispositifs, suppl\u00e9ments et m\u00e9thodologies avanc\u00e9s pour traiter la douleur \u00e0 sa source. Notre objectif est de faciliter l&#039;acc\u00e8s g\u00e9n\u00e9ralis\u00e9 \u00e0 un soulagement non invasif, rapide et \u00e0 long terme pour les millions de personnes touch\u00e9es par des blessures et des affections douloureuses.<\/p>","protected":false},"author":2447,"featured_media":0,"parent":0,"menu_order":6,"comment_status":"closed","ping_status":"closed","template":"","meta":{"_analytify_skip_tracking":false,"footnotes":""},"class_list":["post-116","page","type-page","status-publish","hentry"],"_links":{"self":[{"href":"https:\/\/advancedsofttissuerelease.com\/fr\/wp-json\/wp\/v2\/pages\/116","targetHints":{"allow":["GET"]}}],"collection":[{"href":"https:\/\/advancedsofttissuerelease.com\/fr\/wp-json\/wp\/v2\/pages"}],"about":[{"href":"https:\/\/advancedsofttissuerelease.com\/fr\/wp-json\/wp\/v2\/types\/page"}],"author":[{"embeddable":true,"href":"https:\/\/advancedsofttissuerelease.com\/fr\/wp-json\/wp\/v2\/users\/2447"}],"replies":[{"embeddable":true,"href":"https:\/\/advancedsofttissuerelease.com\/fr\/wp-json\/wp\/v2\/comments?post=116"}],"version-history":[{"count":0,"href":"https:\/\/advancedsofttissuerelease.com\/fr\/wp-json\/wp\/v2\/pages\/116\/revisions"}],"wp:attachment":[{"href":"https:\/\/advancedsofttissuerelease.com\/fr\/wp-json\/wp\/v2\/media?parent=116"}],"curies":[{"name":"wp","href":"https:\/\/api.w.org\/{rel}","templated":true}]}}