{"id":120,"date":"2015-09-15T19:32:08","date_gmt":"2015-09-16T01:32:08","guid":{"rendered":"https:\/\/advancedsofttissuerelease.com\/manual-therapy\/"},"modified":"2022-02-20T18:59:15","modified_gmt":"2022-02-21T01:59:15","slug":"therapie-manuelle-definition-types-objectifs-styles","status":"publish","type":"page","link":"https:\/\/advancedsofttissuerelease.com\/fr\/manual-therapy-definition-types-purposes-styles\/","title":{"rendered":"Th\u00e9rapie manuelle\u00a0: d\u00e9finition, types, objectifs et styles"},"content":{"rendered":"<h1 style=\"text-align: left;\"><strong>Th\u00e9rapie manuelle\u00a0: d\u00e9finition, types, objectifs et styles<\/strong><\/h1>\n<h2><strong>Qu&#039;est-ce que la th\u00e9rapie manuelle ?<\/strong><\/h2>\n<p>La th\u00e9rapie manuelle est une forme de traitement physique pratique utilis\u00e9e par de nombreux types de professionnels de la sant\u00e9 pour traiter les affections et les blessures musculo-squelettiques. Les trois principaux types de th\u00e9rapie manuelle sont la manipulation, la mobilisation et le massage. Les professionnels de la sant\u00e9 qui utilisent la th\u00e9rapie manuelle comprennent les massoth\u00e9rapeutes, les physioth\u00e9rapeutes, les ergoth\u00e9rapeutes, les ost\u00e9opathes et les m\u00e9decins ost\u00e9opathes.<\/p>\n<h3><strong><u>1. Manipulation :<\/u><\/strong><\/h3>\n<p>Application rapide d&#039;une force dans une direction de rotation, de cisaillement ou de distraction \u00e0 une articulation articulaire. Cela se produit fr\u00e9quemment avec un bruit sec.<\/p>\n<h3><strong><u>2. Mobilisation :<\/u><\/strong><\/h3>\n<p>Mouvement passif lent et contr\u00f4l\u00e9 d&#039;une articulation pour obtenir un effet th\u00e9rapeutique.<\/p>\n<h3><strong><u>3. Massoth\u00e9rapie\u00a0:<\/u><\/strong><\/h3>\n<p>P\u00e9trissage, frottement ou d\u00e9capage r\u00e9p\u00e9titif des tissus myofasciaux pour am\u00e9liorer la dynamique des fluides interstitiels.<\/p>\n<h2 style=\"text-align: left;\">Objectifs de la th\u00e9rapie manuelle en physioth\u00e9rapie<\/h2>\n<p>Les objectifs de la th\u00e9rapie manuelle en physioth\u00e9rapie comprennent\u00a0:<\/p>\n<ol style=\"margin-left: 120px;\">\n<li>Diminution de la douleur<\/li>\n<li>Augmenter l&#039;amplitude de mouvement<\/li>\n<li>R\u00e9duire l&#039;inflammation des tissus mous<\/li>\n<li>Induire la relaxation<\/li>\n<li>Am\u00e9liorer la r\u00e9paration, l&#039;extensibilit\u00e9 et\/ou la stabilit\u00e9 des tissus contractiles et non contractiles<\/li>\n<li>Faciliter le mouvement<\/li>\n<li>Am\u00e9lioration de la fonction<\/li>\n<\/ol>\n<h2 style=\"text-align: left;\"><strong>Styles de th\u00e9rapie manuelle\u00a0<\/strong><\/h2>\n<table style=\"width: 750px;\" border=\"1\" cellspacing=\"1\" cellpadding=\"1\">\n<tbody>\n<tr>\n<td style=\"width: 215px;\">Acupression<\/td>\n<td style=\"width: 264px;\">Mobilisation conjointe<\/td>\n<td style=\"width: 253px;\">Physioth\u00e9rapie<\/td>\n<\/tr>\n<tr>\n<td style=\"width: 215px;\">Anma<\/td>\n<td style=\"width: 264px;\">Massage th\u00e9rapeutique<\/td>\n<td style=\"width: 253px;\">Th\u00e9rapie de polarit\u00e9<\/td>\n<\/tr>\n<tr>\n<td style=\"width: 215px;\">AST<\/td>\n<td style=\"width: 264px;\">Matrice \u00c9nerg\u00e9tique<\/td>\n<td style=\"width: 253px;\">Rolfing Int\u00e9gration Structurelle<\/td>\n<\/tr>\n<tr>\n<td style=\"width: 215px;\">Carrosserie<\/td>\n<td style=\"width: 264px;\">Drainage lymphatique manuel<\/td>\n<td style=\"width: 253px;\">Seita\u00ef<\/td>\n<\/tr>\n<tr>\n<td style=\"width: 215px;\">R\u00e9glage de l&#039;os<\/td>\n<td style=\"width: 264px;\">Acupuncture m\u00e9dicale<\/td>\n<td style=\"width: 253px;\">Manipulation vert\u00e9brale<\/td>\n<\/tr>\n<tr>\n<td style=\"width: 215px;\">Technique Bowen<\/td>\n<td style=\"width: 264px;\">Techniques d&#039;\u00e9nergie musculaire<\/td>\n<td style=\"width: 253px;\">Mobilisation vert\u00e9brale<\/td>\n<\/tr>\n<tr>\n<td style=\"width: 215px;\">Chiropratique<\/td>\n<td style=\"width: 264px;\">Lib\u00e9ration myofasciale<\/td>\n<td style=\"width: 253px;\">Sota\u00ef<\/td>\n<\/tr>\n<tr>\n<td style=\"width: 215px;\">Th\u00e9rapie cranio-sacr\u00e9e<\/td>\n<td style=\"width: 264px;\">Myoth\u00e9rapie<\/td>\n<td style=\"width: 253px;\">Shiatsu<\/td>\n<\/tr>\n<tr>\n<td style=\"width: 215px;\">M\u00e9thode Dorn<\/td>\n<td style=\"width: 264px;\">Naprapathie<\/td>\n<td style=\"width: 253px;\">Traction<\/td>\n<\/tr>\n<tr>\n<td style=\"width: 215px;\">Th\u00e9rapie manuelle int\u00e9grative<\/td>\n<td style=\"width: 264px;\">M\u00e9decine manipulatrice ost\u00e9opathique<\/td>\n<td style=\"width: 253px;\">Tui Na<\/td>\n<\/tr>\n<tr>\n<td style=\"width: 215px;\">Manipulation conjointe<\/td>\n<td style=\"width: 264px;\">Ost\u00e9opathie<\/td>\n<td style=\"width: 253px;\">\u00c9quilibrage z\u00e9ro<\/td>\n<\/tr>\n<\/tbody>\n<\/table>\n<h1 style=\"text-align: left;\"><strong>Th\u00e9rapie manuelle et ASTR<\/strong><\/h1>\n<p>ASTR traite la douleur de mani\u00e8re douce, efficace et naturelle en lib\u00e9rant le tissu cicatriciel, les points de d\u00e9clenchement et la restriction des fascias. ASTR adopte une approche holistique pour traiter les causes profondes de la douleur, pas seulement les sympt\u00f4mes. La th\u00e9rapie manuelle ASTR peut \u00eatre pratiqu\u00e9e \u00e0 domicile.<\/p>\n<h1>Cours en ligne sur la th\u00e9rapie manuelle<\/h1>\n<p><iframe title=\"Les 3 principales raisons pour lesquelles les m\u00e9decins choisissent le traitement ASTR\" width=\"800\" height=\"450\" src=\"https:\/\/www.youtube.com\/embed\/2tVG_3-t9_Q?feature=oembed\" frameborder=\"0\" allow=\"accelerometer; autoplay; clipboard-write; encrypted-media; gyroscope; picture-in-picture; web-share\" allowfullscreen><\/iframe><\/p>\n<h3>Regarder<\/h3>\n<p>Traitez la cause premi\u00e8re du probl\u00e8me\u00a0!<\/p>\n<h2><a href=\"https:\/\/advancedsofttissuerelease.com\/fr\/cours-astr-prestataire-de-soins-de-sante\/\">Minimiser l'\u00e9nergie. Maximiser les r\u00e9sultats.<\/a><\/h2>\n<ul>\n<li>R\u00e9sultats rapides<\/li>\n<li>Facile \u00e0 utiliser<\/li>\n<li>Conception ergonomique<\/li>\n<li>Approche holistique naturelle<\/li>\n<li>Traiter la cause profonde du probl\u00e8me<\/li>\n<li>Formation en ligne \u00e0 votre rythme<\/li>\n<li>Invent\u00e9 par un m\u00e9decin qui souffrait de douleurs chroniques<\/li>\n<li>Soutenu par plus de 45 \u00e9tudes<\/li>\n<\/ul>\n<p><a role=\"button\" href=\"https:\/\/advancedsofttissuerelease.com\/fr\/cours-astr-prestataire-de-soins-de-sante\/\"><br \/>\nDevenez fournisseur ASTR<br \/>\n<\/a><\/p>\n<h2>Les m\u00e9decins recommandent ASTR<\/h2>\n<p><i>\ue934<\/i><i>\ue934<\/i><i>\ue934<\/i><i>\ue934<\/i><i>\ue934<\/i> 5\/5<br \/>\n<a role=\"button\" href=\"https:\/\/advancedsofttissuerelease.com\/fr\/avis-de-medecins-2\/\"><br \/>\nRegarder les vid\u00e9os d'examen des m\u00e9decins<br \/>\n<\/a><br \/>\n&#8220;<b>Avant l'ASTR, je voyais mes patients pendant deux \u00e0 trois mois pour obtenir les r\u00e9sultats que j'obtiens avec l'ASTR. Avec le traitement ASTR, j'obtiens les r\u00e9sultats en moins de 5 visites.<\/b>&#8221;<br \/>\n<img decoding=\"async\" src=\"https:\/\/advancedsofttissuerelease.com\/wp-content\/uploads\/2021\/05\/mq2-1.jpg\" alt=\"Derek Biesheuvel, PT\" \/><br \/>\n<cite>Derek Biesheuvel, physioth\u00e9rapeute PTP \u2013 20 ans de pratique<\/cite><br \/>\n&quot;C&#039;est diff\u00e9rent des autres cours que j&#039;ai suivis car cela implique tout le corps et <b>il est \u00e9tay\u00e9 par des recherches et il est efficace, vous verrez des r\u00e9sultats imm\u00e9diatement.<\/b>&#8221;<br \/>\n<img decoding=\"async\" src=\"https:\/\/advancedsofttissuerelease.com\/wp-content\/uploads\/2021\/05\/LisaKwan.jpg\" alt=\"Lisa Kwan, PT\" \/><br \/>\n<cite>Lisa Kwan, physioth\u00e9rapeute PTP \u2013 18 ans de pratique<\/cite><br \/>\n&#8220;<b>La classe ASTR est solide et le traitement changera votre pratique\u2026 Je pense que chaque physioth\u00e9rapeute devrait conna\u00eetre ASTR<\/b>\u2026 Des physioth\u00e9rapeutes, des chiropraticiens et des professionnels du bien-\u00eatre rejoignent les cours ASTR.<br \/>\n<img decoding=\"async\" src=\"https:\/\/advancedsofttissuerelease.com\/wp-content\/uploads\/2021\/05\/mq3.jpg\" alt=\"Dr Roland Samaniego, DPT\" \/><br \/>\n<cite>Dr Roland Samaniego, DPTDocteur en physioth\u00e9rapie \u2013 16 ans de pratique<\/cite><br \/>\n&#8220;<b>Si vous cherchez quelque chose qui permette aux patients d'obtenir des r\u00e9sultats rapides et satisfaisants, c'est certainement le cours que vous devez suivre.<\/b>, apprenez-le et utilisez-le imm\u00e9diatement sur vos patients. Je le recommande vraiment\u201d<br \/>\n<img decoding=\"async\" src=\"https:\/\/advancedsofttissuerelease.com\/wp-content\/uploads\/2021\/05\/mq1.jpg\" alt=\"Dr. Amin Nia, DC\" \/><br \/>\n<cite>Dr Amin Nia, DCDocteur en chiropratique - 28 ans de pratique<\/cite><br \/>\n&#8220;<b>Je cherche quelque chose comme ASTR depuis lors, depuis 32 ans\u00a0!\u2026. Vous devez suivre ce cours<\/b> du Dr. Jacobs, <b>voici les meilleurs r\u00e9sultats<\/b> et j'ai regard\u00e9 tout le reste et essay\u00e9 et finalement rien n'a fonctionn\u00e9 et <b>c'est magnifique<\/b>!&#8221;<br \/>\n<img decoding=\"async\" src=\"https:\/\/advancedsofttissuerelease.com\/wp-content\/uploads\/2021\/05\/mq2.jpg\" alt=\"Dr Charles Hough, DC\" \/><br \/>\n<cite>Dr Charles Hough, DCDocteur en chiropratique \u2013 32 ans de pratique<\/cite><br \/>\n&quot;Depuis l&#039;\u00e9cole de chiropratique, nous avons appris \u00e0 traiter tout le corps et c&#039;est un syst\u00e8me (ASTR) qui le fait de mani\u00e8re tr\u00e8s efficace avec <b>r\u00e9sultats imm\u00e9diats<\/b>&#8221;<br \/>\n<img decoding=\"async\" src=\"https:\/\/advancedsofttissuerelease.com\/wp-content\/uploads\/2021\/05\/mq2-2.jpg\" alt=\"Dr. Gary Wat, DC\" \/><br \/>\n<cite>Dr Gary Wat, DCDocteur en chiropratique \u2013 14 ans de pratique<\/cite><br \/>\n&quot;Je suis dans l&#039;industrie de la physioth\u00e9rapie depuis plus de 3 ans maintenant. Il y a 6 mois, j&#039;ai commenc\u00e9 \u00e0 travailler avec Dr.Jacobs et je dois dire que <b>Je n'ai jamais \u00e9t\u00e9 t\u00e9moin d'un tel taux de gu\u00e9rison des patients qu'ici.<\/b>. Le Dr Joseph Jacobs sait certainement comment aller \u00e0 la racine de la maladie des patients gr\u00e2ce \u00e0 ses outils et m\u00e9thodes brevet\u00e9s de physioth\u00e9rapie. <b>J'\u00e9tais sceptique au d\u00e9but, mais apr\u00e8s avoir vu plusieurs fois des patients se r\u00e9tablir, j'ai fini par croire en sa pratique.<\/b>. Je suis fier de contribuer \u00e0 aider les patients \u00e0 se r\u00e9tablir.<br \/>\n<img decoding=\"async\" src=\"https:\/\/advancedsofttissuerelease.com\/wp-content\/uploads\/2021\/05\/148B0148-70-scaled.jpg\" alt=\"DeeAnn Pop\" \/><br \/>\n<cite>DeeAnn PopPreviews Coll\u00e8gue<\/cite><br \/>\n&quot;Dr. Jacobs est tr\u00e8s comp\u00e9tent, je le respecte beaucoup\u2026.<b>Si vous voulez am\u00e9liorer votre pratique, vous devez suivre le cours ASTR.<\/b>. Ce quelque chose sera de plus en plus grand dans le futur \u00bb<br \/>\n<img decoding=\"async\" src=\"https:\/\/advancedsofttissuerelease.com\/wp-content\/uploads\/2021\/05\/mq3-1.jpg\" alt=\"Dr. Niklas Fougner, DC\" \/><br \/>\n<cite>Dr Niklas Fougner, DCDocteur en chiropratique \u2013 20 ans de pratique<\/cite><br \/>\n&quot;ASTR est un concept et une discipline tout \u00e0 fait uniques en soi, vous ne pouvez pas apprendre cela nulle part ailleurs. Je n&#039;ai rien vu ni pratiqu\u00e9 d&#039;aussi unique que l&#039;ASTR. Vous ne pouvez pas dire que j&#039;ai obtenu mon dipl\u00f4me et obtenir toutes les connaissances dont j&#039;ai besoin, <b>vous devez essayer ASTR parce que cela fonctionne et je le recommande vivement.<\/b>&#8221;<br \/>\n<img decoding=\"async\" src=\"https:\/\/advancedsofttissuerelease.com\/wp-content\/uploads\/2021\/05\/mq3-2.jpg\" alt=\"Rabih Mezher, OT\" \/><br \/>\n<cite>Rabih Mezher, ergoth\u00e9rapeute<\/cite><br \/>\n&quot;Dr. Jacobs est un pionnier, il a propos\u00e9 des applications beaucoup plus simples qui permettent une lib\u00e9ration myofasciale tr\u00e8s rapide. Il est tr\u00e8s facile pour le patient et pour le praticien qui l&#039;applique. <b>Je suis extr\u00eamement satisfait de la technique ASTR. J'esp\u00e8re que tous les praticiens de la m\u00e9decine physique y jetteront un \u0153il.<\/b>&#8221;<br \/>\n<img decoding=\"async\" src=\"https:\/\/advancedsofttissuerelease.com\/wp-content\/uploads\/2021\/05\/mq3-1-1.jpg\" alt=\"Dr. Maria Angle, DC\" \/><br \/>\n<cite>Dr. Maria Angle, DCChiropracteur &amp; Docteur en M\u00e9decine Orientale \u2013 18 ans de pratique<\/cite><br \/>\n&quot;J&#039;encourage d\u00e9finitivement (les fournisseurs de soins de sant\u00e9) \u00e0 v\u00e9rifier ce programme et \u00e0 s&#039;inscrire et <b>faire partie de ce traitement r\u00e9volutionnaire. C'est le meilleur cours de th\u00e9rapie manuelle que j'ai suivi.<\/b>&#8221;<br \/>\n<img decoding=\"async\" src=\"https:\/\/advancedsofttissuerelease.com\/wp-content\/uploads\/2021\/05\/mq3-3.jpg\" alt=\"Sherwin Gagatam, PT\" \/><br \/>\n<cite>Sherwin Gagatam, physioth\u00e9rapeute PTP \u2013 15 ans de pratique<\/cite><br \/>\nPr\u00e9c\u00e9dent<br \/>\nSuivant<br \/>\n<iframe title=\"Soulagez la douleur chronique instantan\u00e9ment et facilement\u00a0!\" width=\"800\" height=\"450\" src=\"https:\/\/www.youtube.com\/embed\/07mLKtiiyBc?start=2&#038;feature=oembed\" frameborder=\"0\" allow=\"accelerometer; autoplay; clipboard-write; encrypted-media; gyroscope; picture-in-picture; web-share\" allowfullscreen><\/iframe><\/p>","protected":false},"excerpt":{"rendered":"<p>Manual Therapy: Definition, Types, Purposes &amp; Styles What is Manual Therapy? Manual therapy is a form of physical, hands-on treatment that is used by many types of medical professionals to address musculoskeletal ailments and injuries. The three main types of manual therapy are manipulation, mobilization, and massage. Medical professionals that utilize manual therapy include massage [&hellip;]<\/p>\n","protected":false},"author":1,"featured_media":0,"parent":0,"menu_order":227,"comment_status":"closed","ping_status":"closed","template":"","meta":{"_analytify_skip_tracking":false,"footnotes":""},"class_list":["post-120","page","type-page","status-publish","hentry"],"_links":{"self":[{"href":"https:\/\/advancedsofttissuerelease.com\/fr\/wp-json\/wp\/v2\/pages\/120","targetHints":{"allow":["GET"]}}],"collection":[{"href":"https:\/\/advancedsofttissuerelease.com\/fr\/wp-json\/wp\/v2\/pages"}],"about":[{"href":"https:\/\/advancedsofttissuerelease.com\/fr\/wp-json\/wp\/v2\/types\/page"}],"author":[{"embeddable":true,"href":"https:\/\/advancedsofttissuerelease.com\/fr\/wp-json\/wp\/v2\/users\/1"}],"replies":[{"embeddable":true,"href":"https:\/\/advancedsofttissuerelease.com\/fr\/wp-json\/wp\/v2\/comments?post=120"}],"version-history":[{"count":0,"href":"https:\/\/advancedsofttissuerelease.com\/fr\/wp-json\/wp\/v2\/pages\/120\/revisions"}],"wp:attachment":[{"href":"https:\/\/advancedsofttissuerelease.com\/fr\/wp-json\/wp\/v2\/media?parent=120"}],"curies":[{"name":"wp","href":"https:\/\/api.w.org\/{rel}","templated":true}]}}