{"id":125,"date":"2015-12-06T03:03:19","date_gmt":"2015-12-06T03:03:19","guid":{"rendered":"https:\/\/advancedsofttissuerelease.com\/scar-tissue\/"},"modified":"2021-12-11T15:13:32","modified_gmt":"2021-12-11T22:13:32","slug":"cicatrice-liberation-tissu-symptomes-causes-traitement-2","status":"publish","type":"page","link":"https:\/\/advancedsofttissuerelease.com\/fr\/scar-tissue-release-symptoms-causes-treatment\/","title":{"rendered":"Lib\u00e9ration de tissu cicatriciel\u00a0: sympt\u00f4mes, causes et traitement"},"content":{"rendered":"<h1 style=\"text-align: left;\"><span style=\"color: #696969;\"><span style=\"font-family: verdana,geneva,sans-serif;\"><strong>Lib\u00e9ration de tissu cicatriciel\u00a0: sympt\u00f4mes, causes et traitement<\/strong><\/span><\/span><\/h1>\n<p><iframe title=\"Comment se d\u00e9barrasser du tissu cicatriciel ? TROUVEZ DES HACKS ICI\u00a0!\" width=\"800\" height=\"450\" src=\"https:\/\/www.youtube.com\/embed\/mmL_sD0-_Bk?start=19&#038;feature=oembed\" frameborder=\"0\" allow=\"accelerometer; autoplay; clipboard-write; encrypted-media; gyroscope; picture-in-picture; web-share\" allowfullscreen><\/iframe><\/p>\n<p><span style=\"color: #696969;\"><span style=\"font-family: verdana,geneva,sans-serif;\">Le tissu cicatriciel se forme dans tout le corps en r\u00e9ponse aux l\u00e9sions tissulaires afin de r\u00e9parer temporairement un site de blessure jusqu&#039;\u00e0 ce que des tissus plus solides et plus permanents soient fabriqu\u00e9s. Il peut se former lorsque le corps est soumis \u00e0 une blessure, au stress, \u00e0 une maladie, \u00e0 une intervention chirurgicale, \u00e0 un accident, \u00e0 une mauvaise posture prolong\u00e9e et \u00e0 une m\u00e9canique corporelle inappropri\u00e9e. Au cours du processus de gu\u00e9rison normal, la plupart des tissus cicatriciels temporaires sont r\u00e9absorb\u00e9s dans le corps apr\u00e8s la fabrication des tissus permanents. Parfois, le processus de gu\u00e9rison est interrompu et trop de tissu cicatriciel se forme, ce qui exerce une pression excessive sur les muscles, les vaisseaux sanguins, les nerfs, les os et les organes environnants. Cela peut causer de la douleur et\/ou limiter l&#039;amplitude de mouvement d&#039;une articulation.<\/span><\/span><\/p>\n<h2 style=\"text-align: left;\"><span style=\"color: #696969;\"><span style=\"font-family: verdana,geneva,sans-serif;\">Causes du tissu cicatriciel\u00a0<\/span><\/span><\/h2>\n<p><span style=\"color: #696969;\"><span style=\"font-family: verdana,geneva,sans-serif;\">Les causes du tissu cicatriciel comprennent\u00a0:<\/span><\/span><\/p>\n<ol style=\"margin-left: 120px;\">\n<li><span style=\"color: #696969;\"><span style=\"font-family: verdana,geneva,sans-serif;\">Mauvaise position<\/span><\/span><\/li>\n<li><span style=\"color: #696969;\"><span style=\"font-family: verdana,geneva,sans-serif;\">Les accidents<\/span><\/span><\/li>\n<li><span style=\"color: #696969;\"><span style=\"font-family: verdana,geneva,sans-serif;\">Inflammation<\/span><\/span><\/li>\n<li><span style=\"color: #696969;\"><span style=\"font-family: verdana,geneva,sans-serif;\">Blessure<\/span><\/span><\/li>\n<li><span style=\"color: #696969;\"><span style=\"font-family: verdana,geneva,sans-serif;\">Op\u00e9ration<\/span><\/span><\/li>\n<li><span style=\"color: #696969;\"><span style=\"font-family: verdana,geneva,sans-serif;\">Maladie<\/span><\/span><\/li>\n<li><span style=\"color: #696969;\"><span style=\"font-family: verdana,geneva,sans-serif;\">Stress<\/span><\/span><\/li>\n<li><span style=\"color: #696969;\"><span style=\"font-family: verdana,geneva,sans-serif;\">Mauvaise m\u00e9canique corporelle<\/span><\/span><\/li>\n<\/ol>\n<h2 style=\"text-align: left;\"><span style=\"color: #696969;\"><span style=\"font-family: verdana,geneva,sans-serif;\">Sympt\u00f4mes du tissu cicatriciel<\/span><\/span><\/h2>\n<p><span style=\"color: #696969;\"><span style=\"font-family: verdana,geneva,sans-serif;\">Les sympt\u00f4mes du tissu cicatriciel comprennent\u00a0:<\/span><\/span><\/p>\n<ol style=\"margin-left: 120px;\">\n<li><span style=\"color: #696969;\"><span style=\"font-family: verdana,geneva,sans-serif;\">Amplitude de mouvement limit\u00e9e au niveau d&#039;une articulation<\/span><\/span><\/li>\n<li><span style=\"color: #696969;\"><span style=\"font-family: verdana,geneva,sans-serif;\">Douleur sourde et douloureuse<\/span><\/span><\/li>\n<li><span style=\"color: #696969;\"><span style=\"font-family: verdana,geneva,sans-serif;\">Sensations d&#039;engourdissement ou de picotements<\/span><\/span><\/li>\n<li><span style=\"color: #696969;\"><span style=\"font-family: verdana,geneva,sans-serif;\">Raideur dans une articulation<\/span><\/span><\/li>\n<li><span style=\"color: #696969;\"><span style=\"font-family: verdana,geneva,sans-serif;\">Contraction musculaire<\/span><\/span><\/li>\n<li><span style=\"color: #696969;\"><span style=\"font-family: verdana,geneva,sans-serif;\">Spasmes musculaires<\/span><\/span><\/li>\n<li><span style=\"color: #696969;\"><span style=\"font-family: verdana,geneva,sans-serif;\">Muscle tendre au toucher<\/span><\/span><\/li>\n<\/ol>\n<h2 style=\"text-align: left;\"><span style=\"color: #696969;\"><span style=\"font-family: verdana,geneva,sans-serif;\"><strong>Comment ASTR lib\u00e8re du tissu cicatriciel<\/strong><\/span><\/span><\/h2>\n<p><span style=\"color: #696969;\"><span style=\"font-family: verdana,geneva,sans-serif;\">Advanced Soft Tissue Release (en abr\u00e9g\u00e9 ASTR) est une nouvelle sp\u00e9cialit\u00e9 de th\u00e9rapie manuelle qui r\u00e9volutionne la fa\u00e7on dont les patients vivent\u00a0<strong>long terme\u00a0<\/strong>soulagement de la douleur. ASTR traite la douleur de mani\u00e8re douce, efficace et naturelle en lib\u00e9rant le tissu cicatriciel, les points de d\u00e9clenchement et la restriction des fascias. Les outils brevet\u00e9s d&#039;ASTR aident \u00e0 lib\u00e9rer et \u00e0 \u00e9liminer les tissus cicatriciels, et les cliniciens d&#039;ASTR sont form\u00e9s \u00e0 des techniques efficaces qui ne causent pas de douleur ou de stress suppl\u00e9mentaire au corps du patient.<a href=\"https:\/\/advancedsofttissuerelease.com\/fr\/about-astr\/quest-ce-quastr\/\"> D\u00e9couvrez comment ASTR peut vous aider <\/a>ou alors <a href=\"https:\/\/advancedsofttissuerelease.com\/fr\/temoignages\/\">regarder des vid\u00e9os de t\u00e9moignages<\/a> de patients qui ont ressenti un soulagement de la douleur gr\u00e2ce au traitement ASTR.<\/span><\/span><\/p>","protected":false},"excerpt":{"rendered":"<p>Scar Tissue Release : Symptoms, Causes &amp; Treatment Scar tissue forms throughout the body in response to tissue damage in order to temporarily repair an injury site until stronger, more permanent tissue is made. It can form when the body is subjected to injury, stress, disease, surgery, an accident, prolonged poor posture, and improper body [&hellip;]<\/p>\n","protected":false},"author":2447,"featured_media":0,"parent":0,"menu_order":223,"comment_status":"closed","ping_status":"closed","template":"","meta":{"_analytify_skip_tracking":false,"footnotes":""},"class_list":["post-125","page","type-page","status-publish","hentry"],"_links":{"self":[{"href":"https:\/\/advancedsofttissuerelease.com\/fr\/wp-json\/wp\/v2\/pages\/125","targetHints":{"allow":["GET"]}}],"collection":[{"href":"https:\/\/advancedsofttissuerelease.com\/fr\/wp-json\/wp\/v2\/pages"}],"about":[{"href":"https:\/\/advancedsofttissuerelease.com\/fr\/wp-json\/wp\/v2\/types\/page"}],"author":[{"embeddable":true,"href":"https:\/\/advancedsofttissuerelease.com\/fr\/wp-json\/wp\/v2\/users\/2447"}],"replies":[{"embeddable":true,"href":"https:\/\/advancedsofttissuerelease.com\/fr\/wp-json\/wp\/v2\/comments?post=125"}],"version-history":[{"count":0,"href":"https:\/\/advancedsofttissuerelease.com\/fr\/wp-json\/wp\/v2\/pages\/125\/revisions"}],"wp:attachment":[{"href":"https:\/\/advancedsofttissuerelease.com\/fr\/wp-json\/wp\/v2\/media?parent=125"}],"curies":[{"name":"wp","href":"https:\/\/api.w.org\/{rel}","templated":true}]}}