{"id":129,"date":"2015-12-07T00:37:16","date_gmt":"2015-12-07T00:37:16","guid":{"rendered":"https:\/\/advancedsofttissuerelease.com\/soft-tissue\/"},"modified":"2015-12-07T00:37:16","modified_gmt":"2015-12-07T00:37:16","slug":"mouchoir-doux-2","status":"publish","type":"page","link":"https:\/\/advancedsofttissuerelease.com\/fr\/soft-tissue\/","title":{"rendered":"Mouchoir doux"},"content":{"rendered":"<p> \t&nbsp;<\/p>\n<h1 style=\"text-align: center;\"> \t<span style=\"color:#696969;\"><span style=\"font-family:verdana,geneva,sans-serif;\"><strong>Mouchoir doux<\/strong><\/span><\/span><\/h1>\n<p> \t<span style=\"color:#696969;\"><span style=\"font-family:verdana,geneva,sans-serif;\">Les tissus mous entourent, relient et soutiennent les os, les structures et les organes du corps.<\/span><\/span><\/p>\n<h2 style=\"text-align: center;\"> \t<span style=\"color:#696969;\"><span style=\"font-family:verdana,geneva,sans-serif;\">Les tissus mous comprennent\u00a0:<\/span><\/span><\/h2>\n<ul>\n<li> \t\t<span style=\"color:#696969;\"><span style=\"font-family:verdana,geneva,sans-serif;\">Tendons (relient les muscles aux os)<\/span><\/span><\/li>\n<li> \t\t<span style=\"color:#696969;\"><span style=\"font-family:verdana,geneva,sans-serif;\">Ligaments (relier os \u00e0 os)<\/span><\/span><\/li>\n<li> \t\t<span style=\"color:#696969;\"><span style=\"font-family:verdana,geneva,sans-serif;\">Fascia (couche conjonctive qui enveloppe tout le corps, y compris les muscles et les organes)<\/span><\/span><\/li>\n<li> \t\t<span style=\"color:#696969;\"><span style=\"font-family:verdana,geneva,sans-serif;\">La peau<\/span><\/span><\/li>\n<li> \t\t<span style=\"color:#696969;\"><span style=\"font-family:verdana,geneva,sans-serif;\">Tissus fibreux<\/span><\/span><\/li>\n<li> \t\t<span style=\"color:#696969;\"><span style=\"font-family:verdana,geneva,sans-serif;\">Graisse<\/span><\/span><\/li>\n<li> \t\t<span style=\"color:#696969;\"><span style=\"font-family:verdana,geneva,sans-serif;\">Membranes synoviales (composant des capsules articulaires)<\/span><\/span><\/li>\n<li> \t\t<span style=\"color:#696969;\"><span style=\"font-family:verdana,geneva,sans-serif;\">Muscles (\u00e9l\u00e9ments contractiles)<\/span><\/span><\/li>\n<li> \t\t<span style=\"color:#696969;\"><span style=\"font-family:verdana,geneva,sans-serif;\">Nerfs (reliant le corps au cerveau)<\/span><\/span><\/li>\n<li> \t\t<span style=\"color:#696969;\"><span style=\"font-family:verdana,geneva,sans-serif;\">Vaisseaux sanguins (transporte le sang, l&#039;oxyg\u00e8ne et les nutriments dans tout le corps)<\/span><\/span><\/li>\n<\/ul>\n<p> \t&nbsp;<\/p>\n<h2 style=\"text-align: center;\"> \t<span style=\"color:#696969;\"><span style=\"font-family:verdana,geneva,sans-serif;\">Dysfonctionnements des tissus mous<\/span><\/span><\/h2>\n<p> \t<span style=\"color:#696969;\"><span style=\"font-family:verdana,geneva,sans-serif;\">Lorsque ces tissus mous ne fonctionnent pas comme ils le devraient, cela peut entra\u00eener les types de dysfonctionnements suivants\u00a0:<\/span><\/span><\/p>\n<ul>\n<li> \t\t<span style=\"color:#696969;\"><span style=\"font-family:verdana,geneva,sans-serif;\"><strong>Tissu cicatriciel (fibrose)\u00a0:<\/strong>&nbsp;Le tissu cicatriciel exerce une pression excessive sur les muscles, les vaisseaux sanguins, les nerfs, les os et les organes environnants. Cela peut causer de la douleur et\/ou limiter l&#039;amplitude de mouvement d&#039;une articulation. Avec les outils d&#039;ASTR, le tissu cicatriciel peut \u00eatre lib\u00e9r\u00e9 sans douleur et efficacement, soulageant la douleur et restaurant l&#039;amplitude des mouvements.<\/span><\/span><\/li>\n<li> \t\t<span style=\"color:#696969;\"><span style=\"font-family:verdana,geneva,sans-serif;\"><strong>Restriction de fascia\u00a0:<\/strong>&nbsp;Semblable \u00e0 la fa\u00e7on dont le costume de Spiderman \u00e9pouse son corps, le fascia est un tissu conjonctif solide qui enveloppe notre corps de la t\u00eate aux pieds. Normalement, le fascia est \u00e9lastique et capable de s&#039;\u00e9tirer et de se raccourcir en r\u00e9ponse aux mouvements du corps. Les accidents, les traumatismes, les chirurgies, les tissus cicatriciels, le stress, une mauvaise posture et une mauvaise m\u00e9canique corporelle peuvent diminuer l&#039;\u00e9lasticit\u00e9 du fascia, entra\u00eenant des douleurs et une amplitude de mouvement limit\u00e9e.<\/span><\/span><\/li>\n<li> \t\t<span style=\"color:#696969;\"><span style=\"font-family:verdana,geneva,sans-serif;\"><strong>Points de d\u00e9clenchement et spasmes musculaires\u00a0:<\/strong>&nbsp;Les points de d\u00e9clenchement sont des n\u0153uds palpables dans le tissu musculaire. Leur pr\u00e9sence peut provoquer des douleurs et un raccourcissement musculaire ou des spasmes musculaires.<\/span><\/span><\/li>\n<li> \t\t<span style=\"color:#696969;\"><span style=\"font-family:verdana,geneva,sans-serif;\"><strong>D\u00e9placement articulaire\u00a0:<\/strong>&nbsp;Toutes les articulations de notre corps ont un alignement normal, d\u00e9crivant comment deux os adjacents sont positionn\u00e9s et se d\u00e9placent l&#039;un par rapport \u00e0 l&#039;autre. Le d\u00e9placement articulaire fait r\u00e9f\u00e9rence \u00e0 toute d\u00e9viation dans cet alignement normal. La restriction des tissus mous peut souvent entra\u00eener le d\u00e9placement d&#039;une articulation. Cela peut \u00eatre extr\u00eamement douloureux et peut exercer beaucoup de pression sur les structures articulaires et environnantes.<\/span><\/span><\/li>\n<\/ul>\n<p> \t<span style=\"color:#696969;\"><span style=\"font-family:verdana,geneva,sans-serif;\">Ces types de dysfonctionnements sont couramment observ\u00e9s dans les douleurs \u00e0 la m\u00e2choire, la sciatique, l&#039;arthrite, les maux de t\u00eate, les douleurs au cou et au dos, le syndrome du canal carpien, les tendinites, les bursites et bien d&#039;autres conditions\u00a0!<\/span><\/span><\/p>\n<h1 style=\"text-align: center;\"> \t<span style=\"color:#696969;\"><span style=\"font-family:verdana,geneva,sans-serif;\"><strong>Comment ASTR traite le dysfonctionnement des tissus mous<\/strong><\/span><\/span><\/h1>\n<p> \t<span style=\"color:#696969;\"><span style=\"font-family:verdana,geneva,sans-serif;\">Advanced Soft Tissue Release (en abr\u00e9g\u00e9 ASTR) est une nouvelle sp\u00e9cialit\u00e9 de th\u00e9rapie manuelle qui r\u00e9volutionne la fa\u00e7on dont les patients vivent&nbsp;<strong>long terme&nbsp;<\/strong>soulagement de la douleur. ASTR traite la douleur de mani\u00e8re douce, efficace et naturelle en lib\u00e9rant le tissu cicatriciel, les points de d\u00e9clenchement et la restriction des fascias. Les outils brevet\u00e9s d&#039;ASTR aident \u00e0 lib\u00e9rer les tissus mous, et les cliniciens d&#039;ASTR sont form\u00e9s \u00e0 des techniques efficaces qui ne causent pas de douleur ou de stress suppl\u00e9mentaire au corps du patient. <a href=\"https:\/\/advancedsofttissuerelease.com\/fr\/about-astr\/quest-ce-quastr\/\">D\u00e9couvrez comment ASTR peut vous aider<\/a> ou alors <a href=\"https:\/\/advancedsofttissuerelease.com\/fr\/temoignages\/\">regarder des vid\u00e9os de t\u00e9moignages<\/a> de patients qui ont ressenti un soulagement de la douleur gr\u00e2ce au traitement ASTR.<\/span><\/span><\/p>","protected":false},"excerpt":{"rendered":"<p>&nbsp; Soft Tissue Soft tissue surrounds, connects, and supports bones, structures, and organs of the body. Soft Tissues Include: Tendons (connect muscles to bones) Ligaments (connect bone to bone) Fascia (connective layer that wraps around the entire body, including muscles and organs) Skin Fibrous Tissues Fat Synovial Membranes (compose joint capsules) Muscles (contractile elements) Nerves [&hellip;]<\/p>\n","protected":false},"author":2447,"featured_media":0,"parent":0,"menu_order":219,"comment_status":"closed","ping_status":"closed","template":"","meta":{"_analytify_skip_tracking":false,"footnotes":""},"class_list":["post-129","page","type-page","status-publish","hentry"],"_links":{"self":[{"href":"https:\/\/advancedsofttissuerelease.com\/fr\/wp-json\/wp\/v2\/pages\/129","targetHints":{"allow":["GET"]}}],"collection":[{"href":"https:\/\/advancedsofttissuerelease.com\/fr\/wp-json\/wp\/v2\/pages"}],"about":[{"href":"https:\/\/advancedsofttissuerelease.com\/fr\/wp-json\/wp\/v2\/types\/page"}],"author":[{"embeddable":true,"href":"https:\/\/advancedsofttissuerelease.com\/fr\/wp-json\/wp\/v2\/users\/2447"}],"replies":[{"embeddable":true,"href":"https:\/\/advancedsofttissuerelease.com\/fr\/wp-json\/wp\/v2\/comments?post=129"}],"version-history":[{"count":0,"href":"https:\/\/advancedsofttissuerelease.com\/fr\/wp-json\/wp\/v2\/pages\/129\/revisions"}],"wp:attachment":[{"href":"https:\/\/advancedsofttissuerelease.com\/fr\/wp-json\/wp\/v2\/media?parent=129"}],"curies":[{"name":"wp","href":"https:\/\/api.w.org\/{rel}","templated":true}]}}