{"id":152,"date":"2016-02-06T05:30:21","date_gmt":"2016-02-06T05:30:21","guid":{"rendered":"https:\/\/advancedsofttissuerelease.com\/disclaimer\/"},"modified":"2019-01-16T17:44:39","modified_gmt":"2019-01-16T17:44:39","slug":"disclaimer","status":"publish","type":"page","link":"https:\/\/advancedsofttissuerelease.com\/fr\/disclaimer\/","title":{"rendered":"Avis de non-responsabilit\u00e9"},"content":{"rendered":"<p class=\"p1\"><span class=\"s1\">MEDICAL DISCLAIMER<\/span><\/p>\n<p class=\"p2\"><span class=\"s1\">No advice<\/span><\/p>\n<p class=\"p2\"><span class=\"s1\">This website contains general information about medical conditions and treatments.\u00a0 The information is not advice, and should not be treated as such.<\/span><\/p>\n<p class=\"p2\"><span class=\"s1\">R\u00e9sultats\u00a0<\/span><\/p>\n<p class=\"p4\"><span class=\"s1\">Results may vary with each person and we cannot guarantee that you will experience similar result to the testimonials and treatment videos presented on any of our pages. Each individual is different and one person\u2019s success is not guarantee of result. These products are not intended to diagnose, cure, treat, or prevent any disease. <\/span><\/p>\n<p class=\"p5\"><span class=\"s1\">\u00a0ASTR online and physical classes<\/span><span class=\"s1\">\u00a0<\/span><\/p>\n<p class=\"p4\"><span class=\"s1\">We do not allow recording of this class at all. Any and all information provided in this class is purely from the standpoint of the developer and inventor and is considered general information. By participating in this class or online class, your voice, image, or likeness may be videotaped, audiotaped, photographed and\/or recorded by us. You are giving us permission to use your photo and audio voice or likeness and you also give us permission to edit and distribute them along with the class recording without condition. You are giving us all of the rights that pertain to these photos, audio and images, including copyright and moral rights, you or your family, heirs and assigns may have to all of these things. Doctors, healthcare providers and patients have the responsibility to properly evaluate any and all information distributed by ASTR to determine if in fact the information is applicable and appropriate. Neither the authors, instructors, nor ASTR Institute assume any liability for any injury and\/or damage done to people or property as a result of information or suggestions found in ASTR courses, reading materials and websites.\u00a0<\/span><\/p>\n<p class=\"p4\"><span class=\"s1\">Limitation of warranties<\/span><\/p>\n<p class=\"p3\"><span class=\"s1\">\u00a0The medical information on this website is provided \u201cas is\u201d without any representations or warranties, express or implied. \u00a0AdvancedSoftTissueRelease.com makes no representations or warranties in relation to the medical information on this website. \u00a0<\/span><span class=\"s1\">\u00a0<\/span><\/p>\n<p class=\"p2\"><span class=\"s1\">Without prejudice to the generality of the foregoing paragraph,\u00a0AdvancedSoftTissueRelease.com\u00a0does not warrant that:<\/span><\/p>\n<ul class=\"ul1\">\n<li style=\"list-style-type: none;\">\n<ul class=\"ul2\">\n<li class=\"li4\"><span class=\"s1\">the medical information on this website will be constantly available, or available at all; or<\/span><\/li>\n<\/ul>\n<\/li>\n<\/ul>\n<p class=\"p3\"><span class=\"s1\">\u00a0<\/span><\/p>\n<ul class=\"ul1\">\n<li style=\"list-style-type: none;\">\n<ul class=\"ul2\">\n<li class=\"li4\"><span class=\"s1\">the medical information on this website is complete, true, accurate, up-to-date, or non-misleading.<\/span><\/li>\n<\/ul>\n<\/li>\n<\/ul>\n<p class=\"p3\"><span class=\"s1\">\u00a0<\/span><span class=\"s1\">Professional assistance<\/span><\/p>\n<p class=\"p2\"><span class=\"s1\">You must not rely on the information on this website as an alternative to medical advice from your doctor or other professional healthcare provider.\u00a0<\/span><\/p>\n<p class=\"p2\"><span class=\"s1\">If you have any specific questions about any medical matter you should consult your doctor or other professional healthcare provider.<\/span><\/p>\n<p class=\"p2\"><span class=\"s1\">If you think you may be suffering from any medical condition you should seek immediate medical attention. \u00a0<\/span><\/p>\n<p class=\"p3\"><span class=\"s1\">\u00a0<\/span><\/p>\n<p class=\"p2\"><span class=\"s1\">You should never delay seeking medical advice, disregard medical advice, or discontinue medical treatment because of information on this website.<\/span><\/p>\n<p class=\"p3\"><span class=\"s1\">\u00a0<\/span><\/p>\n<p class=\"p2\"><span class=\"s1\">Liability<\/span><\/p>\n<p class=\"p3\"><span class=\"s1\">\u00a0<\/span><\/p>\n<p class=\"p2\"><span class=\"s1\">Nothing in this medical disclaimer will limit any of our liabilities in any way that is not permitted under applicable law, or exclude any of our liabilities that may not be excluded under applicable law.<\/span><\/p>\n<p class=\"p3\"><span class=\"s1\">Magnet Disclaimer:<\/span><\/p>\n<p class=\"p3\"><span class=\"s1\">ASTR Institute n&#039;est pas responsable de toute blessure, destruction ou dommage que MagnaHeal pourrait causer \u00e0 la suite de son utilisation. Avant d&#039;acheter le MagnaHeal, l&#039;acheteur atteste qu&#039;il a lu et compris les avertissements suivants\u00a0:<\/p>\n<p>L&#039;acheteur atteste qu&#039;il assume la responsabilit\u00e9 de 100% pour toutes les blessures et tous les dommages que le MagnaHeal pourrait potentiellement causer. Cela inclut les blessures \u00e0 soi-m\u00eame ou \u00e0 autrui, les dommages mat\u00e9riels et les dommages au MagnaHeal. L&#039;acheteur doit accepter ces conditions avant d&#039;acheter le MagnaHeal.<\/p>\n<p>ASTR Institute fournira une estimation de la force de traction pour le MagnaHeal, mais nous ne sommes pas responsables de toute divergence ou inexactitude de la force de traction des aimants. Veuillez tester la force de traction avant de l&#039;utiliser.<\/p>\n<p>MagnaHeal est tr\u00e8s puissant. Il est essentiel qu&#039;il soit manipul\u00e9 avec soin pour \u00e9viter d&#039;endommager l&#039;aimant et de se blesser ou de blesser d&#039;autres personnes. Les aimants de la m\u00eame taille ou plus grands qu&#039;un cube de 2 pouces peuvent causer de tr\u00e8s graves dommages aux doigts si les doigts sont coinc\u00e9s entre les 2 aimants. Les os peuvent se briser et le bout des doigts peut \u00eatre perdu.<\/p>\n<p>MagnaHeal est cassable. En cas de chute ou de choc, il peut se casser ou se briser. Portez des gants et des lunettes de protection lorsque vous tenez et utilisez le MagnaHeal, car des \u00e9clats et\/ou des entretoises pourraient se d\u00e9tacher et s&#039;envoler du MagnaHeal.<\/p>\n<p>A. If MagnaHeal is heated above 175 degrees Farenheit or 80 degrees Celsius, it will lose its magnetic property.<\/p>\n<p>B. MagnaHeal has a very powerful magnetic field and can damage the following: computers, televisions, computer monitors, data carriers, phones, electronic devices, credit cards, watches, hearing aids, pacemakers, etc.<\/p>\n<p>Les stimulateurs cardiaques sont une contre-indication et peuvent \u00eatre endommag\u00e9s s&#039;ils sont expos\u00e9s au MagnaHeal. Les patients porteurs de stimulateurs cardiaques doivent rester \u00e0 au moins 3 pieds du MagnaHeal.<\/p>\n<p>C. Children should not use or touch the MagnaHeal as it can be dangerous and pose a choking hazard. Children can choke on the magnet and this can cause damage internally. MagnaHeal is only to be used externally.<\/p>\n<p>D. The MagnaHeal should not be altered at all. No cutting, drilling or sawing of the MagnaHeal is allowed. Particles from the MagnaHeal from cutting can cause a very dangerous environment as the particles are highly flammable. The magnet will break if sawed, cut or drilled. MagnaHeal should never be burned due to the toxic females this would create.<\/p>\n<p><\/span><\/p>","protected":false},"excerpt":{"rendered":"<p>MEDICAL DISCLAIMER No advice This website contains general information about medical conditions and treatments.\u00a0 The information is not advice, and should not be treated as such. Results\u00a0 Results may vary with each person and we cannot guarantee that you will experience similar result to the testimonials and treatment videos presented on any of our pages. [&hellip;]<\/p>\n","protected":false},"author":2447,"featured_media":0,"parent":0,"menu_order":4,"comment_status":"closed","ping_status":"closed","template":"","meta":{"_analytify_skip_tracking":false,"footnotes":""},"class_list":["post-152","page","type-page","status-publish","hentry"],"_links":{"self":[{"href":"https:\/\/advancedsofttissuerelease.com\/fr\/wp-json\/wp\/v2\/pages\/152","targetHints":{"allow":["GET"]}}],"collection":[{"href":"https:\/\/advancedsofttissuerelease.com\/fr\/wp-json\/wp\/v2\/pages"}],"about":[{"href":"https:\/\/advancedsofttissuerelease.com\/fr\/wp-json\/wp\/v2\/types\/page"}],"author":[{"embeddable":true,"href":"https:\/\/advancedsofttissuerelease.com\/fr\/wp-json\/wp\/v2\/users\/2447"}],"replies":[{"embeddable":true,"href":"https:\/\/advancedsofttissuerelease.com\/fr\/wp-json\/wp\/v2\/comments?post=152"}],"version-history":[{"count":0,"href":"https:\/\/advancedsofttissuerelease.com\/fr\/wp-json\/wp\/v2\/pages\/152\/revisions"}],"wp:attachment":[{"href":"https:\/\/advancedsofttissuerelease.com\/fr\/wp-json\/wp\/v2\/media?parent=152"}],"curies":[{"name":"wp","href":"https:\/\/api.w.org\/{rel}","templated":true}]}}