{"id":155,"date":"2016-03-23T04:58:30","date_gmt":"2016-03-23T10:58:30","guid":{"rendered":"https:\/\/advancedsofttissuerelease.com\/myofascial-release-technique\/"},"modified":"2022-02-22T15:27:21","modified_gmt":"2022-02-22T22:27:21","slug":"myofascial-relachement-technique-definition-causes-utilisations-traitement-2","status":"publish","type":"page","link":"https:\/\/advancedsofttissuerelease.com\/fr\/myofascial-release-technique-definition-causes-uses-treatment\/","title":{"rendered":"Technique de lib\u00e9ration myofasciale\u00a0: d\u00e9finition, causes, utilisations et traitement"},"content":{"rendered":"<h1><strong>Technique de lib\u00e9ration myofasciale\u00a0: d\u00e9finition, causes, utilisations et\u00a0<\/strong>Traitement<\/h1>\n<h1><\/h1>\n<h2><strong>Qu&#039;est-ce que Moyfascial ?<\/strong><\/h2>\n<p>Semblable \u00e0 la fa\u00e7on dont le costume de Spiderman \u00e9pouse son corps, le fascia (ou myofascia) est un tissu conjonctif solide qui enveloppe tout le corps de la t\u00eate aux pieds. Normalement, le fascia est \u00e9lastique et capable de s&#039;\u00e9tirer et de se raccourcir en r\u00e9ponse aux mouvements du corps.<\/p>\n<h2><strong>Causes des restrictions myofasciales<\/strong><\/h2>\n<p>Les restrictions myofasciales peuvent \u00eatre caus\u00e9es par un traumatisme, une inflammation, une intervention chirurgicale et\/ou un stress. La technique de lib\u00e9ration myofasciale est utilis\u00e9e pour traiter l&#039;\u00e9tanch\u00e9it\u00e9 et la tension caus\u00e9es par la restriction myofasciale. Il s&#039;agit d&#039;une technique pratique qui applique une l\u00e9g\u00e8re pression sur la zone pour aider \u00e0 allonger le fascia et \u00e0 rel\u00e2cher la tension et l&#039;\u00e9tanch\u00e9it\u00e9 dans le muscle. Cette technique peut augmenter l&#039;amplitude des mouvements et la flexibilit\u00e9. Il peut \u00e9galement r\u00e9duire le stress et d\u00e9tendre les muscles.<\/p>\n<h2><strong>Qui utilise la technique de lib\u00e9ration myofasciale\u00a0?<\/strong><\/h2>\n<p>La technique de lib\u00e9ration myofasciale est utilis\u00e9e par des praticiens agr\u00e9\u00e9s tels que les physioth\u00e9rapeutes, les chiropraticiens et les ergoth\u00e9rapeutes.<\/p>\n<h2><strong>Technique de lib\u00e9ration myofasciale \u00e0 la maison<\/strong><\/h2>\n<p>ASTR traite la douleur de mani\u00e8re douce, efficace et naturelle en lib\u00e9rant le tissu cicatriciel, les points de d\u00e9clenchement et la restriction myofasciale. Le traitement ASTR peut \u00eatre fait \u00e0 la maison pour lib\u00e9rer les restrictions myofasciales<\/p>\n<h1>Technique de lib\u00e9ration myofasciale \u00e0 la maison<\/h1>\n<p><iframe title=\"Vivez sans douleur\" width=\"800\" height=\"450\" src=\"https:\/\/www.youtube.com\/embed\/EWL3NHpDQQI?feature=oembed\" frameborder=\"0\" allow=\"accelerometer; autoplay; clipboard-write; encrypted-media; gyroscope; picture-in-picture; web-share\" allowfullscreen><\/iframe><\/p>\n<h1><a href=\"https:\/\/advancedsofttissuerelease.com\/fr\/soignez-votre-douleur-a-maison-2-3\/\">Traiter votre douleur \u00e0 domicile<\/a><\/h1>\n<ul>\n<li>R\u00e9sultats rapides<\/li>\n<li>Le traitement prend environ 5 minutes par jour<\/li>\n<li>Des outils m\u00e9dicaux faciles \u00e0 utiliser<\/li>\n<li>Approche holistique naturelle<\/li>\n<li>Traiter la cause profonde du probl\u00e8me<\/li>\n<li>Invent\u00e9 par un m\u00e9decin qui souffrait de douleurs chroniques<\/li>\n<li><a href=\"https:\/\/advancedsofttissuerelease.com\/fr\/quest-ce-quastr\/rechercher\/\"><br \/>\nSoutenu par plus de 45 \u00e9tudes<br \/>\n<\/a><\/li>\n<\/ul>\n<p><a role=\"button\" href=\"https:\/\/advancedsofttissuerelease.com\/fr\/soignez-votre-douleur-a-maison-2-3\/\"><br \/>\nCommencez votre voyage de gu\u00e9rison d\u00e8s aujourd'hui<br \/>\n<\/a><\/p>\n<h2><a href=\"https:\/\/advancedsofttissuerelease.com\/fr\/produit\/traitez-votre-douleur-a-domicile-plan-de-paiement-2\/\">Plans de paiement disponibles<\/a><\/h2>\n<h2>ASTR exceptionnellement diff\u00e9rent<\/h2>\n<p>Commentaires recueillis sur divers sites web<\/p>\n<p><i>\ue934<\/i><i>\ue934<\/i><i>\ue934<\/i><i>\ue934<\/i><i>\ue934<\/i> 5\/5<br \/>\n<a role=\"button\" href=\"https:\/\/advancedsofttissuerelease.com\/fr\/traitement-videos-2-2\/\"><br \/>\nRegardez les vid\u00e9os de traitement et de suivi<br \/>\n<\/a><br \/>\n\"J'ai \u00e9t\u00e9 perturb\u00e9 par l'aggravation des effets de la spondylarthrite ankylosante (arthrite vert\u00e9brale, douleurs dorsales). Apr\u00e8s avoir <b>a v\u00e9cu avec la maladie pendant plus de 40 ans<\/b>J'\u00e9tais sceptique quant \u00e0 la possibilit\u00e9 d'un quelconque soulagement. \u00c0 mon grand \u00e9tonnement, j'ai connu\u00a0<b>un soulagement imm\u00e9diat apr\u00e8s une seule s\u00e9ance<\/b>. Je suis tr\u00e8s reconnaissant du travail que vous faites\".<br \/>\n<cite>William K Mal de dos<\/cite><br \/>\n\"Apr\u00e8s avoir <b>18 mois de th\u00e9rapie physique traditionnelle apr\u00e8s deux op\u00e9rations du genou<\/b> pour remplacer mon LCA, j'\u00e9tais sceptique quant \u00e0 la possibilit\u00e9 de faire quelque chose de plus pour soulager ma douleur et ma raideur au genou.\u00a0<b>Apr\u00e8s une seule visite<\/b>, j&#039;ai \u00e9t\u00e9 \u00e9tonn\u00e9 des r\u00e9sultats que le docteur Jacobs a pu produire avec sa technique avanc\u00e9e de lib\u00e9ration des tissus mous\u00a0! \u2026. J&#039;ai \u00e9t\u00e9 tr\u00e8s impressionn\u00e9 par la fa\u00e7on dont mon genou a r\u00e9agi et s&#039;est desserr\u00e9, d&#039;autant plus que cela fait deux ans depuis ma chirurgie initiale.\u00a0<b>J'y suis all\u00e9 en tant que sceptique et maintenant je suis un croyant !<\/b>\"<br \/>\n<cite>Mychal TKnee Douleur<\/cite><br \/>\n\"Pour <b>une ann\u00e9e<\/b>Je ne pouvais pas ouvrir ma main. Le mouvement de mon pouce \u00e9tait tr\u00e8s limit\u00e9 et ne provoquait pas de douleur. Il \u00e9tait difficile de soulever quoi que ce soit, m\u00eame petit, ou de bouger ma main d'une certaine fa\u00e7on sans douleur. L'ann\u00e9e derni\u00e8re, on m'a fait deux injections dans cette zone pour g\u00e9rer la douleur. Et avant cela,<b> J'ai fait 5 ou 6 mois de chiropractie, mais la douleur revenait toujours.<\/b>. A partir d'aujourd'hui, j'ai eu <b>3 Traitements ASTR<\/b>. Je peux ouvrir compl\u00e8tement ma main et ne ressentir aucune douleur. <b>ASTR fonctionne ! Sans aucun doute, il fonctionne !<\/b>\"<br \/>\n<cite>CarolDouleur \u00e0 la main<\/cite><br \/>\n\u00abAvec le <b>l'\u00e9limination des m\u00e9dicaments<\/b>.\u00a0<b>La technique ASTR a consid\u00e9rablement r\u00e9duit la fr\u00e9quence et l'intensit\u00e9 de mes migraines.<\/b>&#8221;<br \/>\n<cite>Jessica YMigaines<\/cite><br \/>\n\"J'ai\u00a0<b>r\u00e9cup\u00e9r\u00e9 rapidement<\/b>\u00a0Gr\u00e2ce au docteur Jacobs, ma douleur n'a pas seulement diminu\u00e9 de mani\u00e8re significative, mais a \u00e9t\u00e9 enti\u00e8rement \u00e9limin\u00e9e. La technique ASTR du docteur Jacobs fonctionne rapidement. Ce que je pr\u00e9f\u00e8re, c'est qu'elle est\u00a0<b>sans douleur<\/b>. Je recommanderais sans h\u00e9siter sa th\u00e9rapie \u00e0 tous ceux que je connais et qui souffrent de douleurs chroniques.\"<br \/>\n<cite>Candace PJaw Douleur<\/cite><br \/>\n&quot;J&#039;ai pu reprendre toutes mes activit\u00e9s normales suite \u00e0 son traitement et le\u00a0<b>le mal de t\u00eate n'est pas revenu<\/b>.\"<br \/>\n<cite>Jeremy R Maux de t\u00eate<\/cite><br \/>\n\"Je souffrais de claquage musculaire dans l'avant-bras et le biceps. J'avais une amplitude de mouvement limit\u00e9e, je ne pouvais pas dormir et je n'\u00e9tais pas capable d'\u00e9tendre mon bras. Apr\u00e8s avoir consult\u00e9 <b>3 sessions<\/b>J'\u00e9tais... <b>sans douleur<\/b>. Apr\u00e8s ma quatri\u00e8me s\u00e9ance, j'avais retrouv\u00e9 toute l'amplitude de mes mouvements, j'\u00e9tais capable de dormir et j'ai m\u00eame recommenc\u00e9 \u00e0 m'entra\u00eener. <b>Je suis tr\u00e8s heureux de la th\u00e9rapie et des r\u00e9sultats !<\/b>\"<br \/>\n<cite>Kathydouleur au coude<\/cite><br \/>\n&quot;J&#039;avais <b>maux de t\u00eate environ 50% du temps<\/b> depuis plusieurs mois. Apr\u00e8s plusieurs traitements, mes maux de t\u00eate ont commenc\u00e9 \u00e0 diminuer et... <b>Je n&#039;ai plus eu de maux de t\u00eate ces derniers mois<\/b>. C&#039;est merveilleux de ne pas avoir mal.<br \/>\n<cite>Liz Smal de t\u00eate<\/cite><br \/>\n&quot;Je suis dans l&#039;industrie de la physioth\u00e9rapie depuis plus de 3 ans maintenant. Il y a 6 mois, j&#039;ai commenc\u00e9 \u00e0 travailler avec Dr.Jacobs et je dois dire que <b>Je n'ai jamais \u00e9t\u00e9 t\u00e9moin d'un tel taux de gu\u00e9rison des patients qu'ici.<\/b>. Le Dr Joseph Jacobs sait certainement comment aller \u00e0 la racine de la maladie des patients gr\u00e2ce \u00e0 ses outils et m\u00e9thodes brevet\u00e9s de physioth\u00e9rapie. <b>J'\u00e9tais sceptique au d\u00e9but, mais apr\u00e8s avoir vu plusieurs fois des patients se r\u00e9tablir, j'ai fini par croire en sa pratique.<\/b>. Je suis fier de contribuer \u00e0 aider les patients \u00e0 se r\u00e9tablir.<br \/>\n<cite>Dee Ann PopeAncien coll\u00e8gue<\/cite><br \/>\n\u00abJ&#039;avais de gros maux de t\u00eate presque tous les jours apr\u00e8s le travail. Apr\u00e8s juste le <b>premi\u00e8re visite<\/b> mes maux de t\u00eate ont disparu et <b>n&#039;est pas revenu<\/b>&#8221;<br \/>\n<cite>Drew AMaux de t\u00eate<\/cite><br \/>\n\"Pour le pass\u00e9 <b>ann\u00e9e<\/b>j'avais le pied engourdi et tendu. L'engourdissement \u00e9tait \u00e9pouvantable et je ne savais pas quoi faire. Apr\u00e8s 7 traitements ASTR, <b>maintenant je ne ressens aucune douleur<\/b>. Tout a \u00e9t\u00e9 tr\u00e8s confortable.\"<br \/>\n<cite>Douleur au pied Richard<\/cite><br \/>\n\"Je suis arriv\u00e9 avec une ATM, une amplitude de mouvement limit\u00e9e et des douleurs dans le cou et les \u00e9paules (avec une douleur fulgurante au-dessus de mon oreille droite). Apr\u00e8s seulement\u00a0<b>un traitement<\/b>mon cou et mes \u00e9paules ont <b>un soulagement imm\u00e9diat !<\/b> Apr\u00e8s trois traitements, ma douleur aigu\u00eb au-dessus de mon oreille avait disparu. Je suis persuad\u00e9 qu'avec la \"lib\u00e9ration avanc\u00e9e des tissus mous\" et ma diligence \u00e0 suivre le programme d'exercices fourni, je me sentirai bient\u00f4t comme neuf.\"<br \/>\n<cite>Margarete EJaw Douleur<\/cite><br \/>\n\"Avant le traitement, j'avais une amplitude de mouvement tr\u00e8s limit\u00e9e lorsque je tournais mon cou d'un c\u00f4t\u00e9 \u00e0 l'autre ou me penchais en avant. Apr\u00e8s un seul traitement, j'ai ressenti une lib\u00e9ration et je pouvais me pencher et tourner mon cou avec moins de stress. Le traitement \u00e9tait <b>sans douleur<\/b>, pas invasif et meilleur que n&#039;importe quel massage que j&#039;ai jamais eu!\u201d<br \/>\n<cite>CathyDouleur au cou<\/cite><br \/>\n&#8220;<b>Je me sentais de retour \u00e0 la normale apr\u00e8s environ une semaine<\/b>. Mon poignet a presque retrouv\u00e9 toute son amplitude de mouvement apr\u00e8s deux semaines et la douleur a consid\u00e9rablement diminu\u00e9. <b>Je recommande vivement ASTR \u00e0 tout le monde.<\/b>\"<br \/>\n<cite>Alex BDouleur au dos et au poignet<\/cite><br \/>\n\"J'ai eu un spasme cervical il y a trois jours et je ne pouvais pas bouger mon cou. Mon cou \u00e9tait raide et mon \u00e9paule \u00e9tait vraiment engourdie. Maintenant, j'ai presque <b>aucune douleur<\/b>. J'avais <b>trois traitements<\/b> et maintenant je peux bouger mon cou.\"<br \/>\n<cite>AnthonyCou Douleur<\/cite><br \/>\n&#8221; <b>Ce fut un processus frustrant de recevoir 3 mois de th\u00e9rapie physique, 2 injections de cortisone, et 3 orth\u00e8ses diff\u00e9rentes avec un soulagement minimal.<\/b>\u2026.Merci beaucoup Dr Jacobs d&#039;avoir soulag\u00e9 mon <b>douleur chronique de fasciite plantaire<\/b>. J'ai d\u00e9cid\u00e9 de suivre l'ensemble du programme et en seulement <b>3 visites<\/b> J&#039;ai pu parcourir 3 miles sans douleur. Vous connaissez votre m\u00e9tier et \u00eates tr\u00e8s intelligent pour inventer des outils et un traitement ASTR. J&#039;esp\u00e8re que d&#039;autres m\u00e9decins apprendront de vous.<br \/>\n<cite>Elsie JFasciite plantaire<\/cite><br \/>\n&quot;Je souffre de douleurs chroniques au cou, aux \u00e9paules et aux genoux dues \u00e0 la fibromyalgie depuis la derni\u00e8re <b>12 ans<\/b>.<b> J'ai essay\u00e9 les massages, la th\u00e9rapie physique, la chiropractie et les m\u00e9dicaments, mais j'ai toujours des douleurs.<\/b>. Apr\u00e8s avoir suivi les recommandations du Dr. Jacobs concernant le r\u00e9gime alimentaire, la modification du comportement, l'ergonomie et les compl\u00e9ments alimentaires, mon... <b>les sympt\u00f4mes de la fibromyalgie ont \u00e9t\u00e9 diminu\u00e9s par 90%<\/b>.&#8221;<br \/>\n<cite> Liam MFibromyalgie, douleurs au cou, aux \u00e9paules et aux genoux<\/cite><br \/>\n&quot;Une technique incroyable a fonctionn\u00e9 pour m&#039;aider \u00e0 briser le tissu cicatriciel de ma m\u00e2choire, de mon cou, de mon estomac et apr\u00e8s une chirurgie d&#039;implant mammaire. <b> Je suis \u00e9tonnamment hors de la douleur<\/b>&#8221;<br \/>\n<cite>Janice SalmonDouleur \u00e0 la m\u00e2choire, au cou et \u00e0 l&#039;estomac<\/cite><br \/>\n&quot;J&#039;ai vu le Dr Jacobs il y a 3 ans pour <b>les c\u00e9phal\u00e9es de tension quotidiennes<\/b>. J&#039;\u00e9tais mis\u00e9rable et je prenais <b>Advil tous les jours<\/b>. Apr\u00e8s plusieurs traitements, le tissu cicatriciel que je ne r\u00e9alisais m\u00eame pas que j&#039;avais sur la t\u00eate et le cou a finalement commenc\u00e9 \u00e0 dispara\u00eetre. Apr\u00e8s environ 6 semaines, <b>Je n'avais plus de maux de t\u00eate<\/b>. A ce jour je ne le fais toujours pas ! Merci!&quot;<br \/>\n<cite>Melissa KMaux de t\u00eate<\/cite><br \/>\n&quot;Le <b>Outils ASTR<\/b> ont \u00e9t\u00e9 <b>extr\u00eamement utile<\/b> pour \u00e9viter mes maux de t\u00eate ou mes migraines lorsque je les sens venir, ainsi que mes muscles tendus et autres douleurs \u00bb<br \/>\n<cite>Stacy HMigraine<\/cite><br \/>\n&quot;Ce n&#039;est pas votre physioth\u00e9rapie de tous les jours, ils ont une compr\u00e9hension de votre corps et de votre m\u00e9thode de r\u00e9\u00e9ducation que je n&#039;ai pas vue ailleurs. Je recommanderais vivement cet endroit car ils sont sympathiques et prennent des mesures suppl\u00e9mentaires pour<b> vous aider \u00e0 retrouver votre int\u00e9grit\u00e9 physique<\/b>.&#8221;<br \/>\n<cite>Maher SMaux de dos<\/cite><br \/>\n\u00ab J&#039;ai eu un traitement pour mon n\u00e9vrome de morton dont je souffrais depuis 2 ans. J&#039;ai eu un traitement m\u00e9dical mais rien n&#039;a chang\u00e9. Le m\u00e9decin m&#039;a demand\u00e9 de faire une op\u00e9ration. Je n&#039;ai pas voulu. je <b>a vol\u00e9 24 heures<\/b> avoir le traitement du Dr Jacob : \u00e7a valait vraiment la peine. Apr\u00e8s le <b>premier traitement<\/b> le r\u00e9sultat \u00e9tait \u00e9vident : <b>plus aucune douleur<\/b> et je pourrais \u00e0 nouveau porter des chaussures. <b>Juste \u00e9tonnant ! 2 semaines apr\u00e8s, il n'y a plus aucun signe de douleur.<\/b>. Mon pied ne me fait plus mal. Je peux marcher et courir. Je peux dormir une nuit enti\u00e8re sans \u00eatre r\u00e9veill\u00e9 par la douleur. C&#039;est bien!&quot;<br \/>\n<cite>N\u00e9vrome de Christine D Morton<\/cite><br \/>\n\u00ab Mes maux de dos \u00e9taient pr\u00e9sents depuis <b>7 ans<\/b> et apr\u00e8s <b>un traitement<\/b> c&#039;\u00e9tait comme si c&#039;\u00e9tait un nouveau dos. Je peux le d\u00e9placer correctement maintenant et il n&#039;y a plus de douleur.<br \/>\nLe traitement est vraiment bon, incroyable !<br \/>\n<cite>Christine DDouleurs au dos et au cou<\/cite><br \/>\n&quot;Je souffrais de douleurs lombaires depuis plus de <b>5 ans<\/b>. Mon mal de dos s'est aggrav\u00e9 au cours de l'ann\u00e9e derni\u00e8re, donc... <b>J'ai essay\u00e9 la massoth\u00e9rapie, les soins chiropratiques, la th\u00e9rapie physique et les m\u00e9dicaments contre la douleur, mais je n'ai pas \u00e9t\u00e9 soulag\u00e9e.<\/b>\u2026..Je lui couds <b>deux fois et ma douleur a totalement disparu<\/b>. Maintenant, je peux marcher, dormir et conduire sans avoir mal au dos. Je suis un adepte du traitement inventif du Dr Jacob appel\u00e9 ASTR. Je recommande fortement le traitement ASTR pour les douleurs dorsales ou musculaires.<br \/>\n<cite>Shea GMaux de dos<\/cite><br \/>\n\u00ab J&#039;ai finalement obtenu un soulagement de ma douleur au genou apr\u00e8s \u00eatre all\u00e9 voir le Dr Jacobs\u2026.. Son approche de la physioth\u00e9rapie est tr\u00e8s holistique. <b>J'ai perdu plusieurs mois \u00e0 consulter des m\u00e9decins traditionnels.<\/b> qui a d\u00e9cid\u00e9 que c&#039;\u00e9tait mon r\u00e9gime ou &quot;dans ma t\u00eate&quot; sans aller nulle part avant de trouver le Dr Jacobs.<br \/>\n<cite>Norma FKnee Douleur<\/cite><br \/>\n\u201c\u2026En seulement un <b>quelques minutes<\/b> de mon premier traitement, les niveaux de douleur et d&#039;oppression dans ma m\u00e2choire et mon cou sont pass\u00e9s de 8 \u00e0 2\u2033<br \/>\n<cite>Tiffany AJaw Douleur<\/cite><br \/>\n\u201d Je vais tr\u00e8s bien apr\u00e8s une <b>s\u00e9ances de couple<\/b> avec le Dr. Jacobs. J'ai peu \u00e0 <b>aucune douleur<\/b> \u00e0 pr\u00e9sent. Quel soulagement! Mon exp\u00e9rience avec le Dr Jacobs a \u00e9t\u00e9 formidable. Merci!&quot;<br \/>\n<cite>Lola GMaux de dos<\/cite><br \/>\n\u201d J&#039;ai souffert de douleurs articulaires SI pour le pass\u00e9 <b> 2 ans<\/b>. C&#039;\u00e9tait tellement mauvais que j&#039;ai d\u00fb arr\u00eater de danser et m\u00eame me pr\u00e9parer \u00e0 quelque chose d&#039;aussi simple qu&#039;un \u00e9ternuement\u2026 Apr\u00e8s juste un <b>quelques visites<\/b>Je pouvais d\u00e9j\u00e0 dire que la technique ASTR fonctionnait !<br \/>\n<cite>Alexandra GonzalezMaux de dos<\/cite><br \/>\n\u00ab Je ne pouvais pas marcher, conduire ou m&#039;asseoir. Avec le <b>2 premi\u00e8re visite<\/b>, j&#039;ai ressenti une \u00e9norme diff\u00e9rence, je peux conduire et marcher, la 3\u00e8me semaine mon dos est presque normal \u00bb<br \/>\n<cite>Nayibe Rahim Sciatique<\/cite><br \/>\nPr\u00e9c\u00e9dent<br \/>\nSuivant<\/p>\n<h2><a href=\"https:\/\/advancedsofttissuerelease.com\/fr\/produit\/creme-anti-douleur-2\/\">Cr\u00e8me antidouleur<\/a><\/h2>\n<p style=\"text-align: center;\">Gu\u00e9rir plus vite<\/p>\n<p><a role=\"button\" href=\"https:\/\/advancedsofttissuerelease.com\/fr\/produit\/creme-anti-douleur-2\/\"><br \/>\nAcheter maintenant<br \/>\n<\/a><br \/>\n<a href=\"https:\/\/advancedsofttissuerelease.com\/fr\/produit\/creme-anti-douleur-2\/\"><br \/>\n<img fetchpriority=\"high\" decoding=\"async\" src=\"https:\/\/advancedsofttissuerelease.com\/wp-content\/uploads\/2022\/02\/ASTR-pain-relief-cream-decrease-inflammation-cream-wound-care-cream-eczema-Psoriasis-dermatitis--300x300.jpg\" sizes=\"(max-width: 300px) 100vw, 300px\" srcset=\"https:\/\/advancedsofttissuerelease.com\/wp-content\/uploads\/2022\/02\/ASTR-pain-relief-cream-decrease-inflammation-cream-wound-care-cream-eczema-Psoriasis-dermatitis--300x300.jpg 300w, https:\/\/advancedsofttissuerelease.com\/wp-content\/uploads\/2022\/02\/ASTR-pain-relief-cream-decrease-inflammation-cream-wound-care-cream-eczema-Psoriasis-dermatitis--520x520.jpg 520w, https:\/\/advancedsofttissuerelease.com\/wp-content\/uploads\/2022\/02\/ASTR-pain-relief-cream-decrease-inflammation-cream-wound-care-cream-eczema-Psoriasis-dermatitis--1200x1200.jpg 1200w, https:\/\/advancedsofttissuerelease.com\/wp-content\/uploads\/2022\/02\/ASTR-pain-relief-cream-decrease-inflammation-cream-wound-care-cream-eczema-Psoriasis-dermatitis--768x768.jpg 768w, https:\/\/advancedsofttissuerelease.com\/wp-content\/uploads\/2022\/02\/ASTR-pain-relief-cream-decrease-inflammation-cream-wound-care-cream-eczema-Psoriasis-dermatitis--1000x1000.jpg 1000w\" alt=\"\" width=\"300\" height=\"300\" \/> <\/a><br \/>\n<iframe title=\"Soulagez la douleur chronique instantan\u00e9ment et facilement\u00a0!\" width=\"800\" height=\"450\" src=\"https:\/\/www.youtube.com\/embed\/07mLKtiiyBc?feature=oembed\" frameborder=\"0\" allow=\"accelerometer; autoplay; clipboard-write; encrypted-media; gyroscope; picture-in-picture; web-share\" allowfullscreen><\/iframe><\/p>","protected":false},"excerpt":{"rendered":"<p>Myofascial Release Technique: Definition, Causes, Uses &amp;\u00a0Treatment What is Moyfascial? Similar to the way Spiderman\u2019s suit hugs his body, fascia (or myofascia) is a strong connective tissue that wraps around the entire body from head to toe. Normally fascia is elastic and able to stretch and shorten in response to the body\u2019s movements. Causes of [&hellip;]<\/p>\n","protected":false},"author":2447,"featured_media":530,"parent":0,"menu_order":195,"comment_status":"closed","ping_status":"closed","template":"","meta":{"_analytify_skip_tracking":false,"footnotes":""},"class_list":["post-155","page","type-page","status-publish","has-post-thumbnail","hentry"],"_links":{"self":[{"href":"https:\/\/advancedsofttissuerelease.com\/fr\/wp-json\/wp\/v2\/pages\/155","targetHints":{"allow":["GET"]}}],"collection":[{"href":"https:\/\/advancedsofttissuerelease.com\/fr\/wp-json\/wp\/v2\/pages"}],"about":[{"href":"https:\/\/advancedsofttissuerelease.com\/fr\/wp-json\/wp\/v2\/types\/page"}],"author":[{"embeddable":true,"href":"https:\/\/advancedsofttissuerelease.com\/fr\/wp-json\/wp\/v2\/users\/2447"}],"replies":[{"embeddable":true,"href":"https:\/\/advancedsofttissuerelease.com\/fr\/wp-json\/wp\/v2\/comments?post=155"}],"version-history":[{"count":0,"href":"https:\/\/advancedsofttissuerelease.com\/fr\/wp-json\/wp\/v2\/pages\/155\/revisions"}],"wp:featuredmedia":[{"embeddable":true,"href":"https:\/\/advancedsofttissuerelease.com\/fr\/wp-json\/wp\/v2\/media\/530"}],"wp:attachment":[{"href":"https:\/\/advancedsofttissuerelease.com\/fr\/wp-json\/wp\/v2\/media?parent=155"}],"curies":[{"name":"wp","href":"https:\/\/api.w.org\/{rel}","templated":true}]}}