{"id":15680,"date":"2020-11-19T19:37:08","date_gmt":"2020-11-20T03:37:08","guid":{"rendered":"https:\/\/advancedsofttissuerelease.com\/?page_id=15680"},"modified":"2020-11-21T20:43:12","modified_gmt":"2020-11-22T03:43:12","slug":"privacy-notice","status":"publish","type":"page","link":"https:\/\/advancedsofttissuerelease.com\/fr\/privacy-notice\/","title":{"rendered":"Avis de confidentialit\u00e9"},"content":{"rendered":"<p style=\"text-align: center;\"><span style=\"font-size: 14pt;\"><b>Statement of Privacy Notice<span class=\"Apple-converted-space\">\u00a0<\/span><\/b><\/span><\/p>\n<p>&nbsp;<\/p>\n<p><span style=\"font-size: 10pt;\">THIS NOTICE DESCRIBES HOW MEDICAL INFORMATION ABOUT YOU MAY BE USED AND DISCLOSED AND HOW YOU CAN GET ACCESS TO THIS INFORMATION. PLEASE REVIEW IT CAREFULLY.<span class=\"Apple-converted-space\">\u00a0<\/span><\/span><\/p>\n<p><span style=\"font-size: 10pt;\">Nous pouvons divulguer vos informations de soins de sant\u00e9 \u00e0 d&#039;autres professionnels de la sant\u00e9 au sein de notre cabinet \u00e0 des fins de traitement, de paiement ou d&#039;op\u00e9rations de soins de sant\u00e9.<span class=\"Apple-converted-space\">\u00a0<\/span><\/span><\/p>\n<p><span style=\"font-size: 10pt;\">Nous pouvons divulguer vos informations m\u00e9dicales pour informer ou aider \u00e0 informer un membre de votre famille ou une autre personne responsable de vos soins de votre \u00e9tat de sant\u00e9 ou en cas d&#039;urgence ou de votre d\u00e9c\u00e8s.<span class=\"Apple-converted-space\">\u00a0<\/span><\/span><\/p>\n<p><span style=\"font-size: 10pt;\">As required by law, we may disclose your health information to public health authorities for purposes related to: preventing or controlling disease, injury or disability, reporting child abuse or neglect, reporting domestic violence, reporting to the Food and Drug Administration problems with products and reactions to medications, and reporting disease or infection exposure.<span class=\"Apple-converted-space\">\u00a0<\/span><\/span><\/p>\n<p><span style=\"font-size: 10pt;\">Nous pouvons divulguer vos informations de sant\u00e9 dans le cadre de toute proc\u00e9dure administrative ou judiciaire.<span class=\"Apple-converted-space\">\u00a0<\/span><\/span><\/p>\n<p><span style=\"font-size: 10pt;\">Nous pouvons divulguer vos informations m\u00e9dicales \u00e0 un responsable de l&#039;application des lois \u00e0 des fins telles que l&#039;identification ou la localisation d&#039;un suspect, d&#039;un fugitif, d&#039;un t\u00e9moin mat\u00e9riel ou d&#039;une personne disparue, le respect d&#039;une ordonnance d&#039;un tribunal ou d&#039;une citation \u00e0 compara\u00eetre, et \u00e0 d&#039;autres fins d&#039;application de la loi.<span class=\"Apple-converted-space\">\u00a0<\/span><\/span><\/p>\n<p><span style=\"font-size: 10pt;\">Nous pouvons divulguer vos informations m\u00e9dicales aux coroners ou aux m\u00e9decins l\u00e9gistes.<span class=\"Apple-converted-space\">\u00a0<\/span><\/span><\/p>\n<p><span style=\"font-size: 10pt;\">Nous pouvons divulguer vos informations m\u00e9dicales \u00e0 des organisations impliqu\u00e9es dans l&#039;obtention, la mise en banque ou la transplantation d&#039;organes et de tissus.<span class=\"Apple-converted-space\">\u00a0<\/span><\/span><\/p>\n<p><span style=\"font-size: 10pt;\">Nous pouvons divulguer vos informations m\u00e9dicales \u00e0 des chercheurs menant des recherches approuv\u00e9es par un comit\u00e9 d&#039;examen institutionnel.<span class=\"Apple-converted-space\">\u00a0<\/span><\/span><\/p>\n<p><span style=\"font-size: 10pt;\">Il peut \u00eatre n\u00e9cessaire de divulguer vos informations m\u00e9dicales aux personnes appropri\u00e9es afin de pr\u00e9venir ou d&#039;att\u00e9nuer une menace grave et imminente pour la sant\u00e9 ou la s\u00e9curit\u00e9 d&#039;une personne en particulier ou du grand public.<span class=\"Apple-converted-space\">\u00a0<\/span><\/span><\/p>\n<p><span style=\"font-size: 10pt;\">Nous pouvons divulguer vos informations m\u00e9dicales \u00e0 des fins militaires, de s\u00e9curit\u00e9 nationale, de prisonniers et d&#039;avantages gouvernementaux.<span class=\"Apple-converted-space\">\u00a0<\/span><\/span><\/p>\n<p><span style=\"font-size: 10pt;\">We may leave a message on an automated answering device or person answering the phone for the purposes of scheduling appointments. No personal health information will be disclosed during this recording or message other than the date and time of your scheduled appointment along with a request to call our office if you need to cancel or reschedule your appointment.\u201d<span class=\"Apple-converted-space\">\u00a0<\/span><\/span><\/p>\n<p><span style=\"font-size: 10pt;\">Nous pouvons vous contacter ou envoyer votre facture par t\u00e9l\u00e9phone, courrier ou e-mail. &quot;Nous avons l&#039;habitude de participer \u00e0 des \u00e9v\u00e9nements caritatifs et marketing pour sensibiliser, dons de nourriture, cadeaux, argent, etc. Pendant ces p\u00e9riodes, nous pouvons vous envoyer une lettre, une carte postale, une invitation ou appeler votre domicile pour vous inviter \u00e0 participer \u00e0 l&#039;activit\u00e9 caritative.<span class=\"Apple-converted-space\">\u00a0<\/span><\/span><\/p>\n<p><span style=\"font-size: 10pt;\">Nous pouvons divulguer vos informations m\u00e9dicales \u00e0 votre assureur \u00e0 des fins de paiement ou d&#039;op\u00e9rations de soins de sant\u00e9. <\/span><\/p>\n<p><span style=\"font-size: 10pt;\">Nous pouvons divulguer vos informations m\u00e9dicales si n\u00e9cessaire pour nous conformer aux lois d&#039;indemnisation des accidents du travail de l&#039;\u00c9tat. <\/span><\/p>\n<p><span style=\"font-size: 10pt;\">En cas de vente ou de fusion avec une autre organisation, vos informations\/dossiers de sant\u00e9 deviendront la propri\u00e9t\u00e9 du nouveau propri\u00e9taire.<span class=\"Apple-converted-space\">\u00a0<\/span><\/span><\/p>\n<p><span style=\"font-size: 10pt;\">! You have the right to request restrictions on certain uses and disclosures of your health information. Please be advised, however, that we are not required to agree to the restriction that you requested.<span class=\"Apple-converted-space\">\u00a0<\/span><\/span><\/p>\n<ul>\n<li><span style=\"font-size: 10pt;\">Vous avez le droit de recevoir ou de communiquer vos informations de sant\u00e9 par une m\u00e9thode alternative ou de les envoyer \u00e0 un autre endroit que la m\u00e9thode habituelle de communication ou de livraison, \u00e0 votre demande.<span class=\"Apple-converted-space\">\u00a0<\/span><\/span><\/li>\n<li><span style=\"font-size: 10pt;\">Vous avez le droit d&#039;inspecter et de copier vos informations de sant\u00e9.<span class=\"Apple-converted-space\">\u00a0<\/span><\/span><\/li>\n<li><span style=\"font-size: 10pt;\">Vous avez le droit de nous demander de modifier vos informations de sant\u00e9 prot\u00e9g\u00e9es. Veuillez noter, cependant, que nous ne sommes pas tenus d&#039;accepter de modifier vos informations de sant\u00e9 prot\u00e9g\u00e9es. Si votre demande de modification de vos informations de sant\u00e9 a \u00e9t\u00e9 refus\u00e9e, vous recevrez une explication de nos raisons de refus et des informations sur la mani\u00e8re dont vous pouvez \u00eatre en d\u00e9saccord avec le refus.<span class=\"Apple-converted-space\">\u00a0<\/span><\/span><\/li>\n<li><span style=\"font-size: 10pt;\">Vous avez le droit de recevoir un compte rendu des divulgations de vos informations de sant\u00e9 prot\u00e9g\u00e9es faites par nous.<span class=\"Apple-converted-space\">\u00a0<\/span><\/span><\/li>\n<li><span style=\"font-size: 10pt;\">Vous avez le droit d&#039;obtenir une copie papier de cet avis de pratiques de confidentialit\u00e9 \u00e0 tout moment sur demande.<span class=\"Apple-converted-space\">\u00a0<\/span><\/span><\/li>\n<\/ul>\n<p><span style=\"font-size: 10pt;\">Nous nous r\u00e9servons le droit de modifier cet avis de pratiques de confidentialit\u00e9 \u00e0 tout moment \u00e0 l&#039;avenir, et rendrons les nouvelles dispositions effectives pour toutes les informations qu&#039;il conserve. Jusqu&#039;\u00e0 ce qu&#039;une telle modification soit apport\u00e9e, nous sommes tenus par la loi de nous conformer au pr\u00e9sent avis.<span class=\"Apple-converted-space\">\u00a0<\/span><\/span><\/p>\n<p><span style=\"font-size: 10pt;\">We are required by law to maintain the privacy of your health information and to provide you with notice of its legal duties and privacy practices with respect to your health information. If you have questions about any part of this notice or if you want more information about your privacy rights, please contact us by calling this office at <b>(949) 236-6862<\/b>. Si notre responsable de la confidentialit\u00e9 n&#039;est pas disponible, vous pouvez prendre rendez-vous pour une conf\u00e9rence personnelle en personne ou par t\u00e9l\u00e9phone dans les 2 jours ouvrables.<span class=\"Apple-converted-space\">\u00a0<\/span><\/span><\/p>\n<p><span style=\"font-size: 10pt;\">Les plaintes concernant vos droits \u00e0 la vie priv\u00e9e ou la mani\u00e8re dont nous avons trait\u00e9 vos informations de sant\u00e9 doivent \u00eatre adress\u00e9es \u00e0 notre responsable de la confidentialit\u00e9 en appelant ce bureau au <b>(949) 236-6862<\/b>. Si notre responsable de la confidentialit\u00e9 n&#039;est pas disponible, vous pouvez prendre rendez-vous pour une conf\u00e9rence personnelle en personne ou par t\u00e9l\u00e9phone dans les 2 jours ouvrables.<span class=\"Apple-converted-space\">\u00a0<\/span><\/span><\/p>\n<p><span style=\"font-size: 10pt;\">Si vous n&#039;\u00eates pas satisfait de la mani\u00e8re dont ce bureau traite votre plainte, vous pouvez d\u00e9poser une plainte officielle aupr\u00e8s de :<span class=\"Apple-converted-space\">\u00a0<\/span><\/span><\/p>\n<p><span style=\"font-size: 10pt;\">DHHS, Office of Civil Rights<\/span><br \/>\n<span style=\"font-size: 10pt;\">200 Independence Avenue, S.W. Room 509F HHH Building Washington, DC 20201<span class=\"Apple-converted-space\">\u00a0<\/span><\/span><\/p>\n<p><span style=\"font-size: 10pt;\">I have read the Privacy Notice and understand my rights contained in the notice.<span class=\"Apple-converted-space\">\u00a0<\/span><\/span><\/p>\n<p><span style=\"font-size: 10pt;\">By way of my signature, I provide the company above with my authorization and consent to use and disclose my protected health care information for the purposes of treatment, payment and health care operations as described in the Privacy Notice<span class=\"Apple-converted-space\">\u00a0<\/span><\/span><\/p>\n<p><span style=\"font-size: 10pt;\"><b>Consentement \u00e9clair\u00e9<span class=\"Apple-converted-space\">\u00a0<\/span><\/b><\/span><\/p>\n<p><span style=\"font-size: 10pt;\">By signing below, you give the us permission to perform the evaluation and treatment recommendations. You have the right to accept or refuse any treatment offered. There are no guarantees made as to the results that may be obtained from our treatment(s). We will do our best to provide a treatment\/exercise program that causes the least amount of pain to you. It is your responsibility to accurate information to get the best recommendation from our system . If you have any questions about your care, be sure to ask the chat or call us.<span class=\"Apple-converted-space\">\u00a0<\/span><\/span><\/p>\n<p><span style=\"font-size: 10pt;\">It is up to you(patient)\/caretaker to inform the our system or staff about any health problems or allergies you may have. You, the patient or the caretaker must also tell the software \/staff about drugs or medications being taken as well as any medical conditions and\/or surgeries.<\/span><\/p>\n<p><span style=\"font-size: 10pt;\"><b>Minors and Parents<span class=\"Apple-converted-space\">\u00a0<\/span><\/b><\/span><\/p>\n<p><span style=\"font-size: 10pt;\">If patient is a minor (under 18 years of age), the parent or legal guardian is responsible for all charges and decisions made by the minor. We do not assume any liability for the minor while on premises or not, and it is the responsibility of the parent or guardian to supervise the minor before, during and after treatments.<span class=\"Apple-converted-space\">\u00a0<\/span><\/span><\/p>\n<p><span style=\"font-size: 10pt;\"><b>Consent To Participate In Research Study<span class=\"Apple-converted-space\">\u00a0<\/span><\/b><\/span><\/p>\n<p><span style=\"font-size: 10pt;\">I Agree to participate in a research study conducted by ASTR institute and its affiliates. My participation in this study is voluntary. I have read the information below and have asked questions regarding anything I do not understand and have decided to participate in the study\/research. I further authorize the said parties to use my medical information in their literature.<span class=\"Apple-converted-space\">\u00a0<\/span><\/span><\/p>\n<p><span style=\"font-size: 10pt;\">My participation in this research study will help others have a better understanding of the effects of ASTR Institute on patients. ASTR Institute will not use my name, address or phone number in this study\/research.<span class=\"Apple-converted-space\">\u00a0<\/span><\/span><\/p>\n<p><span style=\"font-size: 10pt;\"><b>Avis de non-responsabilit\u00e9<\/b><\/span><\/p>\n<p><span style=\"font-size: 10pt;\">These statements have not been evaluated by the Food and Drug Administration. These products are not intended to diagnose, treat, cure, or prevent any disease. Results may vary with each person and we cannot guarantee that you will experience the same results found in our testimonial and treatment videos. Each individual is different and one person\u2019s success is not a guaranteed result. These products are not intended to diagnose, cure, treat or prevent any disease.<\/span><\/p>\n<p><span style=\"font-size: 10pt;\">The videos &amp; website information are not intended to provide diagnosis, treatments, opinions, services or advice to any viewers. Through our social media, courses and website we introduce you to new ideas for treatment, intended to be researched and expand general knowledge. The content in our website, any videos or social media posts can not be substituted for professional assistance. If you are concerned over a medical issue, please consult your healthcare provider, physician, or other medical professional.<\/span><\/p>\n<p><span style=\"font-size: 10pt;\">Le Dr Joseph Jacobs et l&#039;institut ASTR ne sont en aucun cas responsables des actions, services ou produits acquis via ce site Web, nos vid\u00e9os ou les publications sur les r\u00e9seaux sociaux. L&#039;institut ASTR ni ses organisations ou personnes associ\u00e9es ne sont responsables de toute blessure ou pr\u00e9judice caus\u00e9 par l&#039;application d&#039;informations dans nos cours, notre site Web et nos publications sur les r\u00e9seaux sociaux. Il est recommand\u00e9 de revoir vos questions et\/ou pr\u00e9occupations avec un professionnel de la sant\u00e9. Utilisez nos informations \u00e0 vos risques et p\u00e9rils. Le contenu de nos cours, de notre site Web et de nos publications sur les r\u00e9seaux sociaux ne peut se substituer \u00e0 une assistance professionnelle. Si vous \u00eates pr\u00e9occup\u00e9 par un probl\u00e8me m\u00e9dical, veuillez consulter votre fournisseur de soins de sant\u00e9, votre m\u00e9decin ou un autre professionnel de la sant\u00e9.<\/span><\/p>\n<p><span style=\"font-size: 10pt;\">L&#039;institut ASTR et les cours ASTR sont con\u00e7us comme une formation avanc\u00e9e pour les prestataires de soins de sant\u00e9 et les m\u00e9decins. Ces cours \u00e0 eux seuls ne conf\u00e8rent pas \u00e0 un praticien non agr\u00e9\u00e9 l&#039;autorit\u00e9 l\u00e9gale de mettre en \u0153uvre les informations contenues dans ces cours sur les patients ou les clients. Certaines des informations contenues dans ces cours peuvent d\u00e9passer le cadre d&#039;une pratique priv\u00e9e de soins de sant\u00e9 qui n&#039;est pas agr\u00e9\u00e9e ou supervis\u00e9e par un m\u00e9decin ou un autre praticien d\u00fbment agr\u00e9\u00e9. Avant d&#039;utiliser les informations ou les techniques pr\u00e9sent\u00e9es dans ces cours sur des patients ou des clients, un praticien sans licence ou un praticien avec une licence restrictive (comme un pharmacien, un physioth\u00e9rapeute, un ergoth\u00e9rapeute, un chiropraticien, une infirmi\u00e8re, un di\u00e9t\u00e9ticien, etc.) doit v\u00e9rifier aupr\u00e8s du la pratique pertinente agit dans son \u00e9tat pour s&#039;assurer que l&#039;utilisation par le praticien des modalit\u00e9s, th\u00e9rapies ou techniques \u00e9nonc\u00e9es dans ces cours est conforme \u00e0 la loi de l&#039;\u00e9tat.<\/span><\/p>\n<p><span style=\"font-size: 10pt;\"><b>Avis de non-responsabilit\u00e9 des programmes<\/b><\/span><\/p>\n<p><span style=\"font-size: 10pt;\">Ces d\u00e9clarations n&#039;ont pas \u00e9t\u00e9 \u00e9valu\u00e9es par la Food and Drug Administration. Ces produits ne sont pas destin\u00e9s \u00e0 diagnostiquer, traiter, gu\u00e9rir ou pr\u00e9venir une maladie. Le contenu de nos cours ne peut se substituer \u00e0 une assistance professionnelle. Si vous \u00eates pr\u00e9occup\u00e9 par un probl\u00e8me m\u00e9dical, veuillez consulter votre fournisseur de soins de sant\u00e9, votre m\u00e9decin ou un autre professionnel de la sant\u00e9. Le Dr Joseph Jacobs et l&#039;institut ASTR ne sont en aucun cas responsables des actions, services ou produits acquis via ce site Web. L&#039;institut ASTR et ses organisations ou personnes associ\u00e9es ne sont pas responsables des blessures ou des dommages caus\u00e9s par l&#039;application des outils ASTR. Les outils ASTR sont g\u00e9n\u00e9ralement s\u00fbrs lorsqu&#039;ils sont pratiqu\u00e9s avec une technique et des soins appropri\u00e9s. Il est recommand\u00e9 de revoir vos questions et\/ou pr\u00e9occupations avec un professionnel de la sant\u00e9. Arr\u00eatez d&#039;utiliser imm\u00e9diatement si douloureux ou les conditions s&#039;aggravent. \u00c0 utiliser \u00e0 vos risques et p\u00e9rils.<\/span><\/p>\n<p><span style=\"font-size: 10pt;\"><b>Collection of your Personal Information<\/b><\/span><\/p>\n<p><span style=\"font-size: 10pt;\">ASTR institute may collect personally identifiable information, such as your name. If you purchase\u00a0Advanced Soft Tissue Release\u2019s\u00a0products and services, we collect billing and credit card information. This information is used to complete the purchase transaction. We may gather additional personal or non-personal information in the future.<\/span><\/p>\n<p><span style=\"font-size: 10pt;\">Information about your computer hardware and software may be automatically collected by\u00a0Advanced Soft Tissue Release. This information can include: your IP address, browser type, domain names, access times and referring website addresses. This information is used for the operation of the service, to maintain quality of the service, and to provide general statistics regarding use of the ASTR institute website.<\/span><\/p>\n<p><span style=\"font-size: 10pt;\">ASTR institute encourages you to review the privacy statements of websites you choose to link to from\u00a0Advanced Soft Tissue Release\u00a0so that you can understand how those websites collect, use and share your information. ASTR institute is not responsible for the privacy statements or other content on websites outside of the Advanced Soft Tissue Release\u00a0website.<\/span><\/p>\n<p><span style=\"font-size: 10pt;\"><b>Use of your Personal Information<\/b><\/span><\/p>\n<p><span style=\"font-size: 10pt;\">ASTR institute\u00a0collects and uses your personal information to operate its website(s) and deliver the services you have requested.<\/span><\/p>\n<p><span style=\"font-size: 10pt;\">ASTR institute may also use your personally identifiable information to inform you of other products or services available from ASTR institute and its affiliates.\u00a0Advanced Soft Tissue Release\u00a0may also contact you via surveys to conduct research about your opinion of current services or of potential new services that may be offered.<\/span><\/p>\n<p><span style=\"font-size: 10pt;\">ASTR institute (Advanced Soft Tissue Release) does not sell, rent or lease its customer lists to third parties.<\/span><\/p>\n<p><span style=\"font-size: 10pt;\">ASTR institute may, from time to time, contact you on behalf of external business partners about a particular offering that may be of interest to you. In those cases, your unique personally identifiable information (e-mail, name, address, telephone number) is not transferred to the third party.\u00a0Advanced Soft Tissue Release\u00a0may share data with trusted partners to help perform statistical analysis, send you email or postal mail, provide customer support, or arrange for deliveries. All such third parties are prohibited from using your personal information except to provide these services to ASTR institute, and they are required to maintain the confidentiality of your information.<\/span><\/p>\n<p><span style=\"font-size: 10pt;\">ASTR institute may keep track of the websites and pages our users visit within\u00a0Advanced Soft Tissue Release, in order to determine what ASTR institute services are the most popular. This data is used to deliver customized content and advertising within ASTR institute to customers whose behavior indicates that they are interested in a particular subject area.<\/span><\/p>\n<p><span style=\"font-size: 10pt;\">ASTR institute will disclose your personal information, without notice, only if required to do so by law or in the good faith belief that such action is necessary to: (a) conform to the edicts of the law or comply with legal process served on\u00a0Advanced Soft Tissue Release\u00a0or the site; (b) protect and defend the rights or property of\u00a0Advanced Soft Tissue Release; and, (c) act under exigent circumstances to protect the personal safety of users of\u00a0Advanced Soft Tissue Release, or the public.<\/span><\/p>\n<p><span style=\"font-size: 10pt;\"><b>Use of Cookies<\/b><\/span><\/p>\n<p><span style=\"font-size: 10pt;\">The ASTR institute website may use \u201ccookies\u201d to help you personalize your online experience. A cookie is a text file that is placed on your hard disk by a web page server. Cookies cannot be used to run programs or deliver viruses to your computer. Cookies are uniquely assigned to you, and can only be read by a web server in the domain that issued the cookie to you.<\/span><\/p>\n<p><span style=\"font-size: 10pt;\">One of the primary purposes of cookies is to provide a convenience feature to save you time. The purpose of a cookie is to tell the Web server that you have returned to a specific page. For example, if you personalize\u00a0Advanced Soft Tissue Release\u00a0pages, or register with\u00a0Advanced Soft Tissue Release\u00a0site or services, a cookie helps\u00a0Advanced Soft Tissue Release\u00a0to recall your specific information on subsequent visits. This simplifies the process of recording your personal information, such as billing addresses, shipping addresses, and so on. When you return to the same\u00a0Advanced Soft Tissue Release\u00a0website, the information you previously provided can be retrieved, so you can easily use the\u00a0Advanced Soft Tissue Release\u00a0features that you customized.<\/span><\/p>\n<p><span style=\"font-size: 10pt;\">You have the ability to accept or decline cookies. Most Web browsers automatically accept cookies, but you can usually modify your browser setting to decline cookies if you prefer. If you choose to decline cookies, you may not be able to fully experience the interactive features of the Advanced Soft Tissue Release\u00a0services or websites you visit.<\/span><\/p>\n<p><span style=\"font-size: 10pt;\"><b>Security of your Personal Information<\/b><\/span><\/p>\n<p><span style=\"font-size: 10pt;\">ASTR institute secures your personal information from unauthorized access, use or disclosure.<\/span><\/p>\n<p><span style=\"font-size: 10pt;\"><b>Children Under Thirteen<\/b><\/span><\/p>\n<p><span style=\"font-size: 10pt;\">ASTR institute\u00a0does not knowingly collect personally identifiable information from children under the age of thirteen. If you are under the age of thirteen, you must ask your parent or guardian for permission to use this website.<\/span><\/p>\n<p><span style=\"font-size: 10pt;\"><b>Opt-Out &amp; Unsubscribe<\/b><\/span><\/p>\n<p><span style=\"font-size: 10pt;\">We respect your privacy and give you an opportunity to opt-out of receiving announcements of certain information. Users may opt-out of receiving any or all communications from\u00a0ASTR institute\u00a0by contacting us here:<\/span><\/p>\n<p><span style=\"font-size: 10pt;\">\u2013 Web page: https:\/\/advancedsofttissuerelease.com\/contact-page\/<\/span><\/p>\n<p><span style=\"font-size: 10pt;\">\u2013 Email: support@astrinstitute.com<\/span><\/p>\n<p><span style=\"font-size: 10pt;\">\u2013 Phone: (949) 236- 6862<\/span><\/p>\n<p><span style=\"font-size: 10pt;\"><b>Changes to this Statement<\/b><\/span><\/p>\n<p><span style=\"font-size: 10pt;\">ASTR institute will occasionally update this Statement of Privacy to reflect company and customer feedback.\u00a0ASTR institute\u00a0encourages you to periodically review this Statement to be informed of how\u00a0Advanced Soft Tissue Release\u00a0is protecting your information.<\/span><\/p>\n<p><span style=\"font-size: 10pt;\"><b>Contact Information<\/b><\/span><\/p>\n<p><span style=\"font-size: 10pt;\">ASTR institute welcomes your questions or comments regarding this Statement of Privacy. If you believe that\u00a0ASTR institute\u00a0has not adhered to this Statement, please contact\u00a0ASTR institute\u00a0at:<\/span><\/p>\n<p><span style=\"font-size: 10pt;\">Institut ASTR<\/span><\/p>\n<p><span style=\"font-size: 10pt;\">Email Address:<\/span><\/p>\n<p><span style=\"font-size: 10pt;\">Support@astrinstitute.com<\/span><\/p>\n<p><span style=\"font-size: 10pt;\">Num\u00e9ro de t\u00e9l\u00e9phone : 888-210-2787<\/span><\/p>\n<p><span style=\"font-size: 10pt;\">En vigueur depuis le 20 d\u00e9cembre 2018<\/span><\/p>","protected":false},"excerpt":{"rendered":"<p>Statement of Privacy Notice\u00a0 &nbsp; THIS NOTICE DESCRIBES HOW MEDICAL INFORMATION ABOUT YOU MAY BE USED AND DISCLOSED AND HOW YOU CAN GET ACCESS TO THIS INFORMATION. PLEASE REVIEW IT CAREFULLY.\u00a0 We may disclose your health care information to other healthcare professionals within our practice for the purpose of treatment, payment or healthcare operations.\u00a0 We [&hellip;]<\/p>\n","protected":false},"author":1,"featured_media":0,"parent":0,"menu_order":0,"comment_status":"closed","ping_status":"closed","template":"","meta":{"_analytify_skip_tracking":false,"footnotes":""},"class_list":["post-15680","page","type-page","status-publish","hentry"],"_links":{"self":[{"href":"https:\/\/advancedsofttissuerelease.com\/fr\/wp-json\/wp\/v2\/pages\/15680","targetHints":{"allow":["GET"]}}],"collection":[{"href":"https:\/\/advancedsofttissuerelease.com\/fr\/wp-json\/wp\/v2\/pages"}],"about":[{"href":"https:\/\/advancedsofttissuerelease.com\/fr\/wp-json\/wp\/v2\/types\/page"}],"author":[{"embeddable":true,"href":"https:\/\/advancedsofttissuerelease.com\/fr\/wp-json\/wp\/v2\/users\/1"}],"replies":[{"embeddable":true,"href":"https:\/\/advancedsofttissuerelease.com\/fr\/wp-json\/wp\/v2\/comments?post=15680"}],"version-history":[{"count":0,"href":"https:\/\/advancedsofttissuerelease.com\/fr\/wp-json\/wp\/v2\/pages\/15680\/revisions"}],"wp:attachment":[{"href":"https:\/\/advancedsofttissuerelease.com\/fr\/wp-json\/wp\/v2\/media?parent=15680"}],"curies":[{"name":"wp","href":"https:\/\/api.w.org\/{rel}","templated":true}]}}