{"id":1588,"date":"2019-01-10T03:09:56","date_gmt":"2019-01-10T03:09:56","guid":{"rendered":"https:\/\/advancedsofttissuerelease.com\/?page_id=1588"},"modified":"2021-01-17T15:13:09","modified_gmt":"2021-01-17T22:13:09","slug":"conditions-d-affiliation","status":"publish","type":"page","link":"https:\/\/advancedsofttissuerelease.com\/fr\/affiliate-terms-conditions\/","title":{"rendered":"Termes et conditions d&#039;affiliation"},"content":{"rendered":"<p><strong>Termes et conditions d&#039;affiliation<\/strong><\/p>\n\n\n\n<p>Le programme d&#039;affiliation d&#039;ASTR Institute est gratuit et permet aux membres de g\u00e9n\u00e9rer des revenus en pla\u00e7ant un lien ou des liens sur leur site Web qui font la publicit\u00e9 d&#039;ASTR Institute ou de produits sp\u00e9cifiques. Toutes les ventes effectu\u00e9es aux clients qui ont cliqu\u00e9 sur ces liens gagneront la commission d&#039;affiliation. <strong>Le taux de commission standard est actuellement de 20%.<\/strong><\/p>\n\n\n\n<p>Cet accord d\u00e9crit les termes et conditions de participation au programme d&#039;affiliation de l&#039;Institut ASTR. Dans cet accord, le terme &quot;Affili\u00e9&quot; fait r\u00e9f\u00e9rence \u00e0 vous (le demandeur). Dans cet accord, \u00ab ASTR Institute \u00bb fait r\u00e9f\u00e9rence \u00e0 ASTR Institute, une soci\u00e9t\u00e9 californienne, avec qui vous concluez cet accord. En postulant au programme d&#039;affiliation ASTR Institute, vous confirmez avoir lu l&#039;accord&nbsp;<\/p>\n\n\n\n<p><strong>Commissions<\/strong><\/p>\n\n\n\n<p>Pour qu&#039;une vente g\u00e9n\u00e8re une commission \u00e0 un affili\u00e9, le client doit remplir le formulaire de commande et remettre le paiement int\u00e9gral du produit. Les commissions ne seront pay\u00e9es que sur les ventes r\u00e9alis\u00e9es lorsque le client clique sur des liens d&#039;affiliation qualifi\u00e9s et correctement structur\u00e9s. Les liens correctement cod\u00e9s rel\u00e8vent de la seule responsabilit\u00e9 de l&#039;affili\u00e9. Les commissions peuvent \u00eatre consult\u00e9es sur le tableau de bord de l&#039;affili\u00e9. Si l&#039;affili\u00e9 a un calendrier de paiement r\u00e9current, il continuera \u00e0 accumuler des commissions pour chaque transaction pay\u00e9e par le client aussi longtemps que le client restera un client payant. Pour les affili\u00e9s participant au programme r\u00e9current, les commissions s&#039;accumuleront \u00e9galement pour les mises \u00e0 niveau du plan et l&#039;ajout d&#039;utilisateurs.<\/p>\n\n\n\n<p><strong>Paiement<\/strong><\/p>\n\n\n\n<p>Un affili\u00e9 peut demander un paiement lorsque son solde atteint un solde minimum de $25 USD. Les paiements peuvent \u00eatre demand\u00e9s tous les 30 jours. Le traitement du paiement peut prendre jusqu&#039;\u00e0 30 jours \u00e0 compter de la date de la demande. Les paiements seront g\u00e9n\u00e9ralement effectu\u00e9s via PayPal.<\/p>\n\n\n\n<p><strong>Remboursements<\/strong><\/p>\n\n\n\n<p>Dans le cas o\u00f9 un client demande un remboursement pour une transaction pour laquelle l&#039;Affili\u00e9 a gagn\u00e9 des commissions, toutes les commissions gagn\u00e9es sur le montant du remboursement seront d\u00e9duites du solde de l&#039;Affili\u00e9.<\/p>\n\n\n\n<p><strong>Utilisation et obligations<\/strong><\/p>\n\n\n\n<p>Les affili\u00e9s sont autoris\u00e9s \u00e0 utiliser la marque ASTR Institute et les ressources marketing disponibles dans la section Affili\u00e9s de l&#039;application ASTR Institute ou du site Web ASTR. Les logos et autres actifs ne peuvent pas \u00eatre modifi\u00e9s. L&#039;Affili\u00e9 n&#039;obtient aucune marque de commerce, droit d&#039;auteur ou tout autre droit sur ces documents. L&#039;Affili\u00e9 n&#039;impliquera jamais qu&#039;il agit au nom de l&#039;institut ASTR et ne fera jamais de publicit\u00e9 directe pour l&#039;institut ASTR. L&#039;Affili\u00e9 ne fera jamais d&#039;ench\u00e8res pour des publicit\u00e9s en concurrence avec l&#039;institut ASTR. L&#039;Affili\u00e9 ne se repr\u00e9sentera jamais, l&#039;institut ASTR ou sa relation avec l&#039;institut ASTR d&#039;une mani\u00e8re fausse ou trompeuse. L&#039;Affili\u00e9 ne s&#039;engagera pas dans la distribution d&#039;un e-mail en masse non sollicit\u00e9 (spam ) mentionnant ou faisant r\u00e9f\u00e9rence \u00e0 l&#039;institut ASTR.<\/p>\n\n\n\n<p><strong>Dur\u00e9e et r\u00e9siliation<\/strong><\/p>\n\n\n\n<p>L&#039;une ou l&#039;autre des parties a le droit de r\u00e9silier l&#039;accord imm\u00e9diatement sans pr\u00e9avis. Si l&#039;Affili\u00e9 r\u00e9silie l&#039;accord, aucune autre commission de l&#039;institut ASTR ne sera pay\u00e9e pour les transactions pass\u00e9es ou futures avec les clients. Si l&#039;institut ASTR choisit de r\u00e9silier l&#039;accord, tout solde sup\u00e9rieur sup\u00e9rieur \u00e0 $25\u00a0USD sera vers\u00e9 \u00e0 l&#039;affili\u00e9 dans les 60\u00a0jours suivant la r\u00e9siliation. Les soldes inf\u00e9rieurs \u00e0 $25 seront perdus.<\/p>\n\n\n\n<p>Si l&#039;Affili\u00e9 participe \u00e0 un programme r\u00e9current, l&#039;Institut ASTR ne sera pas tenu d&#039;effectuer de futurs paiements apr\u00e8s la r\u00e9siliation. Votre demande d&#039;affiliation et votre statut dans le Programme peuvent \u00eatre suspendus ou r\u00e9sili\u00e9s pour l&#039;une des raisons suivantes\u00a0:\u00a0Publicit\u00e9s inappropri\u00e9es (fausses d\u00e9clarations, hyperliens trompeurs , etc.). Spamming (e-mails de masse, publication de groupes de discussion de masse, etc.). Publicit\u00e9 sur des sites contenant ou promouvant des activit\u00e9s ill\u00e9gales. ou toute loi d&#039;\u00c9tat applicable. Violation des droits de propri\u00e9t\u00e9 intellectuelle.<\/p>\n\n\n\n<p>L&#039;institut ASTR se r\u00e9serve le droit d&#039;exiger des accords de licence de ceux qui utilisent les marques d\u00e9pos\u00e9es de l&#039;institut ASTR afin de prot\u00e9ger nos droits de propri\u00e9t\u00e9 intellectuelle. Offrir des rabais, des coupons ou toute autre forme de pots-de-vin promis de votre commission d&#039;affiliation \u00e0 titre d&#039;incitation. Cependant, l&#039;ajout de bonus ou le regroupement d&#039;autres produits avec l&#039;institut ASTR est acceptable.Auto-r\u00e9f\u00e9rences, transactions frauduleuses, suspicion de fraude d&#039;affiliation.En plus de ce qui pr\u00e9c\u00e8de, l&#039;institut ASTR se r\u00e9serve le droit de r\u00e9silier tout compte d&#039;affili\u00e9 \u00e0 tout moment, pour toute violation de ce Accord ou pas de raison.<\/p>\n\n\n\n<p><strong>Droit applicable<\/strong><\/p>\n\n\n\n<p>Le pr\u00e9sent Accord sera r\u00e9gi, interpr\u00e9t\u00e9 et appliqu\u00e9 conform\u00e9ment aux lois de l&#039;\u00c9tat de l&#039;Idaho, sans \u00e9gard \u00e0 ses r\u00e8gles de conflit de lois.<\/p>\n\n\n\n<p><strong>Arbitrage<\/strong><\/p>\n\n\n\n<p>Toutes les r\u00e9clamations et tous les litiges d\u00e9coulant de ou li\u00e9s au pr\u00e9sent accord doivent \u00eatre r\u00e9gl\u00e9s par arbitrage ex\u00e9cutoire dans l&#039;\u00c9tat de l&#039;Idaho. Une sentence arbitrale peut \u00eatre confirm\u00e9e par un tribunal comp\u00e9tent.<\/p>\n\n\n\n<p><strong>Modification<\/strong><\/p>\n\n\n\n<p>Nous pouvons modifier l&#039;un des termes et conditions du pr\u00e9sent accord \u00e0 tout moment et \u00e0 notre seule discr\u00e9tion. Ces modifications peuvent inclure, mais sans s&#039;y limiter, des modifications de l&#039;\u00e9tendue des commissions disponibles, des bar\u00e8mes de commissions, des proc\u00e9dures de paiement et des r\u00e8gles du programme d&#039;affiliation.<\/p>","protected":false},"excerpt":{"rendered":"<p>Affiliate Terms &amp; Conditions ASTR Institute affiliate program is free and enables members to earn revenue by placing a link or links on their web site which advertises ASTR Institute or specific products on it. Any sales made to customers who have clicked on those links will earn the affiliate commission. The standard commission rate [&hellip;]<\/p>\n","protected":false},"author":1,"featured_media":0,"parent":0,"menu_order":0,"comment_status":"closed","ping_status":"closed","template":"","meta":{"_analytify_skip_tracking":false,"footnotes":""},"class_list":["post-1588","page","type-page","status-publish","hentry"],"_links":{"self":[{"href":"https:\/\/advancedsofttissuerelease.com\/fr\/wp-json\/wp\/v2\/pages\/1588","targetHints":{"allow":["GET"]}}],"collection":[{"href":"https:\/\/advancedsofttissuerelease.com\/fr\/wp-json\/wp\/v2\/pages"}],"about":[{"href":"https:\/\/advancedsofttissuerelease.com\/fr\/wp-json\/wp\/v2\/types\/page"}],"author":[{"embeddable":true,"href":"https:\/\/advancedsofttissuerelease.com\/fr\/wp-json\/wp\/v2\/users\/1"}],"replies":[{"embeddable":true,"href":"https:\/\/advancedsofttissuerelease.com\/fr\/wp-json\/wp\/v2\/comments?post=1588"}],"version-history":[{"count":0,"href":"https:\/\/advancedsofttissuerelease.com\/fr\/wp-json\/wp\/v2\/pages\/1588\/revisions"}],"wp:attachment":[{"href":"https:\/\/advancedsofttissuerelease.com\/fr\/wp-json\/wp\/v2\/media?parent=1588"}],"curies":[{"name":"wp","href":"https:\/\/api.w.org\/{rel}","templated":true}]}}