{"id":17080,"date":"2020-12-26T18:38:20","date_gmt":"2020-12-27T01:38:20","guid":{"rendered":"https:\/\/advancedsofttissuerelease.com\/?page_id=17080"},"modified":"2023-05-16T21:06:14","modified_gmt":"2023-05-17T03:06:14","slug":"avis-de-non-responsabilite-2-2","status":"publish","type":"page","link":"https:\/\/advancedsofttissuerelease.com\/fr\/disclaimer-2\/","title":{"rendered":"Avis de non-responsabilit\u00e9"},"content":{"rendered":"<p><strong>Avis de non-responsabilit\u00e9<\/strong><\/p>\r\n\r\n\r\n\r\n<p>Ces d\u00e9clarations n&#039;ont pas \u00e9t\u00e9 \u00e9valu\u00e9es par la Food and Drug Administration. Ces produits ne sont pas destin\u00e9s \u00e0 diagnostiquer, traiter, gu\u00e9rir ou pr\u00e9venir une maladie. Les r\u00e9sultats peuvent varier d&#039;une personne \u00e0 l&#039;autre et nous ne pouvons garantir que vous obtiendrez les m\u00eames r\u00e9sultats que ceux trouv\u00e9s dans nos vid\u00e9os de t\u00e9moignages et de traitement. Chaque individu est diff\u00e9rent et le succ\u00e8s d&#039;une personne n&#039;est pas un r\u00e9sultat garanti.<\/p>\r\n\r\n\r\n\r\n<p>Les vid\u00e9os et les informations du site Web ne sont pas destin\u00e9es \u00e0 fournir des diagnostics, des traitements, des opinions, des services ou des conseils aux t\u00e9l\u00e9spectateurs. Gr\u00e2ce \u00e0 nos m\u00e9dias sociaux, nos cours et notre site Web, nous vous pr\u00e9sentons de nouvelles id\u00e9es de traitement, destin\u00e9es \u00e0 \u00eatre \u00e9tudi\u00e9es et \u00e0 \u00e9largir les connaissances g\u00e9n\u00e9rales. Le contenu de notre site Web, les vid\u00e9os ou les publications sur les r\u00e9seaux sociaux ne peuvent se substituer \u00e0 une assistance professionnelle. <strong>Si vous \u00eates pr\u00e9occup\u00e9 par un probl\u00e8me m\u00e9dical, veuillez consulter votre fournisseur de soins de sant\u00e9, votre m\u00e9decin ou un autre professionnel de la sant\u00e9.<\/strong> <strong>SI VOUS PENSEZ AVOIR UNE URGENCE M\u00c9DICALE, APPELEZ IMM\u00c9DIATEMENT LE 911.\u00a0<\/strong><\/p>\r\n\r\n\r\n\r\n<p>Le Dr Joseph Jacobs et l&#039;institut ASTR ne sont en aucun cas responsables des actions, services ou produits acquis via ce site Web, nos vid\u00e9os ou les publications sur les r\u00e9seaux sociaux. L&#039;institut ASTR ni ses organisations ou personnes associ\u00e9es ne sont responsables de toute blessure ou pr\u00e9judice caus\u00e9 par l&#039;application d&#039;informations dans nos cours, notre site Web et nos publications sur les r\u00e9seaux sociaux. Il est recommand\u00e9 de revoir vos questions et\/ou pr\u00e9occupations avec un professionnel de la sant\u00e9. Utilisez nos informations \u00e0 vos risques et p\u00e9rils. Le contenu de nos cours, de notre site Web et de nos publications sur les r\u00e9seaux sociaux ne peut se substituer \u00e0 une assistance professionnelle. Si vous \u00eates pr\u00e9occup\u00e9 par un probl\u00e8me m\u00e9dical, veuillez consulter votre fournisseur de soins de sant\u00e9, votre m\u00e9decin ou un autre professionnel de la sant\u00e9.<\/p>\r\n\r\n\r\n\r\n<p><strong>Demandez \u00e0 ASTR Avis de non-responsabilit\u00e9<\/strong><\/p>\r\n\r\n\r\n\r\n<p>Ask ASTR est un logiciel d&#039;intelligence artificielle qui aide les utilisateurs \u00e0 d\u00e9terminer la cause de leurs sympt\u00f4mes de sant\u00e9. Ask ASTR est un produit b\u00eata et en constante \u00e9volution et mises \u00e0 jour. Il est de la responsabilit\u00e9 des utilisateurs de r\u00e9pondre avec pr\u00e9cision aux questions, afin de recevoir les meilleures recommandations pour leur condition. Des r\u00e9ponses utilisateur inexactes entra\u00eeneront des recommandations syst\u00e8me inexactes.\u00a0<\/p>\r\n\r\n\r\n\r\n<p>Les d\u00e9clarations de notre logiciel n&#039;ont pas \u00e9t\u00e9 \u00e9valu\u00e9es par la Food and Drug Administration. Ces produits ne sont pas destin\u00e9s \u00e0 diagnostiquer, traiter, gu\u00e9rir ou pr\u00e9venir une maladie. Les recommandations fournies ne peuvent se substituer \u00e0 une assistance professionnelle. Si vous \u00eates pr\u00e9occup\u00e9 par un probl\u00e8me m\u00e9dical, veuillez consulter votre fournisseur de soins de sant\u00e9, votre m\u00e9decin ou un autre professionnel de la sant\u00e9. Le Dr Joseph Jacobs et l&#039;institut ASTR ne sont en aucun cas responsables des actions, services ou produits acquis via ce site Web. L&#039;institut ASTR et ses organisations ou personnes associ\u00e9es ne sont pas responsables des blessures ou des dommages caus\u00e9s par l&#039;utilisation de notre syst\u00e8me. Il est recommand\u00e9 de revoir vos questions et\/ou pr\u00e9occupations avec un professionnel de la sant\u00e9. \u00c0 utiliser \u00e0 vos risques et p\u00e9rils. <strong>Si vous \u00eates pr\u00e9occup\u00e9 par un probl\u00e8me m\u00e9dical, veuillez consulter votre fournisseur de soins de sant\u00e9, votre m\u00e9decin ou un autre professionnel de la sant\u00e9.<\/strong> <strong>SI VOUS PENSEZ AVOIR UNE URGENCE M\u00c9DICALE, APPELEZ IMM\u00c9DIATEMENT LE 911.\u00a0<\/strong><\/p>\r\n\r\n\r\n\r\n<p><strong>Avis de non-responsabilit\u00e9 des cours pour les fournisseurs de soins de sant\u00e9<\/strong><\/p>\r\n\r\n\r\n\r\n<p>L&#039;institut ASTR et les cours ASTR sont con\u00e7us comme une formation avanc\u00e9e pour les prestataires de soins de sant\u00e9 et les m\u00e9decins. Ces cours \u00e0 eux seuls ne conf\u00e8rent pas \u00e0 un praticien non agr\u00e9\u00e9 l&#039;autorit\u00e9 l\u00e9gale de mettre en \u0153uvre les informations contenues dans ces cours sur les patients ou les clients. Certaines des informations contenues dans ces cours peuvent d\u00e9passer le cadre d&#039;une pratique priv\u00e9e de soins de sant\u00e9 qui n&#039;est pas agr\u00e9\u00e9e ou supervis\u00e9e par un m\u00e9decin ou un autre praticien d\u00fbment agr\u00e9\u00e9. Avant d&#039;utiliser les informations ou les techniques pr\u00e9sent\u00e9es dans ces cours sur des patients ou des clients, un praticien sans licence ou un praticien avec une licence restrictive (comme un pharmacien, un physioth\u00e9rapeute, un ergoth\u00e9rapeute, un chiropraticien, une infirmi\u00e8re, un di\u00e9t\u00e9ticien, etc.) doit v\u00e9rifier aupr\u00e8s du la pratique pertinente agit dans son \u00e9tat pour s&#039;assurer que l&#039;utilisation par le praticien des modalit\u00e9s, th\u00e9rapies ou techniques \u00e9nonc\u00e9es dans ces cours est conforme \u00e0 la loi de l&#039;\u00e9tat.<\/p>\r\n\r\n\r\n\r\n<p><strong>Clause de non-responsabilit\u00e9 des programmes d&#039;auto-traitement<\/strong><\/p>\r\n\r\n\r\n\r\n<p>Ces d\u00e9clarations n&#039;ont pas \u00e9t\u00e9 \u00e9valu\u00e9es par la Food and Drug Administration. Ces produits ne sont pas destin\u00e9s \u00e0 diagnostiquer, traiter, gu\u00e9rir ou pr\u00e9venir une maladie. Le contenu de nos cours ne peut se substituer \u00e0 une assistance professionnelle. Si vous \u00eates pr\u00e9occup\u00e9 par un probl\u00e8me m\u00e9dical, veuillez consulter votre fournisseur de soins de sant\u00e9, votre m\u00e9decin ou un autre professionnel de la sant\u00e9. Le Dr Joseph Jacobs et l&#039;institut ASTR ne sont en aucun cas responsables des actions, services ou produits acquis via ce site Web. L&#039;institut ASTR et ses organisations ou personnes associ\u00e9es ne sont pas responsables des blessures ou des dommages caus\u00e9s par l&#039;application des outils ASTR. Les outils ASTR sont g\u00e9n\u00e9ralement s\u00fbrs lorsqu&#039;ils sont pratiqu\u00e9s avec une technique et des soins appropri\u00e9s. Il est recommand\u00e9 de revoir vos questions et\/ou pr\u00e9occupations avec un professionnel de la sant\u00e9. Arr\u00eatez imm\u00e9diatement d&#039;utiliser si douloureux, si l&#039;\u00e9tat s&#039;aggrave ou s&#039;il provoque des ecchymoses. \u00c0 utiliser \u00e0 vos risques et p\u00e9rils. <strong>Si vous \u00eates pr\u00e9occup\u00e9 par un probl\u00e8me m\u00e9dical, veuillez consulter votre fournisseur de soins de sant\u00e9, votre m\u00e9decin ou un autre professionnel de la sant\u00e9.<\/strong> <strong>SI VOUS PENSEZ AVOIR UNE URGENCE M\u00c9DICALE, APPELEZ IMM\u00c9DIATEMENT LE 911.\u00a0<\/strong><\/p>\r\n\r\n\r\n\r\n<p><strong>Consultation et \u00e9valuation en t\u00e9l\u00e9sant\u00e9<\/strong><\/p>\r\n<p>Les suggestions donn\u00e9es lors des consultations et des \u00e9valuations en ce qui concerne les recommandations nutritionnelles, di\u00e9t\u00e9tiques, de suppl\u00e9ments ou de d\u00e9sintoxication sont purement \u00e0 des fins de pr\u00e9vention et d&#039;\u00e9ducation et ne sont pas destin\u00e9es au diagnostic des patients. Les m\u00e9decins, les infirmi\u00e8res et les infirmi\u00e8res praticiennes sont les prestataires de soins de sant\u00e9 qui ont le pouvoir d&#039;autoriser les patients \u00e0 arr\u00eater ou \u00e0 commencer des interventions m\u00e9dicales sp\u00e9cifiques. Nous encourageons les patients \u00e0 mener leurs propres recherches en ce qui concerne les d\u00e9cisions qu&#039;ils prennent pour eux-m\u00eames. Nous soutenons les recherches en cours. Il est tr\u00e8s important que chaque patient contacte son m\u00e9decin et communique tout changement \u00e0 son r\u00e9gime de soins de sant\u00e9. Ne pas apporter de modifications sans consulter votre m\u00e9decin peut \u00eatre dangereux. En cliquant sur le bouton &quot;J&#039;accepte&quot;, vous d\u00e9clarez que vous comprenez ces informations.\u00a0<\/p>\r\n<p><strong>Aimant \u2013 MagnaHeal Avertissement<\/strong><\/p>\r\n\r\n\r\n\r\n<p>ASTR Institute n&#039;est pas responsable de toute blessure, destruction ou dommage que le MagnaHeal ou les aimants pourraient causer \u00e0 la suite de son utilisation. Avant d&#039;acheter le MagnaHeal, l&#039;acheteur atteste qu&#039;il a lu et compris les avertissements suivants\u00a0:<\/p>\r\n\r\n\r\n\r\n<p><strong>Contre-indications\u00a0:<\/strong> MagnaHeal doit \u00eatre \u00e9vit\u00e9 si vous avez l&#039;un des \u00e9l\u00e9ments suivants\u00a0:<\/p>\r\n\r\n\r\n\r\n<ul class=\"wp-block-list\">\r\n<li>Stimulateur cardiaque<\/li>\r\n<li>Grossesse<\/li>\r\n<li>Tout appareil \u00e9lectronique dans votre corps<\/li>\r\n<li>Crise d&#039;\u00e9pilepsie<\/li>\r\n<\/ul>\r\n\r\n\r\n\r\n<p>L&#039;acheteur atteste qu&#039;il assume la responsabilit\u00e9 de 100% pour toutes les blessures et tous les dommages que le MagnaHeal pourrait potentiellement causer. Cela inclut les blessures \u00e0 soi-m\u00eame ou \u00e0 autrui, les dommages mat\u00e9riels et les dommages au MagnaHeal. L&#039;acheteur doit accepter ces conditions avant d&#039;acheter le MagnaHeal.<\/p>\r\n\r\n\r\n\r\n<p>ASTR Institute fournira une estimation de la force de traction pour le MagnaHeal, mais nous ne sommes pas responsables de toute divergence ou inexactitude de la force de traction des aimants. Veuillez tester la force de traction avant de l&#039;utiliser.<\/p>\r\n\r\n\r\n\r\n<p>MagnaHeal est tr\u00e8s puissant. Il est essentiel qu&#039;il soit manipul\u00e9 avec soin pour \u00e9viter d&#039;endommager l&#039;aimant et de se blesser ou de blesser d&#039;autres personnes. Les aimants de la m\u00eame taille ou plus grands qu&#039;un cube de 3 pouces peuvent causer de tr\u00e8s graves dommages aux doigts si les doigts sont coinc\u00e9s entre les 2 aimants. Les os peuvent se briser et le bout des doigts peut \u00eatre perdu.<\/p>\r\n\r\n\r\n\r\n<p>MagnaHeal est cassable. En cas de chute ou de choc, il peut se casser ou se briser. Portez des gants et des lunettes de protection lorsque vous tenez et utilisez le MagnaHeal, car des \u00e9clats et\/ou des entretoises pourraient se d\u00e9tacher et s&#039;envoler du MagnaHeal.<\/p>\r\n\r\n\r\n\r\n<ul class=\"wp-block-list\">\r\n<li>Si MagnaHeal est chauff\u00e9 au-dessus de 175 degr\u00e9s Farenheit ou 80 degr\u00e9s Celsius, il perdra sa propri\u00e9t\u00e9 magn\u00e9tique.<\/li>\r\n<li>MagnaHeal a un champ magn\u00e9tique tr\u00e8s puissant et peut endommager les \u00e9l\u00e9ments suivants\u00a0: ordinateurs, t\u00e9l\u00e9viseurs, \u00e9crans d&#039;ordinateur, supports de donn\u00e9es, t\u00e9l\u00e9phones, appareils \u00e9lectroniques, cartes de cr\u00e9dit, montres, appareils auditifs, stimulateurs cardiaques, etc. Les stimulateurs cardiaques sont une contre-indication et peuvent \u00eatre endommag\u00e9s s&#039;ils sont expos\u00e9s au Magna Heal. Les patients porteurs de stimulateurs cardiaques doivent rester \u00e0 au moins 3 pieds du MagnaHeal.<\/li>\r\n<li>MagnaHeal is only to be used externally.<\/li>\r\n<li>Le MagnaHeal ne doit pas \u00eatre modifi\u00e9 du tout. Aucune coupe, per\u00e7age ou sciage du MagnaHeal n&#039;est autoris\u00e9. Les particules du MagnaHeal provenant de la coupe peuvent cr\u00e9er un environnement tr\u00e8s dangereux car les particules sont hautement inflammables. L&#039;aimant se cassera s&#039;il est sci\u00e9, coup\u00e9 ou perc\u00e9. MagnaHeal ne doit jamais \u00eatre br\u00fbl\u00e9 en raison de la toxicit\u00e9 que cela cr\u00e9erait.<\/li>\r\n<\/ul>","protected":false},"excerpt":{"rendered":"<p>Disclaimer These statements have not been evaluated by the Food and Drug Administration. These products are not intended to diagnose, treat, cure, or prevent any disease. Results may vary with each person and we cannot guarantee that you will experience the same results found in our testimonial and treatment videos. Each individual is different and [&hellip;]<\/p>\n","protected":false},"author":1,"featured_media":0,"parent":0,"menu_order":0,"comment_status":"closed","ping_status":"closed","template":"","meta":{"_analytify_skip_tracking":false,"footnotes":""},"class_list":["post-17080","page","type-page","status-publish","hentry"],"_links":{"self":[{"href":"https:\/\/advancedsofttissuerelease.com\/fr\/wp-json\/wp\/v2\/pages\/17080","targetHints":{"allow":["GET"]}}],"collection":[{"href":"https:\/\/advancedsofttissuerelease.com\/fr\/wp-json\/wp\/v2\/pages"}],"about":[{"href":"https:\/\/advancedsofttissuerelease.com\/fr\/wp-json\/wp\/v2\/types\/page"}],"author":[{"embeddable":true,"href":"https:\/\/advancedsofttissuerelease.com\/fr\/wp-json\/wp\/v2\/users\/1"}],"replies":[{"embeddable":true,"href":"https:\/\/advancedsofttissuerelease.com\/fr\/wp-json\/wp\/v2\/comments?post=17080"}],"version-history":[{"count":0,"href":"https:\/\/advancedsofttissuerelease.com\/fr\/wp-json\/wp\/v2\/pages\/17080\/revisions"}],"wp:attachment":[{"href":"https:\/\/advancedsofttissuerelease.com\/fr\/wp-json\/wp\/v2\/media?parent=17080"}],"curies":[{"name":"wp","href":"https:\/\/api.w.org\/{rel}","templated":true}]}}