{"id":194,"date":"2016-05-19T04:53:19","date_gmt":"2016-05-19T04:53:19","guid":{"rendered":"https:\/\/advancedsofttissuerelease.com\/thigh-pain\/"},"modified":"2016-05-19T04:53:19","modified_gmt":"2016-05-19T04:53:19","slug":"douleur-a-la-cuisse","status":"publish","type":"page","link":"https:\/\/advancedsofttissuerelease.com\/fr\/thigh-pain\/","title":{"rendered":"Douleur \u00e0 la cuisse"},"content":{"rendered":"<h1 class=\"p1\"> \t<span style=\"color:#696969;\"><span class=\"s1\">Douleur \u00e0 la cuisse&nbsp;<\/span><\/span><\/h1>\n<p class=\"p1\"> \t<span style=\"color:#696969;\"><span class=\"s1\">Une utilisation constante sur les muscles, les articulations, les tendons et les ligaments peut causer des blessures \u00e0 la cuisse, qui est le type de blessure le plus courant. La douleur \u00e0 la cuisse peut provenir d&#039;une surutilisation provoquant une inflammation et entra\u00eenant des douleurs, mais peut \u00e9galement \u00eatre caus\u00e9e par des d\u00e9chirures ou des efforts musculaires. La douleur peut varier d&#039;une douleur sourde, \u00e0 un engourdissement et des picotements, \u00e0 une douleur lancinante aigu\u00eb. Si la douleur persiste pendant plus de deux jours, il faut consulter un m\u00e9decin.<\/span><\/span><\/p>\n<h2 class=\"p1\"> \t<span style=\"color:#696969;\"><span class=\"s1\">Causes de la douleur \u00e0 la cuisse<\/span><\/span><\/h2>\n<ul>\n<li class=\"li1\"> \t\t<span style=\"color:#696969;\"><span class=\"s1\">D\u00e9chirure de souche du muscle&nbsp;<\/span><\/span><\/li>\n<li class=\"li1\"> \t\t<span style=\"color:#696969;\"><span class=\"s1\">Blessures de surmenage musculaire (ligament, articulation, tendon, muscles)<\/span><\/span><\/li>\n<li class=\"li1\"> \t\t<span style=\"color:#696969;\"><span class=\"s1\">Caillot de sang&nbsp;<\/span><\/span><\/li>\n<li class=\"li1\"> \t\t<span style=\"color:#696969;\"><span class=\"s1\">Sciatique<\/span><\/span><\/li>\n<li class=\"li1\"> \t\t<span style=\"color:#696969;\"><span class=\"s1\">Merlagia Parenth\u00e8se&nbsp;<\/span><\/span><\/li>\n<li class=\"li1\"> \t\t<span style=\"color:#696969;\"><span class=\"s1\">Syndrome douloureux du grand trochanter&nbsp;<\/span><\/span><\/li>\n<li class=\"li1\"> \t\t<span style=\"color:#696969;\"><span class=\"s1\">Assis pendant de longues p\u00e9riodes&nbsp;<\/span><\/span><\/li>\n<li class=\"li1\"> \t\t<span style=\"color:#696969;\"><span class=\"s1\">Grossesse&nbsp;<\/span><\/span><\/li>\n<li class=\"li1\"> \t\t<span style=\"color:#696969;\"><span class=\"s1\">Hernie&nbsp;<\/span><\/span><\/li>\n<li class=\"li1\"> \t\t<span style=\"color:#696969;\"><span class=\"s1\">Varices&nbsp;<\/span><\/span><\/li>\n<li class=\"li1\"> \t\t<span style=\"color:#696969;\"><span class=\"s1\">Ob\u00e9sit\u00e9&nbsp;<\/span><\/span><\/li>\n<\/ul>\n<h3 class=\"p1\"> \t<span style=\"color:#696969;\"><span class=\"s1\">Traitement de la douleur \u00e0 la cuisse&nbsp;<\/span><\/span><\/h3>\n<ul>\n<li class=\"li1\"> \t\t<span style=\"color:#696969;\"><span class=\"s1\">Outils ASTR\u00ae : Nos m\u00e9decins utilisent une vari\u00e9t\u00e9 d&#039;outils ASTR\u00ae pour lib\u00e9rer le tissu cicatriciel et la restriction myofasciale, ce qui peut diminuer la douleur et soulager les sympt\u00f4mes.<\/span><\/span><\/li>\n<li class=\"li1\"> \t\t<span style=\"color:#696969;\"><span class=\"s1\">Programme d&#039;exercices sp\u00e9ciaux pour diminuer l&#039;inflammation, renforcer les muscles et aider le patient \u00e0 retrouver une fonction et des activit\u00e9s normales.<\/span><\/span><\/li>\n<li class=\"li1\"> \t\t<span style=\"color:#696969;\"><span class=\"s1\">Instructions sp\u00e9ciales sur la fa\u00e7on d&#039;acc\u00e9l\u00e9rer le temps de r\u00e9cup\u00e9ration.<\/span><\/span><\/li>\n<\/ul>","protected":false},"excerpt":{"rendered":"<p>Thigh Pain&nbsp; Constant use on the muscles, joints, tendons, and ligaments can cause injuries to the thigh, which is the most common type of injury.&nbsp; Thigh pain can either come from overuse causing inflammation and resulting in pain, but can also be cause by tears of straining of the muscle.&nbsp; Pain can vary from a [&hellip;]<\/p>\n","protected":false},"author":2447,"featured_media":0,"parent":0,"menu_order":158,"comment_status":"closed","ping_status":"closed","template":"","meta":{"_analytify_skip_tracking":false,"footnotes":""},"class_list":["post-194","page","type-page","status-publish","hentry"],"_links":{"self":[{"href":"https:\/\/advancedsofttissuerelease.com\/fr\/wp-json\/wp\/v2\/pages\/194","targetHints":{"allow":["GET"]}}],"collection":[{"href":"https:\/\/advancedsofttissuerelease.com\/fr\/wp-json\/wp\/v2\/pages"}],"about":[{"href":"https:\/\/advancedsofttissuerelease.com\/fr\/wp-json\/wp\/v2\/types\/page"}],"author":[{"embeddable":true,"href":"https:\/\/advancedsofttissuerelease.com\/fr\/wp-json\/wp\/v2\/users\/2447"}],"replies":[{"embeddable":true,"href":"https:\/\/advancedsofttissuerelease.com\/fr\/wp-json\/wp\/v2\/comments?post=194"}],"version-history":[{"count":0,"href":"https:\/\/advancedsofttissuerelease.com\/fr\/wp-json\/wp\/v2\/pages\/194\/revisions"}],"wp:attachment":[{"href":"https:\/\/advancedsofttissuerelease.com\/fr\/wp-json\/wp\/v2\/media?parent=194"}],"curies":[{"name":"wp","href":"https:\/\/api.w.org\/{rel}","templated":true}]}}