{"id":198,"date":"2016-05-31T18:59:59","date_gmt":"2016-05-31T18:59:59","guid":{"rendered":"https:\/\/advancedsofttissuerelease.com\/shin-splints\/"},"modified":"2016-05-31T18:59:59","modified_gmt":"2016-05-31T18:59:59","slug":"attelles-de-tibia","status":"publish","type":"page","link":"https:\/\/advancedsofttissuerelease.com\/fr\/shin-splints\/","title":{"rendered":"Attelles de tibia"},"content":{"rendered":"<h1 class=\"p1\"> \t<span style=\"color:#696969;\"><span class=\"s1\"><b>Attelles de tibia<\/b><\/span><\/span><\/h1>\n<p class=\"p1\"> \t<span style=\"color:#696969;\"><span class=\"s2\">Les attelles de tibia se pr\u00e9sentent comme une douleur le long du tibia qui survient souvent chez les coureurs et les danseurs. Les attelles de tibia surviennent lorsque les muscles, les tendons et le tissu osseux sont surmen\u00e9s par une activit\u00e9 accrue ou un changement de routine. Cela peut provoquer une sensibilit\u00e9, des battements, des douleurs ou un l\u00e9ger gonflement \u00e0 l&#039;avant de la jambe. Les attelles de tibia peuvent durer de 1 \u00e0 3 jours, si elles semblent persister, elles pourraient faire partie d&#039;une blessure plus grave. &nbsp;<\/span><\/span><\/p>\n<p class=\"p2\"> \t<span style=\"color:#696969;\"><span style=\"font-family: 'Helvetica Neue', Helvetica, Arial, sans-serif; font-size: 30px; line-height: 1.1;\">Facteurs de risque d&#039;attelle de tibia<\/span><\/span><\/p>\n<ul>\n<li class=\"p1\"> \t\t<span style=\"color:#696969;\"><span class=\"s2\">Courir (en particulier les nouveaux coureurs ou commencer un nouveau programme de course)<\/span><\/span><\/li>\n<li class=\"p1\"> \t\t<span style=\"color:#696969;\"><span class=\"s2\">Pieds plats\/arches qui s&#039;effondrent<\/span><\/span><\/li>\n<li class=\"p1\"> \t\t<span style=\"color:#696969;\"><span class=\"s2\">Hautes arches<\/span><\/span><\/li>\n<li class=\"p1\"> \t\t<span style=\"color:#696969;\"><span class=\"s2\">Faiblesse dans les hanches ou le tronc<\/span><\/span><\/li>\n<li class=\"p1\"> \t\t<span style=\"color:#696969;\"><span class=\"s2\">Courir sur un terrain accident\u00e9<\/span><\/span><\/li>\n<li class=\"p1\"> \t\t<span style=\"color:#696969;\"><span class=\"s2\">Fractures de stress<\/span><\/span><\/li>\n<\/ul>\n<p class=\"p2\"> \t<span style=\"color:#696969;\"><span style=\"font-family: 'Helvetica Neue', Helvetica, Arial, sans-serif; font-size: 24px; line-height: 1.1;\">Traitement de l&#039;attelle de tibia<\/span><\/span><\/p>\n<p class=\"p1\"> \t<span style=\"color:#696969;\"><span class=\"s2\">ASTR utilise des approches holistiques, non invasives et sans douleur pour soulager la douleur sans l&#039;utilisation de m\u00e9dicaments. Nos m\u00e9decins utilisent des outils ASTR brevet\u00e9s pour d\u00e9composer et \u00e9liminer le tissu cicatriciel existant et la restriction myofasicale chez les patients. Des programmes d&#039;exercices sp\u00e9ciaux sp\u00e9cifiques sont donn\u00e9s aux patients qui sont con\u00e7us pour r\u00e9duire l&#039;inflammation et renforcer le muscle pour ramener le patient \u00e0 un fonctionnement et \u00e0 une activit\u00e9 normaux.<\/span><\/span><\/p>","protected":false},"excerpt":{"rendered":"<p>Shin Splints Shin splints presents itself as pain along the shin bone that often occurs in runners and dancers.&nbsp; Shin splints occurs when the muscles, tendons, and bone tissue are overworked from increased activity or change in routine.&nbsp; It can cause tenderness, throbbing, aching, or mild swelling in the front of the lower leg.&nbsp; Shin [&hellip;]<\/p>\n","protected":false},"author":2447,"featured_media":0,"parent":0,"menu_order":154,"comment_status":"closed","ping_status":"closed","template":"","meta":{"_analytify_skip_tracking":false,"footnotes":""},"class_list":["post-198","page","type-page","status-publish","hentry"],"_links":{"self":[{"href":"https:\/\/advancedsofttissuerelease.com\/fr\/wp-json\/wp\/v2\/pages\/198","targetHints":{"allow":["GET"]}}],"collection":[{"href":"https:\/\/advancedsofttissuerelease.com\/fr\/wp-json\/wp\/v2\/pages"}],"about":[{"href":"https:\/\/advancedsofttissuerelease.com\/fr\/wp-json\/wp\/v2\/types\/page"}],"author":[{"embeddable":true,"href":"https:\/\/advancedsofttissuerelease.com\/fr\/wp-json\/wp\/v2\/users\/2447"}],"replies":[{"embeddable":true,"href":"https:\/\/advancedsofttissuerelease.com\/fr\/wp-json\/wp\/v2\/comments?post=198"}],"version-history":[{"count":0,"href":"https:\/\/advancedsofttissuerelease.com\/fr\/wp-json\/wp\/v2\/pages\/198\/revisions"}],"wp:attachment":[{"href":"https:\/\/advancedsofttissuerelease.com\/fr\/wp-json\/wp\/v2\/media?parent=198"}],"curies":[{"name":"wp","href":"https:\/\/api.w.org\/{rel}","templated":true}]}}