{"id":201,"date":"2016-05-31T19:10:36","date_gmt":"2016-05-31T19:10:36","guid":{"rendered":"https:\/\/advancedsofttissuerelease.com\/heel-spur\/"},"modified":"2016-05-31T19:10:36","modified_gmt":"2016-05-31T19:10:36","slug":"epine-calcaneenne-2","status":"publish","type":"page","link":"https:\/\/advancedsofttissuerelease.com\/fr\/heel-spur\/","title":{"rendered":"\u00c9peron calcan\u00e9en"},"content":{"rendered":"<h1 class=\"p1\"> \t<span style=\"color:#696969;\"><span class=\"s1\"><b>\u00c9peron calcan\u00e9en<\/b><\/span><\/span><\/h1>\n<p class=\"p1\"> \t<span style=\"color:#696969;\"><span class=\"s2\">Une \u00e9pine calcan\u00e9enne se produit lorsque l&#039;os se d\u00e9veloppe sous ou sur le c\u00f4t\u00e9 de l&#039;os du talon en un point et peut causer de la douleur pendant l&#039;exercice ou la position debout pendant de longues p\u00e9riodes. Les \u00e9perons calcan\u00e9ens surviennent souvent avec la fasciite plantaire, lorsqu&#039;une inflammation des tendons des tissus mous ou du fascia du talon, ou avec une inflammation du tendon d&#039;Achille provoquant une sensibilit\u00e9 \u00e0 l&#039;arri\u00e8re du talon. Il est courant de voir des \u00e9pines calcan\u00e9ennes dans les sports qui impliquent beaucoup de course ou de saut. La douleur chronique qui va et vient peut survenir avec des douleurs pendant l&#039;exercice et une sensation de coup de couteau au bas du talon au r\u00e9veil. Il peut \u00e9galement revenir apr\u00e8s une longue p\u00e9riode de repos.&nbsp;<\/span><\/span><\/p>\n<h2 class=\"p2\"> \t<span style=\"color:#696969;\"><span style=\"font-family: &quot;Helvetica Neue&quot;, Helvetica, Arial, sans-serif; font-size: 30px; line-height: 1.1;\">Facteurs de risque pour les \u00e9pines calcan\u00e9ennes<\/span><\/span><\/h2>\n<ul>\n<li class=\"p1\"> \t\t<span style=\"color:#696969;\"><span class=\"s2\">Courir ou faire du jogging sur des surfaces dures<\/span><\/span><\/li>\n<li class=\"p1\"> \t\t<span style=\"color:#696969;\"><span class=\"s2\">Anomalies du pied<\/span><\/span><\/li>\n<li class=\"p1\"> \t\t<span style=\"color:#696969;\"><span class=\"s2\">Ob\u00e9sit\u00e9<\/span><\/span><\/li>\n<li class=\"p1\"> \t\t<span style=\"color:#696969;\"><span class=\"s2\">Manque de soutien de la vo\u00fbte plantaire dans les chaussures<\/span><\/span><\/li>\n<\/ul>\n<h3 class=\"p1\"> \t<span style=\"color:#696969;\"><span class=\"s1\">Traitement de l&#039;\u00e9pine calcan\u00e9enne<\/span><\/span><\/h3>\n<p class=\"p1\"> \t<span style=\"color:#696969;\"><span class=\"s2\">ASTR utilise des approches holistiques, non invasives et sans douleur pour soulager la douleur sans l&#039;utilisation de m\u00e9dicaments. Nos m\u00e9decins utilisent des outils ASTR brevet\u00e9s pour d\u00e9composer et \u00e9liminer le tissu cicatriciel existant et la restriction myofasicale chez les patients. Des programmes d&#039;exercices sp\u00e9ciaux sp\u00e9cifiques sont donn\u00e9s aux patients qui sont con\u00e7us pour r\u00e9duire l&#039;inflammation et renforcer le muscle pour ramener le patient \u00e0 un fonctionnement et \u00e0 une activit\u00e9 normaux.<\/span><\/span><\/p>","protected":false},"excerpt":{"rendered":"<p>Heel Spur A heel spur is when bone grows underneath or on the side of the heel bone in a point and can cause pain while exercising or standing for long periods of time.&nbsp; Heel spurs often occur with plantar fasciitis, when inflammation of the the soft tissue tendons or fascia in the heel, or [&hellip;]<\/p>\n","protected":false},"author":2447,"featured_media":0,"parent":0,"menu_order":151,"comment_status":"closed","ping_status":"closed","template":"","meta":{"_analytify_skip_tracking":false,"footnotes":""},"class_list":["post-201","page","type-page","status-publish","hentry"],"_links":{"self":[{"href":"https:\/\/advancedsofttissuerelease.com\/fr\/wp-json\/wp\/v2\/pages\/201","targetHints":{"allow":["GET"]}}],"collection":[{"href":"https:\/\/advancedsofttissuerelease.com\/fr\/wp-json\/wp\/v2\/pages"}],"about":[{"href":"https:\/\/advancedsofttissuerelease.com\/fr\/wp-json\/wp\/v2\/types\/page"}],"author":[{"embeddable":true,"href":"https:\/\/advancedsofttissuerelease.com\/fr\/wp-json\/wp\/v2\/users\/2447"}],"replies":[{"embeddable":true,"href":"https:\/\/advancedsofttissuerelease.com\/fr\/wp-json\/wp\/v2\/comments?post=201"}],"version-history":[{"count":0,"href":"https:\/\/advancedsofttissuerelease.com\/fr\/wp-json\/wp\/v2\/pages\/201\/revisions"}],"wp:attachment":[{"href":"https:\/\/advancedsofttissuerelease.com\/fr\/wp-json\/wp\/v2\/media?parent=201"}],"curies":[{"name":"wp","href":"https:\/\/api.w.org\/{rel}","templated":true}]}}