{"id":204,"date":"2016-05-31T19:14:03","date_gmt":"2016-05-31T19:14:03","guid":{"rendered":"https:\/\/advancedsofttissuerelease.com\/rotator-cuff-tendonitis\/"},"modified":"2022-01-15T12:40:59","modified_gmt":"2022-01-15T19:40:59","slug":"tendinite-de-la-coiffe-des-rotateurs-2","status":"publish","type":"page","link":"https:\/\/advancedsofttissuerelease.com\/fr\/rotator-cuff-tendonitis\/","title":{"rendered":"Tendinite de la coiffe des rotateurs"},"content":{"rendered":"<h1 class=\"p1\"><span style=\"color: #696969;\"><span class=\"s1\"><b>Tendinite de la coiffe des rotateurs<\/b><\/span><\/span><\/h1>\n<p><iframe title=\"Stop Rotator Cuff Tendonitis Naturally: Symptoms, Causes, Healing Cycle &amp; Treatment\" width=\"800\" height=\"450\" src=\"https:\/\/www.youtube.com\/embed\/9m8MbakUue0?feature=oembed\" frameborder=\"0\" allow=\"accelerometer; autoplay; clipboard-write; encrypted-media; gyroscope; picture-in-picture; web-share\" allowfullscreen><\/iframe><\/p>\n<p class=\"p1\"><span style=\"color: #696969;\"><span class=\"s2\">La tendinite de la coiffe des rotateurs survient lorsque la coiffe des rotateurs (articulation de l&#039;\u00e9paule) est enflamm\u00e9e. Cela se produit g\u00e9n\u00e9ralement au fil du temps \u00e0 cause d&#039;une utilisation excessive ou d&#039;un mouvement inappropri\u00e9 r\u00e9p\u00e9titif de la coiffe des rotateurs. Les sports qui pr\u00e9sentent un risque \u00e9lev\u00e9 de tendinite de la coiffe des rotateurs sont le tennis, la natation et le lancer. Les premiers sympt\u00f4mes de la tendinite de la coiffe des rotateurs peuvent s&#039;att\u00e9nuer avec le repos, mais les stades avanc\u00e9s peuvent n\u00e9cessiter un traitement de physioth\u00e9rapie pour retrouver une fonction compl\u00e8te et r\u00e9duire la douleur. \u00a0<\/span><\/span><\/p>\n<p class=\"p2\"><span style=\"color: #696969;\"><span style=\"font-family: 'Helvetica Neue', Helvetica, Arial, sans-serif; font-size: 30px; line-height: 1.1;\">Sympt\u00f4mes de la tendinite de la coiffe des rotateurs<\/span><\/span><\/p>\n<ul>\n<li class=\"p1\"><span style=\"color: #696969;\"><span class=\"s2\">Douleur et gonflement de l&#039;\u00e9paule et du bras<\/span><\/span><\/li>\n<li class=\"p1\"><span style=\"color: #696969;\"><span class=\"s2\">Raideur<\/span><\/span><\/li>\n<li class=\"p1\"><span style=\"color: #696969;\"><span class=\"s2\">Douleur en atteignant au-dessus de la t\u00eate ou en levant le bras<\/span><\/span><\/li>\n<li class=\"p1\"><span style=\"color: #696969;\"><span class=\"s2\">Clic dans l&#039;\u00e9paule\/le bras<\/span><\/span><\/li>\n<li class=\"p1\"><span style=\"color: #696969;\"><span class=\"s2\">Perte de mobilit\u00e9 du bras<\/span><\/span><\/li>\n<\/ul>\n<h3 class=\"p1\"><span style=\"color: #696969;\"><span class=\"s1\">Traitement de la tendinite de la coiffe des rotateurs<\/span><\/span><\/h3>\n<p class=\"p1\"><span style=\"color: #696969;\"><span class=\"s2\">ASTR utilise des approches holistiques, non invasives et sans douleur pour soulager la douleur sans l&#039;utilisation de m\u00e9dicaments. Nos m\u00e9decins utilisent des outils ASTR brevet\u00e9s pour d\u00e9composer et \u00e9liminer le tissu cicatriciel existant et la restriction myofasicale chez les patients. Des programmes d&#039;exercices sp\u00e9ciaux sp\u00e9cifiques sont donn\u00e9s aux patients qui sont con\u00e7us pour r\u00e9duire l&#039;inflammation et renforcer le muscle pour ramener le patient \u00e0 un fonctionnement et \u00e0 une activit\u00e9 normaux.<\/span><\/span><\/p>","protected":false},"excerpt":{"rendered":"<p>Rotator Cuff Tendonitis Rotator cuff tendonitis is when the rotator cuff (shoulder joint) is inflamed.\u00a0 This usually occurs over time from overuse or repetitive improper motion in the rotator cuff.\u00a0 Those sports that have a high risk for rotator cuff tendonitis include tennis, swimming, and pitching.\u00a0 Early symptoms of rotator cuff tendonitis can subside with [&hellip;]<\/p>\n","protected":false},"author":2447,"featured_media":0,"parent":0,"menu_order":148,"comment_status":"closed","ping_status":"closed","template":"","meta":{"_analytify_skip_tracking":false,"footnotes":""},"class_list":["post-204","page","type-page","status-publish","hentry"],"_links":{"self":[{"href":"https:\/\/advancedsofttissuerelease.com\/fr\/wp-json\/wp\/v2\/pages\/204","targetHints":{"allow":["GET"]}}],"collection":[{"href":"https:\/\/advancedsofttissuerelease.com\/fr\/wp-json\/wp\/v2\/pages"}],"about":[{"href":"https:\/\/advancedsofttissuerelease.com\/fr\/wp-json\/wp\/v2\/types\/page"}],"author":[{"embeddable":true,"href":"https:\/\/advancedsofttissuerelease.com\/fr\/wp-json\/wp\/v2\/users\/2447"}],"replies":[{"embeddable":true,"href":"https:\/\/advancedsofttissuerelease.com\/fr\/wp-json\/wp\/v2\/comments?post=204"}],"version-history":[{"count":0,"href":"https:\/\/advancedsofttissuerelease.com\/fr\/wp-json\/wp\/v2\/pages\/204\/revisions"}],"wp:attachment":[{"href":"https:\/\/advancedsofttissuerelease.com\/fr\/wp-json\/wp\/v2\/media?parent=204"}],"curies":[{"name":"wp","href":"https:\/\/api.w.org\/{rel}","templated":true}]}}