{"id":205,"date":"2016-05-31T19:49:12","date_gmt":"2016-05-31T19:49:12","guid":{"rendered":"https:\/\/advancedsofttissuerelease.com\/parkinson-s\/"},"modified":"2016-05-31T19:49:12","modified_gmt":"2016-05-31T19:49:12","slug":"parkinson-s","status":"publish","type":"page","link":"https:\/\/advancedsofttissuerelease.com\/fr\/parkinson-s\/","title":{"rendered":"Parkinson"},"content":{"rendered":"<h1 class=\"p1\"> \t<span style=\"color:#696969;\"><span class=\"s1\"><b>Parkinson<\/b><\/span><\/span><\/h1>\n<p class=\"p1\"> \t<span style=\"color:#696969;\"><span class=\"s2\">La maladie de Parkinson est un trouble neurologique progressif qui endommage les cellules nerveuses du cerveau qui produisent la dopamine. La dopamine nous aide \u00e0 garder nos muscles calmes et lorsque les niveaux de dopamine diminuent, l&#039;activit\u00e9 c\u00e9r\u00e9brale est affect\u00e9e. Les premiers stades de la maladie de Parkinson commencent par des tremblements l\u00e9gers ou l\u00e9gers, un discours plus doux et une raideur du visage. Ces sympt\u00f4mes augmentent avec le temps et certaines personnes peuvent ne ressentir que des sympt\u00f4mes l\u00e9gers. La maladie de Parkinson n&#039;a pas de cause connue bien que les g\u00e8nes puissent jouer un r\u00f4le. Il n&#039;y a pas non plus de rem\u00e8de contre la maladie de Parkinson et seul un traitement peut aider \u00e0 g\u00e9rer les sympt\u00f4mes.<\/span><\/span><\/p>\n<h2 class=\"p1\"> \t<span style=\"color:#696969;\"><span class=\"s1\">Sympt\u00f4mes de la maladie de Parkinson<\/span><\/span><\/h2>\n<ul>\n<li class=\"p1\"> \t\t<span style=\"color:#696969;\"><span class=\"s2\">Tremblements (souvent dans les doigts)<\/span><\/span><\/li>\n<li class=\"p1\"> \t\t<span style=\"color:#696969;\"><span class=\"s2\">Mouvement lent<\/span><\/span><\/li>\n<li class=\"p1\"> \t\t<span style=\"color:#696969;\"><span class=\"s2\">Changements de discours<\/span><\/span><\/li>\n<li class=\"p1\"> \t\t<span style=\"color:#696969;\"><span class=\"s2\">Diminution de l&#039;expression du visage<\/span><\/span><\/li>\n<li class=\"p1\"> \t\t<span style=\"color:#696969;\"><span class=\"s2\">Posture tra\u00eenante ou pench\u00e9e<\/span><\/span><\/li>\n<li class=\"p1\"> \t\t<span style=\"color:#696969;\"><span class=\"s2\">Rigidit\u00e9 musculaire<\/span><\/span><\/li>\n<li class=\"p1\"> \t\t<span style=\"color:#696969;\"><span class=\"s2\">Modifications d&#039;\u00e9criture<\/span><\/span><\/li>\n<\/ul>\n<h3 class=\"p2\"> \t<span style=\"color:#696969;\"><span style=\"font-family: &quot;Helvetica Neue&quot;, Helvetica, Arial, sans-serif; font-size: 24px; line-height: 1.1;\">Traitement de la maladie de Parkinson<\/span><\/span><\/h3>\n<p class=\"p1\"> \t<span style=\"color:#696969;\"><span class=\"s2\">ASTR utilise des approches holistiques, non invasives et sans douleur pour soulager la douleur sans l&#039;utilisation de m\u00e9dicaments. Nos m\u00e9decins utilisent des outils ASTR brevet\u00e9s pour d\u00e9composer et \u00e9liminer le tissu cicatriciel existant et la restriction myofasicale chez les patients. Des programmes d&#039;exercices sp\u00e9ciaux sp\u00e9cifiques sont donn\u00e9s aux patients qui sont con\u00e7us pour r\u00e9duire l&#039;inflammation et renforcer le muscle pour ramener le patient \u00e0 un fonctionnement et \u00e0 une activit\u00e9 normaux.<\/span><\/span><\/p>","protected":false},"excerpt":{"rendered":"<p>Parkinson\u2019s Parkinson\u2019s is a progressive neurological disorder that damages the nerve cells in the brain that produce dopamine.&nbsp; Dopamine helps us to keep our muscles calm and when dopamine levels decrease brain activity is affected.&nbsp; Early stages of Parkinson\u2019s begins with mild or slight tremors, softer speech and stiffening in the face.&nbsp; These symptoms increase [&hellip;]<\/p>\n","protected":false},"author":2447,"featured_media":0,"parent":0,"menu_order":147,"comment_status":"closed","ping_status":"closed","template":"","meta":{"_analytify_skip_tracking":false,"footnotes":""},"class_list":["post-205","page","type-page","status-publish","hentry"],"_links":{"self":[{"href":"https:\/\/advancedsofttissuerelease.com\/fr\/wp-json\/wp\/v2\/pages\/205","targetHints":{"allow":["GET"]}}],"collection":[{"href":"https:\/\/advancedsofttissuerelease.com\/fr\/wp-json\/wp\/v2\/pages"}],"about":[{"href":"https:\/\/advancedsofttissuerelease.com\/fr\/wp-json\/wp\/v2\/types\/page"}],"author":[{"embeddable":true,"href":"https:\/\/advancedsofttissuerelease.com\/fr\/wp-json\/wp\/v2\/users\/2447"}],"replies":[{"embeddable":true,"href":"https:\/\/advancedsofttissuerelease.com\/fr\/wp-json\/wp\/v2\/comments?post=205"}],"version-history":[{"count":0,"href":"https:\/\/advancedsofttissuerelease.com\/fr\/wp-json\/wp\/v2\/pages\/205\/revisions"}],"wp:attachment":[{"href":"https:\/\/advancedsofttissuerelease.com\/fr\/wp-json\/wp\/v2\/media?parent=205"}],"curies":[{"name":"wp","href":"https:\/\/api.w.org\/{rel}","templated":true}]}}