{"id":2103,"date":"2019-01-16T17:34:08","date_gmt":"2019-01-16T17:34:08","guid":{"rendered":"https:\/\/advancedsofttissuerelease.com\/?page_id=2103"},"modified":"2020-01-05T18:44:13","modified_gmt":"2020-01-06T02:44:13","slug":"avis-de-non-responsabilite-de-laimant-2","status":"publish","type":"page","link":"https:\/\/advancedsofttissuerelease.com\/fr\/magnet-disclaimer\/","title":{"rendered":"Avis de non-responsabilit\u00e9 de l&#039;aimant"},"content":{"rendered":"<p><\/p>\r\n<p>&nbsp;<\/p>\r\n<p><span style=\"font-size: 12pt;\"><strong>Avis de non-responsabilit\u00e9 de l&#039;aimant<\/strong><\/span><\/p>\r\n\r\n\r\n\r\n<p>ASTR Institute n&#039;est pas responsable de toute blessure, destruction ou dommage que MagnaHeal pourrait causer \u00e0 la suite de son utilisation. Avant d&#039;acheter le MagnaHeal, l&#039;acheteur atteste qu&#039;il a lu et compris les avertissements suivants\u00a0:<\/p>\r\n<div><strong>Contre-indications\u00a0:<\/strong> MagnaHeal doit \u00eatre \u00e9vit\u00e9 si vous avez l&#039;un des \u00e9l\u00e9ments suivants\u00a0:<\/div>\r\n<ul>\r\n<li>Stimulateur cardiaque<\/li>\r\n<li>Grossesse<\/li>\r\n<li>Tout appareil \u00e9lectronique dans votre corps<\/li>\r\n<li>Crise d&#039;\u00e9pilepsie<\/li>\r\n<\/ul>\r\n\r\n\r\n\r\n<p>L&#039;acheteur atteste qu&#039;il assume la responsabilit\u00e9 de 100% pour toutes les blessures et tous les dommages que le MagnaHeal pourrait potentiellement causer. Cela inclut les blessures \u00e0 soi-m\u00eame ou \u00e0 autrui, les dommages mat\u00e9riels et les dommages au MagnaHeal. L&#039;acheteur doit accepter ces conditions avant d&#039;acheter le MagnaHeal.<\/p>\r\n\r\n\r\n\r\n<p>ASTR Institute fournira une estimation de la force de traction pour le MagnaHeal, mais nous ne sommes pas responsables de toute divergence ou inexactitude de la force de traction des aimants. Veuillez tester la force de traction avant de l&#039;utiliser.<\/p>\r\n\r\n\r\n\r\n<p>MagnaHeal est tr\u00e8s puissant. Il est essentiel qu&#039;il soit manipul\u00e9 avec soin pour \u00e9viter d&#039;endommager l&#039;aimant et de se blesser ou de blesser d&#039;autres personnes. Les aimants de la m\u00eame taille ou plus grands qu&#039;un cube de 2 pouces peuvent causer de tr\u00e8s graves dommages aux doigts si les doigts sont coinc\u00e9s entre les 2 aimants. Les os peuvent se briser et le bout des doigts peut \u00eatre perdu.\u00a0<\/p>\r\n\r\n\r\n\r\n<p>MagnaHeal est cassable. En cas de chute ou de choc, il peut se casser ou se briser. Portez des gants et des lunettes de protection lorsque vous tenez et utilisez le MagnaHeal, car des \u00e9clats et\/ou des entretoises pourraient se d\u00e9tacher et s&#039;envoler du MagnaHeal.<\/p>\r\n\r\n\r\n\r\n<ul>\r\n<li>Si MagnaHeal est chauff\u00e9 au-dessus de 175 degr\u00e9s Farenheit ou 80 degr\u00e9s Celsius, il perdra sa propri\u00e9t\u00e9 magn\u00e9tique.\r\n\r\n<\/li>\r\n<li>MagnaHeal a un champ magn\u00e9tique tr\u00e8s puissant et peut endommager les \u00e9l\u00e9ments suivants\u00a0: ordinateurs, t\u00e9l\u00e9viseurs, \u00e9crans d&#039;ordinateur, supports de donn\u00e9es, t\u00e9l\u00e9phones, appareils \u00e9lectroniques, cartes de cr\u00e9dit, montres, appareils auditifs, stimulateurs cardiaques, etc.\r\n\r\n<\/li>\r\n<li>Les stimulateurs cardiaques sont une contre-indication et peuvent \u00eatre endommag\u00e9s s&#039;ils sont expos\u00e9s au MagnaHeal. Les patients porteurs de stimulateurs cardiaques doivent rester \u00e0 au moins 3 pieds du MagnaHeal.\u00a0\r\n\r\n<\/li>\r\n<li>Les enfants ne doivent pas utiliser ou toucher le MagnaHeal car cela peut \u00eatre dangereux et pr\u00e9senter un risque d&#039;\u00e9touffement. Les enfants peuvent s&#039;\u00e9touffer avec l&#039;aimant et cela peut causer des dommages internes. MagnaHeal ne doit \u00eatre utilis\u00e9 qu&#039;\u00e0 l&#039;ext\u00e9rieur.\u00a0\r\n\r\n<\/li>\r\n<li>Le MagnaHeal ne doit pas \u00eatre modifi\u00e9 du tout. Aucune coupe, per\u00e7age ou sciage du MagnaHeal n&#039;est autoris\u00e9. Les particules du MagnaHeal provenant de la coupe peuvent cr\u00e9er un environnement tr\u00e8s dangereux car les particules sont hautement inflammables. L&#039;aimant se cassera s&#039;il est sci\u00e9, coup\u00e9 ou perc\u00e9. MagnaHeal ne doit jamais \u00eatre br\u00fbl\u00e9 en raison de la toxicit\u00e9 que cela cr\u00e9erait.\u00a0<\/li>\r\n<\/ul>","protected":false},"excerpt":{"rendered":"<p>&nbsp; Magnet Disclaimer ASTR Institute is not liable or responsible for any injury, destruction or harm the MagnaHeal may cause as a result of its use. Before purchasing the MagnaHeal, the purchaser attests that they have read and understand the following warnings: Contraindications: MagnaHeal should be avoided if you have one of the following: Pacemaker [&hellip;]<\/p>\n","protected":false},"author":2447,"featured_media":0,"parent":0,"menu_order":0,"comment_status":"closed","ping_status":"closed","template":"","meta":{"_analytify_skip_tracking":false,"footnotes":""},"class_list":["post-2103","page","type-page","status-publish","hentry"],"_links":{"self":[{"href":"https:\/\/advancedsofttissuerelease.com\/fr\/wp-json\/wp\/v2\/pages\/2103","targetHints":{"allow":["GET"]}}],"collection":[{"href":"https:\/\/advancedsofttissuerelease.com\/fr\/wp-json\/wp\/v2\/pages"}],"about":[{"href":"https:\/\/advancedsofttissuerelease.com\/fr\/wp-json\/wp\/v2\/types\/page"}],"author":[{"embeddable":true,"href":"https:\/\/advancedsofttissuerelease.com\/fr\/wp-json\/wp\/v2\/users\/2447"}],"replies":[{"embeddable":true,"href":"https:\/\/advancedsofttissuerelease.com\/fr\/wp-json\/wp\/v2\/comments?post=2103"}],"version-history":[{"count":0,"href":"https:\/\/advancedsofttissuerelease.com\/fr\/wp-json\/wp\/v2\/pages\/2103\/revisions"}],"wp:attachment":[{"href":"https:\/\/advancedsofttissuerelease.com\/fr\/wp-json\/wp\/v2\/media?parent=2103"}],"curies":[{"name":"wp","href":"https:\/\/api.w.org\/{rel}","templated":true}]}}