{"id":228,"date":"2016-06-01T00:42:37","date_gmt":"2016-06-01T00:42:37","guid":{"rendered":"https:\/\/advancedsofttissuerelease.com\/posterior-cruciate-ligament-injury-pcl\/"},"modified":"2016-06-01T00:42:37","modified_gmt":"2016-06-01T00:42:37","slug":"lesion-du-ligament-croise-posterieur-pcl","status":"publish","type":"page","link":"https:\/\/advancedsofttissuerelease.com\/fr\/posterior-cruciate-ligament-injury-pcl\/","title":{"rendered":"L\u00e9sion du ligament crois\u00e9 post\u00e9rieur (PCL)"},"content":{"rendered":"<h1 class=\"p1\"> \t<span style=\"color:#696969;\"><span class=\"s1\">L\u00e9sion du ligament crois\u00e9 post\u00e9rieur (PCL)<\/span><\/span><\/h1>\n<p class=\"p1\"> \t<span style=\"color:#696969;\"><span class=\"s1\">Le ligament crois\u00e9 post\u00e9rieur est une petite bande qui relie l&#039;os haut (f\u00e9mur) au tibia (tibia). Une d\u00e9chirure du PCL est due \u00e0 un coup direct \u00e0 l&#039;avant du genou (comme tomber sur un genou pli\u00e9 dans le sport), \u00e0 une traction ou \u00e0 un \u00e9tirement du ligament ou \u00e0 un faux pas. Une torsion ou une surextension du genou peut emp\u00eacher la personne de porter tout son poids sur le genou. Le PCL est le ligament le plus fort du genou, ce qui signifie que les blessures sont g\u00e9n\u00e9ralement dues \u00e0 un traumatisme ou \u00e0 une flexion arri\u00e8re du genou, ou \u00e0 une force exerc\u00e9e sur le genou, comme un accident de voiture. Une d\u00e9chirure PCL varie g\u00e9n\u00e9ralement d&#039;une d\u00e9chirure partielle \u00e0 une d\u00e9chirure compl\u00e8te. &nbsp;<\/span><\/span><\/p>\n<h2 class=\"p1\"> \t<span style=\"color:#696969;\"><span class=\"s1\">Sympt\u00f4mes d&#039;une blessure au PCL<\/span><\/span><\/h2>\n<ul>\n<li class=\"li1\"> \t\t<span style=\"color:#696969;\"><span class=\"s1\">Douleur et gonflement du genou<\/span><\/span><\/li>\n<li class=\"li1\"> \t\t<span style=\"color:#696969;\"><span class=\"s1\">Le genou est instable<\/span><\/span><\/li>\n<li class=\"li1\"> \t\t<span style=\"color:#696969;\"><span class=\"s1\">Incapacit\u00e9 \u00e0 porter du poids sur le genou<\/span><\/span><\/li>\n<\/ul>\n<h3 class=\"p1\"> \t<span style=\"color:#696969;\"><span class=\"s1\">Traitement des blessures PCL&nbsp;<\/span><\/span><\/h3>\n<ul>\n<li class=\"li1\"> \t\t<span style=\"color:#696969;\"><span class=\"s1\">Outils ASTR\u00ae : Nos m\u00e9decins utilisent une vari\u00e9t\u00e9 d&#039;outils ASTR\u00ae pour lib\u00e9rer le tissu cicatriciel et la restriction myofasciale, ce qui peut diminuer la flexibilit\u00e9 et ajouter plus de pression sur le ligament crois\u00e9 post\u00e9rieur.<\/span><\/span><\/li>\n<li class=\"li1\"> \t\t<span style=\"color:#696969;\"><span class=\"s1\">Programme d&#039;exercices sp\u00e9ciaux pour diminuer la pression sur le PCL, renforcer les muscles, stabiliser le genou pour aider le patient \u00e0 retrouver une fonction et des activit\u00e9s normales.<\/span><\/span><\/li>\n<li class=\"li1\"> \t\t<span style=\"color:#696969;\"><span class=\"s1\">Instructions sp\u00e9ciales sur la fa\u00e7on d&#039;acc\u00e9l\u00e9rer le temps de r\u00e9cup\u00e9ration.<\/span><\/span><\/li>\n<\/ul>","protected":false},"excerpt":{"rendered":"<p>Posterior Cruciate Ligament injury (PCL) The posterior cruciate ligament is a small band that connects the high bone (femur) to the shin bone (tibia).&nbsp; A PCL tear is due to a direct blow to the front of the knee (like falling on a bent knee in sports), pulling or stretching of the ligament, or a [&hellip;]<\/p>\n","protected":false},"author":2447,"featured_media":0,"parent":0,"menu_order":124,"comment_status":"closed","ping_status":"closed","template":"","meta":{"_analytify_skip_tracking":false,"footnotes":""},"class_list":["post-228","page","type-page","status-publish","hentry"],"_links":{"self":[{"href":"https:\/\/advancedsofttissuerelease.com\/fr\/wp-json\/wp\/v2\/pages\/228","targetHints":{"allow":["GET"]}}],"collection":[{"href":"https:\/\/advancedsofttissuerelease.com\/fr\/wp-json\/wp\/v2\/pages"}],"about":[{"href":"https:\/\/advancedsofttissuerelease.com\/fr\/wp-json\/wp\/v2\/types\/page"}],"author":[{"embeddable":true,"href":"https:\/\/advancedsofttissuerelease.com\/fr\/wp-json\/wp\/v2\/users\/2447"}],"replies":[{"embeddable":true,"href":"https:\/\/advancedsofttissuerelease.com\/fr\/wp-json\/wp\/v2\/comments?post=228"}],"version-history":[{"count":0,"href":"https:\/\/advancedsofttissuerelease.com\/fr\/wp-json\/wp\/v2\/pages\/228\/revisions"}],"wp:attachment":[{"href":"https:\/\/advancedsofttissuerelease.com\/fr\/wp-json\/wp\/v2\/media?parent=228"}],"curies":[{"name":"wp","href":"https:\/\/api.w.org\/{rel}","templated":true}]}}