{"id":2647,"date":"2019-01-31T23:27:44","date_gmt":"2019-01-31T23:27:44","guid":{"rendered":"https:\/\/advancedsofttissuerelease.com\/?page_id=2647"},"modified":"2019-01-31T23:27:51","modified_gmt":"2019-01-31T23:27:51","slug":"atterrissage-50-2","status":"publish","type":"page","link":"https:\/\/advancedsofttissuerelease.com\/fr\/landing-50\/","title":{"rendered":"Atterrissage 50"},"content":{"rendered":"<figure class=\"wp-block-embed-youtube wp-block-embed is-type-video is-provider-youtube wp-embed-aspect-16-9 wp-has-aspect-ratio\"><div class=\"wp-block-embed__wrapper\">\n<iframe title=\"1 Year of Knee Pain Relieved Before Your Eyes (REAL TREATMENT!!!)\" width=\"800\" height=\"450\" src=\"https:\/\/www.youtube.com\/embed\/R3LAkooeAOk?feature=oembed\" frameborder=\"0\" allow=\"accelerometer; autoplay; clipboard-write; encrypted-media; gyroscope; picture-in-picture; web-share\" allowfullscreen><\/iframe>\n<\/div><\/figure>\n\n\n\n<p>Lorsque Pedro a eu son premier traitement ASTR, il souffrait d&#039;une douleur au genou qui l&#039;emp\u00eachait de marcher ou de se tenir debout pendant un an. Il a re\u00e7u une attelle pour aider \u00e0 la stabilit\u00e9, a essay\u00e9 une th\u00e9rapie physique, ainsi que des injections de cortisone. Apr\u00e8s tout cela, sa douleur \u00e9tait de 7 sur 10 et son amplitude de mouvement de flexion de d\u00e9part \u00e9tait de 110 degr\u00e9s. Apr\u00e8s son premier traitement ASTR, sa douleur a diminu\u00e9 \u00e0 0 sur 10 et son mouvement a augment\u00e9 \u00e0 135 degr\u00e9s.<\/p>","protected":false},"excerpt":{"rendered":"<p>When Pedro had his first ASTR treatment, he was suffering from a year long knee pain that inhibited him from walking or standing. He was given a brace to help with stability, tried physical therapy, as well as cortisone shots. After all this,&nbsp;his pain was at a 7 out of 10 and his range of [&hellip;]<\/p>\n","protected":false},"author":2447,"featured_media":0,"parent":0,"menu_order":0,"comment_status":"closed","ping_status":"closed","template":"","meta":{"_analytify_skip_tracking":false,"footnotes":""},"class_list":["post-2647","page","type-page","status-publish","hentry"],"_links":{"self":[{"href":"https:\/\/advancedsofttissuerelease.com\/fr\/wp-json\/wp\/v2\/pages\/2647","targetHints":{"allow":["GET"]}}],"collection":[{"href":"https:\/\/advancedsofttissuerelease.com\/fr\/wp-json\/wp\/v2\/pages"}],"about":[{"href":"https:\/\/advancedsofttissuerelease.com\/fr\/wp-json\/wp\/v2\/types\/page"}],"author":[{"embeddable":true,"href":"https:\/\/advancedsofttissuerelease.com\/fr\/wp-json\/wp\/v2\/users\/2447"}],"replies":[{"embeddable":true,"href":"https:\/\/advancedsofttissuerelease.com\/fr\/wp-json\/wp\/v2\/comments?post=2647"}],"version-history":[{"count":0,"href":"https:\/\/advancedsofttissuerelease.com\/fr\/wp-json\/wp\/v2\/pages\/2647\/revisions"}],"wp:attachment":[{"href":"https:\/\/advancedsofttissuerelease.com\/fr\/wp-json\/wp\/v2\/media?parent=2647"}],"curies":[{"name":"wp","href":"https:\/\/api.w.org\/{rel}","templated":true}]}}