{"id":28553,"date":"2021-08-02T11:42:33","date_gmt":"2021-08-02T17:42:33","guid":{"rendered":"https:\/\/advancedsofttissuerelease.com\/?page_id=28553"},"modified":"2021-08-02T12:01:12","modified_gmt":"2021-08-02T18:01:12","slug":"stage-coordinateur-marketing-2","status":"publish","type":"page","link":"https:\/\/advancedsofttissuerelease.com\/fr\/marketing-coordinator-internship\/","title":{"rendered":"Stage coordinateur marketing"},"content":{"rendered":"<h1><strong>Stage coordinateur marketing<\/strong><\/h1>\n<p><strong>Temps partiel, non r\u00e9mun\u00e9r\u00e9 \u2013 horaires flexibles \u2013 travail \u00e0 domicile<\/strong><\/p>\n<p>Si vous \u00eates un joueur d&#039;\u00e9quipe qui poss\u00e8de d&#039;excellentes comp\u00e9tences en \u00e9criture, nous vous voulons! Ce poste d\u00e9buterait \u00e0 temps partiel avec un potentiel d&#039;\u00e9volution.<\/p>\n<p><strong>Conditions<\/strong><\/p>\n<p>- Dipl\u00f4me en marketing\/commerce de pr\u00e9f\u00e9rence<\/p>\n<p>-Connaissance exceptionnelle du marketing des m\u00e9dias sociaux<\/p>\n<p>-Excellentes comp\u00e9tences en communication verbale et \u00e9crite<\/p>\n<p>-R\u00e9daction de contenu (SEO, Blogs, campagnes emailing)<\/p>\n<p>-Cr\u00e9er des supports marketing<\/p>\n<p><strong>Comp\u00e9tences qui seront acquises li\u00e9es \u00e0:<\/strong><\/p>\n<p>-Marketing des m\u00e9dias sociaux<\/p>\n<p>-SEO<\/p>\n<p>- Planifier et r\u00e9diger des campagnes d&#039;e-mailing<\/p>\n<p><strong>Comment s&#039;inscrire?<\/strong><\/p>\n<p>-Faire le test de personnalit\u00e9\u00a0<a href=\"https:\/\/www.16personalities.com\" target=\"_blank\" rel=\"noopener\">16personnalit\u00e9s.com<\/a><\/p>\n<p>-Envoyez par e-mail votre CV, votre lettre de motivation et vos r\u00e9sultats de test de personnalit\u00e9\u00a0: <a href=\"mailto:support@ASTRinstitute.com\">support@ASTRinstitute.com<\/a><\/p>\n<p>-Remplir les formulaires suivants <a href=\"https:\/\/advancedsofttissuerelease.com\/wp-content\/uploads\/2019\/08\/Intern-Consent-Form.pdf\">Formulaire de consentement du stagiaire<\/a>\u00a0&amp; <a href=\"https:\/\/advancedsofttissuerelease.com\/wp-content\/uploads\/2019\/08\/Non-discoulsure.pdf\">Non-divulgation<\/a><\/p>\n<p>-Pour se pr\u00e9parer au stage regarder la premi\u00e8re <strong>7 vid\u00e9os<\/strong> dans ce <a href=\"https:\/\/advancedsofttissuerelease.com\/fr\/videos-educatives-2\/\">page<\/a><\/p>","protected":false},"excerpt":{"rendered":"<p>Marketing Coordinator Internship Part time, unpaid &#8211; flexible hours &#8211; work from home If you are a team player who has excellent writing skills then we want you!\u00a0This position would start part-time with potential for growth. Requirements -Marketing\/ business degree preferred -Exceptional knowledge of social media marketing -Excellent verbal and written communications skills -Content writing [&hellip;]<\/p>\n","protected":false},"author":1,"featured_media":0,"parent":0,"menu_order":0,"comment_status":"closed","ping_status":"closed","template":"","meta":{"_analytify_skip_tracking":false,"footnotes":""},"class_list":["post-28553","page","type-page","status-publish","hentry"],"_links":{"self":[{"href":"https:\/\/advancedsofttissuerelease.com\/fr\/wp-json\/wp\/v2\/pages\/28553","targetHints":{"allow":["GET"]}}],"collection":[{"href":"https:\/\/advancedsofttissuerelease.com\/fr\/wp-json\/wp\/v2\/pages"}],"about":[{"href":"https:\/\/advancedsofttissuerelease.com\/fr\/wp-json\/wp\/v2\/types\/page"}],"author":[{"embeddable":true,"href":"https:\/\/advancedsofttissuerelease.com\/fr\/wp-json\/wp\/v2\/users\/1"}],"replies":[{"embeddable":true,"href":"https:\/\/advancedsofttissuerelease.com\/fr\/wp-json\/wp\/v2\/comments?post=28553"}],"version-history":[{"count":0,"href":"https:\/\/advancedsofttissuerelease.com\/fr\/wp-json\/wp\/v2\/pages\/28553\/revisions"}],"wp:attachment":[{"href":"https:\/\/advancedsofttissuerelease.com\/fr\/wp-json\/wp\/v2\/media?parent=28553"}],"curies":[{"name":"wp","href":"https:\/\/api.w.org\/{rel}","templated":true}]}}