{"id":300,"date":"2017-02-04T19:25:53","date_gmt":"2017-02-04T19:25:53","guid":{"rendered":"https:\/\/advancedsofttissuerelease.com\/landing-8\/"},"modified":"2017-02-04T19:25:53","modified_gmt":"2017-02-04T19:25:53","slug":"landing-8","status":"publish","type":"page","link":"https:\/\/advancedsofttissuerelease.com\/fr\/landing-8\/","title":{"rendered":"Landing 7"},"content":{"rendered":"<p style=\"text-align: center;\"> \t<span style=\"font-size:24px;\"><strong><font color=\"#ff0000\" face=\"lato, helvetica neue, helvetica, arial, sans-serif\">Published Study: 87% LONG-TERM pain relief with ASTR Treatment!<\/font><\/strong><\/span><\/p>\n<p style=\"text-align: center;\"> \t&nbsp;<\/p>\n<p style=\"text-align: center;\"> \t<img fetchpriority=\"high\" decoding=\"async\" class=\"size-full wp-image-543\" alt=\"\" src=\"https:\/\/advancedsofttissuerelease.com\/wp-content\/uploads\/2017\/02\/ASTR-advanced-scar-tissue-release.jpg\" width=\"1970\" height=\"974\" srcset=\"https:\/\/advancedsofttissuerelease.com\/wp-content\/uploads\/2017\/02\/ASTR-advanced-scar-tissue-release.jpg 500w, https:\/\/advancedsofttissuerelease.com\/wp-content\/uploads\/2017\/02\/ASTR-advanced-scar-tissue-release-200x99.jpg 200w, https:\/\/advancedsofttissuerelease.com\/wp-content\/uploads\/2017\/02\/ASTR-advanced-scar-tissue-release-300x148.jpg 300w\" sizes=\"(max-width: 1970px) 100vw, 1970px\" \/><\/p>\n<p> \t&nbsp;<\/p>\n<p> \t<strong style=\"color: rgba(0, 0, 0, 0.701961); font-family: inherit; font-size: 21px; orphans: 2; widows: 2; margin: 0px; padding: 0px; border: 0px; font-style: inherit; font-variant-ligatures: inherit; font-variant-position: inherit; font-variant-caps: inherit; font-variant-numeric: inherit; font-variant-alternates: inherit; font-variant-east-asian: inherit; font-stretch: inherit; line-height: inherit; vertical-align: baseline; outline: 0px; background-color: transparent;\">Study Findings<\/strong><\/p>\n<p> \t&nbsp;<\/p>\n<p> \t<span style=\"color: rgba(0, 0, 0, 0.701961); font-family: 'Source Serif Pro', serif; font-size: 21px; font-variant-ligatures: normal; orphans: 2; white-space: pre-wrap; widows: 2;\">The study included 149 patients who came to outpatient physical therapy clinic with several types of soft tissue injuries of the neck. 32 patients didn\u2019t meet the criteria, 12 discontinued <\/span><a href=\"http:\/\/advancedsofttissuerelease.com\/fr\/\" rel=\"noopener nofollow\" style=\"padding: 0px; margin: 0px; font-size: 21px; vertical-align: baseline; background-color: transparent; outline: 0px; border: 0px; color: rgb(140, 104, 203); box-sizing: border-box; word-wrap: break-word; font-family: 'Source Serif Pro', serif; font-variant-ligatures: normal; orphans: 2; white-space: pre-wrap; widows: 2; background-position: 0px 0px; background-repeat: initial initial;\" target=\"_blank\">AST<\/a><span style=\"color: rgba(0, 0, 0, 0.701961); font-family: 'Source Serif Pro', serif; font-size: 21px; font-variant-ligatures: normal; orphans: 2; white-space: pre-wrap; widows: 2;\"> treatment prior to completing the program; 105 were included in the study and only 47 were able to be contacted for long-term follow up questionnaire. The results were outstanding in that 83% of patients experienced pain relief after the treatment and 97% felt relief within the first two treatments. Almost (44%) half of the subjects had received previous treatment that was unsuccessful.&nbsp;A follow up was done for all patients of which 45% responded and 87% were still pain free <\/span><u><span style=\"margin: 0px; padding: 0px; border: 0px; outline: 0px; font-size: 21px; vertical-align: baseline; font-weight: 700; box-sizing: border-box; color: rgba(0, 0, 0, 0.701961); font-family: 'Source Serif Pro', serif; font-variant-ligatures: normal; orphans: 2; white-space: pre-wrap; widows: 2; background-position: 0px 0px; background-repeat: initial initial;\">one to two years<\/span><\/u><span style=\"color: rgba(0, 0, 0, 0.701961); font-family: 'Source Serif Pro', serif; font-size: 21px; font-variant-ligatures: normal; orphans: 2; white-space: pre-wrap; widows: 2;\">&nbsp;after treatment. On September 1, 2016, the study was officially published in the <\/span><a href=\"http:\/\/medcraveonline.com\/MOJOR\/MOJOR-05-00188.pdf\" rel=\"noopener nofollow\" style=\"padding: 0px; margin: 0px; font-size: 21px; vertical-align: baseline; background-color: transparent; outline: 0px; border: 0px; color: rgb(140, 104, 203); box-sizing: border-box; word-wrap: break-word; font-family: &#039;Source Serif Pro&#039;, serif; font-variant-ligatures: normal; orphans: 2; white-space: pre-wrap; widows: 2; background-position: 0px 0px; background-repeat: initial initial;\" target=\"_blank\">Journal of Orthopedics and Rheumatology.<\/a><\/p>\n<p> \t&nbsp;<\/p>\n<p> \t<strong style=\"color: rgb(105, 105, 105); font-size: 24px;\">Qu&#039;est-ce qu&#039;ASTR ?<\/strong><\/p>\n<p> \t<span style=\"font-family: &quot;lucida sans unicode&quot;, &quot;lucida grande&quot;, sans-serif; font-size: 18px;\">La lib\u00e9ration avanc\u00e9e des tissus mous (ASTR) change la fa\u00e7on dont les patients ressentent&nbsp;<\/span><strong style=\"font-family: verdana, geneva, sans-serif; font-size: 18px;\">Long terme<\/strong><span style=\"font-family: &quot;lucida sans unicode&quot;, &quot;lucida grande&quot;, sans-serif; font-size: 18px;\">&nbsp;<\/span><strong style=\"font-family: verdana, geneva, sans-serif; font-size: 18px;\">soulagement de la douleur<\/strong><span style=\"font-family: &quot;lucida sans unicode&quot;, &quot;lucida grande&quot;, sans-serif; font-size: 18px;\">. Cette sp\u00e9cialit\u00e9 aborde la douleur aigu\u00eb et chronique gr\u00e2ce \u00e0 l&#039;utilisation d&#039;\u00e9valuations uniques des patients,&nbsp;<\/span><span style=\"font-family: &quot;lucida sans unicode&quot;, &quot;lucida grande&quot;, sans-serif; font-size: 18px;\">protocoles de traitement r\u00e9dig\u00e9s de mani\u00e8re tactique,<\/span><span style=\"font-family: &quot;lucida sans unicode&quot;, &quot;lucida grande&quot;, sans-serif; font-size: 18px;\">&nbsp;strat\u00e9giquement con\u00e7u <strong>p<\/strong><\/span><strong style=\"font-family: &quot;lucida sans unicode&quot;, &quot;lucida grande&quot;, sans-serif;\"><strong style=\"font-family: verdana, geneva, sans-serif; font-size: 18px;\">attent\u00e9&nbsp;<\/strong><\/strong><span style=\"font-family: &quot;lucida sans unicode&quot;, &quot;lucida grande&quot;, sans-serif; font-size: 18px;\">instruments et plus de 125 man\u0153uvres uniques. ASTR traite les aliments \u00e0 leur source pour r\u00e9duire la douleur, augmenter l&#039;amplitude des mouvements et aider \u00e0 am\u00e9liorer la qualit\u00e9 de vie des gens.<\/span><\/p>\n<p> \t<span style=\"font-family:lucida sans unicode,lucida grande,sans-serif;\"><span style=\"font-size: 18px;\">&nbsp;<\/span><\/span><\/p>\n<p class=\"p1\" style=\"margin-bottom: 10px; font-size: 12px; color: rgb(0, 0, 0); -webkit-text-stroke: 0px rgb(0, 0, 0); text-align: left;\"> \t<span style=\"font-family: &quot;lucida sans unicode&quot;, &quot;lucida grande&quot;, sans-serif;\"><span style=\"font-size: 18px;\"><span style=\"color: rgb(105, 105, 105);\"><span class=\"s1\" style=\"text-decoration-line: underline;\">En tant que fournisseur ASTR agr\u00e9\u00e9, vous b\u00e9n\u00e9ficierez de\u00a0:<\/span><\/span><\/span><\/span><\/p>\n<p class=\"p1\" style=\"margin-bottom: 10px; font-size: 12px; color: rgb(0, 0, 0); -webkit-text-stroke: 0px rgb(0, 0, 0); text-align: left;\"> \t&nbsp;<\/p>\n<ul>\n<li class=\"p1\" style=\"text-align: left;\"> \t\t<span style=\"font-family: &quot;lucida sans unicode&quot;, &quot;lucida grande&quot;, sans-serif;\"><span style=\"font-size: 18px;\"><span style=\"color: rgb(105, 105, 105);\"><strong>Traiter les conditions difficiles<\/strong>&nbsp;y compris douleurs \u00e0 la m\u00e2choire, sciatique, arthrite, maux de t\u00eate, douleurs au cou et au dos, syndrome du canal carpien, tendinite, bursite et&nbsp;<a href=\"https:\/\/advancedsofttissuerelease.com\/fr\/traitement\/\" target=\"_blank\"><u>tellement plus<\/u>!<\/a><\/span><\/span><\/span><\/li>\n<\/ul>\n<ul>\n<li class=\"p1\" style=\"text-align: left;\"> \t\t<strong style=\"color: rgb(105, 105, 105); font-size: 18px; font-family: &quot;lucida sans unicode&quot;, &quot;lucida grande&quot;, sans-serif;\"><a href=\"https:\/\/advancedsofttissuerelease.com\/fr\/medical-providers\/rechercher\/\" target=\"_blank\">Pratique fond\u00e9e sur des preuves<\/a><span style=\"font-size: 14px;\">:&nbsp;<\/span><\/strong><span style=\"font-size: 14px;\">&nbsp;<span style=\"color: rgb(51, 102, 255);\"><strong><span style=\"font-size: 16px;\"><a href=\"https:\/\/advancedsofttissuerelease.com\/fr\/medical-providers\/rechercher\/\" target=\"_blank\">D\u00e9couvrez les recherches qui soutiennent le traitement ASTR<\/a><\/span><\/strong><\/span><\/span><\/li>\n<li class=\"p1\" style=\"text-align: left;\"> \t\t<strong style=\"color: rgb(105, 105, 105); font-size: 18px; font-family: &quot;lucida sans unicode&quot;, &quot;lucida grande&quot;, sans-serif;\">Fournir un soulagement \u00e0 long terme<\/strong><span style=\"color: rgb(105, 105, 105); font-size: 18px; font-family: &quot;lucida sans unicode&quot;, &quot;lucida grande&quot;, sans-serif;\">&nbsp;aux patients qui souffrent de douleurs aigu\u00ebs et chroniques et d&#039;autres conditions d\u00e9bilitantes et qui sont frustr\u00e9s sans soulagement.<\/span><\/li>\n<li class=\"p1\" style=\"text-align: left;\"> \t\t<span style=\"font-family: &quot;lucida sans unicode&quot;, &quot;lucida grande&quot;, sans-serif;\"><span style=\"font-size: 18px;\"><span style=\"color: rgb(105, 105, 105);\"><strong>Augmentez la satisfaction des patients\u00a0:<\/strong>&nbsp;Les patients trait\u00e9s par ASTR ressentent souvent un soulagement de la douleur au cours de la premi\u00e8re ou de la deuxi\u00e8me s\u00e9ance de traitement. Ils sont souvent \u00e9tonn\u00e9s de voir comment cette approche diff\u00e9rente r\u00e9ussit \u00e0 soulager leurs douleurs l\u00e0 o\u00f9 d&#039;autres th\u00e9rapies ont \u00e9chou\u00e9.<\/span><\/span><\/span><\/li>\n<li class=\"p1\" style=\"text-align: left;\"> \t\t<span style=\"font-family: &quot;lucida sans unicode&quot;, &quot;lucida grande&quot;, sans-serif;\"><span style=\"font-size: 18px;\"><span style=\"color: rgb(105, 105, 105);\"><strong>Augmenter les r\u00e9f\u00e9rences de patients\u00a0:<\/strong>&nbsp;Le bouche \u00e0 oreille est la meilleure source de nouvelles affaires ! Au fur et \u00e0 mesure que les patients reconnaissent les r\u00e9sultats du traitement par ASTR, leur satisfaction, leur confiance et leur loyaut\u00e9 envers le fournisseur s&#039;ensuivent et r\u00e9f\u00e8rent leurs amis<\/span><\/span><\/span><\/li>\n<li class=\"p1\" style=\"text-align: left;\"> \t\t<span style=\"font-family: &quot;lucida sans unicode&quot;, &quot;lucida grande&quot;, sans-serif;\"><span style=\"font-size: 18px;\"><span style=\"color: rgb(105, 105, 105);\"><strong>Augmenter le revenu:<\/strong>&nbsp;ASTR est un nouveau cr\u00e9neau pour les th\u00e9rapies des tissus mous et la certification dans cette sp\u00e9cialit\u00e9 est un excellent outil pour les prestataires m\u00e9dicaux qui cherchent \u00e0 \u00e9tendre leur pratique.<\/span><\/span><\/span><\/li>\n<li class=\"p1\" style=\"text-align: left;\"> \t\t<span style=\"font-family: &quot;lucida sans unicode&quot;, &quot;lucida grande&quot;, sans-serif;\"><span style=\"font-size: 18px;\"><span style=\"color: rgb(105, 105, 105);\"><strong>D\u00e9marquez-vous parmi vos coll\u00e8gues\u00a0:<\/strong>&nbsp;Les cliniciens ASTR sont membres d&#039;une communaut\u00e9 exclusive de prestataires m\u00e9dicaux agr\u00e9\u00e9s ASTR. La d\u00e9tention de cette licence est la preuve de la formation approfondie et de la grande comp\u00e9tence d&#039;un fournisseur dans le traitement des l\u00e9sions des tissus mous avec l&#039;approche ASTR.<\/span><\/span><\/span><\/li>\n<\/ul>\n<p class=\"p1\" style=\"text-align: left;\"> \t&nbsp;<\/p>\n<p style=\"font-family: Helvetica; text-align: center;\"> \t<span style=\"font-family:lucida sans unicode,lucida grande,sans-serif;\"><span style=\"font-size:18px;\"><span style=\"color:#696969;\"> \t<\/p>\n<style type=\"text\/css\"> p.p1 {margin: 0.0px 0.0px 10.0px 0.0px; text-align: justify; font: 12.0px Verdana; color: #000000; -webkit-text-stroke: #000000; background-color: #ffffff} p.p3 {margin: 0.0px 0.0px 10.0px 0.0px; text-align: center; font: 14.0px Verdana; color: #000000; -webkit-text-stroke: #000000} li.li2 {margin: 0.0px 0.0px 10.0px 0.0px; text-align: justify; font: 12.0px Verdana; color: #000000; -webkit-text-stroke: #000000} span.s1 {font-kerning: none} span.s2 {font: 12.0px Helvetica; color: #000000} span.s3 {font-kerning: none; background-color: #ffffff} span.s4 {text-decoration: underline ; font-kerning: none} span.s5 {font: 9.3px Verdana; font-kerning: none} span.s6 {font: 11.0px 'Trebuchet MS'; font-kerning: none}\t<\/style>\n<p> \t<\/span><\/span><\/span><\/p>\n<p class=\"p3\"> \t<span style=\"font-family:lucida sans unicode,lucida grande,sans-serif;\"><span style=\"font-size:18px;\"><span style=\"color:#696969;\"><span class=\"s1\"><b>Les inscriptions sont presque compl\u00e8tes pour notre <\/b><\/span><span class=\"s5\"><b><sup>&nbsp;<\/sup><\/b><\/span><\/span><b style=\"color: rgb(105, 105, 105); font-size: 16px; -webkit-text-stroke-width: initial;\">Certificat<\/b><\/span><\/span><\/p>\n<p class=\"p3\"> \t<span style=\"font-size:24px;\"><span style=\"font-family:lucida sans unicode,lucida grande,sans-serif;\"><a href=\"https:\/\/shop.advancedsofttissuerelease.com\/ocart2\/Class%20Registration\/Class%20Registration%20Fees\" target=\"_blank\"><strong><span style=\"color:#ff0000;\">S&#039;inscrire maintenant!<\/span><\/strong><\/a><\/span><\/span><\/p>\n<p class=\"p3\"> \t&nbsp;<\/p>\n<p class=\"p3\" style=\"text-align: left;\"> \t<span style=\"font-family:lucida sans unicode,lucida grande,sans-serif;\"> \t<\/p>\n<style type=\"text\/css\"> p.p1 {margin: 0.0px 0.0px 10.0px 0.0px; text-align: justify; font: 12.0px Verdana; color: #000000; -webkit-text-stroke: #000000; background-color: #ffffff} span.s1 {font-kerning: none} span.s2 {text-decoration: underline ; font-kerning: none; color: #0000ff; -webkit-text-stroke: 0px #0000ff}\t<\/style>\n<p> \t<\/span><\/p>\n<p class=\"p1\" style=\"text-align: left;\"> \t<span style=\"font-family:lucida sans unicode,lucida grande,sans-serif;\"><span style=\"font-size:16px;\"><span style=\"color:#696969;\"><span class=\"s1\">Pas convaincu? Cliquez sur <u><strong><a href=\"http:\/\/medcraveonline.com\/MOJOR\/MOJOR-05-00188.pdf\" target=\"_blank\" rel=\"noopener\">Ici<\/a><\/strong><\/u><\/span><\/span><span style=\"color:#696969;\"><span class=\"s1\">&nbsp;pour en savoir plus sur la science derri\u00e8re ASTR\u00a0!<\/span><\/span><\/span><\/span><\/p>\n<p class=\"p3\"> \t&nbsp;<\/p>\n<p class=\"p3\"> \t<img decoding=\"async\" class=\"size-full wp-image-542\" alt=\"\" src=\"https:\/\/advancedsofttissuerelease.com\/wp-content\/uploads\/2017\/02\/ASTR-advanced-soft-tissue-release21.jpg\" width=\"625\" height=\"487\" srcset=\"https:\/\/advancedsofttissuerelease.com\/wp-content\/uploads\/2017\/02\/ASTR-advanced-soft-tissue-release21.jpg 500w, https:\/\/advancedsofttissuerelease.com\/wp-content\/uploads\/2017\/02\/ASTR-advanced-soft-tissue-release21-200x156.jpg 200w, https:\/\/advancedsofttissuerelease.com\/wp-content\/uploads\/2017\/02\/ASTR-advanced-soft-tissue-release21-300x234.jpg 300w\" sizes=\"(max-width: 625px) 100vw, 625px\" \/><\/p>\n<p class=\"p3\" style=\"text-align: left;\"> \t&nbsp;<\/p>\n<p style=\"font-family: Helvetica; text-align: center;\"> \t<span style=\"font-size:22px;\"><span style=\"color:#696969;\"><strong>T\u00e9moignages&nbsp;<\/strong><\/span><\/span><\/p>\n<p style=\"font-family: Helvetica;\"> \t<span style=\"font-family:lucida sans unicode,lucida grande,sans-serif;\"><span style=\"color: rgb(105, 105, 105); font-size: 16px;\"><span style=\"box-sizing: border-box;\"><span style=\"box-sizing: border-box;\"><span style=\"box-sizing: border-box;\"><span style=\"box-sizing: border-box; letter-spacing: 0px;\">&quot;J&#039;ai \u00e9t\u00e9 troubl\u00e9 par l&#039;aggravation des effets des spondylarthrites ankylosantes. Apr\u00e8s avoir&nbsp;<\/span><strong style=\"box-sizing: border-box; letter-spacing: 0px;\">v\u00e9cu avec le&nbsp;<\/strong><strong style=\"box-sizing: border-box; letter-spacing: 0px;\">maladie depuis plus de 40 ans<\/strong><span style=\"box-sizing: border-box; letter-spacing: 0px;\">J'\u00e9tais sceptique quant \u00e0 la possibilit\u00e9 d'un quelconque soulagement. \u00c0 mon grand \u00e9tonnement, j'ai connu&nbsp;<\/span><b style=\"box-sizing: border-box; letter-spacing: 0px;\">un soulagement imm\u00e9diat apr\u00e8s une seule s\u00e9ance<\/b><span style=\"box-sizing: border-box; letter-spacing: 0px;\">. Je suis tr\u00e8s reconnaissant du travail que vous faites. \u00bb&nbsp;<\/span><\/span><\/span><\/span><\/span><span style=\"color: rgb(105, 105, 105); font-size: 10px;\"><span style=\"box-sizing: border-box;\"><span style=\"box-sizing: border-box;\"><span style=\"box-sizing: border-box;\">William K.B.<\/span><\/span><\/span>ack Pain (mission Viejo, CA)<\/span><\/span><\/p>\n<p style=\"font-family: Helvetica;\"> \t&nbsp;<\/p>\n<p style=\"box-sizing: border-box; line-height: 1.6em; font-size: small; font-family: arial;\"> \t<span style=\"font-family:lucida sans unicode,lucida grande,sans-serif;\"> \t<\/p>\n<style type=\"text\/css\"> p.p1 {margin: 0.0px 0.0px 7.5px 0.0px; line-height: 19.2px; font: 11.0px Verdana; color: #696969; -webkit-text-stroke: #696969} span.s1 {font-kerning: none; background-color: #ffffff}\t<\/style>\n<p> \t<\/span><\/p>\n<p class=\"p1\" style=\"text-align: left;\"> \t<span style=\"font-family:lucida sans unicode,lucida grande,sans-serif;\"><span style=\"color:#696969;\"><span class=\"s1\"><span style=\"font-size:16px;\">\u00abApr\u00e8s avoir souffert des effets de&nbsp;<b>ATM<\/b>&nbsp;et&nbsp;<b>mal de cr\u00e2ne<\/b>&nbsp;douleur pendant presque&nbsp;<b>5 ans<\/b>, le docteur Jacobs a pu soulager ma douleur en utilisant son Advanced Soft Tissue Release dans&nbsp;<b>quelques minutes<\/b>. Sa technique \u00e9tait tr\u00e8s&nbsp;<b>doux<\/b>&nbsp;et n&#039;\u00e9tait pas du tout douloureux.<\/span> <span style=\"font-size:10px;\">Lindsay J.TMJ (Aliso Viejo, Californie)<\/span><\/span><\/span><\/span><\/p>\n<p class=\"p1\" style=\"text-align: left;\"> \t&nbsp;<\/p>\n<p style=\"box-sizing: border-box; line-height: 1.6em; font-size: small; font-family: arial; text-align: center;\"> \t<span style=\"font-family:lucida sans unicode,lucida grande,sans-serif;\"><span style=\"font-size:26px;\"><span style=\"text-align: center;\"><strong><span style=\"color: rgb(255, 0, 0);\">VOUS pouvez obtenir ces r\u00e9sultats incroyables avec vos patients\u00a0!&nbsp;<\/span><\/strong><\/span><\/span><\/span><\/p>\n<p style=\"box-sizing: border-box; line-height: 1.6em; font-size: small; font-family: arial;\"> \t<span style=\"font-family:lucida sans unicode,lucida grande,sans-serif;\"> \t<\/p>\n<style type=\"text\/css\"> p.p1 {margin: 0.0px 0.0px 10.0px 0.0px; font: 11.0px 'Trebuchet MS'; color: #000000; -webkit-text-stroke: #000000} span.s1 {font-kerning: none} span.s2 {font: 7.3px 'Trebuchet MS'; font-kerning: none} span.s3 {font: 20.0px 'Trebuchet MS'; text-decoration: underline ; font-kerning: none; color: #ff0000; -webkit-text-stroke: 0px #ff0000} span.s4 {text-decoration: underline ; font-kerning: none; color: #0000ff; -webkit-text-stroke: 0px #0000ff}\t<\/style>\n<p> \t<\/span><\/p>\n<p class=\"p1\"> \t<span style=\"font-family:lucida sans unicode,lucida grande,sans-serif;\"><span class=\"s1\"><a href=\"https:\/\/shop.advancedsofttissuerelease.com\/ocart2\/Class%2520Registration\/Class%2520Registration%2520Fees\"><span class=\"s3\"><b>S&#039;inscrire maintenant!<\/b><\/span><span class=\"s4\">&nbsp;<\/span><\/a><\/span><\/span><\/p>\n<style type=\"text\/css\"> p.p1 {margin: 0.0px 0.0px 7.5px 0.0px; text-align: center; line-height: 19.2px; font: 15.0px Verdana; color: #3366cc; -webkit-text-stroke: #3366cc} span.s1 {font-kerning: none}<\/style>","protected":false},"excerpt":{"rendered":"<p>Published Study: 87% LONG-TERM pain relief with ASTR Treatment! &nbsp; &nbsp; Study Findings &nbsp; The study included 149 patients who came to outpatient physical therapy clinic with several types of soft tissue injuries of the neck. 32 patients didn\u2019t meet the criteria, 12 discontinued ASTR treatment prior to completing the program; 105 were included in [&hellip;]<\/p>\n","protected":false},"author":2447,"featured_media":543,"parent":0,"menu_order":84,"comment_status":"closed","ping_status":"closed","template":"","meta":{"_analytify_skip_tracking":false,"footnotes":""},"class_list":["post-300","page","type-page","status-publish","has-post-thumbnail","hentry"],"_links":{"self":[{"href":"https:\/\/advancedsofttissuerelease.com\/fr\/wp-json\/wp\/v2\/pages\/300","targetHints":{"allow":["GET"]}}],"collection":[{"href":"https:\/\/advancedsofttissuerelease.com\/fr\/wp-json\/wp\/v2\/pages"}],"about":[{"href":"https:\/\/advancedsofttissuerelease.com\/fr\/wp-json\/wp\/v2\/types\/page"}],"author":[{"embeddable":true,"href":"https:\/\/advancedsofttissuerelease.com\/fr\/wp-json\/wp\/v2\/users\/2447"}],"replies":[{"embeddable":true,"href":"https:\/\/advancedsofttissuerelease.com\/fr\/wp-json\/wp\/v2\/comments?post=300"}],"version-history":[{"count":0,"href":"https:\/\/advancedsofttissuerelease.com\/fr\/wp-json\/wp\/v2\/pages\/300\/revisions"}],"wp:featuredmedia":[{"embeddable":true,"href":"https:\/\/advancedsofttissuerelease.com\/fr\/wp-json\/wp\/v2\/media\/543"}],"wp:attachment":[{"href":"https:\/\/advancedsofttissuerelease.com\/fr\/wp-json\/wp\/v2\/media?parent=300"}],"curies":[{"name":"wp","href":"https:\/\/api.w.org\/{rel}","templated":true}]}}