{"id":326,"date":"2017-02-04T19:25:53","date_gmt":"2017-02-04T19:25:53","guid":{"rendered":"https:\/\/advancedsofttissuerelease.com\/landing-26\/"},"modified":"2017-02-04T19:25:53","modified_gmt":"2017-02-04T19:25:53","slug":"landing-26","status":"publish","type":"page","link":"https:\/\/advancedsofttissuerelease.com\/fr\/landing-26\/","title":{"rendered":"Landing 26"},"content":{"rendered":"<p style=\"text-align: center;\"> \t<span style=\"font-size:36px;\"><em><font color=\"#ff0000\"><b>Can 20+ Years of Headaches &amp; Neck Pain be Relieved in 1 Session? <\/b><\/font><\/em><\/span><\/p>\n<p style=\"text-align: center;\"> \t&nbsp;<\/p>\n<p style=\"text-align: center;\"> \t<span style=\"color:#3366cc;\"><em><span style=\"font-size:26px;\"><b>(Watch the Treatment Video)<\/b><\/span><\/em><\/span><\/p>\n<p style=\"text-align: center;\"> \t&nbsp;<\/p>\n<p style=\"text-align: center;\">\n<style type=\"text\/css\"> p.p1 {margin: 0.0px 0.0px 0.0px 0.0px; font: 11.0px 'Helvetica Neue'; color: #000000; -webkit-text-stroke: #000000} span.s1 {text-decoration: underline ; font-kerning: none}\t<\/style>\n<\/p>\n<p class=\"p1\" style=\"text-align: center;\"> \t<iframe title=\"* SEVERE* 20 Years of Migraine Headache &amp; Neck Pain Was Relieved! (REAL RESULTS!!)\" width=\"800\" height=\"450\" src=\"https:\/\/www.youtube.com\/embed\/nldudnh0TTY?start=331&#038;feature=oembed\" frameborder=\"0\" allow=\"accelerometer; autoplay; clipboard-write; encrypted-media; gyroscope; picture-in-picture; web-share\" allowfullscreen><\/iframe><\/p>\n<p class=\"p1\" style=\"text-align: center;\"> \t&nbsp;<\/p>\n<p class=\"p1\" style=\"text-align: center;\"> \t&nbsp;<\/p>\n<p class=\"p1\" style=\"text-align: center;\"> \t<strong style=\"-webkit-text-stroke-width: initial; font-size: 24px; font-family: Arial;\"><span style=\"font-family:lucida sans unicode,lucida grande,sans-serif;\"><span style=\"color:#3366ff;\">&quot;Je vois ces r\u00e9sultats \u00e9tonnants quotidiennement dans ma pratique. VOUS pouvez obtenir ces r\u00e9sultats incroyables avec vos patients\u00a0!\u00a0\u00bb <\/span><\/span><\/strong><span style=\"-webkit-text-stroke-width: initial; font-size: 24px; font-family: &quot;lucida sans unicode&quot;, &quot;lucida grande&quot;, sans-serif;\"><span style=\"color:#3366ff;\"><span style=\"font-size:16px;\">(Dr Jacobs)<\/span><\/span><\/span><\/p>\n<p class=\"p1\" style=\"text-align: center;\"> \t&nbsp;<\/p>\n<p style=\"text-align: center;\"> \t&nbsp;<\/p>\n<p style=\"text-align: center;\"> \t<span id=\"cke_bm_111E\" style=\"display: none;\">&nbsp;<\/span><\/p>\n<p> \t<span style=\"display: none;\">&nbsp;<\/span><\/p>\n<p> \t<span style=\"font-size:24px;\"><span style=\"color:#696969;\"><strong>Qu&#039;est-ce qu&#039;ASTR ?<\/strong><\/span><\/span><\/p>\n<p> \t<span style=\"font-family: &quot;lucida sans unicode&quot;, &quot;lucida grande&quot;, sans-serif; font-size: 18px;\">La lib\u00e9ration avanc\u00e9e des tissus mous (ASTR) change la fa\u00e7on dont les patients ressentent&nbsp;<\/span><strong style=\"font-family: verdana, geneva, sans-serif; font-size: 18px;\">Long terme<\/strong><span style=\"font-family: &quot;lucida sans unicode&quot;, &quot;lucida grande&quot;, sans-serif; font-size: 18px;\">&nbsp;<\/span><strong style=\"font-family: verdana, geneva, sans-serif; font-size: 18px;\">soulagement de la douleur<\/strong><span style=\"font-family: &quot;lucida sans unicode&quot;, &quot;lucida grande&quot;, sans-serif; font-size: 18px;\">. Cette sp\u00e9cialit\u00e9 aborde la douleur aigu\u00eb et chronique gr\u00e2ce \u00e0 l&#039;utilisation d&#039;\u00e9valuations uniques des patients,&nbsp;<\/span><span style=\"font-family: &quot;lucida sans unicode&quot;, &quot;lucida grande&quot;, sans-serif; font-size: 18px;\">protocoles de traitement r\u00e9dig\u00e9s de mani\u00e8re tactique,<\/span><span style=\"font-family: &quot;lucida sans unicode&quot;, &quot;lucida grande&quot;, sans-serif; font-size: 18px;\">&nbsp;strat\u00e9giquement con\u00e7u <strong>p<\/strong><\/span><strong style=\"font-family: &quot;lucida sans unicode&quot;, &quot;lucida grande&quot;, sans-serif;\"><strong style=\"font-family: verdana, geneva, sans-serif; font-size: 18px;\">attent\u00e9&nbsp;<\/strong><\/strong><span style=\"font-family: &quot;lucida sans unicode&quot;, &quot;lucida grande&quot;, sans-serif; font-size: 18px;\">instruments et plus de 125 man\u0153uvres uniques. ASTR traite les aliments \u00e0 leur source pour r\u00e9duire la douleur, augmenter l&#039;amplitude des mouvements et aider \u00e0 am\u00e9liorer la qualit\u00e9 de vie des gens. Les r\u00e9sultats d&#039;une \u00e9tude r\u00e9cente sur le cou men\u00e9e sur des patients ASTR ont r\u00e9v\u00e9l\u00e9 qu&#039;il y avait une <strong><span style=\"color:#ff0000;\">Taux de r\u00e9ussite 87%<\/span><\/strong> pour les patients qui ont suivi notre programme\u00a0!<\/span><\/p>\n<p> \t<span style=\"font-family:lucida sans unicode,lucida grande,sans-serif;\"><span style=\"font-size: 18px;\">&nbsp;<\/span><\/span><\/p>\n<p class=\"p1\" style=\"text-align: left;\"> \t<span style=\"font-family:lucida sans unicode,lucida grande,sans-serif;\"><span style=\"font-size:18px;\"><span style=\"color:#696969;\"><span class=\"s1\">En tant que fournisseur ASTR agr\u00e9\u00e9, vous b\u00e9n\u00e9ficierez de\u00a0:<\/span><\/span><\/span><\/span><\/p>\n<p class=\"p1\" style=\"text-align: left;\"> \t&nbsp;<\/p>\n<ul>\n<li class=\"p1\" style=\"text-align: left;\"> \t\t<span style=\"font-family:lucida sans unicode,lucida grande,sans-serif;\"><span style=\"font-size:18px;\"><span style=\"color:#696969;\"><strong>Traiter les conditions difficiles<\/strong> y compris douleurs \u00e0 la m\u00e2choire, sciatique, arthrite, maux de t\u00eate, douleurs au cou et au dos, syndrome du canal carpien, tendinite, bursite et <a href=\"https:\/\/advancedsofttissuerelease.com\/fr\/traitement\/\" target=\"_blank\"><u>tellement plus<\/u>!<\/a><\/span><\/span><\/span><\/li>\n<\/ul>\n<ul>\n<li class=\"p1\" style=\"text-align: left;\"> \t\t<strong style=\"color: rgb(105, 105, 105); font-size: 18px; font-family: &quot;lucida sans unicode&quot;, &quot;lucida grande&quot;, sans-serif;\"><a href=\"https:\/\/advancedsofttissuerelease.com\/fr\/medical-providers\/rechercher\/\" target=\"_blank\">Pratique fond\u00e9e sur des preuves<\/a><span style=\"font-size:14px;\">:&nbsp;<\/span><\/strong><span style=\"font-size:14px;\">&nbsp;<span style=\"color:#3366ff;\"><strong><span style=\"font-size:16px;\"><a href=\"https:\/\/advancedsofttissuerelease.com\/fr\/medical-providers\/rechercher\/\" target=\"_blank\">D\u00e9couvrez les recherches qui soutiennent le traitement ASTR<\/a><\/span><\/strong><\/span><\/span><\/li>\n<li class=\"p1\" style=\"text-align: left;\"> \t\t<strong style=\"color: rgb(105, 105, 105); font-size: 18px; font-family: &quot;lucida sans unicode&quot;, &quot;lucida grande&quot;, sans-serif;\">Fournir un soulagement \u00e0 long terme<\/strong><span style=\"color: rgb(105, 105, 105); font-size: 18px; font-family: &quot;lucida sans unicode&quot;, &quot;lucida grande&quot;, sans-serif;\"> aux patients qui souffrent de douleurs aigu\u00ebs et chroniques et d&#039;autres conditions d\u00e9bilitantes et qui sont frustr\u00e9s sans soulagement.<\/span><\/li>\n<li class=\"p1\" style=\"text-align: left;\"> \t\t<span style=\"font-family:lucida sans unicode,lucida grande,sans-serif;\"><span style=\"font-size:18px;\"><span style=\"color:#696969;\"><strong>Augmentez la satisfaction des patients\u00a0:<\/strong> Les patients trait\u00e9s par ASTR ressentent souvent un soulagement de la douleur au cours de la premi\u00e8re ou de la deuxi\u00e8me s\u00e9ance de traitement. Ils sont souvent \u00e9tonn\u00e9s de voir comment cette approche diff\u00e9rente r\u00e9ussit \u00e0 soulager leurs douleurs l\u00e0 o\u00f9 d&#039;autres th\u00e9rapies ont \u00e9chou\u00e9.<\/span><\/span><\/span><\/li>\n<li class=\"p1\" style=\"text-align: left;\"> \t\t<span style=\"font-family:lucida sans unicode,lucida grande,sans-serif;\"><span style=\"font-size:18px;\"><span style=\"color:#696969;\"><strong>Augmenter les r\u00e9f\u00e9rences de patients\u00a0:<\/strong> Le bouche \u00e0 oreille est la meilleure source de nouvelles affaires ! Au fur et \u00e0 mesure que les patients reconnaissent les r\u00e9sultats du traitement par ASTR, leur satisfaction, leur confiance et leur loyaut\u00e9 envers le fournisseur s&#039;ensuivent et r\u00e9f\u00e8rent leurs amis<\/span><\/span><\/span><\/li>\n<li class=\"p1\" style=\"text-align: left;\"> \t\t<span style=\"font-family:lucida sans unicode,lucida grande,sans-serif;\"><span style=\"font-size:18px;\"><span style=\"color:#696969;\"><strong>Augmenter le revenu:<\/strong> ASTR est un nouveau cr\u00e9neau pour les th\u00e9rapies des tissus mous et la certification dans cette sp\u00e9cialit\u00e9 est un excellent outil pour les prestataires m\u00e9dicaux qui cherchent \u00e0 \u00e9tendre leur pratique.<\/span><\/span><\/span><\/li>\n<li class=\"p1\" style=\"text-align: left;\"> \t\t<span style=\"font-family:lucida sans unicode,lucida grande,sans-serif;\"><span style=\"font-size:18px;\"><span style=\"color:#696969;\"><strong>D\u00e9marquez-vous parmi vos coll\u00e8gues\u00a0:<\/strong> Les cliniciens ASTR sont membres d&#039;une communaut\u00e9 exclusive de prestataires m\u00e9dicaux agr\u00e9\u00e9s ASTR. La d\u00e9tention de cette licence est la preuve de la formation approfondie et de la grande comp\u00e9tence d&#039;un fournisseur dans le traitement des l\u00e9sions des tissus mous avec l&#039;approche ASTR.<\/span><\/span><\/span><\/li>\n<\/ul>\n<p class=\"p1\" style=\"text-align: center;\"> \t&nbsp;<\/p>\n<p class=\"p1\" style=\"text-align: center;\"> \t<b style=\"text-align: center; color: rgb(105, 105, 105); font-size: 18px; font-family: &quot;lucida sans unicode&quot;, &quot;lucida grande&quot;, sans-serif; -webkit-text-stroke: rgb(0, 0, 0);\">Les inscriptions sont presque compl\u00e8tes pour notre certification<\/b><\/p>\n<p class=\"p3\"> \t&nbsp;<\/p>\n<p class=\"p3\"> \t<span style=\"color:#ff0000;\"><span style=\"font-size:24px;\"><span style=\"font-family:lucida sans unicode,lucida grande,sans-serif;\"><strong><a href=\"https:\/\/shop.advancedsofttissuerelease.com\/ocart2\/Class%20Registration\/Class%20Registration%20Fees\" target=\"_blank\">S&#039;inscrire maintenant!<\/a><\/strong><\/span><\/span><\/span><\/p>\n<p class=\"p3\"> \t&nbsp;<\/p>\n<p class=\"p3\"> \t<a href=\"https:\/\/advancedsofttissuerelease.com\/fr\/medical-providers\/quest-ce-quastr\/\" target=\"_blank\">Pas convaincu? Cliquez ici pour en savoir plus sur la science derri\u00e8re ASTR<\/a><\/p>\n<p class=\"p3\"> \t&nbsp;<\/p>\n<p style=\"font-family: Helvetica; text-align: center;\"> \t<span style=\"font-size:22px;\"><span style=\"color:#696969;\"><strong>T\u00e9moignages&nbsp;<\/strong><\/span><\/span><\/p>\n<p style=\"font-family: Helvetica;\"> \t<span style=\"font-family:lucida sans unicode,lucida grande,sans-serif;\"><span style=\"color: rgb(105, 105, 105); font-size: 16px;\"><span style=\"box-sizing: border-box;\"><span style=\"box-sizing: border-box;\"><span style=\"box-sizing: border-box;\"><span style=\"box-sizing: border-box; letter-spacing: 0px;\">&quot;J&#039;ai \u00e9t\u00e9 troubl\u00e9 par l&#039;aggravation des effets des spondylarthrites ankylosantes. Apr\u00e8s avoir&nbsp;<\/span><strong style=\"box-sizing: border-box; letter-spacing: 0px;\">v\u00e9cu avec le&nbsp;<\/strong><strong style=\"box-sizing: border-box; letter-spacing: 0px;\">maladie depuis plus de 40 ans<\/strong><span style=\"box-sizing: border-box; letter-spacing: 0px;\">J'\u00e9tais sceptique quant \u00e0 la possibilit\u00e9 d'un quelconque soulagement. \u00c0 mon grand \u00e9tonnement, j'ai connu&nbsp;<\/span><b style=\"box-sizing: border-box; letter-spacing: 0px;\">un soulagement imm\u00e9diat apr\u00e8s une seule s\u00e9ance<\/b><span style=\"box-sizing: border-box; letter-spacing: 0px;\">. Je suis tr\u00e8s reconnaissant du travail que vous faites. \u00bb&nbsp;<\/span><\/span><\/span><\/span><\/span><span style=\"color: rgb(105, 105, 105); font-size: 10px;\"><span style=\"box-sizing: border-box;\"><span style=\"box-sizing: border-box;\"><span style=\"box-sizing: border-box;\">William K.B.<\/span><\/span><\/span>ack Pain (mission Viejo, CA)<\/span><\/span><\/p>\n<p style=\"font-family: Helvetica;\"> \t&nbsp;<\/p>\n<p style=\"font-family: Helvetica;\"> \t<span style=\"color: rgb(105, 105, 105); font-family: &quot;lucida sans unicode&quot;, &quot;lucida grande&quot;, sans-serif; -webkit-text-stroke: rgb(105, 105, 105); font-size: 16px;\">\u00abApr\u00e8s avoir souffert des effets de&nbsp;<b>ATM<\/b>&nbsp;et&nbsp;<b>mal de cr\u00e2ne<\/b>&nbsp;douleur pendant presque&nbsp;<b>5 ans<\/b>, le docteur Jacobs a pu soulager ma douleur en utilisant son Advanced Soft Tissue Release dans&nbsp;<b>quelques minutes<\/b>. Sa technique \u00e9tait tr\u00e8s&nbsp;<b>doux<\/b>&nbsp;et n&#039;\u00e9tait pas du tout douloureux.<\/span><span style=\"text-decoration-line: underline; color: rgb(105, 105, 105); font-family: &quot;lucida sans unicode&quot;, &quot;lucida grande&quot;, sans-serif; font-size: 11px; -webkit-text-stroke: rgb(105, 105, 105);\"> <\/span><span style=\"color: rgb(105, 105, 105); font-family: &quot;lucida sans unicode&quot;, &quot;lucida grande&quot;, sans-serif; -webkit-text-stroke: rgb(105, 105, 105); font-size: 10px;\">Lindsay J.TMJ (Aliso Viejo, Californie)<\/span><\/p>\n<p class=\"p1\" style=\"text-align: left;\"> \t&nbsp;<\/p>\n<p style=\"box-sizing: border-box; line-height: 1.6em; font-size: small; font-family: arial; text-align: center;\"> \t<span style=\"font-family:lucida sans unicode,lucida grande,sans-serif;\"><span style=\"font-size:26px;\"><span style=\"text-align: center;\"><strong><span style=\"color: rgb(255, 0, 0);\">VOUS pouvez obtenir ces r\u00e9sultats incroyables avec vos patients\u00a0!&nbsp;<\/span><\/strong><\/span><\/span><\/span><\/p>\n<p style=\"box-sizing: border-box; line-height: 1.6em; font-size: small; font-family: arial;\"> \t<span style=\"font-family:lucida sans unicode,lucida grande,sans-serif;\"> \t<\/p>\n<style type=\"text\/css\"> p.p1 {margin: 0.0px 0.0px 10.0px 0.0px; font: 11.0px 'Trebuchet MS'; color: #000000; -webkit-text-stroke: #000000} span.s1 {font-kerning: none} span.s2 {font: 7.3px 'Trebuchet MS'; font-kerning: none} span.s3 {font: 20.0px 'Trebuchet MS'; text-decoration: underline ; font-kerning: none; color: #ff0000; -webkit-text-stroke: 0px #ff0000} span.s4 {text-decoration: underline ; font-kerning: none; color: #0000ff; -webkit-text-stroke: 0px #0000ff}\t<\/style>\n<p> \t<\/span><\/p>\n<p class=\"p1\" style=\"text-align: center;\"> \t<span style=\"font-family:lucida sans unicode,lucida grande,sans-serif;\"><span class=\"s1\">&nbsp;<\/span><\/span><\/p>\n<p class=\"p1\" style=\"text-align: center;\"> \t<span style=\"font-family:lucida sans unicode,lucida grande,sans-serif;\"><span class=\"s1\"><a href=\"https:\/\/shop.advancedsofttissuerelease.com\/ocart2\/Class%2520Registration\/Class%2520Registration%2520Fees\"><span class=\"s3\"><b>S&#039;inscrire maintenant!<\/b><\/span><span class=\"s4\">&nbsp;<\/span><\/a><\/span><\/span><\/p>\n<style type=\"text\/css\"> p.p1 {margin: 0.0px 0.0px 7.5px 0.0px; text-align: center; line-height: 19.2px; font: 15.0px Verdana; color: #3366cc; -webkit-text-stroke: #3366cc} span.s1 {font-kerning: none}<\/style>\n<style type=\"text\/css\"> p.p1 {margin: 0.0px 0.0px 7.5px 0.0px; line-height: 19.2px; font: 11.0px Verdana; color: #696969; -webkit-text-stroke: #696969} span.s1 {font-kerning: none; background-color: #ffffff}<\/style>\n<style type=\"text\/css\"> p.p1 {margin: 0.0px 0.0px 10.0px 0.0px; text-align: justify; font: 12.0px Verdana; color: #000000; -webkit-text-stroke: #000000; background-color: #ffffff} span.s1 {font-kerning: none} span.s2 {text-decoration: underline ; font-kerning: none; color: #0000ff; -webkit-text-stroke: 0px #0000ff}<\/style>\n<style type=\"text\/css\"> p.p1 {margin: 0.0px 0.0px 10.0px 0.0px; text-align: justify; font: 12.0px Verdana; color: #000000; -webkit-text-stroke: #000000; background-color: #ffffff} p.p3 {margin: 0.0px 0.0px 10.0px 0.0px; text-align: center; font: 14.0px Verdana; color: #000000; -webkit-text-stroke: #000000} li.li2 {margin: 0.0px 0.0px 10.0px 0.0px; text-align: justify; font: 12.0px Verdana; color: #000000; -webkit-text-stroke: #000000} span.s1 {font-kerning: none} span.s2 {font: 12.0px Helvetica; color: #000000} span.s3 {font-kerning: none; background-color: #ffffff} span.s4 {text-decoration: underline ; font-kerning: none} span.s5 {font: 9.3px Verdana; font-kerning: none} span.s6 {font: 11.0px 'Trebuchet MS'; font-kerning: none}<\/style>","protected":false},"excerpt":{"rendered":"<p>Can 20+ Years of Headaches &amp; Neck Pain be Relieved in 1 Session? &nbsp; (Watch the Treatment Video) &nbsp; &nbsp; &nbsp; &#8220;I see these Amazing results daily in my practice. YOU can achieve these incredible results with your patients!&#8221; (Dr.Jacobs) &nbsp; &nbsp; &nbsp; &nbsp; What is ASTR? Advanced Soft Tissue Release (ASTR) is changing the [&hellip;]<\/p>\n","protected":false},"author":2447,"featured_media":0,"parent":0,"menu_order":58,"comment_status":"closed","ping_status":"closed","template":"","meta":{"_analytify_skip_tracking":false,"footnotes":""},"class_list":["post-326","page","type-page","status-publish","hentry"],"_links":{"self":[{"href":"https:\/\/advancedsofttissuerelease.com\/fr\/wp-json\/wp\/v2\/pages\/326","targetHints":{"allow":["GET"]}}],"collection":[{"href":"https:\/\/advancedsofttissuerelease.com\/fr\/wp-json\/wp\/v2\/pages"}],"about":[{"href":"https:\/\/advancedsofttissuerelease.com\/fr\/wp-json\/wp\/v2\/types\/page"}],"author":[{"embeddable":true,"href":"https:\/\/advancedsofttissuerelease.com\/fr\/wp-json\/wp\/v2\/users\/2447"}],"replies":[{"embeddable":true,"href":"https:\/\/advancedsofttissuerelease.com\/fr\/wp-json\/wp\/v2\/comments?post=326"}],"version-history":[{"count":0,"href":"https:\/\/advancedsofttissuerelease.com\/fr\/wp-json\/wp\/v2\/pages\/326\/revisions"}],"wp:attachment":[{"href":"https:\/\/advancedsofttissuerelease.com\/fr\/wp-json\/wp\/v2\/media?parent=326"}],"curies":[{"name":"wp","href":"https:\/\/api.w.org\/{rel}","templated":true}]}}