{"id":329,"date":"2017-02-04T19:25:53","date_gmt":"2017-02-04T19:25:53","guid":{"rendered":"https:\/\/advancedsofttissuerelease.com\/landing-28\/"},"modified":"2017-02-04T19:25:53","modified_gmt":"2017-02-04T19:25:53","slug":"landing-28","status":"publish","type":"page","link":"https:\/\/advancedsofttissuerelease.com\/fr\/landing-28\/","title":{"rendered":"Landing 28"},"content":{"rendered":"<p style=\"text-align: center;\"> \t<font color=\"#ff0000\"><span style=\"font-size: 36px;\"><b>Comment lib\u00e9rer efficacement le tissu cicatriciel\u00a0?<\/b><\/span><\/font><\/p>\n<p style=\"text-align: center;\"> \t&nbsp;<\/p>\n<p style=\"text-align: center;\">\n<style type=\"text\/css\"> p.p1 {margin: 0.0px 0.0px 0.0px 0.0px; font: 11.0px 'Helvetica Neue'; color: #000000; -webkit-text-stroke: #000000} span.s1 {text-decoration: underline ; font-kerning: none}\t<\/style>\n<\/p>\n<p class=\"p1\" style=\"text-align: center;\"> \t<iframe title=\"Comment se d\u00e9barrasser du tissu cicatriciel ? TROUVEZ DES HACKS ICI\u00a0!\" width=\"800\" height=\"450\" src=\"https:\/\/www.youtube.com\/embed\/mmL_sD0-_Bk?feature=oembed\" frameborder=\"0\" allow=\"accelerometer; autoplay; clipboard-write; encrypted-media; gyroscope; picture-in-picture; web-share\" allowfullscreen><\/iframe><\/p>\n<p class=\"p1\" style=\"text-align: center;\"> \t&nbsp;<\/p>\n<p style=\"text-align: center;\"> \t<span id=\"cke_bm_111E\" style=\"display: none;\">&nbsp;<\/span><\/p>\n<p> \t<span style=\"display: none;\">&nbsp;<\/span><\/p>\n<h2 class=\"p2\" style=\"color: rgb(0, 0, 0);\"> \t<span style=\"font-size: 20px;\"><strong><span style=\"font-family: &quot;trebuchet ms&quot;, helvetica, sans-serif; color: rgb(105, 105, 105);\">Qu'est-ce que l'ASTR ?<\/span><\/strong><\/span><\/h2>\n<p class=\"p2\" style=\"margin-bottom: 0px; font-variant-numeric: normal; font-variant-east-asian: normal; font-stretch: normal; font-size: 11px; line-height: normal; font-family: Avenir; color: rgb(242, 37, 41); -webkit-text-stroke-color: rgb(105, 105, 105);\"> \t&nbsp;<\/p>\n<p class=\"p2\" style=\"margin-bottom: 0px; font-variant-numeric: normal; font-variant-east-asian: normal; font-stretch: normal; font-size: 11px; line-height: normal; font-family: Avenir; color: rgb(242, 37, 41); -webkit-text-stroke-color: rgb(105, 105, 105);\"> \t<span style=\"font-size: 18px;\"><span style=\"font-family: &quot;trebuchet ms&quot;, helvetica, sans-serif; color: rgb(105, 105, 105);\">ASTR est un mod\u00e8le de traitement biopsychosocial qui utilise des instruments, des moyens, des th\u00e9ories et des m\u00e9thodologies ASTR uniques. Le traitement ASTR comprend le travail sur plusieurs aspects, notamment\u00a0: le tissu cicatriciel, les restrictions des fascias, les points de d\u00e9clenchement, les spasmes musculaires, l&#039;ergonomie, la d\u00e9marche, l&#039;exercice, la nutrition, l&#039;inflammation, la gestion du stress et la modification du comportement. Les r\u00e9sultats d&#039;une \u00e9tude r\u00e9cente sur le cou men\u00e9e sur des patients ASTR ont r\u00e9v\u00e9l\u00e9 qu&#039;il y avait une&nbsp;<\/span><span style=\"color: rgb(255, 0, 0);\"><span style=\"font-family: &quot;trebuchet ms&quot;, helvetica, sans-serif;\">Taux de r\u00e9ussite 87%<\/span><\/span><span style=\"font-family: &quot;trebuchet ms&quot;, helvetica, sans-serif; color: rgb(105, 105, 105);\">&nbsp;pour les patients qui ont suivi notre programme\u00a0!<\/span><\/span><\/p>\n<p class=\"p2\" style=\"margin-bottom: 0px; font-variant-numeric: normal; font-variant-east-asian: normal; font-stretch: normal; font-size: 11px; line-height: normal; font-family: Avenir; color: rgb(242, 37, 41); -webkit-text-stroke-color: rgb(105, 105, 105);\"> \t&nbsp;<\/p>\n<hr \/>\n<p style=\"font-size: 15px;\"> \t<span style=\"font-size: 18px;\"><span style=\"font-family: verdana, geneva, sans-serif;\"><span style=\"color: rgb(105, 105, 105);\"><strong><span style=\"background-color:#ffffff;\">&nbsp;Pourquoi ASTR est-il l&#039;avenir de la m\u00e9decine\u00a0?&nbsp;<\/span><\/strong><\/span><\/span><\/span><\/p>\n<ul style=\"font-size: 15px;\">\n<li style=\"text-align: left;\"> \t\t<span style=\"font-family: verdana, geneva, sans-serif;\"><span style=\"font-size: 18px;\"><span style=\"color: rgb(255, 0, 0);\"><strong>40+<\/strong><\/span><span style=\"color: rgb(105, 105, 105);\"><strong>&nbsp;<\/strong>Des \u00e9tudes soutiennent le mod\u00e8le de traitement d&#039;ASTR<\/span><\/span><\/span><\/li>\n<li style=\"text-align: left;\"> \t\t<span style=\"font-family: verdana, geneva, sans-serif;\"><span style=\"font-size: 18px;\"><span style=\"color: rgb(255, 0, 0);\"><strong>400+<\/strong><\/span><span style=\"color: rgb(105, 105, 105);\"><strong>&nbsp;<\/strong>Les \u00e9tudes de recherche sont int\u00e9gr\u00e9es dans le mod\u00e8le de traitement d&#039;ASTR<\/span><\/span><\/span><\/li>\n<li style=\"text-align: left;\"> \t\t<span style=\"font-family: verdana, geneva, sans-serif;\"><span style=\"font-size: 16px;\"><span style=\"color: rgb(255, 0, 0);\"><strong>16,000+<\/strong><\/span>&nbsp;<span style=\"color: rgb(105, 105, 105);\">Les \u00e9tudes de recherche ont \u00e9t\u00e9 examin\u00e9es par notre \u00e9quipe<\/span><\/span><\/span><\/li>\n<li style=\"text-align: left;\"> \t\t<span style=\"font-family: verdana, geneva, sans-serif;\"><span style=\"font-size: 16px;\"><strong><font color=\"#ff0000\">250+&nbsp;<\/font><\/strong><span style=\"color: rgb(105, 105, 105);\">Vid\u00e9os de traitement et de t\u00e9moignage<\/span>&nbsp;<\/span><\/span><\/li>\n<li style=\"text-align: left;\"> \t\t<span style=\"font-family: verdana, geneva, sans-serif;\"><span style=\"font-size: 18px;\"><span style=\"color: rgb(255, 0, 0);\">Pratique fond\u00e9e sur des preuves<\/span><span style=\"color: rgb(105, 105, 105);\">&nbsp;&amp; Mod\u00e8le biopsychosocial<\/span><\/span><\/span><\/li>\n<li style=\"text-align: left;\"> \t\t<span style=\"font-family: verdana, geneva, sans-serif;\"><span style=\"font-size: 18px;\"><span style=\"color: rgb(105, 105, 105);\">Traite le&nbsp;<\/span><strong><span style=\"color: rgb(255, 0, 0);\">la source<\/span><\/strong><span style=\"color: rgb(105, 105, 105);\">&nbsp;de douleur<\/span><\/span><\/span><\/li>\n<li style=\"text-align: left;\"> \t\t<span style=\"font-family: verdana, geneva, sans-serif;\"><span style=\"font-size: 18px;\"><strong><span style=\"color: rgb(255, 0, 0);\">Non invasif<\/span><\/strong><span style=\"color: rgb(105, 105, 105);\">&nbsp;traitement naturel<\/span><\/span><\/span><\/li>\n<\/ul>\n<hr \/>\n<p class=\"p2\" style=\"margin-bottom: 0px; text-align: center; font-variant-numeric: normal; font-variant-east-asian: normal; font-stretch: normal; font-size: 11px; line-height: normal; font-family: Avenir; color: rgb(242, 37, 41); -webkit-text-stroke-color: rgb(105, 105, 105);\"> \t&nbsp;<\/p>\n<p class=\"p3\" style=\"margin-bottom: 0px; font-size: 18px; font-family: Avenir; color: rgb(128, 128, 128); -webkit-text-stroke: 0px rgb(105, 105, 105);\"> \t&nbsp;<\/p>\n<p class=\"p3\" style=\"margin-bottom: 0px; font-size: 18px; font-family: Avenir; color: rgb(128, 128, 128); -webkit-text-stroke: 0px rgb(105, 105, 105);\"> \t<span style=\"font-size: 26px;\"><span style=\"color: rgb(255, 0, 0);\"><span style=\"font-family: &quot;lucida sans unicode&quot;, &quot;lucida grande&quot;, sans-serif;\"><strong><a href=\"https:\/\/shop.advancedsofttissuerelease.com\/ocart2\/index.php?route=common\/home\" target=\"_blank\">S&#039;inscrire maintenant!<\/a><\/strong><\/span><\/span><\/span><\/p>\n<div> \t&nbsp;<\/div>\n<p style=\"font-family: Helvetica; text-align: center;\"> \t&nbsp;<\/p>\n<style type=\"text\/css\"> p.p1 {margin: 0.0px 0.0px 7.5px 0.0px; text-align: center; line-height: 19.2px; font: 15.0px Verdana; color: #3366cc; -webkit-text-stroke: #3366cc} span.s1 {font-kerning: none}<\/style>\n<style type=\"text\/css\"> p.p1 {margin: 0.0px 0.0px 7.5px 0.0px; line-height: 19.2px; font: 11.0px Verdana; color: #696969; -webkit-text-stroke: #696969} span.s1 {font-kerning: none; background-color: #ffffff}<\/style>\n<style type=\"text\/css\"> p.p1 {margin: 0.0px 0.0px 10.0px 0.0px; text-align: justify; font: 12.0px Verdana; color: #000000; -webkit-text-stroke: #000000; background-color: #ffffff} span.s1 {font-kerning: none} span.s2 {text-decoration: underline ; font-kerning: none; color: #0000ff; -webkit-text-stroke: 0px #0000ff}<\/style>\n<style type=\"text\/css\"> p.p1 {margin: 0.0px 0.0px 10.0px 0.0px; text-align: justify; font: 12.0px Verdana; color: #000000; -webkit-text-stroke: #000000; background-color: #ffffff} p.p3 {margin: 0.0px 0.0px 10.0px 0.0px; text-align: center; font: 14.0px Verdana; color: #000000; -webkit-text-stroke: #000000} li.li2 {margin: 0.0px 0.0px 10.0px 0.0px; text-align: justify; font: 12.0px Verdana; color: #000000; -webkit-text-stroke: #000000} span.s1 {font-kerning: none} span.s2 {font: 12.0px Helvetica; color: #000000} span.s3 {font-kerning: none; background-color: #ffffff} span.s4 {text-decoration: underline ; font-kerning: none} span.s5 {font: 9.3px Verdana; font-kerning: none} span.s6 {font: 11.0px 'Trebuchet MS'; font-kerning: none}<\/style>\n<style type=\"text\/css\"> p.p1 {margin: 0.0px 0.0px 10.0px 0.0px; font: 11.0px 'Trebuchet MS'; color: #000000; -webkit-text-stroke: #000000} span.s1 {font-kerning: none} span.s2 {font: 7.3px 'Trebuchet MS'; font-kerning: none} span.s3 {font: 20.0px 'Trebuchet MS'; text-decoration: underline ; font-kerning: none; color: #ff0000; -webkit-text-stroke: 0px #ff0000} span.s4 {text-decoration: underline ; font-kerning: none; color: #0000ff; -webkit-text-stroke: 0px #0000ff}<\/style>","protected":false},"excerpt":{"rendered":"<p>How To Release Scar Tissue Effectively? &nbsp; &nbsp; &nbsp; &nbsp; What Is ASTR? &nbsp; ASTR is a biopsychosocial treatment model that utilizes unique ASTR instruments, meaneuvers, theries and methodologies. ASTR treatment includes working on multiple aspects including: scar tissue, fascia restrictions, trigger points, muscles spasms, ergonomics, gait, exercise, nutrition, inflammation, stress management, and behavior modification. [&hellip;]<\/p>\n","protected":false},"author":2447,"featured_media":0,"parent":0,"menu_order":55,"comment_status":"closed","ping_status":"closed","template":"","meta":{"_analytify_skip_tracking":false,"footnotes":""},"class_list":["post-329","page","type-page","status-publish","hentry"],"_links":{"self":[{"href":"https:\/\/advancedsofttissuerelease.com\/fr\/wp-json\/wp\/v2\/pages\/329","targetHints":{"allow":["GET"]}}],"collection":[{"href":"https:\/\/advancedsofttissuerelease.com\/fr\/wp-json\/wp\/v2\/pages"}],"about":[{"href":"https:\/\/advancedsofttissuerelease.com\/fr\/wp-json\/wp\/v2\/types\/page"}],"author":[{"embeddable":true,"href":"https:\/\/advancedsofttissuerelease.com\/fr\/wp-json\/wp\/v2\/users\/2447"}],"replies":[{"embeddable":true,"href":"https:\/\/advancedsofttissuerelease.com\/fr\/wp-json\/wp\/v2\/comments?post=329"}],"version-history":[{"count":0,"href":"https:\/\/advancedsofttissuerelease.com\/fr\/wp-json\/wp\/v2\/pages\/329\/revisions"}],"wp:attachment":[{"href":"https:\/\/advancedsofttissuerelease.com\/fr\/wp-json\/wp\/v2\/media?parent=329"}],"curies":[{"name":"wp","href":"https:\/\/api.w.org\/{rel}","templated":true}]}}