{"id":378,"date":"2018-08-03T21:32:31","date_gmt":"2018-08-03T21:32:31","guid":{"rendered":"https:\/\/advancedsofttissuerelease.com\/terms-conditions\/"},"modified":"2018-08-03T21:32:31","modified_gmt":"2018-08-03T21:32:31","slug":"termes-et-conditions-2","status":"publish","type":"page","link":"https:\/\/advancedsofttissuerelease.com\/fr\/terms-conditions\/","title":{"rendered":"Conditions g\u00e9n\u00e9rales (promotions)"},"content":{"rendered":"<p class=\"p1\" style=\"text-align: left;\"> \t<span style=\"font-family: verdana, geneva, sans-serif; font-size: 16px; -webkit-text-stroke-width: initial;\"><span class=\"s1\" style=\"\"><font color=\"#696969\">Achetez un ensemble d&#039;instruments ASTR au prix fort et obtenez un autre ensemble \u00e0 moiti\u00e9 prix. Cette promotion ne peut \u00eatre utilis\u00e9e qu&#039;une seule fois par client et un seul ensemble peut \u00eatre r\u00e9duit \u00e0 50%. Cette r\u00e9duction ne peut pas \u00eatre appliqu\u00e9e aux achats ant\u00e9rieurs et ne peut \u00eatre combin\u00e9e \u00e0 aucune autre vente, offre, offre sp\u00e9ciale, r\u00e9duction de groupe ou promotion. Fr<\/font><font color=\"#696969\">d\u00e8s <\/font><font color=\"#ff0000\"><b>21 ao\u00fbt 2018<\/b><\/font><\/span><\/span><span style=\"font-family: verdana, geneva, sans-serif; font-size: 16px; -webkit-text-stroke-width: initial; color: rgb(105, 105, 105);\"><span class=\"s1\">.<\/span><\/span><\/p>\n<p class=\"p1\" style=\"text-align: left;\"> \t&nbsp;<\/p>\n<p class=\"p3\"> \t&nbsp;<\/p>\n<p class=\"p3\"> \t<span style=\"box-sizing: border-box; color: rgb(102, 102, 102); -webkit-text-stroke-width: initial; font-family: verdana, geneva, sans-serif; font-size: 16px;\"><span class=\"s1\" style=\"box-sizing: border-box;\"><font color=\"#696969\" style=\"box-sizing: border-box;\">Apr\u00e8s avoir ajout\u00e9 tous les articles que vous souhaitez \u00e0 votre panier, veuillez cliquer sur &quot;Commander&quot; et lorsque vous arrivez sur &quot;Mode de paiement&quot;, ajoutez le code promotionnel. Le code promotionnel ne peut \u00eatre utilis\u00e9 qu&#039;une seule fois par client et ne peut pas \u00eatre appliqu\u00e9 \u00e0 des achats ant\u00e9rieurs ou combin\u00e9 \u00e0 toute autre vente, offre, offre sp\u00e9ciale, remise de groupe ou promotion. Un seul code promotionnel peut \u00eatre utilis\u00e9 lors du paiement.<\/font><span class=\"Apple-converted-space\" style=\"box-sizing: border-box; color: rgb(105, 105, 105);\">&nbsp;&nbsp;<\/span><span style=\"box-sizing: border-box; font-weight: 700; color: rgb(105, 105, 105);\">SAUVEGARDER<\/span><font color=\"#696969\" style=\"box-sizing: border-box;\">&nbsp;la promotion se termine&nbsp;<\/font><font color=\"#ff0000\" style=\"box-sizing: border-box;\"><span style=\"box-sizing: border-box; font-weight: 700;\">21 ao\u00fbt 2018<\/span><\/font><\/span><\/span><span style=\"box-sizing: border-box; -webkit-text-stroke-width: initial; font-family: verdana, geneva, sans-serif; font-size: 16px; color: rgb(105, 105, 105);\"><span class=\"s1\" style=\"box-sizing: border-box;\">.<\/span><\/span><\/p>\n<p class=\"p3\"> \t&nbsp;<\/p>\n<p class=\"p3\"> \t&nbsp;<\/p>\n<style type=\"text\/css\"> p.p1 {margin: 0.0px 0.0px 0.0px 0.0px; text-align: center; font: 11.0px 'Helvetica Neue'; color: #000000; -webkit-text-stroke: #000000} p.p2 {margin: 0.0px 0.0px 0.0px 0.0px; text-align: center; font: 11.0px 'Helvetica Neue'; color: #000000; -webkit-text-stroke: #000000; min-height: 12.0px} p.p3 {margin: 0.0px 0.0px 0.0px 0.0px; font: 11.0px 'Helvetica Neue'; color: #000000; -webkit-text-stroke: #000000} p.p4 {margin: 0.0px 0.0px 0.0px 0.0px; font: 11.0px 'Helvetica Neue'; color: #000000; -webkit-text-stroke: #000000; min-height: 12.0px} span.s1 {font-kerning: none} span.s2 {text-decoration: underline ; font-kerning: none}<\/style>","protected":false},"excerpt":{"rendered":"<p>Buy one ASTR instrument set full price and get another set half off. This promotion can only be used one time per customer and only one set can be discounted at 50% off. This discount cannot be applied to past purchases and cannot be combined with any other sale, deal, special, group discount or promotion. [&hellip;]<\/p>\n","protected":false},"author":2447,"featured_media":0,"parent":0,"menu_order":14,"comment_status":"closed","ping_status":"closed","template":"","meta":{"_analytify_skip_tracking":false,"footnotes":""},"class_list":["post-378","page","type-page","status-publish","hentry"],"_links":{"self":[{"href":"https:\/\/advancedsofttissuerelease.com\/fr\/wp-json\/wp\/v2\/pages\/378","targetHints":{"allow":["GET"]}}],"collection":[{"href":"https:\/\/advancedsofttissuerelease.com\/fr\/wp-json\/wp\/v2\/pages"}],"about":[{"href":"https:\/\/advancedsofttissuerelease.com\/fr\/wp-json\/wp\/v2\/types\/page"}],"author":[{"embeddable":true,"href":"https:\/\/advancedsofttissuerelease.com\/fr\/wp-json\/wp\/v2\/users\/2447"}],"replies":[{"embeddable":true,"href":"https:\/\/advancedsofttissuerelease.com\/fr\/wp-json\/wp\/v2\/comments?post=378"}],"version-history":[{"count":0,"href":"https:\/\/advancedsofttissuerelease.com\/fr\/wp-json\/wp\/v2\/pages\/378\/revisions"}],"wp:attachment":[{"href":"https:\/\/advancedsofttissuerelease.com\/fr\/wp-json\/wp\/v2\/media?parent=378"}],"curies":[{"name":"wp","href":"https:\/\/api.w.org\/{rel}","templated":true}]}}