{"id":387,"date":"2018-09-03T15:05:07","date_gmt":"2018-09-03T15:05:07","guid":{"rendered":"https:\/\/advancedsofttissuerelease.com\/my-story\/"},"modified":"2022-03-06T10:16:16","modified_gmt":"2022-03-06T17:16:16","slug":"dr-joseph-jacobs-histoire-du-cancer","status":"publish","type":"page","link":"https:\/\/advancedsofttissuerelease.com\/fr\/dr-joseph-jacobs-cancer-story\/","title":{"rendered":"Histoire du cancer du Dr Joseph Jacobs"},"content":{"rendered":"<div data-elementor-type=\"wp-page\" data-elementor-id=\"387\" class=\"elementor elementor-387\" data-elementor-post-type=\"page\">\n\t\t\t\t\t\t<section class=\"elementor-section elementor-top-section elementor-element elementor-element-72fc8ad elementor-section-stretched elementor-section-boxed elementor-section-height-default elementor-section-height-default\" data-id=\"72fc8ad\" data-element_type=\"section\" data-e-type=\"section\" data-settings=\"{&quot;stretch_section&quot;:&quot;section-stretched&quot;}\">\n\t\t\t\t\t\t<div class=\"elementor-container elementor-column-gap-default\">\n\t\t\t\t\t<div class=\"elementor-column elementor-col-100 elementor-top-column elementor-element elementor-element-72a958c\" data-id=\"72a958c\" data-element_type=\"column\" data-e-type=\"column\">\n\t\t\t<div class=\"elementor-widget-wrap elementor-element-populated\">\n\t\t\t\t\t\t<div class=\"elementor-element elementor-element-ab1d866 elementor-widget elementor-widget-heading\" data-id=\"ab1d866\" data-element_type=\"widget\" data-e-type=\"widget\" data-widget_type=\"heading.default\">\n\t\t\t\t<div class=\"elementor-widget-container\">\n\t\t\t\t\t<h1 class=\"elementor-heading-title elementor-size-default\">Histoire du cancer du Dr Joseph Jacobs<\/h1>\t\t\t\t<\/div>\n\t\t\t\t<\/div>\n\t\t\t\t<div class=\"elementor-element elementor-element-af369df elementor-widget elementor-widget-image\" data-id=\"af369df\" data-element_type=\"widget\" data-e-type=\"widget\" data-widget_type=\"image.default\">\n\t\t\t\t<div class=\"elementor-widget-container\">\n\t\t\t\t\t\t\t\t\t\t\t\t\t\t\t<img fetchpriority=\"high\" decoding=\"async\" width=\"455\" height=\"500\" src=\"https:\/\/advancedsofttissuerelease.com\/wp-content\/uploads\/2020\/01\/Joseph-Jacobs-scaled.jpeg\" class=\"attachment-full size-full wp-image-9149\" alt=\"\" srcset=\"https:\/\/advancedsofttissuerelease.com\/wp-content\/uploads\/2020\/01\/Joseph-Jacobs-scaled.jpeg 455w, https:\/\/advancedsofttissuerelease.com\/wp-content\/uploads\/2020\/01\/Joseph-Jacobs-scaled-200x220.jpeg 200w, https:\/\/advancedsofttissuerelease.com\/wp-content\/uploads\/2020\/01\/Joseph-Jacobs-scaled-300x330.jpeg 300w\" sizes=\"(max-width: 455px) 100vw, 455px\" \/>\t\t\t\t\t\t\t\t\t\t\t\t\t\t\t<\/div>\n\t\t\t\t<\/div>\n\t\t\t\t\t<\/div>\n\t\t<\/div>\n\t\t\t\t\t<\/div>\n\t\t<\/section>\n\t\t\t\t<section class=\"elementor-section elementor-top-section elementor-element elementor-element-48239340 elementor-section-stretched elementor-section-boxed elementor-section-height-default elementor-section-height-default\" data-id=\"48239340\" data-element_type=\"section\" data-e-type=\"section\" data-settings=\"{&quot;stretch_section&quot;:&quot;section-stretched&quot;}\">\n\t\t\t\t\t\t<div class=\"elementor-container elementor-column-gap-default\">\n\t\t\t\t\t<div class=\"elementor-column elementor-col-100 elementor-top-column elementor-element elementor-element-1f17e08e\" data-id=\"1f17e08e\" data-element_type=\"column\" data-e-type=\"column\">\n\t\t\t<div class=\"elementor-widget-wrap elementor-element-populated\">\n\t\t\t\t\t\t<div class=\"elementor-element elementor-element-1e51ad51 elementor-widget elementor-widget-text-editor\" data-id=\"1e51ad51\" data-element_type=\"widget\" data-e-type=\"widget\" data-widget_type=\"text-editor.default\">\n\t\t\t\t<div class=\"elementor-widget-container\">\n\t\t\t\t\t\t\t\t\t<p class=\"p1\"><span style=\"color: #333333; font-family: verdana, geneva, sans-serif;\"><span style=\"font-size: 16px;\"><span class=\"s1\">J&#039;ai grandi dans une maison modeste avec mes deux parents qui occupaient plusieurs emplois pour subvenir aux besoins de ma s\u0153ur et moi. J&#039;ai fait face \u00e0 la pers\u00e9cution et \u00e0 la discrimination d\u00e8s ma naissance en tant que minorit\u00e9 en \u00c9gypte et on m&#039;a dit que je ne repr\u00e9senterais jamais grand-chose. Mon gouvernement m&#039;a dit ce que j&#039;\u00e9tais autoris\u00e9 \u00e0 \u00e9tudier puisque je ne faisais pas partie de la majorit\u00e9.<\/span><\/span><\/span><\/p>\n<p><\/p>\n<p class=\"p1\"><span style=\"font-family: verdana, geneva, sans-serif; color: #333333;\">A l&#039;\u00e2ge de 7 ans, on m&#039;a diagnostiqu\u00e9 <b>cancer<\/b>. Par la gr\u00e2ce de Dieu, j&#039;\u00e9tais gu\u00e9rie du cancer un an plus tard. \u00c0 18 ans, j&#039;ai postul\u00e9 et j&#039;ai finalement gagn\u00e9 \u00e0 la loterie pour venir aux \u00c9tats-Unis \u00e0 travers de grandes difficult\u00e9s. Je suis arriv\u00e9 aux \u00c9tats-Unis \u00e0 19 ans, ne parlant que l&#039;arabe et j&#039;ai travaill\u00e9 comme agent de s\u00e9curit\u00e9 sans aucune connaissance de la langue anglaise, tout en terminant mon programme de licence et de doctorat.<\/span><\/p>\n<p><span style=\"font-family: verdana, geneva, sans-serif; color: #333333;\">je me suis battu <b>cancer<\/b> encore une fois lors de ma derni\u00e8re ann\u00e9e du programme et par la gr\u00e2ce de Dieu, j&#039;ai r\u00e9ussi mes examens du conseil. J&#039;avais l&#039;habitude de souffrir de maladies chroniques <strong>migraines<\/strong>, <strong>maux de t\u00eate<\/strong>, <strong>fatigue<\/strong>et <strong>douleur&nbsp;<\/strong>et j&#039;\u00e9tais tr\u00e8s frustr\u00e9 par les r\u00e9sultats que je voyais en utilisant les modalit\u00e9s traditionnelles que j&#039;avais apprises \u00e0 l&#039;\u00e9cole. C&#039;est ce qui m&#039;a amen\u00e9 \u00e0 d\u00e9velopper ASTR. J&#039;ai pass\u00e9 les dix derni\u00e8res ann\u00e9es \u00e0 \u00e9tudier, rechercher, d\u00e9velopper et breveter de nouvelles techniques et de nouveaux outils dans le but de soulager \u00e0 long terme la douleur de patients comme moi qui ont tout essay\u00e9 sans succ\u00e8s.<\/span><\/p>\n<p><span style=\"font-family: verdana, geneva, sans-serif; color: #333333;\">C&#039;est un grand bravo \u00e0 tous les r\u00eaveurs qui attendent toujours de voir leurs r\u00eaves se r\u00e9aliser\u00a0! Cela n&#039;arrivera peut-\u00eatre pas aujourd&#039;hui, l&#039;ann\u00e9e prochaine ou m\u00eame au cours de cette d\u00e9cennie. Mais&nbsp;<strong><span class=\"s2\">ne jamais abandonner! Ne perdez pas espoir ! Persister!<\/span><\/strong><\/span><\/p>\n<p><span style=\"font-family: verdana, geneva, sans-serif; color: #333333;\"><strong style=\"font-size: 16px; -webkit-text-stroke-width: initial; -webkit-text-stroke-color: #696969;\"><br><\/strong><\/span><\/p>\n<p><span style=\"font-family: verdana, geneva, sans-serif; color: #333333;\"><strong style=\"font-size: 16px; -webkit-text-stroke-width: initial; -webkit-text-stroke-color: #696969;\">Joseph Jacobs<\/strong><span style=\"font-size: 16px; -webkit-text-stroke-width: initial; -webkit-text-stroke-color: #696969;\">, DPT, ACN, ASTR<\/span><\/span><\/p>\n<p><span style=\"font-family: verdana, geneva, sans-serif; font-size: 16px; color: #333333; -webkit-text-stroke-width: initial; -webkit-text-stroke-color: #696969;\">Docteur en physioth\u00e9rapie<\/span><\/p>\n<p><span style=\"font-family: verdana, geneva, sans-serif; font-size: 16px; color: #333333; -webkit-text-stroke-width: initial; -webkit-text-stroke-color: #696969;\">Nutritionniste clinique avanc\u00e9e<\/span><\/p>\n<p class=\"p1\"><span style=\"color: #333333; font-family: verdana, geneva, sans-serif;\"><span style=\"font-size: 16px;\">Inventeur de l&#039;ASTR<\/span><\/span><span style=\"color: var( --e-global-color-text ); font-family: var( --e-global-typography-text-font-family ), verdana; font-size: 16.00160026550293px; -webkit-text-stroke-color: #202020; -webkit-text-stroke-width: initial;\">&nbsp;<\/span><\/p>\t\t\t\t\t\t\t\t<\/div>\n\t\t\t\t<\/div>\n\t\t\t\t\t<\/div>\n\t\t<\/div>\n\t\t\t\t\t<\/div>\n\t\t<\/section>\n\t\t\t\t<\/div>","protected":false},"excerpt":{"rendered":"<p>Dr. Joseph Jacobs Cancer Story I grew up in a modest home with both of my parents working multiple jobs to support me and my sister. I faced persecution and discrimination from birth as a minority in Egypt and was told I would never amount to much. My government told me what I was allowed [&hellip;]<\/p>\n","protected":false},"author":2447,"featured_media":0,"parent":0,"menu_order":5,"comment_status":"closed","ping_status":"closed","template":"","meta":{"_analytify_skip_tracking":false,"footnotes":""},"class_list":["post-387","page","type-page","status-publish","hentry"],"_links":{"self":[{"href":"https:\/\/advancedsofttissuerelease.com\/fr\/wp-json\/wp\/v2\/pages\/387","targetHints":{"allow":["GET"]}}],"collection":[{"href":"https:\/\/advancedsofttissuerelease.com\/fr\/wp-json\/wp\/v2\/pages"}],"about":[{"href":"https:\/\/advancedsofttissuerelease.com\/fr\/wp-json\/wp\/v2\/types\/page"}],"author":[{"embeddable":true,"href":"https:\/\/advancedsofttissuerelease.com\/fr\/wp-json\/wp\/v2\/users\/2447"}],"replies":[{"embeddable":true,"href":"https:\/\/advancedsofttissuerelease.com\/fr\/wp-json\/wp\/v2\/comments?post=387"}],"version-history":[{"count":0,"href":"https:\/\/advancedsofttissuerelease.com\/fr\/wp-json\/wp\/v2\/pages\/387\/revisions"}],"wp:attachment":[{"href":"https:\/\/advancedsofttissuerelease.com\/fr\/wp-json\/wp\/v2\/media?parent=387"}],"curies":[{"name":"wp","href":"https:\/\/api.w.org\/{rel}","templated":true}]}}