{"id":5332,"date":"2019-08-08T11:27:53","date_gmt":"2019-08-08T18:27:53","guid":{"rendered":"https:\/\/advancedsofttissuerelease.com\/?page_id=5332"},"modified":"2022-02-19T10:38:08","modified_gmt":"2022-02-19T17:38:08","slug":"stage-kinesitherapie-2","status":"publish","type":"page","link":"https:\/\/advancedsofttissuerelease.com\/fr\/physical-therapy-internship\/","title":{"rendered":"Stage en physioth\u00e9rapie"},"content":{"rendered":"<div class=\"profile\">\n<h1><strong><span style=\"font-size: 12pt;\">Stage de physioth\u00e9rapie dans le comt\u00e9 d&#039;Ada (Boise, ID)<\/span><\/strong><\/h1>\n<\/div>\n<p>Stage - Temps partiel, non r\u00e9mun\u00e9r\u00e9<\/p>\n<p><strong>Boise, ID<\/strong><\/p>\n<div class=\"profile\">\n<p>Les stagiaires pourront suivre le Dr Joseph Jacobs, inventeur de la sp\u00e9cialit\u00e9 ASTR. Venez d\u00e9couvrir la sp\u00e9cialit\u00e9 ASTR et comment le Dr Jacobs aide \u00e0 soulager la douleur des patients rapidement et efficacement. Heures flexibles<\/p>\n<h2><strong><span style=\"font-size: 12pt;\">Les stagiaires pourront<\/span><\/strong><\/h2>\n<ul>\n<li style=\"list-style-type: none;\">\n<ul>\n<li>Traitement d&#039;ombrage<\/li>\n<li>Aide \u00e0 la recherche<\/li>\n<li>Bureau de travail<\/li>\n<li>Nettoyer les tables et les outils<\/li>\n<li>Cr\u00e9er des publications sur les r\u00e9seaux sociaux<\/li>\n<li>\u00c9ducation du patient<\/li>\n<\/ul>\n<\/li>\n<\/ul>\n<\/div>\n<div class=\"profile\">\n<h2><strong><span style=\"font-size: 12pt;\">Comp\u00e9tences qui seront acquises li\u00e9es \u00e0:<\/span><\/strong><\/h2>\n<p>physioth\u00e9rapie, traitement, \u00e9ducation du patient, recherche, douleur, prescription d&#039;exercices, r\u00e9adaptation orthop\u00e9dique, th\u00e9rapie manuelle, exercices, ergonomie, m\u00e9decine du sport, nutrition, r\u00e9adaptation, pr\u00e9vention des blessures, kin\u00e9siologie, r\u00e9adaptation vestibulaire, orthop\u00e9die ambulatoire, r\u00e9adaptation g\u00e9riatrique<\/p>\n<div class=\"profile\">\n<h2><strong><span style=\"font-size: 12pt;\">Conditions de stage :<\/span><\/strong><\/h2>\n<ul>\n<li>Faites le test de personnalit\u00e9\u00a0<span style=\"color: #0000ff;\"><a style=\"color: #0000ff;\" href=\"https:\/\/www.16personalities.com\" target=\"_blank\" rel=\"noopener\">16personnalit\u00e9s.com<\/a><\/span><\/li>\n<li>Envoyez votre CV, lettre de motivation et r\u00e9sultats de test de personnalit\u00e9 par e-mail\u00a0: <span style=\"color: #0000ff;\"><a style=\"color: #0000ff;\" href=\"mailto:support@ASTRinstitute.com\">support@ASTRinstitute.com<\/a><\/span><\/li>\n<li>Remplissez les formulaires suivants <span style=\"color: #0000ff;\"><a style=\"color: #0000ff;\" href=\"https:\/\/advancedsofttissuerelease.com\/wp-content\/uploads\/2019\/08\/Intern-Consent-Form.pdf\">Formulaire de consentement du stagiaire<\/a><\/span>\u00a0&amp;<span style=\"color: #0000ff;\"> <a style=\"color: #0000ff;\" href=\"https:\/\/advancedsofttissuerelease.com\/wp-content\/uploads\/2019\/08\/Non-discoulsure.pdf\">Non-divulgation<\/a><\/span><\/li>\n<li>Pour vous pr\u00e9parer au stage regardez le premier <strong>7 vid\u00e9os<\/strong> dans ce<span style=\"color: #0000ff;\"> <a style=\"color: #0000ff;\" href=\"https:\/\/advancedsofttissuerelease.com\/fr\/videos-educatives-2\/\">page<\/a><\/span><\/li>\n<\/ul>\n<\/div>\n<\/div>","protected":false},"excerpt":{"rendered":"<p>Physical Therapy Internship In Ada County (Boise, ID) Internship &#8211; Part Time, Unpaid Boise, ID Interns will be able to shadow Dr. Joseph Jacobs, Inventor of ASTR speciality. Come learn about ASTR specialty and how Dr. Jacobs helps to relieve patients pain quickly and affectively. Flexible hours Interns will be able to Shadowing treatment Help [&hellip;]<\/p>\n","protected":false},"author":1,"featured_media":0,"parent":0,"menu_order":0,"comment_status":"closed","ping_status":"closed","template":"","meta":{"_analytify_skip_tracking":false,"footnotes":""},"class_list":["post-5332","page","type-page","status-publish","hentry"],"_links":{"self":[{"href":"https:\/\/advancedsofttissuerelease.com\/fr\/wp-json\/wp\/v2\/pages\/5332","targetHints":{"allow":["GET"]}}],"collection":[{"href":"https:\/\/advancedsofttissuerelease.com\/fr\/wp-json\/wp\/v2\/pages"}],"about":[{"href":"https:\/\/advancedsofttissuerelease.com\/fr\/wp-json\/wp\/v2\/types\/page"}],"author":[{"embeddable":true,"href":"https:\/\/advancedsofttissuerelease.com\/fr\/wp-json\/wp\/v2\/users\/1"}],"replies":[{"embeddable":true,"href":"https:\/\/advancedsofttissuerelease.com\/fr\/wp-json\/wp\/v2\/comments?post=5332"}],"version-history":[{"count":0,"href":"https:\/\/advancedsofttissuerelease.com\/fr\/wp-json\/wp\/v2\/pages\/5332\/revisions"}],"wp:attachment":[{"href":"https:\/\/advancedsofttissuerelease.com\/fr\/wp-json\/wp\/v2\/media?parent=5332"}],"curies":[{"name":"wp","href":"https:\/\/api.w.org\/{rel}","templated":true}]}}