{"id":72,"date":"2015-07-06T00:22:14","date_gmt":"2015-07-06T00:22:14","guid":{"rendered":"https:\/\/advancedsofttissuerelease.com\/home\/"},"modified":"2018-12-26T06:35:29","modified_gmt":"2018-12-26T06:35:29","slug":"home","status":"publish","type":"page","link":"https:\/\/advancedsofttissuerelease.com\/fr\/home\/","title":{"rendered":"Accueil"},"content":{"rendered":"<p class=\"p1\"> \t<span style=\"font-size:16px;\"><span style=\"font-family:verdana,geneva,sans-serif;\"><span style=\"color:#696969;\"><span class=\"s1\">Lib\u00e9ration avanc\u00e9e des tissus mous<\/span><span class=\"s2\"><b><sup>\u00ae&nbsp;<\/sup><\/b><\/span><span class=\"s1\">&nbsp;(ASTR<\/span><span class=\"s2\"><b><sup>\u00ae<\/sup><\/b><\/span><span class=\"s1\">)<\/span><\/span><span class=\"s1\"><a href=\"https:\/\/advancedsofttissuerelease.com\/fr\/about-astr\/quest-ce-quastr\/\"><span style=\"color:#696969;\"><span class=\"s3\">&nbsp;<\/span><\/span><\/a><\/span><span style=\"color:#696969;\"><span class=\"s1\">change la fa\u00e7on dont les patients vivent&nbsp;<b>Soulagement de la douleur \u00e0 long terme<\/b>. ASTR was developed in 2011 by&nbsp;Dr. Joseph Jacobs,&nbsp;Doctor of Physical Therapy. Dr.Jacobs is a&nbsp;<\/span><\/span><span class=\"s4\">Survivant du cancer<\/span><span class=\"s1\">&nbsp;<span style=\"color:#696969;\">qui souffrait de<\/span>&nbsp;<\/span><span class=\"s4\">migraines chroniques, maux de t\u00eate, fatigue&nbsp;<\/span><span class=\"s5\">et<\/span><span class=\"s4\">&nbsp;douleur&nbsp;<b>Avant d&#039;inventer ASTR<\/b><\/span><span class=\"s1\">. <span style=\"color:#696969;\">ASTR specialty addresses acute and chronic pain unlike anything else. With&nbsp;<b>Brevet\u00e9,<\/b>&nbsp;strategically designed instruments, over 125 maneuvers, unique patient assessments, and tactically drafted treatment protocols, ASTR is designed to target the source of pain and dramatically reduce it, increasing&nbsp;range of motion, and essentially improving people\u2019s quality of life.<\/span><\/span><\/span><\/span><\/p>\n<p class=\"p1\"> \t&nbsp;<\/p>\n<hr>\n<p class=\"p1\"> \t&nbsp;<\/p>\n<p class=\"p1\"> \t<span style=\"font-size:18px;\"><span style=\"font-family:verdana,geneva,sans-serif;\"><strong style=\"-webkit-text-stroke-width: initial; color: rgb(105, 105, 105); font-size: 22px; font-family: verdana, geneva, sans-serif;\"><span class=\"s1\">ASTR: The Future of Medicine<\/span><\/strong><\/span><\/span><\/p>\n<p class=\"p1\"> \t&nbsp;<\/p>\n<ul class=\"ul1\">\n<li class=\"li2\"> \t\t<span style=\"font-size:16px;\"><span style=\"font-family:verdana,geneva,sans-serif;\"><span style=\"color:#696969;\"><span class=\"s7\"><b>40+<\/b><\/span><span class=\"s8\"><b>&nbsp;<\/b>Des \u00e9tudes soutiennent le mod\u00e8le de traitement d&#039;ASTR<\/span><\/span><\/span><\/span><\/li>\n<li class=\"li2\"> \t\t<span style=\"font-size:16px;\"><span style=\"font-family:verdana,geneva,sans-serif;\"><span style=\"color:#696969;\"><span class=\"s7\"><b>400+<\/b><\/span><span class=\"s8\"><b>&nbsp;<\/b>Les \u00e9tudes de recherche sont int\u00e9gr\u00e9es dans le mod\u00e8le de traitement d&#039;ASTR<\/span><\/span><\/span><\/span><\/li>\n<li class=\"li2\"> \t\t<span style=\"font-size:16px;\"><span style=\"font-family:verdana,geneva,sans-serif;\"><span style=\"color:#696969;\"><span class=\"s7\"><b>16,000+<\/b><\/span><span class=\"s8\">&nbsp;Les \u00e9tudes de recherche ont \u00e9t\u00e9 examin\u00e9es par notre \u00e9quipe<\/span><\/span><\/span><\/span><\/li>\n<li class=\"li2\"> \t\t<span style=\"font-size:16px;\"><span style=\"font-family:verdana,geneva,sans-serif;\"><span style=\"color:#696969;\"><span class=\"s7\"><b>300+&nbsp;<\/b><\/span><span class=\"s8\">Vid\u00e9os de traitement et de t\u00e9moignage&nbsp;<\/span><\/span><\/span><\/span><\/li>\n<li class=\"li3\"> \t\t<span style=\"font-size:16px;\"><span style=\"font-family:verdana,geneva,sans-serif;\"><span style=\"color:#ff0000;\"><span class=\"s8\">Pratique fond\u00e9e sur des preuves<\/span><\/span><span style=\"color:#696969;\"><span class=\"s8\"> &amp; Mod\u00e8le biopsychosocial<\/span><\/span><\/span><\/span><\/li>\n<li class=\"li2\"> \t\t<span style=\"font-size:16px;\"><span style=\"font-family:verdana,geneva,sans-serif;\"><span style=\"color:#696969;\"><span class=\"s8\">Traite le&nbsp;<\/span><span class=\"s7\"><b>la source<\/b><\/span><span class=\"s8\">&nbsp;de douleur<\/span><\/span><\/span><\/span><\/li>\n<li class=\"li2\"> \t\t<span style=\"font-size:16px;\"><span style=\"font-family:verdana,geneva,sans-serif;\"><span style=\"color:#696969;\"><span class=\"s7\"><b>Non invasif<\/b><\/span><span class=\"s8\">&nbsp;traitement naturel<\/span><\/span><\/span><\/span><\/li>\n<\/ul>\n<hr>\n<p class=\"p1\"> \t&nbsp;<\/p>\n<p class=\"p1\"> \t<span style=\"font-size:22px;\"><span style=\"font-family:verdana,geneva,sans-serif;\"><span style=\"color:#696969;\"><strong><span class=\"s1\">Qu'est-ce que l'ASTR ?<\/span><\/strong><\/span><\/span><\/span><\/p>\n<p class=\"p1\"> \t&nbsp;<\/p>\n<p class=\"p2\"> \t<span style=\"font-size:16px;\"><span style=\"font-family:verdana,geneva,sans-serif;\"><span style=\"color:#696969;\"><span class=\"s1\">ASTR is a biopsychosocial treatment model that utilizes unique ASTR instruments, maneuvers, theories and methodologies to treat pain at its source. ASTR treatment includes working on multiple aspects including: scar tissue, fascia restriction, trigger points, muscles spasms, ergonomics, gait, exercise, nutrition, inflammation, stress management, and behavior modification.&nbsp;Results from a recent neck study conducted on ASTR patients found that there was an&nbsp;<\/span><span class=\"s4\">Taux de r\u00e9ussite 87%&nbsp;<\/span><span class=\"s1\">pour les patients qui ont suivi notre programme\u00a0!<b>&nbsp;<\/b><\/span><\/span><span class=\"s1\"><a href=\"https:\/\/advancedsofttissuerelease.com\/fr\/rechercher\/\"><span style=\"color:#696969;\"><span class=\"s11\">En savoir plus ici<\/span><\/span><\/a><\/span><span style=\"color:#696969;\"><span class=\"s3\">!<\/span><\/span><\/span><\/span><\/p>\n<p class=\"p2\" style=\"text-align: center;\"> \t&nbsp;<\/p>\n<hr>\n<style type=\"text\/css\"> p.p1 {margin: 0.0px 0.0px 0.0px 0.0px; font: 16.0px Verdana; color: #000000; -webkit-text-stroke: #000000; background-color: #ffffff} p.p2 {margin: 0.0px 0.0px 0.0px 0.0px; font: 16.0px Verdana; color: #000000; -webkit-text-stroke: #000000} p.p4 {margin: 0.0px 0.0px 0.0px 0.0px; font: 16.0px Verdana; color: #000000; -webkit-text-stroke: #000000; background-color: #ffffff; min-height: 19.0px} li.li2 {margin: 0.0px 0.0px 0.0px 0.0px; font: 16.0px Verdana; color: #000000; -webkit-text-stroke: #000000} li.li3 {margin: 0.0px 0.0px 0.0px 0.0px; font: 16.0px Verdana; color: #696969; -webkit-text-stroke: #696969} span.s1 {font-kerning: none} span.s2 {font: 10.7px Verdana; font-kerning: none; color: #6a6a6a; -webkit-text-stroke: 0px #6a6a6a} span.s3 {font-kerning: none; color: #428bca; -webkit-text-stroke: 0px #428bca} span.s4 {font-kerning: none; color: #ff0000; -webkit-text-stroke: 0px #ff0000} span.s5 {font-kerning: none; color: #696969; -webkit-text-stroke: 0px #696969} span.s6 {color: #ff0000} span.s7 {font-kerning: none; color: #ff0000; background-color: #ffffff; -webkit-text-stroke: 0px #ff0000} span.s8 {font-kerning: none; background-color: #ffffff} span.s9 {color: #ff0000; -webkit-text-stroke: 0px #000000} span.s10 {font-kerning: none; color: #000000; background-color: #ffffff; -webkit-text-stroke: 0px #ff0000} span.s11 {font-kerning: none; color: #428bca; background-color: transparent; -webkit-text-stroke: 0px #428bca} span.s12 {font-kerning: none; color: #808080; -webkit-text-stroke: 0px #808080} span.s13 {text-decoration: underline ; font-kerning: none; background-color: transparent} ul.ul1 {list-style-type: disc}\t<\/style>","protected":false},"excerpt":{"rendered":"<p>Advanced Soft Tissue Release\u00ae&nbsp;&nbsp;(ASTR\u00ae)&nbsp;is changing the way that patients experience&nbsp;Long-Term&nbsp;pain relief. ASTR was developed in 2011 by&nbsp;Dr. Joseph Jacobs,&nbsp;Doctor of Physical Therapy. Dr.Jacobs is a&nbsp;cancer survivor&nbsp;who used to suffer from&nbsp;chronic migraines, headaches, fatigue&nbsp;and&nbsp;pain&nbsp;Before he invented ASTR. ASTR specialty addresses acute and chronic pain unlike anything else. With&nbsp;Patented,&nbsp;strategically designed instruments, over 125 maneuvers, unique patient assessments, [&hellip;]<\/p>\n","protected":false},"author":2447,"featured_media":0,"parent":0,"menu_order":19,"comment_status":"closed","ping_status":"closed","template":"","meta":{"_analytify_skip_tracking":false,"footnotes":""},"class_list":["post-72","page","type-page","status-publish","hentry"],"_links":{"self":[{"href":"https:\/\/advancedsofttissuerelease.com\/fr\/wp-json\/wp\/v2\/pages\/72","targetHints":{"allow":["GET"]}}],"collection":[{"href":"https:\/\/advancedsofttissuerelease.com\/fr\/wp-json\/wp\/v2\/pages"}],"about":[{"href":"https:\/\/advancedsofttissuerelease.com\/fr\/wp-json\/wp\/v2\/types\/page"}],"author":[{"embeddable":true,"href":"https:\/\/advancedsofttissuerelease.com\/fr\/wp-json\/wp\/v2\/users\/2447"}],"replies":[{"embeddable":true,"href":"https:\/\/advancedsofttissuerelease.com\/fr\/wp-json\/wp\/v2\/comments?post=72"}],"version-history":[{"count":0,"href":"https:\/\/advancedsofttissuerelease.com\/fr\/wp-json\/wp\/v2\/pages\/72\/revisions"}],"wp:attachment":[{"href":"https:\/\/advancedsofttissuerelease.com\/fr\/wp-json\/wp\/v2\/media?parent=72"}],"curies":[{"name":"wp","href":"https:\/\/api.w.org\/{rel}","templated":true}]}}