{"id":75,"date":"2015-07-06T00:39:44","date_gmt":"2015-07-06T00:39:44","guid":{"rendered":"https:\/\/advancedsofttissuerelease.com\/testimonials\/"},"modified":"2018-12-26T03:24:37","modified_gmt":"2018-12-26T03:24:37","slug":"temoignages","status":"publish","type":"page","link":"https:\/\/advancedsofttissuerelease.com\/fr\/what-is-astr\/testimonials\/","title":{"rendered":"T\u00e9moignages"},"content":{"rendered":"<p style=\"text-align: center;\"> \t<iframe title=\"Back Pain Relieved After 2 ASTR treatments!\" width=\"800\" height=\"450\" src=\"https:\/\/www.youtube.com\/embed\/UyVCTuUKhvo?feature=oembed\" frameborder=\"0\" allow=\"accelerometer; autoplay; clipboard-write; encrypted-media; gyroscope; picture-in-picture; web-share\" allowfullscreen><\/iframe><\/p>\n<p style=\"text-align: center;\"> \t<iframe title=\"Back &amp; Hip Pain Relieved Without Surgery After 2 ASTR Treatments\" width=\"800\" height=\"450\" src=\"https:\/\/www.youtube.com\/embed\/qcCzOO3CPwU?feature=oembed\" frameborder=\"0\" allow=\"accelerometer; autoplay; clipboard-write; encrypted-media; gyroscope; picture-in-picture; web-share\" allowfullscreen><\/iframe><\/p>\n<p style=\"text-align: center;\"> \t<iframe title=\"Chronic Shoulder Restriction Was Relieved in Just Minutes!\" width=\"800\" height=\"450\" src=\"https:\/\/www.youtube.com\/embed\/YIwqsd5LWWQ?feature=oembed\" frameborder=\"0\" allow=\"accelerometer; autoplay; clipboard-write; encrypted-media; gyroscope; picture-in-picture; web-share\" allowfullscreen><\/iframe><\/p>\n<p style=\"text-align: center;\"> \t<iframe title=\"Chronic Shoulder Pain Relieved in Minutes With ASTR! (SAFE, REAL RELIEF!!)\" width=\"800\" height=\"450\" src=\"https:\/\/www.youtube.com\/embed\/-nzEn6EXdLg?feature=oembed\" frameborder=\"0\" allow=\"accelerometer; autoplay; clipboard-write; encrypted-media; gyroscope; picture-in-picture; web-share\" allowfullscreen><\/iframe><\/p>\n<p style=\"text-align: center;\"> \t<iframe title=\"Chronic Knee Pain Relieved After 2 ASTR treatments!\" width=\"800\" height=\"450\" src=\"https:\/\/www.youtube.com\/embed\/VfFs2JiM2uI?feature=oembed\" frameborder=\"0\" allow=\"accelerometer; autoplay; clipboard-write; encrypted-media; gyroscope; picture-in-picture; web-share\" allowfullscreen><\/iframe><\/p>\n<p style=\"text-align: center;\"> \t<iframe title=\"Jaw Pain Relieved in Minutes! (SAFE AND PROVEN!!)\" width=\"800\" height=\"450\" src=\"https:\/\/www.youtube.com\/embed\/zGJodacqH2Y?feature=oembed\" frameborder=\"0\" allow=\"accelerometer; autoplay; clipboard-write; encrypted-media; gyroscope; picture-in-picture; web-share\" allowfullscreen><\/iframe><\/p>\n<p style=\"text-align: center;\"> \t<iframe title=\"Unbelievable Chronic Shoulder Pain Relief! (REAL RESULTS)\" width=\"800\" height=\"450\" src=\"https:\/\/www.youtube.com\/embed\/_8w5qTyRVb0?feature=oembed\" frameborder=\"0\" allow=\"accelerometer; autoplay; clipboard-write; encrypted-media; gyroscope; picture-in-picture; web-share\" allowfullscreen><\/iframe><\/p>\n<p style=\"text-align: center;\"> \t<iframe title=\"Back &amp; Neck Pain Relieved in Just 1 ASTR Treatment\" width=\"800\" height=\"450\" src=\"https:\/\/www.youtube.com\/embed\/l6h0G1y52g4?feature=oembed\" frameborder=\"0\" allow=\"accelerometer; autoplay; clipboard-write; encrypted-media; gyroscope; picture-in-picture; web-share\" allowfullscreen><\/iframe><\/p>\n<p style=\"text-align: center;\"> \t<iframe title=\"Chronic Knee Pain Relieved in Minutes with ASTR!\" width=\"800\" height=\"450\" src=\"https:\/\/www.youtube.com\/embed\/Iu7J9aCRhqU?feature=oembed\" frameborder=\"0\" allow=\"accelerometer; autoplay; clipboard-write; encrypted-media; gyroscope; picture-in-picture; web-share\" allowfullscreen><\/iframe><\/p>\n<p style=\"text-align: center;\"> \t<iframe title=\"Qu&#039;est-ce que l&#039;ASTR ?\" width=\"800\" height=\"450\" src=\"https:\/\/www.youtube.com\/embed\/e5zGCWidWm0?feature=oembed\" frameborder=\"0\" allow=\"accelerometer; autoplay; clipboard-write; encrypted-media; gyroscope; picture-in-picture; web-share\" allowfullscreen><\/iframe><\/p>\n<p style=\"text-align: center;\"> \t<iframe title=\"Chronic Back &amp; Neck Pain Relieved After 1 ASTR Treatment! (SHOCKING RESULTS!!)\" width=\"800\" height=\"450\" src=\"https:\/\/www.youtube.com\/embed\/WTwFLCjh1iQ?feature=oembed\" frameborder=\"0\" allow=\"accelerometer; autoplay; clipboard-write; encrypted-media; gyroscope; picture-in-picture; web-share\" allowfullscreen><\/iframe><\/p>\n<p> \t<span style=\"color: rgb(105, 105, 105); font-family: verdana, geneva, sans-serif;\">Apprenez-en plus sur la lib\u00e9ration avanc\u00e9e des tissus mous aupr\u00e8s des patients qui ont ressenti un soulagement de la douleur gr\u00e2ce \u00e0 cette nouvelle sp\u00e9cialit\u00e9 r\u00e9volutionnaire\u00a0! Vous pouvez trouver des t\u00e9moignages bas\u00e9s sur le probl\u00e8me pr\u00e9sent\u00e9 par le patient, mais vous trouverez ci-dessous quelques faits saillants.<\/span><\/p>\n<p> \t&nbsp;<\/p>\n<hr \/>\n<p> \t&nbsp;<\/p>\n<p style=\"box-sizing: border-box; line-height: 1.6em; color: rgb(34, 34, 34); font-family: Arial, Verdana, sans-serif; font-size: 12px;\"> \t<span style=\"font-family:verdana,geneva,sans-serif;\"><span style=\"color:#696969;\"><span style=\"box-sizing: border-box;\"><span style=\"box-sizing: border-box;\"><span style=\"box-sizing: border-box; font-size: 14px;\"><span style=\"box-sizing: border-box; line-height: 16px;\">\u00ab Apr\u00e8s mon premier rendez-vous avec le docteur Jacobs,&nbsp;<strong style=\"box-sizing: border-box;\">Je me sentais tellement mieux<\/strong>. Les techniques qu&#039;il a utilis\u00e9es sur moi n&#039;\u00e9taient pas &quot;typiques&quot;. Mais ils ont vraiment fonctionn\u00e9. Apr\u00e8s de nombreuses s\u00e9ances avec le Dr Jacobs, ainsi qu&#039;un changement dans mon alimentation pour des aliments plus naturels et biologiques, je suis un&nbsp;<strong style=\"box-sizing: border-box;\">personne compl\u00e8tement diff\u00e9rente<\/strong>. Bien que la maladie c\u0153liaque et l&#039;arthrite soient des choses que je ne peux pas changer, tant d&#039;autres choses ont chang\u00e9 pour le mieux. Ma derni\u00e8re scintigraphie osseuse est revenue pratiquement normale. Mes sympt\u00f4mes de fibromyalgie ont disparu. Mes sympt\u00f4mes du canal carpien ont disparu 100%. Et le dernier, mais non le moindre, je suis \u00e0 100% des pilules narcotiques. J&#039;ai pris pr\u00e8s de 40 livres et j&#039;occupe maintenant 3 emplois pour un total d&#039;environ 60 heures par semaine.&nbsp;<\/span><\/span><\/span><\/span><\/span><\/span><\/p>\n<p style=\"box-sizing: border-box; line-height: 1.6em; color: rgb(34, 34, 34); font-family: Arial, Verdana, sans-serif; font-size: 12px;\"> \t<span style=\"font-family:verdana,geneva,sans-serif;\"><span style=\"color:#696969;\"><span style=\"box-sizing: border-box;\"><span style=\"box-sizing: border-box;\"><span style=\"box-sizing: border-box; font-size: 14px;\"><span style=\"box-sizing: border-box; line-height: 16px;\"><strong style=\"box-sizing: border-box;\">Le docteur Jacobs est absolument incroyable<\/strong>&nbsp;et ses techniques sont r\u00e9volutionnaires. Faites-lui confiance et vous irez mieux. C&#039;est quelque chose que je peux vous promettre. \u00c0 23 ans, je suis tellement reconnaissante d&#039;avoir retrouv\u00e9 ma vie. Merci, docteur Jacobs, d&#039;avoir rendu cette qualit\u00e9 de vie incroyablement meilleure qu&#039;elle ne l&#039;\u00e9tait.&nbsp;<strong style=\"box-sizing: border-box;\">Aucune somme d&#039;argent ne pourra jamais vous rembourser pour tout ce que vous avez fait.<\/strong>&#8221;&nbsp;<\/span><\/span><\/span><\/span><\/span><\/span><\/p>\n<p style=\"box-sizing: border-box; line-height: 1.6em; color: rgb(34, 34, 34); font-family: Arial, Verdana, sans-serif; font-size: 12px; text-align: right;\"> \t<span style=\"font-family:verdana,geneva,sans-serif;\"><span style=\"color:#696969;\"><span style=\"box-sizing: border-box;\"><span style=\"box-sizing: border-box;\"><span style=\"box-sizing: border-box; font-size: 14px;\">Un client reconnaissant<\/span><\/span><\/span><\/span><\/span><\/p>\n<p style=\"box-sizing: border-box; line-height: 1.6em; color: rgb(34, 34, 34); font-family: Arial, Verdana, sans-serif; font-size: 12px; text-align: right;\"> \t<span style=\"font-family:verdana,geneva,sans-serif;\"><span style=\"color:#696969;\"><span style=\"box-sizing: border-box;\"><strong style=\"box-sizing: border-box;\"><span style=\"box-sizing: border-box; font-size: 14px; line-height: 16px;\">Fibromyalgie<\/span><\/strong><span style=\"box-sizing: border-box; font-size: 14px;\">&nbsp;<\/span><\/span><\/span><\/span><\/p>\n<hr \/>\n<p style=\"box-sizing: border-box; line-height: 1.6em; font-size: small; font-family: arial;\"> \t<span style=\"font-family:verdana,geneva,sans-serif;\"><span style=\"color:#696969;\"><span style=\"box-sizing: border-box;\"><span style=\"box-sizing: border-box;\"><span style=\"box-sizing: border-box; font-size: 14px;\"><span style=\"box-sizing: border-box; line-height: 16px;\">\u00abApr\u00e8s avoir suivi 18 mois de th\u00e9rapie physique traditionnelle apr\u00e8s deux chirurgies du genou pour remplacer mon LCA, j&#039;\u00e9tais sceptique quant \u00e0 la possibilit\u00e9 de faire quoi que ce soit de plus pour soulager ma douleur et ma raideur au genou.<strong style=\"box-sizing: border-box;\">&nbsp;Apr\u00e8s une seule visite<\/strong>, j&#039;ai \u00e9t\u00e9 \u00e9tonn\u00e9 des r\u00e9sultats que le docteur Jacobs a pu produire avec sa technique avanc\u00e9e de lib\u00e9ration des tissus mous\u00a0! Il a \u00e9t\u00e9 tr\u00e8s minutieux, courtois et serviable tout au long de la visite. Il a pris le temps de m&#039;expliquer la technique et son fonctionnement. J&#039;ai \u00e9t\u00e9 tr\u00e8s impressionn\u00e9 par la fa\u00e7on dont mon genou a r\u00e9agi et s&#039;est rel\u00e2ch\u00e9, d&#039;autant plus que cela fait deux ans depuis ma chirurgie initiale.&nbsp;<strong style=\"box-sizing: border-box;\">Je suis all\u00e9 dans un sceptique et maintenant je suis un croyant!&nbsp;<\/strong><\/span><\/span><\/span><\/span><\/span><\/span><\/p>\n<p style=\"box-sizing: border-box; line-height: 1.6em; font-size: small; text-align: right; font-family: arial;\"> \t<span style=\"font-family:verdana,geneva,sans-serif;\"><span style=\"color:#696969;\"><span style=\"box-sizing: border-box;\"><span style=\"box-sizing: border-box;\"><span style=\"box-sizing: border-box; font-size: 14px;\">Mychal T.<\/span><\/span><\/span><\/span><\/span><\/p>\n<p style=\"box-sizing: border-box; line-height: 1.6em; font-size: small; text-align: right; font-family: arial;\"> \t<span style=\"font-family:verdana,geneva,sans-serif;\"><span style=\"color:#696969;\"><span style=\"box-sizing: border-box;\"><strong style=\"box-sizing: border-box;\"><span style=\"box-sizing: border-box;\"><span style=\"box-sizing: border-box; font-size: 14px;\">Douleur au genou<\/span><\/span><\/strong><\/span><\/span><\/span><\/p>\n<p style=\"box-sizing: border-box; line-height: 1.6em; font-size: small; text-align: right; font-family: arial;\"> \t<span style=\"font-family:verdana,geneva,sans-serif;\"><span style=\"color:#696969;\"><span style=\"box-sizing: border-box;\"><span style=\"box-sizing: border-box;\"><span style=\"box-sizing: border-box; font-size: 14px;\">(Pheonix, AZ)<\/span><\/span><\/span><\/span><\/span><\/p>\n<hr \/>\n<p style=\"box-sizing: border-box; line-height: 1.6em; font-size: small; font-family: arial;\"> \t<span style=\"font-family:verdana,geneva,sans-serif;\"><span style=\"color:#696969;\"><span style=\"box-sizing: border-box;\"><span style=\"box-sizing: border-box;\"><span style=\"box-sizing: border-box; font-size: 14px;\">&quot;Non seulement le docteur Jacobs a aid\u00e9 mes maux, il m&#039;a aussi appris \u00e0 m&#039;aider moi-m\u00eame. J&#039;ai d&#039;abord commenc\u00e9 un traitement avec le docteur Jacobs pour des migraines. De m\u00eame que<strong style=\"box-sizing: border-box;\">&nbsp;l&#039;\u00e9limination des m\u00e9dicaments<\/strong>, le sien&nbsp;<strong style=\"box-sizing: border-box;\">La technique ASTR a consid\u00e9rablement r\u00e9duit la fr\u00e9quence et l'intensit\u00e9 de mes migraines.<\/strong>. Parall\u00e8lement \u00e0 mon rendez-vous avec le docteur Jacobs, j&#039;ai fait mes exercices assign\u00e9s \u00e0 la maison. La combinaison a \u00e9t\u00e9 tr\u00e8s efficace. Il a activement \u00e9cout\u00e9 mes pr\u00e9occupations et m&#039;a trait\u00e9 en cons\u00e9quence. Il \u00e9tait super avec ses commentaires et connaissait bien ma douleur et mes conditions. Tout au long de ma physioth\u00e9rapie, le docteur Jacobs m&#039;a aid\u00e9 avec la fibromyalgie, des douleurs musculaires aux pieds, aux jambes, au dos et aux \u00e9paules et des migraines. Il m&#039;a donn\u00e9 des informations pour m&#039;aider \u00e0 m&#039;aider moi-m\u00eame. J&#039;utiliserai certainement le programme de bien-\u00eatre du docteur Jacobs \u00e0 l&#039;avenir \u00e9galement.<\/span><\/span><\/span><\/span><\/span><\/p>\n<p style=\"box-sizing: border-box; line-height: 1.6em; font-size: small; text-align: right; font-family: arial;\"> \t<span style=\"font-family:verdana,geneva,sans-serif;\"><span style=\"color:#696969;\"><span style=\"box-sizing: border-box;\"><span style=\"box-sizing: border-box;\"><span style=\"box-sizing: border-box; font-size: 14px;\">Jessica Y.<\/span><\/span><\/span><\/span><\/span><\/p>\n<p style=\"box-sizing: border-box; line-height: 1.6em; font-size: small; text-align: right; font-family: arial;\"> \t<span style=\"font-family:verdana,geneva,sans-serif;\"><span style=\"color:#696969;\"><span style=\"box-sizing: border-box;\"><strong style=\"box-sizing: border-box;\"><span style=\"box-sizing: border-box;\"><span style=\"box-sizing: border-box; font-size: 14px;\">Migraines<\/span><\/span><\/strong><\/span><\/span><\/span><\/p>\n<p style=\"box-sizing: border-box; line-height: 1.6em; font-size: small; text-align: right; font-family: arial;\"> \t<span style=\"font-family:verdana,geneva,sans-serif;\"><span style=\"color:#696969;\"><span style=\"box-sizing: border-box;\"><span style=\"box-sizing: border-box;\"><span style=\"box-sizing: border-box; font-size: 14px;\">(Trabuco Canyon, Californie)<\/span><\/span><\/span><\/span><\/span><\/p>\n<hr \/>\n<div style=\"box-sizing: border-box; color: rgb(69, 68, 68); font-family: 'Open Sans', sans-serif; font-size: 14px; line-height: 20px;\"> \t<span style=\"font-family:verdana,geneva,sans-serif;\"><span style=\"color:#696969;\"><span style=\"box-sizing: border-box;\">&quot;J&#039;ai amen\u00e9 ma fille, Daisy, parce qu&#039;elle avait plusieurs radiographies montrant que sa courbe de scoliose \u00e9tait \u00e0 53 degr\u00e9s. Elle \u00e9tait tr\u00e8s d\u00e9s\u00e9quilibr\u00e9e. Les m\u00e9decins ont dit qu&#039;il n&#039;y avait aucun espoir, que c&#039;\u00e9tait une op\u00e9ration ou rien. Je suis venu voir le Dr Jacobs pour voir s&#039;il y avait quelque chose que nous pouvions faire. <strong>Daisy a fait des progr\u00e8s incroyables !<\/strong> Je le remarque \u00e0 peine quand elle marche devant moi. Elle est beaucoup plus h\u00e9t\u00e9ro. Elle marche totalement diff\u00e9remment. <strong>Elle a l&#039;air 90% mieux qu&#039;elle ne l&#039;\u00e9tait avant notre arriv\u00e9e ici!<\/strong> Le Dr Jacob a rel\u00e2ch\u00e9 l&#039;\u00e9tanch\u00e9it\u00e9 de son tissu cicatriciel afin que sa colonne vert\u00e9brale ne soit plus tir\u00e9e. Les s\u00e9ances sont sans douleur et elle ne se plaint jamais du traitement !<\/span><\/span><\/span><\/div>\n<div style=\"box-sizing: border-box; color: rgb(69, 68, 68); font-family: 'Open Sans', sans-serif; font-size: 14px; line-height: 20px; text-align: right;\"> \t<span style=\"font-family:verdana,geneva,sans-serif;\"><span style=\"color:#696969;\"><span style=\"box-sizing: border-box;\">C\u00e9leste<\/span><\/span><\/span><\/div>\n<div style=\"box-sizing: border-box; color: rgb(69, 68, 68); font-family: 'Open Sans', sans-serif; font-size: 14px; line-height: 20px; text-align: right;\">\n<p> \t\t<span style=\"font-family:verdana,geneva,sans-serif;\"><span style=\"color:#696969;\"><span style=\"box-sizing: border-box;\"><strong style=\"box-sizing: border-box;\">La fille a une scoliose<\/strong><\/span><\/span><\/span><\/p>\n<hr \/>\n<p style=\"text-align: left;\"> \t\t<span style=\"font-family:verdana,geneva,sans-serif;\"><span style=\"color:#696969;\">\u201cJe voulais juste dire quelle belle exp\u00e9rience j&#039;ai eue. Le docteur Jacobs a utilis\u00e9 la technique ASTR sur moi pour m&#039;aider avec ma coiffe des rotateurs, qui \u00e9tait vraiment tr\u00e8s douloureuse quand je suis arriv\u00e9e ici. J&#039;ai aussi une scoliose et j&#039;ai eu des douleurs constantes avec \u00e7a. La douleur de la coiffe des rotateurs a disparu tout de suite. Je dirais dans les deux ou trois premiers rendez-vous, <strong>Je me sentais beaucoup mieux et j&#039;ai une flexibilit\u00e9 totale maintenant, ce qui est g\u00e9nial\u00a0!<\/strong> Mes douleurs de scoliose disparaissent. Il s&#039;est presque compl\u00e8tement calm\u00e9 et ce n&#039;est que dans un mois et demi.! Merci, Dr Jacobs. J&#039;appr\u00e9cie vraiment tout ce que vous avez fait !<\/span><\/span><\/p>\n<div style=\"box-sizing: border-box;\"> \t\t&nbsp;<\/div>\n<div style=\"box-sizing: border-box;\"> \t\t<span style=\"font-family:verdana,geneva,sans-serif;\"><span style=\"color:#696969;\"><span style=\"box-sizing: border-box;\"><span style=\"box-sizing: border-box;\">Glee H.<\/span><\/span><\/span><\/span><\/div>\n<div style=\"box-sizing: border-box;\"> \t\t<span style=\"font-family:verdana,geneva,sans-serif;\"><span style=\"color:#696969;\"><span style=\"box-sizing: border-box;\"><strong style=\"box-sizing: border-box;\"><span style=\"box-sizing: border-box;\">Douleur \u00e0 l&#039;\u00e9paule \/ Scoliose<\/span><\/strong><\/span><\/span><\/span><\/div>\n<div style=\"box-sizing: border-box; font-size: small; line-height: 25.6px; font-family: arial;\"> \t\t<span style=\"font-family:verdana,geneva,sans-serif;\"><span style=\"color:#696969;\"><span style=\"box-sizing: border-box;\"><span style=\"box-sizing: border-box;\"><span style=\"box-sizing: border-box;\"><span style=\"box-sizing: border-box; font-size: 14px;\">(Mission Viejo, Californie)<\/span><\/span><\/span><\/span><\/span><\/span> \t\t<\/p>\n<hr \/><\/div>\n<p style=\"text-align: left;\"> \t\t&nbsp;<\/p>\n<div style=\"box-sizing: border-box; text-align: left;\"> \t\t<span style=\"font-family:verdana,geneva,sans-serif;\"><span style=\"color:#696969;\">\u00ab Je suis une survivante d&#039;un AVC. J&#039;ai eu un accident vasculaire c\u00e9r\u00e9bral en d\u00e9cembre 2010, et au cours des 4 derni\u00e8res ann\u00e9es, j&#039;ai \u00e9t\u00e9 dans et hors de nombreux centres de th\u00e9rapie\/r\u00e9adaptation. Quand je suis arriv\u00e9 chez le Dr Jacobs, j&#039;avais encore une paralysie de la main et du bras gauche. <strong>Gr\u00e2ce au programme ASTR du Dr Jacob, il a pu briser le tissu cicatriciel et faire bouger mes doigts <\/strong>dans les deux mois suivant notre arriv\u00e9e.&nbsp;<\/span><\/span><\/div>\n<div style=\"box-sizing: border-box;\"> \t\t<span style=\"font-family:verdana,geneva,sans-serif;\"><span style=\"color:#696969;\">Chris<\/span><\/span><\/div>\n<div style=\"box-sizing: border-box;\"> \t\t<span style=\"font-family:verdana,geneva,sans-serif;\"><span style=\"color:#696969;\"><strong style=\"box-sizing: border-box;\">Survivant d&#039;un AVC avec paralysie des mains<\/strong><\/span><\/span><\/div>\n<hr \/><\/div>","protected":false},"excerpt":{"rendered":"<p>Learn more about Advanced Soft Tissue Release from patients who experienced pain relief through this revolutionary new specialty! You can find testimonials based on the patient&#8217;s presenting issue, but below are a few highlights. &nbsp; &nbsp; &#8220;After my first appointment with Doctor Jacobs,&nbsp;I felt so much better. The techniques he used on me weren&#8217;t &#8220;typical.&#8221; [&hellip;]<\/p>\n","protected":false},"author":2447,"featured_media":0,"parent":73,"menu_order":257,"comment_status":"closed","ping_status":"closed","template":"","meta":{"_analytify_skip_tracking":false,"footnotes":""},"class_list":["post-75","page","type-page","status-publish","hentry"],"_links":{"self":[{"href":"https:\/\/advancedsofttissuerelease.com\/fr\/wp-json\/wp\/v2\/pages\/75","targetHints":{"allow":["GET"]}}],"collection":[{"href":"https:\/\/advancedsofttissuerelease.com\/fr\/wp-json\/wp\/v2\/pages"}],"about":[{"href":"https:\/\/advancedsofttissuerelease.com\/fr\/wp-json\/wp\/v2\/types\/page"}],"author":[{"embeddable":true,"href":"https:\/\/advancedsofttissuerelease.com\/fr\/wp-json\/wp\/v2\/users\/2447"}],"replies":[{"embeddable":true,"href":"https:\/\/advancedsofttissuerelease.com\/fr\/wp-json\/wp\/v2\/comments?post=75"}],"version-history":[{"count":0,"href":"https:\/\/advancedsofttissuerelease.com\/fr\/wp-json\/wp\/v2\/pages\/75\/revisions"}],"up":[{"embeddable":true,"href":"https:\/\/advancedsofttissuerelease.com\/fr\/wp-json\/wp\/v2\/pages\/73"}],"wp:attachment":[{"href":"https:\/\/advancedsofttissuerelease.com\/fr\/wp-json\/wp\/v2\/media?parent=75"}],"curies":[{"name":"wp","href":"https:\/\/api.w.org\/{rel}","templated":true}]}}