{"id":89,"date":"2015-07-18T14:21:32","date_gmt":"2015-07-18T14:21:32","guid":{"rendered":"https:\/\/advancedsofttissuerelease.com\/shoulder-testimonials\/"},"modified":"2015-07-18T14:21:32","modified_gmt":"2015-07-18T14:21:32","slug":"temoignages-depaule","status":"publish","type":"page","link":"https:\/\/advancedsofttissuerelease.com\/fr\/shoulder-testimonials\/","title":{"rendered":"T\u00e9moignages d&#039;\u00e9paule"},"content":{"rendered":"<h1 style=\"text-align: center;\"> \t<span style=\"color:#696969;\"><strong>&nbsp;T\u00e9moignages sur la douleur \u00e0 l&#039;\u00e9paule<\/strong><\/span><\/h1>\n<div style=\"color: rgb(69, 68, 68); font-family: 'Open Sans', sans-serif; font-size: 14px; line-height: 20px; text-align: center;\"> \t&nbsp;<\/div>\n<div style=\"color: rgb(69, 68, 68); font-family: 'Open Sans', sans-serif; font-size: 14px; line-height: 20px; text-align: center;\">\n<div style=\"box-sizing: border-box; text-align: left;\">\n<p style=\"box-sizing: border-box; line-height: 1.6em; color: rgb(34, 34, 34); font-family: Arial, Verdana, sans-serif; font-size: 12px;\"> \t\t\t<span style=\"color:#696969;\"><span style=\"box-sizing: border-box;\"><span style=\"box-sizing: border-box; font-family: verdana, geneva, sans-serif;\"><span style=\"box-sizing: border-box; font-size: 14px;\">&quot;Mon exp\u00e9rience avec le docteur Jacobs a \u00e9t\u00e9&nbsp;<strong style=\"box-sizing: border-box;\">totalement diff\u00e9rent de mon exp\u00e9rience avec la physioth\u00e9rapie avant<\/strong>. Sa technique ASTR aborde la&nbsp;<strong style=\"box-sizing: border-box;\">racine du probl\u00e8me<\/strong>&nbsp;et il d\u00e9pense&nbsp;<strong style=\"box-sizing: border-box;\">en t\u00eate-\u00e0-t\u00eate<\/strong>&nbsp;avec ses malades. Apr\u00e8s&nbsp;<strong style=\"box-sizing: border-box;\">7 visites<\/strong>, j&#039;ai l&#039;impression que la plupart de mes douleurs ont disparu.&nbsp;<strong style=\"box-sizing: border-box;\">Je peux dormir la nuit maintenant.<\/strong>&nbsp;Je recommanderais vivement le docteur Jacobs \u00e0 tout le monde!\u201d<\/span><\/span><\/span><\/span><\/p>\n<p style=\"box-sizing: border-box; line-height: 1.6em; color: rgb(34, 34, 34); font-family: Arial, Verdana, sans-serif; font-size: 12px; text-align: right;\"> \t\t\t<span style=\"color:#696969;\"><span style=\"box-sizing: border-box;\"><span style=\"box-sizing: border-box; font-family: verdana, geneva, sans-serif;\"><span style=\"box-sizing: border-box; font-size: 14px;\">Mahvah F.<\/span><\/span><\/span><\/span><\/p>\n<p style=\"box-sizing: border-box; line-height: 1.6em; color: rgb(34, 34, 34); font-family: Arial, Verdana, sans-serif; font-size: 12px; text-align: right;\"> \t\t\t<span style=\"color:#696969;\"><span style=\"box-sizing: border-box;\"><span style=\"box-sizing: border-box; font-family: verdana, geneva, sans-serif;\"><span style=\"box-sizing: border-box; font-size: 14px;\"><strong style=\"box-sizing: border-box;\">\u00c9paule<\/strong><\/span><\/span><\/span><\/span><\/p>\n<p style=\"box-sizing: border-box; line-height: 1.6em; color: rgb(34, 34, 34); font-family: Arial, Verdana, sans-serif; font-size: 12px; text-align: right;\"> \t\t\t<span style=\"color:#696969;\"><span style=\"box-sizing: border-box;\"><span style=\"box-sizing: border-box; font-family: verdana, geneva, sans-serif;\"><span style=\"box-sizing: border-box; font-size: 14px;\">(Mission Viejo, Californie)<\/span><\/span><\/span><\/span><\/p>\n<hr \/>\n<div> \t\t\t<span style=\"color:#696969;\"><span style=\"font-family: verdana, geneva, sans-serif;\">\u201cJe voulais juste dire quelle belle exp\u00e9rience j&#039;ai eue. Le docteur Jacobs a utilis\u00e9 la technique ASTR sur moi pour m&#039;aider avec ma coiffe des rotateurs, qui \u00e9tait vraiment tr\u00e8s douloureuse quand je suis arriv\u00e9e ici. J&#039;ai aussi une scoliose et j&#039;ai eu des douleurs constantes avec \u00e7a. La douleur de la coiffe des rotateurs a disparu tout de suite. Je dirais dans les deux ou trois premiers rendez-vous, <strong>Je me sentais beaucoup mieux et j&#039;ai une flexibilit\u00e9 totale maintenant, ce qui est g\u00e9nial\u00a0!<\/strong> Mes douleurs de scoliose disparaissent. Il s&#039;est presque compl\u00e8tement calm\u00e9 et ce n&#039;est que dans un mois et demi.! Merci, Dr Jacobs. J&#039;appr\u00e9cie vraiment tout ce que vous avez fait !<\/span><\/span><\/div>\n<div> \t\t\t&nbsp;<\/div>\n<div style=\"text-align: right;\"> \t\t\t<span style=\"color:#696969;\"><span style=\"font-family: verdana, geneva, sans-serif;\">Glee H.<\/span><\/span><\/div>\n<div style=\"text-align: right;\"> \t\t\t<span style=\"color:#696969;\"><strong><span style=\"font-family: verdana, geneva, sans-serif;\">Douleur \u00e0 l&#039;\u00e9paule \/ Scoliose<\/span><\/strong><\/span><\/div>\n<div style=\"box-sizing: border-box; font-size: small; line-height: 25.6px; text-align: right; font-family: arial;\"> \t\t\t<span style=\"color:#696969;\"><span style=\"box-sizing: border-box;\"><span style=\"box-sizing: border-box; font-family: verdana, geneva, sans-serif;\"><span style=\"box-sizing: border-box; font-size: 14px;\">(Mission Viejo, Californie)<\/span><\/span><\/span><\/span> \t\t\t<\/p>\n<hr \/><\/div>\n<\/p><\/div>\n<div style=\"box-sizing: border-box;\"> \t\t&nbsp;<\/div>\n<div style=\"box-sizing: border-box;\"> \t\t<span style=\"font-size:22px;\"><span style=\"color:#696969;\"><span style=\"box-sizing: border-box; font-family: verdana, geneva, sans-serif;\">Regardez des vid\u00e9os de t\u00e9moignages de patients qui ont ressenti un soulagement de la douleur \u00e0 l&#039;\u00e9paule gr\u00e2ce \u00e0 la lib\u00e9ration avanc\u00e9e des tissus mous\u00a0!<\/span><\/span><\/span><\/div>\n<div> \t\t&nbsp;<\/div>\n<\/p><\/div>\n<div style=\"color: rgb(69, 68, 68); font-family: 'Open Sans', sans-serif; font-size: 14px; line-height: 20px; text-align: center;\"> \t&nbsp;<\/div>\n<div style=\"color: rgb(69, 68, 68); font-family: 'Open Sans', sans-serif; font-size: 14px; line-height: 20px; text-align: center;\"> \thttp:\/\/www.youtube.com\/watch?v=OrW24_nK5DU<\/div>\n<div style=\"color: rgb(69, 68, 68); font-family: 'Open Sans', sans-serif; font-size: 14px; line-height: 20px; text-align: center;\"> \thttp:\/\/www.youtube.com\/watch?v=MH-ncsFdkik<\/div>\n<div style=\"color: rgb(69, 68, 68); font-family: 'Open Sans', sans-serif; font-size: 14px; line-height: 20px; text-align: center;\"> \thttp:\/\/www.youtube.com\/watch?v=9I8oQtTGhHI<\/div>\n<div style=\"color: rgb(69, 68, 68); font-family: 'Open Sans', sans-serif; font-size: 14px; line-height: 20px; text-align: center;\"> \thttp:\/\/www.youtube.com\/watch?v=EP8HCevdyr4<\/div>\n<div style=\"color: rgb(69, 68, 68); font-family: 'Open Sans', sans-serif; font-size: 14px; line-height: 20px; text-align: center;\"> \thttp:\/\/www.youtube.com\/watch?v=m4enZU69P0A<\/div>\n<div style=\"color: rgb(69, 68, 68); font-family: 'Open Sans', sans-serif; font-size: 14px; line-height: 20px; text-align: center;\"> \thttp:\/\/www.youtube.com\/watch?v=Xwn_Vc3u0R8<\/div>\n<div style=\"color: rgb(69, 68, 68); font-family: 'Open Sans', sans-serif; font-size: 14px; line-height: 20px; text-align: center;\"> \thttp:\/\/www.youtube.com\/watch?v=wb4t1dP8Ubs<\/div>\n<div style=\"color: rgb(69, 68, 68); font-family: 'Open Sans', sans-serif; font-size: 14px; line-height: 20px; text-align: center;\"> \thttp:\/\/www.youtube.com\/watch?v=BGcwgXKwYiw<\/div>\n<div style=\"color: rgb(69, 68, 68); font-family: 'Open Sans', sans-serif; font-size: 14px; line-height: 20px; text-align: center;\">\n<div> \t\thttp:\/\/www.youtube.com\/watch?v=zmKbc9dA4_k<\/div>\n<div> \t\thttp:\/\/www.youtube.com\/watch?v=GdPemS1bRk0<\/div>\n<\/p><\/div>\n<div style=\"color: rgb(69, 68, 68); font-family: 'Open Sans', sans-serif; font-size: 14px; line-height: 20px; text-align: center;\"> \thttp:\/\/www.youtube.com\/watch?v=1S8m9fcU_Ns<\/div>\n<div style=\"color: rgb(69, 68, 68); font-family: 'Open Sans', sans-serif; font-size: 14px; line-height: 20px; text-align: center;\"> \thttp:\/\/www.youtube.com\/watch?v=t55BovzkSfY<\/div>\n<div style=\"color: rgb(69, 68, 68); font-family: 'Open Sans', sans-serif; font-size: 14px; line-height: 20px; text-align: center;\"> \thttp:\/\/www.youtube.com\/watch?v=Jz8JyMPZ5C4<\/div>\n<div style=\"color: rgb(69, 68, 68); font-family: 'Open Sans', sans-serif; font-size: 14px; line-height: 20px; text-align: center;\"> \thttp:\/\/www.youtube.com\/watch?v=k4U0nUDq-II<\/div>\n<div>\n<p> \t\t&nbsp;<\/p>\n<\/p><\/div>","protected":false},"excerpt":{"rendered":"<p>&nbsp;Shoulder Pain Testimonials &nbsp; &#8220;My experience with Doctor Jacobs has been&nbsp;totally different than my experience with physical therapy before. His ASTR technique addresses the&nbsp;root of the problem&nbsp;and he spends&nbsp;one-on-one time&nbsp;with his patients. After&nbsp;7 visits, I feel like most of my pain is gone.&nbsp;I can sleep at night now.&nbsp;I would highly recommend Doctor Jacobs to anyone!&#8221; [&hellip;]<\/p>\n","protected":false},"author":2447,"featured_media":0,"parent":0,"menu_order":250,"comment_status":"closed","ping_status":"closed","template":"","meta":{"_analytify_skip_tracking":false,"footnotes":""},"class_list":["post-89","page","type-page","status-publish","hentry"],"_links":{"self":[{"href":"https:\/\/advancedsofttissuerelease.com\/fr\/wp-json\/wp\/v2\/pages\/89","targetHints":{"allow":["GET"]}}],"collection":[{"href":"https:\/\/advancedsofttissuerelease.com\/fr\/wp-json\/wp\/v2\/pages"}],"about":[{"href":"https:\/\/advancedsofttissuerelease.com\/fr\/wp-json\/wp\/v2\/types\/page"}],"author":[{"embeddable":true,"href":"https:\/\/advancedsofttissuerelease.com\/fr\/wp-json\/wp\/v2\/users\/2447"}],"replies":[{"embeddable":true,"href":"https:\/\/advancedsofttissuerelease.com\/fr\/wp-json\/wp\/v2\/comments?post=89"}],"version-history":[{"count":0,"href":"https:\/\/advancedsofttissuerelease.com\/fr\/wp-json\/wp\/v2\/pages\/89\/revisions"}],"wp:attachment":[{"href":"https:\/\/advancedsofttissuerelease.com\/fr\/wp-json\/wp\/v2\/media?parent=89"}],"curies":[{"name":"wp","href":"https:\/\/api.w.org\/{rel}","templated":true}]}}