{"id":9029,"date":"2020-01-01T20:13:56","date_gmt":"2020-01-02T04:13:56","guid":{"rendered":"https:\/\/advancedsofttissuerelease.com\/?page_id=9029"},"modified":"2020-01-08T11:20:17","modified_gmt":"2020-01-08T19:20:17","slug":"programmes-disclaimer-2","status":"publish","type":"page","link":"https:\/\/advancedsofttissuerelease.com\/fr\/programs-disclaimer\/","title":{"rendered":"Avis de non-responsabilit\u00e9 des programmes"},"content":{"rendered":"<p>&nbsp;<\/p>\n<p><strong>Avis de non-responsabilit\u00e9 des programmes<\/strong><\/p>\n<p>Ces d\u00e9clarations n&#039;ont pas \u00e9t\u00e9 \u00e9valu\u00e9es par la Food and Drug Administration. Ces produits ne sont pas destin\u00e9s \u00e0 diagnostiquer, traiter, gu\u00e9rir ou pr\u00e9venir toute maladie. Le contenu de nos programmes\/cours ne peut se substituer \u00e0 une assistance professionnelle. Si vous \u00eates pr\u00e9occup\u00e9 par un probl\u00e8me m\u00e9dical, veuillez consulter votre fournisseur de soins de sant\u00e9, votre m\u00e9decin ou un autre professionnel de la sant\u00e9. Le Dr Joseph Jacobs et l&#039;institut ASTR ne sont en aucun cas responsables des actions, services ou produits acquis via ce site Web. L&#039;institut ASTR et ses organisations ou personnes associ\u00e9es ne sont pas responsables des blessures ou des dommages caus\u00e9s par l&#039;application des outils ASTR, de nos programmes et cours. Les outils ASTR sont g\u00e9n\u00e9ralement s\u00fbrs lorsqu&#039;ils sont pratiqu\u00e9s avec une technique et des soins appropri\u00e9s. Il est recommand\u00e9 de revoir vos questions et\/ou pr\u00e9occupations avec un professionnel de la sant\u00e9. Arr\u00eatez d&#039;utiliser imm\u00e9diatement si douloureux ou si les conditions s&#039;aggravent. \u00c0 utiliser \u00e0 vos risques et p\u00e9rils.<\/p>","protected":false},"excerpt":{"rendered":"<p>&nbsp; Programs Disclaimer These statements have not been evaluated by the Food and Drug Administration. These products are not intended to diagnose, treat, cure, or prevent any disease. The content on our programs\/ courses cannot be substituted for professional assistance. If you are concerned about a medical issue, please consult your healthcare provider, physician, or [&hellip;]<\/p>\n","protected":false},"author":1,"featured_media":0,"parent":0,"menu_order":0,"comment_status":"closed","ping_status":"closed","template":"","meta":{"_analytify_skip_tracking":false,"footnotes":""},"class_list":["post-9029","page","type-page","status-publish","hentry"],"_links":{"self":[{"href":"https:\/\/advancedsofttissuerelease.com\/fr\/wp-json\/wp\/v2\/pages\/9029","targetHints":{"allow":["GET"]}}],"collection":[{"href":"https:\/\/advancedsofttissuerelease.com\/fr\/wp-json\/wp\/v2\/pages"}],"about":[{"href":"https:\/\/advancedsofttissuerelease.com\/fr\/wp-json\/wp\/v2\/types\/page"}],"author":[{"embeddable":true,"href":"https:\/\/advancedsofttissuerelease.com\/fr\/wp-json\/wp\/v2\/users\/1"}],"replies":[{"embeddable":true,"href":"https:\/\/advancedsofttissuerelease.com\/fr\/wp-json\/wp\/v2\/comments?post=9029"}],"version-history":[{"count":0,"href":"https:\/\/advancedsofttissuerelease.com\/fr\/wp-json\/wp\/v2\/pages\/9029\/revisions"}],"wp:attachment":[{"href":"https:\/\/advancedsofttissuerelease.com\/fr\/wp-json\/wp\/v2\/media?parent=9029"}],"curies":[{"name":"wp","href":"https:\/\/api.w.org\/{rel}","templated":true}]}}