{"id":93,"date":"2015-07-18T14:26:10","date_gmt":"2015-07-18T14:26:10","guid":{"rendered":"https:\/\/advancedsofttissuerelease.com\/hip-knee-testimonials\/"},"modified":"2015-07-18T14:26:10","modified_gmt":"2015-07-18T14:26:10","slug":"hip-knee-testimonials","status":"publish","type":"page","link":"https:\/\/advancedsofttissuerelease.com\/fr\/hip-knee-testimonials\/","title":{"rendered":"Hip\/ Knee Testimonials"},"content":{"rendered":"<div style=\"color: rgb(69, 68, 68); font-family: 'Open Sans', sans-serif; font-size: 14px; line-height: 20px; text-align: center;\"> \t<span style=\"color:#696969;\"><span style=\"font-family:verdana,geneva,sans-serif;\"><span style=\"font-size:36px;\"><strong>Hip\/ Knee Testimonials<\/strong><\/span><\/span><\/span><\/div>\n<div style=\"color: rgb(69, 68, 68); font-family: 'Open Sans', sans-serif; font-size: 14px; line-height: 20px; text-align: center;\"> \t&nbsp;<\/div>\n<div style=\"color: rgb(69, 68, 68); font-family: 'Open Sans', sans-serif; font-size: 14px; line-height: 20px; text-align: center;\">\n<div style=\"box-sizing: border-box; text-align: left;\">\n<p style=\"box-sizing: border-box; line-height: 1.6em; font-size: small; font-family: arial;\"> \t\t\t&nbsp;<\/p>\n<p style=\"box-sizing: border-box; line-height: 1.6em; font-size: small; font-family: arial;\"> \t\t\t<span style=\"color:#696969;\"><span style=\"box-sizing: border-box;\"><span style=\"box-sizing: border-box; font-family: verdana, geneva, sans-serif;\"><span style=\"box-sizing: border-box; font-size: 14px;\"><span style=\"box-sizing: border-box; line-height: 16px;\">\u00abApr\u00e8s avoir suivi 18 mois de th\u00e9rapie physique traditionnelle apr\u00e8s deux chirurgies du genou pour remplacer mon LCA, j&#039;\u00e9tais sceptique quant \u00e0 la possibilit\u00e9 de faire quoi que ce soit de plus pour soulager ma douleur et ma raideur au genou.<strong style=\"box-sizing: border-box;\">&nbsp;Apr\u00e8s une seule visite<\/strong>, j&#039;ai \u00e9t\u00e9 \u00e9tonn\u00e9 des r\u00e9sultats que le docteur Jacobs a pu produire avec sa technique avanc\u00e9e de lib\u00e9ration des tissus mous\u00a0! Il a \u00e9t\u00e9 tr\u00e8s minutieux, courtois et serviable tout au long de la visite. Il a pris le temps de m&#039;expliquer la technique et son fonctionnement. J&#039;ai \u00e9t\u00e9 tr\u00e8s impressionn\u00e9 par la fa\u00e7on dont mon genou a r\u00e9agi et s&#039;est rel\u00e2ch\u00e9, d&#039;autant plus que cela fait deux ans depuis ma chirurgie initiale.&nbsp;<strong style=\"box-sizing: border-box;\">I went in a skeptic and now I&#8217;m a believer!&#8221;&nbsp;<\/strong><\/span><\/span><\/span><\/span><\/span><\/p>\n<p style=\"box-sizing: border-box; line-height: 1.6em; font-size: small; text-align: right; font-family: arial;\"> \t\t\t<span style=\"color:#696969;\"><span style=\"box-sizing: border-box;\"><span style=\"box-sizing: border-box; font-family: verdana, geneva, sans-serif;\"><span style=\"box-sizing: border-box; font-size: 14px;\">Mychal T.<\/span><\/span><\/span><\/span><\/p>\n<p style=\"box-sizing: border-box; line-height: 1.6em; font-size: small; text-align: right; font-family: arial;\"> \t\t\t<span style=\"color:#696969;\"><span style=\"box-sizing: border-box;\"><strong style=\"box-sizing: border-box;\"><span style=\"box-sizing: border-box; font-family: verdana, geneva, sans-serif;\"><span style=\"box-sizing: border-box; font-size: 14px;\">Douleur au genou<\/span><\/span><\/strong><\/span><\/span><\/p>\n<p style=\"box-sizing: border-box; line-height: 1.6em; font-size: small; text-align: right; font-family: arial;\"> \t\t\t<span style=\"color:#696969;\"><span style=\"box-sizing: border-box;\"><span style=\"box-sizing: border-box; font-family: verdana, geneva, sans-serif;\"><span style=\"box-sizing: border-box; font-size: 14px;\">(Pheonix, AZ)<\/span><\/span><\/span><\/span><\/p>\n<\/p><\/div>\n<hr \/>\n<p style=\"text-align: left;\"> \t\t&nbsp;<\/p>\n<p style=\"box-sizing: border-box; line-height: 1.6em; color: rgb(34, 34, 34); font-family: Arial, Verdana, sans-serif; font-size: 12px; text-align: left;\"> \t\t<span style=\"color:#696969;\"><span style=\"box-sizing: border-box;\"><span style=\"box-sizing: border-box; font-family: verdana, geneva, sans-serif;\"><span style=\"box-sizing: border-box; font-size: 14px;\">&#8220;I went to Doctor Jacobs to address two problems: painful aches and what I thought was sciatica. He discovered that my real problems were planter fasciitis and a pelvis that was out of alignment.<strong style=\"box-sizing: border-box;\">&nbsp;His treatment has relieved my pain<\/strong>&nbsp;and the exercises he has me doing should completely relieve my symptoms in a reasonable amount of time.&#8221;<\/span><\/span><\/span><\/span><\/p>\n<p style=\"box-sizing: border-box; line-height: 1.6em; color: rgb(34, 34, 34); font-family: Arial, Verdana, sans-serif; font-size: 12px; text-align: right;\"> \t\t<span style=\"color:#696969;\"><span style=\"box-sizing: border-box;\"><span style=\"box-sizing: border-box; font-family: verdana, geneva, sans-serif;\"><span style=\"box-sizing: border-box; font-size: 14px;\">Linda W.<\/span><\/span><\/span><\/span><\/p>\n<p style=\"box-sizing: border-box; line-height: 1.6em; color: rgb(34, 34, 34); font-family: Arial, Verdana, sans-serif; font-size: 12px; text-align: right;\"> \t\t<span style=\"color:#696969;\"><span style=\"box-sizing: border-box;\"><strong style=\"box-sizing: border-box;\"><span style=\"box-sizing: border-box; font-family: verdana, geneva, sans-serif;\"><span style=\"box-sizing: border-box; font-size: 14px;\">Sciatique<\/span><\/span><\/strong><\/span><\/span><\/p>\n<p style=\"text-align: right;\"> \t\t<span style=\"color:#696969;\"><span style=\"font-family: verdana, geneva, sans-serif; line-height: 1.6em;\">(Lac Forest, Californie)<\/span><\/span><span style=\"color: rgb(105, 105, 105);\">&nbsp;<\/span><\/p>\n<hr \/>\n<h3> \t\t<span style=\"font-family: verdana, geneva, sans-serif; color: rgb(105, 105, 105);\">Watch testimonial videos of patients who relief from hip and knee pain through Advanced Soft Tissue Release!<\/span><\/h3>\n<div> \t\t&nbsp;<\/div>\n<\/p><\/div>\n<div style=\"color: rgb(69, 68, 68); font-family: 'Open Sans', sans-serif; font-size: 14px; line-height: 20px; text-align: center;\"> \thttp:\/\/www.youtube.com\/watch?v=AHyK6nX8d9M<\/div>\n<div style=\"color: rgb(69, 68, 68); font-family: 'Open Sans', sans-serif; font-size: 14px; line-height: 20px; text-align: center;\"> \thttp:\/\/www.youtube.com\/watch?v=0yO7HBdbvR4<\/div>\n<div style=\"color: rgb(69, 68, 68); font-family: 'Open Sans', sans-serif; font-size: 14px; line-height: 20px; text-align: center;\">\n<div> \t\thttp:\/\/www.youtube.com\/watch?v=qcCzOO3CPwU&amp;<\/div>\n<div> \t\thttp:\/\/www.youtube.com\/watch?v=g3ZGu3OqB4w<\/div>\n<div> \t\thttp:\/\/www.youtube.com\/watch?v=lAjeO5a9POg<\/div>\n<\/p><\/div>\n<div style=\"color: rgb(69, 68, 68); font-family: 'Open Sans', sans-serif; font-size: 14px; line-height: 20px; text-align: center;\"> \thttp:\/\/www.youtube.com\/watch?v=amjHlnn3p_E<\/div>\n<div style=\"color: rgb(69, 68, 68); font-family: 'Open Sans', sans-serif; font-size: 14px; line-height: 20px; text-align: center;\"> \thttp:\/\/www.youtube.com\/watch?v=1S8m9fcU_Ns<\/div>\n<div style=\"color: rgb(69, 68, 68); font-family: 'Open Sans', sans-serif; font-size: 14px; line-height: 20px; text-align: center;\"> \thttp:\/\/www.youtube.com\/watch?v=f7JWifMwYIg<\/div>\n<div style=\"color: rgb(69, 68, 68); font-family: 'Open Sans', sans-serif; font-size: 14px; line-height: 20px; text-align: center;\"> \thttp:\/\/www.youtube.com\/watch?v=FA_5msPmQ8Q<\/div>\n<div style=\"color: rgb(69, 68, 68); font-family: 'Open Sans', sans-serif; font-size: 14px; line-height: 20px; text-align: center;\"> \thttp:\/\/www.youtube.com\/watch?v=9BLMA4b0F84<\/div>\n<div style=\"color: rgb(69, 68, 68); font-family: 'Open Sans', sans-serif; font-size: 14px; line-height: 20px; text-align: center;\"> \thttp:\/\/www.youtube.com\/watch?v=xuF0T2Bktis<\/div>","protected":false},"excerpt":{"rendered":"<p>Hip\/ Knee Testimonials &nbsp; &nbsp; &#8220;After having 18 months of traditional physical therapy after two knee surgeries to replace my ACL, I was skeptical that anything more could be done to help my knee pain and stiffness.&nbsp;After just one visit, I was amazed with the results that Doctor Jacobs was able to produce with his [&hellip;]<\/p>\n","protected":false},"author":2447,"featured_media":0,"parent":0,"menu_order":246,"comment_status":"closed","ping_status":"closed","template":"","meta":{"_analytify_skip_tracking":false,"footnotes":""},"class_list":["post-93","page","type-page","status-publish","hentry"],"_links":{"self":[{"href":"https:\/\/advancedsofttissuerelease.com\/fr\/wp-json\/wp\/v2\/pages\/93","targetHints":{"allow":["GET"]}}],"collection":[{"href":"https:\/\/advancedsofttissuerelease.com\/fr\/wp-json\/wp\/v2\/pages"}],"about":[{"href":"https:\/\/advancedsofttissuerelease.com\/fr\/wp-json\/wp\/v2\/types\/page"}],"author":[{"embeddable":true,"href":"https:\/\/advancedsofttissuerelease.com\/fr\/wp-json\/wp\/v2\/users\/2447"}],"replies":[{"embeddable":true,"href":"https:\/\/advancedsofttissuerelease.com\/fr\/wp-json\/wp\/v2\/comments?post=93"}],"version-history":[{"count":0,"href":"https:\/\/advancedsofttissuerelease.com\/fr\/wp-json\/wp\/v2\/pages\/93\/revisions"}],"wp:attachment":[{"href":"https:\/\/advancedsofttissuerelease.com\/fr\/wp-json\/wp\/v2\/media?parent=93"}],"curies":[{"name":"wp","href":"https:\/\/api.w.org\/{rel}","templated":true}]}}