{"id":10110,"date":"2020-03-07T17:21:54","date_gmt":"2020-03-08T00:21:54","guid":{"rendered":"https:\/\/advancedsofttissuerelease.com\/?post_type=product&#038;p=10110"},"modified":"2025-09-22T22:05:23","modified_gmt":"2025-09-23T02:05:23","slug":"kit-fatigue-chronique-2","status":"publish","type":"product","link":"https:\/\/advancedsofttissuerelease.com\/fr\/product\/chronic-fatigue-kit\/","title":{"rendered":"Kit Fatigue Chronique"},"content":{"rendered":"<h1><span style=\"font-size: 12pt; color: #333333;\"><strong>Trousse de suppl\u00e9ment de fatigue chronique<\/strong><\/span><\/h1>\n<p><span style=\"color: #333333;\">Dans ce programme \u00e9tape par \u00e9tape, le Dr Jacobs vous montrera comment r\u00e9duire rapidement et efficacement la fatigue en mettant en \u0153uvre le r\u00e9gime anti-inflammatoire d&#039;ASTR avec notre kit de suppl\u00e9ment de fatigue chronique. Si vous souffrez de fatigue \u00e0 court terme ou chronique, ce kit vous permettra de d\u00e9marrer votre voyage pour faire l&#039;exp\u00e9rience d&#039;une augmentation de l&#039;\u00e9nergie\u00a0!<\/span><\/p>\n<p><span style=\"color: #333333;\"><strong>Le kit de suppl\u00e9ment de fatigue chronique comprend<\/strong><\/span><\/p>\n<ol>\n<li><span style=\"color: #333333;\">B Actif<\/span><\/li>\n<li><span style=\"color: #333333;\">Magn\u00e9sium actif<\/span><\/li>\n<li><span style=\"color: #333333;\">Coq 10 Actif<\/span><\/li>\n<li><span style=\"color: #333333;\">Vitamine C &amp; Bioflavono\u00efdes\u00a0<\/span><\/li>\n<li>Iode Actif<\/li>\n<li><span style=\"color: #333333;\">ASTR diet, including recipes<\/span><\/li>\n<\/ol>\n<p><span style=\"color: #0000ff;\"><a style=\"color: #0000ff;\" href=\"https:\/\/advancedsofttissuerelease.com\/fr\/produit\/b-actif-2\/\"><strong>B Actif &gt;<\/strong><\/a><\/span><\/p>\n<ul>\n<li><span style=\"color: #333333;\">Soutient le m\u00e9tabolisme des glucides<\/span><\/li>\n<li><span style=\"color: #333333;\">Soutient le fonctionnement du syst\u00e8me nerveux<\/span><\/li>\n<li><span style=\"color: #333333;\">Prend en charge le fonctionnement du syst\u00e8me surr\u00e9nalien<\/span><\/li>\n<li><span style=\"color: #333333;\">Soutient le fonctionnement du syst\u00e8me immunitaire<\/span><\/li>\n<li><span style=\"color: #333333;\">Soutient la sant\u00e9 cardiovasculaire<\/span><\/li>\n<li><span style=\"color: #333333;\">Prot\u00e8ge contre les carences alimentaires<\/span><\/li>\n<li><span style=\"color: #333333;\">Prot\u00e8ge contre l&#039;\u00e9puisement des nutriments induit par le stress<\/span><\/li>\n<li><span style=\"color: #333333;\">Soutient une fonction mentale et une humeur saines<\/span><\/li>\n<\/ul>\n<p><span style=\"color: #333333;\">Le suppl\u00e9ment actif ASTR B aide \u00e0 soutenir le m\u00e9tabolisme des glucides, le fonctionnement du syst\u00e8me nerveux\/surr\u00e9nalien\/immunitaire, la sant\u00e9 cardiovasculaire, ainsi que le fonctionnement mental et l&#039;humeur sains. B Active contient tout le spectre des vitamines B ; les formes activ\u00e9es de B2, B6 et B12\u00a0; et folate.*<\/span><\/p>\n<p><span style=\"color: #0000ff;\"><a style=\"color: #0000ff;\" href=\"https:\/\/advancedsofttissuerelease.com\/fr\/produit\/coq-10-actif-2\/\"><strong>CoQ 10 actif &gt;<\/strong><\/a><\/span><\/p>\n<ul>\n<li><span style=\"color: #333333;\">Prend en charge la production d&#039;\u00e9nergie naturelle<\/span><\/li>\n<li><span style=\"color: #333333;\">Prend en charge le fonctionnement mitochondrial<\/span><\/li>\n<li><span style=\"color: #333333;\">Soutient la sant\u00e9 du plasma et des tissus<\/span><\/li>\n<li><span style=\"color: #333333;\">Soutient la sant\u00e9 et le fonctionnement du syst\u00e8me cardiovasculaire<\/span><\/li>\n<li><span style=\"color: #333333;\">Soutient la sant\u00e9 neuromusculaire<\/span><\/li>\n<li><span style=\"color: #333333;\">Soutient le fonctionnement du syst\u00e8me nerveux central<\/span><\/li>\n<\/ul>\n<p><span style=\"color: #333333;\">Le suppl\u00e9ment ASTR CoQ 10 soutient la production d&#039;\u00e9nergie naturelle et la sant\u00e9 mitochondriale, le bon fonctionnement du syst\u00e8me cardiovasculaire et la sant\u00e9 du syst\u00e8me neuromusculaire et nerveux central. Il a \u00e9t\u00e9 cliniquement d\u00e9montr\u00e9 que l&#039;ASTR CoQ 10 est plus absorbable pour une utilisation optimale dans le soutien des besoins de sant\u00e9 cardiovasculaires et \u00e9nerg\u00e9tiques.<\/span><\/p>\n<p><span style=\"color: #0000ff;\"><a style=\"color: #0000ff;\" href=\"https:\/\/advancedsofttissuerelease.com\/fr\/produit\/k2-d3-complet-2\/\"><strong><span style=\"font-size: 12pt;\">Magn\u00e9sium Actif &gt;<\/span><\/strong><\/a><\/span><\/p>\n<ul>\n<li><span style=\"color: #333333;\">Fournit 3 formes de magn\u00e9sium hautement absorb\u00e9<\/span><\/li>\n<li><span style=\"color: #333333;\">Magn\u00e9sium \u00e0 haute concentration pour le soutien cardiovasculaire<\/span><\/li>\n<li><span style=\"color: #333333;\">Le magn\u00e9sium joue un r\u00f4le vital dans des centaines d&#039;activit\u00e9s m\u00e9taboliques<\/span><\/li>\n<li><span style=\"color: #333333;\">Aide \u00e0 maintenir une tension art\u00e9rielle saine<\/span><\/li>\n<li><span style=\"color: #333333;\">Aide \u00e0 maintenir une glyc\u00e9mie saine<\/span><\/li>\n<li><span style=\"color: #333333;\">Favorise la production d&#039;\u00e9nergie<\/span><\/li>\n<li><span style=\"color: #333333;\">Favorise la relaxation musculaire<\/span><\/li>\n<li><span style=\"color: #333333;\">Soutient la fonction musculaire<\/span><\/li>\n<li><span style=\"color: #333333;\">Soutenir la fonction nerveuse<\/span><\/li>\n<\/ul>\n<p><a href=\"https:\/\/advancedsofttissuerelease.com\/fr\/produit\/vitamine-c-et-bioflavonoides\/\"><strong><span style=\"color: #0000ff;\">Vitamine C &amp;\u00a0<span style=\"caret-color: #0000ff;\">Bioflavono\u00efdes<\/span>\u00a0 &gt;\u00a0<\/span><\/strong><\/a><\/p>\n<ul>\n<li>Formule \u00e0 haute teneur en vitamine C<\/li>\n<li>Soutient le syst\u00e8me immunitaire<\/li>\n<li>Soutient les syst\u00e8mes antioxydants<\/li>\n<li>Soutenir la synth\u00e8se des vaisseaux sanguins<\/li>\n<li>Soutient la production de collag\u00e8ne<\/li>\n<li>Soutient la production de carnitine<\/li>\n<li>Soutient la production de neurotransmetteurs<\/li>\n<\/ul>\n<p>La vitamine C et les bioflavono\u00efdes combinent de la vitamine C \u00e0 haute puissance avec un complexe de bioflavono\u00efdes d&#039;agrumes standardis\u00e9 \u00e0 spectre complet. La vitamine C et les bioflavono\u00efdes ont fait l&#039;objet de recherches approfondies pour leur r\u00f4le dans le soutien des fonctions antioxydantes et immunitaires. De plus, les recherches indiquent que la vitamine C est n\u00e9cessaire \u00e0 la synth\u00e8se du collag\u00e8ne, des neurotransmetteurs et de la carnitine. Les bioflavono\u00efdes semblent soutenir un m\u00e9tabolisme et une cognition sains en fonctionnant comme des agents de signalisation cellulaire.*<\/p>\n<p><span style=\"color: #0000ff;\"><a style=\"color: #0000ff;\" href=\"https:\/\/advancedsofttissuerelease.com\/fr\/produit\/iode-actif-2\/\"><strong><span style=\"font-size: 12pt;\">Iode Actif &gt;<\/span><\/strong><\/a><\/span><\/p>\n<ul>\n<li>Soutient la sant\u00e9 de la thyro\u00efde<\/li>\n<li>Aide \u00e0 maintenir un tissu mammaire sain<\/li>\n<li>Soutient la synth\u00e8se saine des hormones thyro\u00efdiennes<\/li>\n<li>R\u00e9duire le stress oxydatif<\/li>\n<li>Soutient des yeux sains<\/li>\n<li>Soutient une muqueuse gastro-intestinale saine<\/li>\n<li>Antioxydant<\/li>\n<\/ul>\n<div class=\"page\" title=\"Page 1\">\n<div class=\"section\">\n<div class=\"layoutArea\">\n<div class=\"column\">\n<p>Formule iode et s\u00e9l\u00e9nium pour un fonctionnement optimal de la glande thyro\u00efde<\/p>\n<p><span style=\"color: #0000ff;\"><strong style=\"color: #0000ff;\"><span style=\"font-size: 12pt;\"><a style=\"color: #0000ff;\" href=\"https:\/\/advancedsofttissuerelease.com\/fr\/produit\/creme-anti-douleur-2\/\">Cr\u00e8me anti-douleur &gt;<\/a><\/span><\/strong><\/span><\/p>\n<\/div>\n<\/div>\n<\/div>\n<\/div>\n<div class=\"page\" title=\"Page 1\">\n<div class=\"section\">\n<div class=\"layoutArea\">\n<div class=\"column\">\n<div class=\"page\" title=\"Page 1\">\n<div class=\"section\">\n<p><strong>Pour adultes et enfants<\/strong><\/p>\n<ul>\n<li>Soutient le soulagement des douleurs musculaires et articulaires<\/li>\n<li>Favorise la cicatrisation des plaies<\/li>\n<li>Soutient la sant\u00e9 normale de la peau et des ongles<\/li>\n<li>Soutient une r\u00e9ponse inflammatoire saine<\/li>\n<li>Am\u00e9liore la sant\u00e9 musculo-squelettique<\/li>\n<li>B\u00e9n\u00e9ficie de la sant\u00e9 des articulations<\/li>\n<li>Stimule le mouvement articulaire<\/li>\n<\/ul>\n<p><strong>La cr\u00e8me anti-douleur est utilis\u00e9e pour :<\/strong><\/p>\n<ul>\n<li>Soulagement de la douleur<\/li>\n<li>Diminuer l&#039;inflammation<\/li>\n<li>Arthrite<\/li>\n<li>Soins des plaies<\/li>\n<li>Ecz\u00e9ma<\/li>\n<li>Acn\u00e9<\/li>\n<li>Dermatite<\/li>\n<li>Psoriasis<\/li>\n<\/ul>\n<\/div>\n<\/div>\n<\/div>\n<\/div>\n<\/div>\n<\/div>\n<p style=\"text-align: center;\"><span style=\"font-size: 8pt; color: #333333;\">*Ces d\u00e9clarations n&#039;ont pas \u00e9t\u00e9 \u00e9valu\u00e9es par la Food and Drug Administration. Ce produit n&#039;est pas destin\u00e9 \u00e0 diagnostiquer, traiter, gu\u00e9rir ou pr\u00e9venir toute maladie.\u00a0<\/span><\/p>","protected":false},"excerpt":{"rendered":"<p><span class=\"\">Programme \u00e9tape par \u00e9tape comprenant des conseils de soulagement de la fatigue,\u00a0<\/span><span class=\"\">r\u00e9gime alimentaire, <\/span><span class=\"\">des recettes, des listes de courses et des suppl\u00e9ments qui vous aideront \u00e0 traiter la source de vos probl\u00e8mes de sant\u00e9 sous-jacents.<\/span><\/p>","protected":false},"featured_media":47789,"template":"","meta":{"_analytify_skip_tracking":false},"product_brand":[],"product_cat":[1782],"product_tag":[1799,1790,1800,604,2345,1792],"woo-feed-brand":[],"class_list":{"0":"post-10110","1":"product","2":"type-product","3":"status-publish","4":"has-post-thumbnail","6":"product_cat-health-supplement-kits","7":"product_tag-b-complex","8":"product_tag-c-active","9":"product_tag-chronic-fatigue-supplements","10":"product_tag-coq-10","11":"product_tag-fatigue-vitamins","12":"product_tag-magnesium-active","13":"product_shipping_class-regular-shipping","15":"first","16":"instock","17":"sale","18":"taxable","19":"shipping-taxable","20":"purchasable","21":"product-type-simple"},"exclude_global_add_ons":false,"addons":[{"name":"Cr\u00e8me anti-douleur pour la douleur, l&#039;inflammation et acc\u00e9l\u00e9rer la gu\u00e9rison","type":"checkbox","position":0,"required":false,"title_format":"heading","default":"","description_enable":false,"description":"","placeholder_enable":false,"placeholder":"","display":"select","restrictions_type":"any_text","adjust_price":false,"price":"","price_type":"flat_fee","restrictions":false,"min":"0","max":"0","options":[{"label":"Yes (save $10)","price":"49","price_type":"flat_fee","image":0,"visibility":true},{"label":"No","price":"","price_type":"flat_fee","image":0,"visibility":true}],"id":1724186133},{"name":"Do you own our tool kit? (A1, A2, A3, A4 & A5)","type":"multiple_choice","position":0,"required":true,"title_format":"heading","default":"","description_enable":false,"description":"","placeholder_enable":false,"placeholder":"","display":"radiobutton","restrictions_type":"any_text","adjust_price":false,"price":"","price_type":"flat_fee","restrictions":false,"min":"0","max":"0","options":[{"label":"Yes","price":"0","price_type":"flat_fee","image":0,"visibility":true},{"label":"No","price":"399","price_type":"flat_fee","image":0,"visibility":true}]}],"_links":{"self":[{"href":"https:\/\/advancedsofttissuerelease.com\/fr\/wp-json\/wp\/v2\/product\/10110","targetHints":{"allow":["GET"]}}],"collection":[{"href":"https:\/\/advancedsofttissuerelease.com\/fr\/wp-json\/wp\/v2\/product"}],"about":[{"href":"https:\/\/advancedsofttissuerelease.com\/fr\/wp-json\/wp\/v2\/types\/product"}],"version-history":[{"count":0,"href":"https:\/\/advancedsofttissuerelease.com\/fr\/wp-json\/wp\/v2\/product\/10110\/revisions"}],"wp:featuredmedia":[{"embeddable":true,"href":"https:\/\/advancedsofttissuerelease.com\/fr\/wp-json\/wp\/v2\/media\/47789"}],"wp:attachment":[{"href":"https:\/\/advancedsofttissuerelease.com\/fr\/wp-json\/wp\/v2\/media?parent=10110"}],"wp:term":[{"taxonomy":"product_brand","embeddable":true,"href":"https:\/\/advancedsofttissuerelease.com\/fr\/wp-json\/wp\/v2\/product_brand?post=10110"},{"taxonomy":"product_cat","embeddable":true,"href":"https:\/\/advancedsofttissuerelease.com\/fr\/wp-json\/wp\/v2\/product_cat?post=10110"},{"taxonomy":"product_tag","embeddable":true,"href":"https:\/\/advancedsofttissuerelease.com\/fr\/wp-json\/wp\/v2\/product_tag?post=10110"},{"taxonomy":"woo-feed-brand","embeddable":true,"href":"https:\/\/advancedsofttissuerelease.com\/fr\/wp-json\/wp\/v2\/woo-feed-brand?post=10110"}],"curies":[{"name":"wp","href":"https:\/\/api.w.org\/{rel}","templated":true}]}}