{"id":10117,"date":"2020-03-07T17:55:44","date_gmt":"2020-03-08T00:55:44","guid":{"rendered":"https:\/\/advancedsofttissuerelease.com\/?post_type=product&#038;p=10117"},"modified":"2025-09-22T22:05:12","modified_gmt":"2025-09-23T02:05:12","slug":"kit-de-supplements-de-soutien-cerebral","status":"publish","type":"product","link":"https:\/\/advancedsofttissuerelease.com\/fr\/product\/brain-support-supplement-kit\/","title":{"rendered":"Kit de soutien au cerveau"},"content":{"rendered":"<h1><span style=\"font-size: 12pt; color: #333333;\"><strong>Kit de suppl\u00e9ment de soutien c\u00e9r\u00e9bral<\/strong><\/span><\/h1>\n<p><span style=\"color: #333333;\">Dans ce programme \u00e9tape par \u00e9tape, le Dr Jacobs vous montrera comment am\u00e9liorer rapidement et efficacement la m\u00e9moire et la fonction c\u00e9r\u00e9brale en mettant en \u0153uvre le r\u00e9gime anti-inflammatoire d&#039;ASTR avec notre kit de suppl\u00e9ments de soutien c\u00e9r\u00e9bral. Si vous rencontrez des probl\u00e8mes de m\u00e9moire \u00e0 court terme ou chroniques, ce kit vous permettra de d\u00e9marrer votre voyage pour am\u00e9liorer votre fonction c\u00e9r\u00e9brale\u00a0!<\/span><\/p>\n<p><span style=\"color: #333333;\"><strong>Le kit de suppl\u00e9ment de soutien c\u00e9r\u00e9bral comprend<\/strong><\/span><\/p>\n<ol>\n<li><span style=\"color: #333333;\">B Actif<\/span><\/li>\n<li><span style=\"color: #333333;\">Magn\u00e9sium actif<\/span><\/li>\n<li>Niacin Active<\/li>\n<li><span style=\"color: #333333;\">K2 et D3 complets<\/span><\/li>\n<li><span style=\"color: #333333;\">Om\u00e9ga Actif<\/span><\/li>\n<li><span style=\"color: #333333;\">ASTR diet, including recipes<\/span><\/li>\n<\/ol>\n<p><span style=\"color: #0000ff;\"><a style=\"color: #0000ff;\" href=\"https:\/\/advancedsofttissuerelease.com\/fr\/produit\/b-actif-2\/\"><strong>B Actif &gt;<\/strong><\/a><\/span><\/p>\n<ul>\n<li><span style=\"color: #333333;\">Soutient le m\u00e9tabolisme des glucides<\/span><\/li>\n<li><span style=\"color: #333333;\">Soutient le fonctionnement du syst\u00e8me nerveux<\/span><\/li>\n<li><span style=\"color: #333333;\">Prend en charge le fonctionnement du syst\u00e8me surr\u00e9nalien<\/span><\/li>\n<li><span style=\"color: #333333;\">Soutient le fonctionnement du syst\u00e8me immunitaire<\/span><\/li>\n<li><span style=\"color: #333333;\">Soutient la sant\u00e9 cardiovasculaire<\/span><\/li>\n<li><span style=\"color: #333333;\">Prot\u00e8ge contre les carences alimentaires<\/span><\/li>\n<li><span style=\"color: #333333;\">Prot\u00e8ge contre l&#039;\u00e9puisement des nutriments induit par le stress<\/span><\/li>\n<li><span style=\"color: #333333;\">Soutient une fonction mentale et une humeur saines<\/span><\/li>\n<\/ul>\n<p><span style=\"color: #333333;\">Le suppl\u00e9ment actif ASTR B aide \u00e0 soutenir le m\u00e9tabolisme des glucides, le fonctionnement du syst\u00e8me nerveux\/surr\u00e9nalien\/immunitaire, la sant\u00e9 cardiovasculaire, ainsi que le fonctionnement mental et l&#039;humeur sains. B Active contient tout le spectre des vitamines B ; les formes activ\u00e9es de B2, B6 et B12\u00a0; et folate.*<\/span><\/p>\n<p><span style=\"color: #0000ff;\"><a style=\"color: #0000ff;\" href=\"https:\/\/advancedsofttissuerelease.com\/fr\/produit\/magnesium-actif\/\"><strong><span style=\"font-size: 12pt;\">Magn\u00e9sium Actif &gt;<\/span><\/strong><\/a><\/span><\/p>\n<ul>\n<li><span style=\"color: #333333;\">Fournit 3 formes de magn\u00e9sium hautement absorb\u00e9<\/span><\/li>\n<li><span style=\"color: #333333;\">Magn\u00e9sium \u00e0 haute concentration pour le soutien cardiovasculaire<\/span><\/li>\n<li><span style=\"color: #333333;\">Le magn\u00e9sium joue un r\u00f4le vital dans des centaines d&#039;activit\u00e9s m\u00e9taboliques<\/span><\/li>\n<li><span style=\"color: #333333;\">Aide \u00e0 maintenir une tension art\u00e9rielle saine<\/span><\/li>\n<li><span style=\"color: #333333;\">Aide \u00e0 maintenir une glyc\u00e9mie saine<\/span><\/li>\n<li><span style=\"color: #333333;\">Favorise la production d&#039;\u00e9nergie<\/span><\/li>\n<li><span style=\"color: #333333;\">Favorise la relaxation musculaire<\/span><\/li>\n<li><span style=\"color: #333333;\">Soutient la fonction musculaire<\/span><\/li>\n<li><span style=\"color: #333333;\">Soutenir la fonction nerveuse<\/span><\/li>\n<\/ul>\n<p><a href=\"https:\/\/advancedsofttissuerelease.com\/fr\/produit\/niacine-a-liberation-prolongee-2\/\"><strong>Niacin Active &gt;<\/strong><\/a><\/p>\n<ul>\n<li>Soutient des lipides sanguins sains<\/li>\n<li>Soutient le cholest\u00e9rol des lipoprot\u00e9ines de haute densit\u00e9 (HDL) pour la sant\u00e9<\/li>\n<li>Formule \u00e0 lib\u00e9ration prolong\u00e9e qui est compl\u00e8te en sept \u00e0 huit heures<\/li>\n<li>Prend en charge l&#039;\u00e9paisseur normale de l&#039;intima-m\u00e9dia carotidienne (CIMT)<\/li>\n<li>A un effet de rin\u00e7age moindre par rapport \u00e0 la niacine \u00e0 lib\u00e9ration instantan\u00e9e<\/li>\n<\/ul>\n<p><span style=\"color: #0000ff;\"><a style=\"color: #0000ff;\" href=\"https:\/\/advancedsofttissuerelease.com\/fr\/produit\/k2-d3-complet-2\/\"><strong>K2 &amp; D3 Complet &gt;<\/strong><\/a><\/span><\/p>\n<ul>\n<li><span style=\"color: #333333;\">Favorise une circulation sanguine saine<\/span><\/li>\n<li><span style=\"color: #333333;\">Favorise une sant\u00e9 osseuse optimale<\/span><\/li>\n<li><span style=\"color: #333333;\">Favorise un bon stockage du calcium<\/span><\/li>\n<li><span style=\"color: #333333;\">Maintient une fonction cardiom\u00e9tabolique saine<\/span><\/li>\n<li><span style=\"color: #333333;\">Soutient l&#039;\u00e9lasticit\u00e9 art\u00e9rielle<\/span><\/li>\n<li><span style=\"color: #333333;\">Stimule la fonction immunitaire<\/span><\/li>\n<li><span style=\"color: #333333;\">Soutient un \u00e9quilibre calcique sain<\/span><\/li>\n<li><span style=\"color: #333333;\">Soutient l&#039;\u00e9quilibre de la glyc\u00e9mie<\/span><\/li>\n<\/ul>\n<div class=\"page\" title=\"Page 1\">\n<div class=\"section\">\n<div class=\"layoutArea\">\n<div class=\"column\">\n<p><span style=\"color: #333333;\">Les recherches actuelles ont montr\u00e9 qu&#039;une suppl\u00e9mentation \u00e0 haute concentration de K2, \u00e0 180 mcg\/jour, entra\u00eene de meilleurs r\u00e9sultats cliniques par rapport \u00e0 une suppl\u00e9mentation \u00e0 faible dose*. K2 &amp; D3 complete fournit 180 mcg de MenaQ7\u00ae PRO, la forme de vitamine K2 la plus \u00e9tudi\u00e9e sous forme de MK-7, ainsi que 5 000 UI de vitamine D3 pour un soutien optimal de la sant\u00e9 osseuse et cardiovasculaire.<\/span><\/p>\n<p><span style=\"color: #0000ff;\"><a style=\"color: #0000ff;\" href=\"https:\/\/advancedsofttissuerelease.com\/fr\/produit\/omega-actif-2\/\"><strong>Om\u00e9ga Actif &gt;<\/strong><\/a><\/span><\/p>\n<ul>\n<li><span style=\"color: #333333;\">Soutient la sant\u00e9 cardiovasculaire<\/span><\/li>\n<li><span style=\"color: #333333;\">Soutient le m\u00e9tabolisme du sucre dans le sang<\/span><\/li>\n<li><span style=\"color: #333333;\">Soutient la fonction cognitive<\/span><\/li>\n<li><span style=\"color: #333333;\">Soutient le d\u00e9veloppement cognitif<\/span><\/li>\n<li><span style=\"color: #333333;\">Soutient une peau saine<\/span><\/li>\n<li><span style=\"color: #333333;\">Soutient des articulations saines<\/span><\/li>\n<li><span style=\"color: #333333;\">Soutient les tissus conjonctifs sains<\/span><\/li>\n<li><span style=\"color: #333333;\">Am\u00e9liore la sant\u00e9 visuelle et oculaire<\/span><\/li>\n<li><span style=\"color: #333333;\">Maintient un \u00e9quilibre inflammatoire normal<\/span><\/li>\n<\/ul>\n<\/div>\n<\/div>\n<\/div>\n<\/div>\n<p style=\"text-align: center;\"><span style=\"font-size: 8pt; color: #333333;\">*Ces d\u00e9clarations n&#039;ont pas \u00e9t\u00e9 \u00e9valu\u00e9es par la Food and Drug Administration. Ce produit n&#039;est pas destin\u00e9 \u00e0 diagnostiquer, traiter, gu\u00e9rir ou pr\u00e9venir toute maladie.\u00a0<\/span><\/p>","protected":false},"excerpt":{"rendered":"<p>Programme \u00e9tape par \u00e9tape comprenant des conseils de soutien c\u00e9r\u00e9bral, un plan nutritionnel, des recettes, des listes de courses et des suppl\u00e9ments qui vous aideront \u00e0 traiter la source de vos probl\u00e8mes de sant\u00e9 sous-jacents.<\/p>","protected":false},"featured_media":48279,"template":"","meta":{"_analytify_skip_tracking":false},"product_brand":[],"product_cat":[1782],"product_tag":[1799,1959,1809,1808,1792,1408],"woo-feed-brand":[],"class_list":{"0":"post-10117","1":"product","2":"type-product","3":"status-publish","4":"has-post-thumbnail","6":"product_cat-health-supplement-kits","7":"product_tag-b-complex","8":"product_tag-brain-support-supplements","9":"product_tag-d3-vitamin","10":"product_tag-k2-vitamin","11":"product_tag-magnesium-active","12":"product_tag-omega-3","13":"product_shipping_class-regular-shipping","15":"first","16":"instock","17":"sale","18":"taxable","19":"shipping-taxable","20":"purchasable","21":"product-type-simple"},"exclude_global_add_ons":[],"addons":[],"_links":{"self":[{"href":"https:\/\/advancedsofttissuerelease.com\/fr\/wp-json\/wp\/v2\/product\/10117","targetHints":{"allow":["GET"]}}],"collection":[{"href":"https:\/\/advancedsofttissuerelease.com\/fr\/wp-json\/wp\/v2\/product"}],"about":[{"href":"https:\/\/advancedsofttissuerelease.com\/fr\/wp-json\/wp\/v2\/types\/product"}],"version-history":[{"count":0,"href":"https:\/\/advancedsofttissuerelease.com\/fr\/wp-json\/wp\/v2\/product\/10117\/revisions"}],"wp:featuredmedia":[{"embeddable":true,"href":"https:\/\/advancedsofttissuerelease.com\/fr\/wp-json\/wp\/v2\/media\/48279"}],"wp:attachment":[{"href":"https:\/\/advancedsofttissuerelease.com\/fr\/wp-json\/wp\/v2\/media?parent=10117"}],"wp:term":[{"taxonomy":"product_brand","embeddable":true,"href":"https:\/\/advancedsofttissuerelease.com\/fr\/wp-json\/wp\/v2\/product_brand?post=10117"},{"taxonomy":"product_cat","embeddable":true,"href":"https:\/\/advancedsofttissuerelease.com\/fr\/wp-json\/wp\/v2\/product_cat?post=10117"},{"taxonomy":"product_tag","embeddable":true,"href":"https:\/\/advancedsofttissuerelease.com\/fr\/wp-json\/wp\/v2\/product_tag?post=10117"},{"taxonomy":"woo-feed-brand","embeddable":true,"href":"https:\/\/advancedsofttissuerelease.com\/fr\/wp-json\/wp\/v2\/woo-feed-brand?post=10117"}],"curies":[{"name":"wp","href":"https:\/\/api.w.org\/{rel}","templated":true}]}}