{"id":10139,"date":"2020-03-09T12:33:51","date_gmt":"2020-03-09T18:33:51","guid":{"rendered":"https:\/\/advancedsofttissuerelease.com\/?post_type=product&#038;p=10139"},"modified":"2025-09-23T20:40:29","modified_gmt":"2025-09-24T00:40:29","slug":"trousse-de-soutien-immunitaire","status":"publish","type":"product","link":"https:\/\/advancedsofttissuerelease.com\/fr\/product\/immune-support-kit\/","title":{"rendered":"Kit de soutien immunitaire"},"content":{"rendered":"<h1><span style=\"font-size: 12pt; color: #333333;\"><strong>Kit de suppl\u00e9ment de soutien immunitaire<\/strong><\/span><\/h1>\n<p><span style=\"color: #333333;\">Dans ce programme \u00e9tape par \u00e9tape, le Dr Jacobs vous montrera comment renforcer rapidement et efficacement la fonction de votre syst\u00e8me immunitaire en mettant en \u0153uvre le r\u00e9gime anti-inflammatoire d&#039;ASTR avec notre kit de suppl\u00e9ments de soutien immunitaire. Si vous souffrez d&#039;une infection \u00e0 court terme ou chronique, ce kit vous permettra de d\u00e9marrer votre voyage pour am\u00e9liorer la fonction de votre syst\u00e8me immunitaire pour combattre l&#039;infection\u00a0!<\/span><\/p>\n<p><span style=\"color: #333333;\"><strong>Le kit de suppl\u00e9ment de soutien immunitaire comprend<\/strong><\/span><\/p>\n<ol>\n<li><span style=\"color: #333333;\">Mushroom Active<\/span><\/li>\n<li><span style=\"color: #333333;\">Zinc actif<\/span><\/li>\n<li><span style=\"color: #333333;\">K2 et D3 complets<\/span><\/li>\n<li>Iode Actif<\/li>\n<li>CNA<\/li>\n<li><span style=\"color: #333333;\">Vitamine C &amp; Bioflavono\u00efdes\u00a0<\/span><\/li>\n<li><span style=\"color: #333333;\">ASTR diet, including recipes<\/span><\/li>\n<\/ol>\n<p><a href=\"https:\/\/advancedsofttissuerelease.com\/fr\/produit\/surrenal-3\/\"><strong><span style=\"color: #0000ff;\"><span style=\"caret-color: #0000ff;\"><u>Mushroom Active &gt;<\/u><\/span><\/span><\/strong><\/a><\/p>\n<ul>\n<li>Reduces fatigue and improves stress resilience<\/li>\n<li>Supports the immune system<\/li>\n<li>Helps eliminate unwanted organisms<\/li>\n<li>Supports modulate and strengthen the immune response<\/li>\n<li>Soutient l&#039;\u00e9quilibre inflammatoire normal<\/li>\n<li>Supports the body\u2019s response to stress<\/li>\n<\/ul>\n<p><span style=\"color: #0000ff;\"><a style=\"color: #0000ff;\" href=\"https:\/\/advancedsofttissuerelease.com\/fr\/produit\/zinc-actif-2\/\"><strong>Zinc Actif &gt;<\/strong><\/a><\/span><\/p>\n<ul>\n<li><span style=\"color: #333333;\">Soutient le syst\u00e8me immunitaire<\/span><\/li>\n<li><span style=\"color: #333333;\">Soutient la fonction neurologique<\/span><\/li>\n<li><span style=\"color: #333333;\">Soutient le m\u00e9tabolisme des nutriments<\/span><\/li>\n<li><span style=\"color: #333333;\">Soutient la sant\u00e9 reproductive<\/span><\/li>\n<li><span style=\"color: #333333;\">Soutient l&#039;\u00e9quilibre hormonal<\/span><\/li>\n<li><span style=\"color: #333333;\">Soutenir la perception sensorielle<\/span><\/li>\n<li><span style=\"color: #333333;\">Soutient l&#039;activit\u00e9 antioxydante<\/span><\/li>\n<li><span style=\"color: #333333;\">Prend en charge les r\u00e9actions enzymatiques<\/span><\/li>\n<li><span style=\"color: #333333;\">Soutient le m\u00e9tabolisme des prot\u00e9ines<\/span><\/li>\n<\/ul>\n<p><a href=\"https:\/\/advancedsofttissuerelease.com\/fr\/produit\/vitamine-c-et-bioflavonoides\/\"><strong>Vitamine C &amp; Bioflavono\u00efdes &gt;\u00a0<\/strong><\/a><\/p>\n<ul>\n<li>Formule \u00e0 haute teneur en vitamine C<\/li>\n<li>Soutient le syst\u00e8me immunitaire<\/li>\n<li>Soutient les syst\u00e8mes antioxydants<\/li>\n<li>Soutenir la synth\u00e8se des vaisseaux sanguins<\/li>\n<li>Soutient la production de collag\u00e8ne<\/li>\n<li>Soutient la production de carnitine<\/li>\n<li>Soutient la production de neurotransmetteurs<\/li>\n<\/ul>\n<p>La vitamine C et les bioflavono\u00efdes combinent de la vitamine C \u00e0 haute puissance avec un complexe de bioflavono\u00efdes d&#039;agrumes standardis\u00e9 \u00e0 spectre complet. La vitamine C et les bioflavono\u00efdes ont fait l&#039;objet de recherches approfondies pour leur r\u00f4le dans le soutien des fonctions antioxydantes et immunitaires. De plus, les recherches indiquent que la vitamine C est n\u00e9cessaire \u00e0 la synth\u00e8se du collag\u00e8ne, des neurotransmetteurs et de la carnitine. Les bioflavono\u00efdes semblent soutenir un m\u00e9tabolisme et une cognition sains en fonctionnant comme des agents de signalisation cellulaire.*<\/p>\n<p><span style=\"color: #0000ff;\"><a style=\"color: #0000ff;\" href=\"https:\/\/advancedsofttissuerelease.com\/fr\/produit\/iode-actif-2\/\"><strong>Iode Actif &gt;<\/strong><\/a><\/span><\/p>\n<ul>\n<li>Soutient la sant\u00e9 de la thyro\u00efde<\/li>\n<li>Aide \u00e0 maintenir un tissu mammaire sain<\/li>\n<li>Soutient la synth\u00e8se saine des hormones thyro\u00efdiennes<\/li>\n<li>R\u00e9duire le stress oxydatif<\/li>\n<li>Soutient des yeux sains<\/li>\n<li>Soutient le syst\u00e8me immunitaire<\/li>\n<li>Prend en charge le processus de d\u00e9sintoxication<\/li>\n<li>Soutient une muqueuse gastro-intestinale saine<\/li>\n<li>Antioxydant<\/li>\n<\/ul>\n<p><a href=\"https:\/\/advancedsofttissuerelease.com\/fr\/produit\/nac-n-acetyl-l-cysteine\/\"><span style=\"font-size: 12pt; color: #0000ff;\"><strong>N-Ac\u00e9tyl-L-Cyst\u00e9ine (NAC) &gt;<\/strong><\/span><\/a><\/p>\n<div class=\"page\" title=\"Page 1\">\n<div class=\"section\">\n<div class=\"layoutArea\">\n<div class=\"column\">\n<ul>\n<li>Prend en charge la synth\u00e8se du glutathion<\/li>\n<li>Prend en charge la d\u00e9toxification des toxines et des polluants environnementaux<\/li>\n<li>Soutient la fonction immunitaire<\/li>\n<li>Soutient la fonction h\u00e9patique<\/li>\n<li>Soutient l&#039;activit\u00e9 antioxydante dans toutes les cellules du corps<\/li>\n<li>Soutient une fonction respiratoire saine<\/li>\n<\/ul>\n<\/div>\n<\/div>\n<\/div>\n<\/div>\n<div class=\"page\" title=\"Page 1\">\n<div class=\"section\">\n<div class=\"layoutArea\">\n<div class=\"column\">\n<p><span style=\"color: #0000ff;\"><a style=\"color: #0000ff;\" href=\"https:\/\/advancedsofttissuerelease.com\/fr\/produit\/k2-d3-complet-2\/\"><strong>K2 &amp; D3 Complet &gt;<\/strong><\/a><\/span><\/p>\n<ul>\n<li><span style=\"color: #333333;\">Favorise une circulation sanguine saine<\/span><\/li>\n<li><span style=\"color: #333333;\">Favorise une sant\u00e9 osseuse optimale<\/span><\/li>\n<li><span style=\"color: #333333;\">Favorise un bon stockage du calcium<\/span><\/li>\n<li><span style=\"color: #333333;\">Maintient une fonction cardiom\u00e9tabolique saine<\/span><\/li>\n<li><span style=\"color: #333333;\">Soutient l&#039;\u00e9lasticit\u00e9 art\u00e9rielle<\/span><\/li>\n<li><span style=\"color: #333333;\">Stimule la fonction immunitaire<\/span><\/li>\n<li><span style=\"color: #333333;\">Soutient un \u00e9quilibre calcique sain<\/span><\/li>\n<li><span style=\"color: #333333;\">Soutient l&#039;\u00e9quilibre de la glyc\u00e9mie<\/span><\/li>\n<\/ul>\n<p><span style=\"color: #333333;\">Les recherches actuelles ont montr\u00e9 qu&#039;une suppl\u00e9mentation \u00e0 haute concentration de K2, \u00e0 180 mcg\/jour, entra\u00eene de meilleurs r\u00e9sultats cliniques par rapport \u00e0 une suppl\u00e9mentation \u00e0 faible dose*. K2 &amp; D3 complete fournit 180 mcg de MenaQ7\u00ae PRO, la forme de vitamine K2 la plus \u00e9tudi\u00e9e sous forme de MK-7, ainsi que 5 000 UI de vitamine D3 pour un soutien optimal de la sant\u00e9 osseuse et cardiovasculaire.<\/span><\/p>\n<\/div>\n<\/div>\n<\/div>\n<\/div>\n<p style=\"text-align: center;\"><span style=\"font-size: 8pt; color: #333333;\">*Ces d\u00e9clarations n&#039;ont pas \u00e9t\u00e9 \u00e9valu\u00e9es par la Food and Drug Administration. Ce produit n&#039;est pas destin\u00e9 \u00e0 diagnostiquer, traiter, gu\u00e9rir ou pr\u00e9venir toute maladie.\u00a0<\/span><\/p>","protected":false},"excerpt":{"rendered":"<p><span class=\"\">Programme \u00e9tape par \u00e9tape comprenant des conseils de soutien immunitaire,\u00a0<\/span><span class=\"\">r\u00e9gime alimentaire, <\/span><span class=\"\">des recettes, des listes de courses et des suppl\u00e9ments qui vous aideront \u00e0 traiter la source de vos probl\u00e8mes de sant\u00e9 sous-jacents.<\/span><\/p>","protected":false},"featured_media":41982,"template":"","meta":{"_analytify_skip_tracking":false},"product_brand":[],"product_cat":[1782],"product_tag":[1993,534,1792,2367,1885,529,1412,1807],"woo-feed-brand":[],"class_list":{"0":"post-10139","1":"product","2":"type-product","3":"status-publish","4":"has-post-thumbnail","6":"product_cat-health-supplement-kits","7":"product_tag-immune-support-supplements","8":"product_tag-immune-system","9":"product_tag-magnesium-active","10":"product_tag-mushroom-complex","11":"product_tag-nac","12":"product_tag-vitamin-c","13":"product_tag-vitamin-d3","14":"product_tag-zinc-active","15":"product_shipping_class-regular-shipping","17":"first","18":"instock","19":"sale","20":"taxable","21":"shipping-taxable","22":"purchasable","23":"product-type-simple"},"exclude_global_add_ons":[],"addons":[],"_links":{"self":[{"href":"https:\/\/advancedsofttissuerelease.com\/fr\/wp-json\/wp\/v2\/product\/10139","targetHints":{"allow":["GET"]}}],"collection":[{"href":"https:\/\/advancedsofttissuerelease.com\/fr\/wp-json\/wp\/v2\/product"}],"about":[{"href":"https:\/\/advancedsofttissuerelease.com\/fr\/wp-json\/wp\/v2\/types\/product"}],"version-history":[{"count":0,"href":"https:\/\/advancedsofttissuerelease.com\/fr\/wp-json\/wp\/v2\/product\/10139\/revisions"}],"wp:featuredmedia":[{"embeddable":true,"href":"https:\/\/advancedsofttissuerelease.com\/fr\/wp-json\/wp\/v2\/media\/41982"}],"wp:attachment":[{"href":"https:\/\/advancedsofttissuerelease.com\/fr\/wp-json\/wp\/v2\/media?parent=10139"}],"wp:term":[{"taxonomy":"product_brand","embeddable":true,"href":"https:\/\/advancedsofttissuerelease.com\/fr\/wp-json\/wp\/v2\/product_brand?post=10139"},{"taxonomy":"product_cat","embeddable":true,"href":"https:\/\/advancedsofttissuerelease.com\/fr\/wp-json\/wp\/v2\/product_cat?post=10139"},{"taxonomy":"product_tag","embeddable":true,"href":"https:\/\/advancedsofttissuerelease.com\/fr\/wp-json\/wp\/v2\/product_tag?post=10139"},{"taxonomy":"woo-feed-brand","embeddable":true,"href":"https:\/\/advancedsofttissuerelease.com\/fr\/wp-json\/wp\/v2\/woo-feed-brand?post=10139"}],"curies":[{"name":"wp","href":"https:\/\/api.w.org\/{rel}","templated":true}]}}