{"id":10208,"date":"2020-03-10T09:43:47","date_gmt":"2020-03-10T15:43:47","guid":{"rendered":"https:\/\/advancedsofttissuerelease.com\/?post_type=product&#038;p=10208"},"modified":"2025-09-23T20:36:51","modified_gmt":"2025-09-24T00:36:51","slug":"kit-de-soulagement-des-maux-de-tete-migraine","status":"publish","type":"product","link":"https:\/\/advancedsofttissuerelease.com\/fr\/product\/headache-migraine-relief-kit\/","title":{"rendered":"Kit de soulagement des maux de t\u00eate"},"content":{"rendered":"<h1><span style=\"font-size: 12pt; color: #333333;\"><strong>Kit de suppl\u00e9ment de soulagement des maux de t\u00eate<\/strong><\/span><\/h1>\n<p><span style=\"color: #333333;\">Dans ce programme \u00e9tape par \u00e9tape, le Dr Jacobs vous montrera comment contr\u00f4ler ou \u00e9liminer rapidement et efficacement les sympt\u00f4mes de maux de t\u00eate ou de migraine en mettant en \u0153uvre le r\u00e9gime anti-inflammatoire d&#039;ASTR avec notre kit de suppl\u00e9ments contre les maux de t\u00eate. Si vous souffrez de maux de t\u00eate ou de migraines \u00e0 court terme ou chroniques, ce kit vous permettra de commencer votre voyage pour vivre sans maux de t\u00eate\u00a0!<\/span><\/p>\n<p><span style=\"color: #333333;\"><strong>Le kit de suppl\u00e9ment de soulagement des maux de t\u00eate comprend<\/strong><\/span><\/p>\n<ol>\n<li><span style=\"color: #333333;\">B Actif<\/span><\/li>\n<li><span style=\"color: #333333;\">Magn\u00e9sium actif<\/span><\/li>\n<li>Om\u00e9ga Actif<\/li>\n<li><span style=\"color: #333333;\">Vitamine C &amp; Bioflavono\u00efdes<\/span><\/li>\n<li><span style=\"color: #333333;\">Probiotique Max<\/span><\/li>\n<li><span style=\"color: #333333;\">ASTR diet, including recipes<\/span><\/li>\n<\/ol>\n<p><span style=\"color: #0000ff;\"><a style=\"color: #0000ff;\" href=\"https:\/\/advancedsofttissuerelease.com\/fr\/produit\/b-actif-2\/\"><strong>B Actif &gt;<\/strong><\/a><\/span><\/p>\n<ul>\n<li><span style=\"color: #333333;\">Soutient le m\u00e9tabolisme des glucides<\/span><\/li>\n<li><span style=\"color: #333333;\">Soutient le fonctionnement du syst\u00e8me nerveux<\/span><\/li>\n<li><span style=\"color: #333333;\">Prend en charge le fonctionnement du syst\u00e8me surr\u00e9nalien<\/span><\/li>\n<li><span style=\"color: #333333;\">Soutient le fonctionnement du syst\u00e8me immunitaire<\/span><\/li>\n<li><span style=\"color: #333333;\">Soutient la sant\u00e9 cardiovasculaire<\/span><\/li>\n<li><span style=\"color: #333333;\">Prot\u00e8ge contre les carences alimentaires<\/span><\/li>\n<li><span style=\"color: #333333;\">Prot\u00e8ge contre l&#039;\u00e9puisement des nutriments induit par le stress<\/span><\/li>\n<li><span style=\"color: #333333;\">Soutient une fonction mentale et une humeur saines<\/span><\/li>\n<\/ul>\n<p><span style=\"color: #333333;\">Le suppl\u00e9ment actif ASTR B aide \u00e0 soutenir le m\u00e9tabolisme des glucides, le fonctionnement du syst\u00e8me nerveux\/surr\u00e9nalien\/immunitaire, la sant\u00e9 cardiovasculaire, ainsi que le fonctionnement mental et l&#039;humeur sains. B Active contient tout le spectre des vitamines B ; les formes activ\u00e9es de B2, B6 et B12\u00a0; et folate.*<\/span><\/p>\n<p><span style=\"color: #0000ff;\"><a style=\"color: #0000ff;\" href=\"https:\/\/advancedsofttissuerelease.com\/fr\/produit\/omega-actif-2\/\"><strong><span style=\"font-size: 12pt;\">Om\u00e9ga Actif &gt;<\/span><\/strong><\/a><\/span><\/p>\n<ul>\n<li>Soutient la sant\u00e9 cardiovasculaire<\/li>\n<li>Soutient le m\u00e9tabolisme du sucre dans le sang<\/li>\n<li>Soutient la fonction cognitive<\/li>\n<li>Soutient le d\u00e9veloppement cognitif<\/li>\n<li>Soutient une peau saine<\/li>\n<li>Soutient des articulations saines<\/li>\n<li>Soutient les tissus conjonctifs sains<\/li>\n<li>Am\u00e9liore la sant\u00e9 visuelle et oculaire<\/li>\n<li>Maintient un \u00e9quilibre inflammatoire normal<\/li>\n<\/ul>\n<p><span style=\"color: #0000ff;\"><a style=\"color: #0000ff;\" href=\"https:\/\/advancedsofttissuerelease.com\/fr\/produit\/magnesium-actif\/\"><strong>Magn\u00e9sium Actif &gt;<\/strong><\/a><\/span><\/p>\n<ul>\n<li><span style=\"color: #333333;\">Fournit 3 formes de magn\u00e9sium hautement absorb\u00e9<\/span><\/li>\n<li><span style=\"color: #333333;\">Magn\u00e9sium \u00e0 haute concentration pour le soutien cardiovasculaire<\/span><\/li>\n<li><span style=\"color: #333333;\">Le magn\u00e9sium joue un r\u00f4le vital dans des centaines d&#039;activit\u00e9s m\u00e9taboliques<\/span><\/li>\n<li><span style=\"color: #333333;\">Aide \u00e0 maintenir une tension art\u00e9rielle saine<\/span><\/li>\n<li><span style=\"color: #333333;\">Aide \u00e0 maintenir une glyc\u00e9mie saine<\/span><\/li>\n<li><span style=\"color: #333333;\">Favorise la production d&#039;\u00e9nergie<\/span><\/li>\n<li><span style=\"color: #333333;\">Favorise la relaxation musculaire<\/span><\/li>\n<li><span style=\"color: #333333;\">Soutient la fonction musculaire<\/span><\/li>\n<li><span style=\"color: #333333;\">Soutenir la fonction nerveuse<\/span><\/li>\n<\/ul>\n<p><a href=\"https:\/\/advancedsofttissuerelease.com\/fr\/produit\/vitamine-c-et-bioflavonoides\/\"><strong><span style=\"color: #0000ff;\">Vitamine C &amp;\u00a0<span style=\"caret-color: #0000ff;\">Bioflavono\u00efdes<\/span>\u00a0 &gt;\u00a0<\/span><\/strong><\/a><\/p>\n<ul>\n<li>Formule \u00e0 haute teneur en vitamine C<\/li>\n<li>Soutient le syst\u00e8me immunitaire<\/li>\n<li>Soutient les syst\u00e8mes antioxydants<\/li>\n<li>Soutenir la synth\u00e8se des vaisseaux sanguins<\/li>\n<li>Soutient la production de collag\u00e8ne<\/li>\n<li>Soutient la production de carnitine<\/li>\n<li>Soutient la production de neurotransmetteurs<\/li>\n<\/ul>\n<p>La vitamine C et les bioflavono\u00efdes combinent de la vitamine C \u00e0 haute puissance avec un complexe de bioflavono\u00efdes d&#039;agrumes standardis\u00e9 \u00e0 spectre complet. La vitamine C et les bioflavono\u00efdes ont fait l&#039;objet de recherches approfondies pour leur r\u00f4le dans le soutien des fonctions antioxydantes et immunitaires. De plus, les recherches indiquent que la vitamine C est n\u00e9cessaire \u00e0 la synth\u00e8se du collag\u00e8ne, des neurotransmetteurs et de la carnitine. Les bioflavono\u00efdes semblent soutenir un m\u00e9tabolisme et une cognition sains en fonctionnant comme des agents de signalisation cellulaire.*<\/p>\n<div class=\"page\" title=\"Page 1\">\n<div class=\"section\">\n<div class=\"layoutArea\">\n<div class=\"column\">\n<p><span style=\"color: #0000ff;\"><a style=\"color: #0000ff;\" href=\"https:\/\/advancedsofttissuerelease.com\/fr\/produit\/probiotique-max-2\/\"><strong>Probiotic Max \u2013 18 souches&gt;<\/strong><\/a><\/span><\/p>\n<ul>\n<li><span style=\"color: #333333;\">Soutient un microbiote sain<\/span><\/li>\n<li><span style=\"color: #333333;\">Soutient la r\u00e9ponse immunitaire naturelle<\/span><\/li>\n<li><span style=\"color: #333333;\">Favorise la digestion du lactose<\/span><\/li>\n<li><span style=\"color: #333333;\">Soutient la r\u00e9gularit\u00e9 intestinale<\/span><\/li>\n<li><span style=\"color: #333333;\">Soutient un microbiome intestinal sain<\/span><\/li>\n<li><span style=\"color: #333333;\">Favorise la digestion<\/span><\/li>\n<li><span style=\"color: #333333;\">Favorise l&#039;absorption des micronutriments<\/span><\/li>\n<li><span style=\"color: #333333;\">Augmente l&#039;IgA s\u00e9cr\u00e9toire pour une meilleure immunit\u00e9 intestinale<\/span><\/li>\n<li><span style=\"color: #333333;\">S\u00e9lectionn\u00e9 pour sa viabilit\u00e9 et sa stabilit\u00e9<\/span><\/li>\n<\/ul>\n<p><span style=\"color: #0000ff;\"><strong style=\"color: #0000ff;\"><a style=\"color: #0000ff;\" href=\"https:\/\/advancedsofttissuerelease.com\/fr\/produit\/creme-anti-douleur-2\/\">Cr\u00e8me anti-douleur &gt;<\/a><\/strong><\/span><\/p>\n<\/div>\n<div class=\"page\" title=\"Page 1\">\n<div class=\"section\">\n<p><strong>Pour adultes et enfants<\/strong><\/p>\n<ul>\n<li>Soutient le soulagement des douleurs musculaires et articulaires<\/li>\n<li>Favorise la cicatrisation des plaies<\/li>\n<li>Soutient la sant\u00e9 normale de la peau et des ongles<\/li>\n<li>Soutient une r\u00e9ponse inflammatoire saine<\/li>\n<li>Am\u00e9liore la sant\u00e9 musculo-squelettique<\/li>\n<li>B\u00e9n\u00e9ficie de la sant\u00e9 des articulations<\/li>\n<li>Stimule le mouvement articulaire<\/li>\n<\/ul>\n<p><strong>La cr\u00e8me anti-douleur est utilis\u00e9e pour :<\/strong><\/p>\n<ul>\n<li>Soulagement de la douleur<\/li>\n<li>Diminuer l&#039;inflammation<\/li>\n<li>Arthrite<\/li>\n<li>Soins des plaies<\/li>\n<li>Ecz\u00e9ma<\/li>\n<li>Acn\u00e9<\/li>\n<li>Dermatite<\/li>\n<li>Psoriasis<\/li>\n<\/ul>\n<\/div>\n<\/div>\n<\/div>\n<\/div>\n<\/div>\n<p style=\"text-align: center;\"><span style=\"font-size: 8pt; color: #333333;\">*Ces d\u00e9clarations n&#039;ont pas \u00e9t\u00e9 \u00e9valu\u00e9es par la Food and Drug Administration. Ce produit n&#039;est pas destin\u00e9 \u00e0 diagnostiquer, traiter, gu\u00e9rir ou pr\u00e9venir toute maladie.\u00a0<\/span><\/p>","protected":false},"excerpt":{"rendered":"<p><span class=\"\">Programme \u00e9tape par \u00e9tape comprenant des conseils pour soulager les maux de t\u00eate,\u00a0<\/span><span class=\"\">r\u00e9gime alimentaire, <\/span><span class=\"\">des recettes, des listes de courses et des suppl\u00e9ments qui vous aideront \u00e0 traiter la source de vos probl\u00e8mes de sant\u00e9 sous-jacents.<\/span><\/p>","protected":false},"featured_media":37352,"template":"","meta":{"_analytify_skip_tracking":false},"product_brand":[],"product_cat":[1782],"product_tag":[1799,1699,1863,1792,1864,1408,574,529],"woo-feed-brand":[],"class_list":{"0":"post-10208","1":"product","2":"type-product","3":"status-publish","4":"has-post-thumbnail","6":"product_cat-health-supplement-kits","7":"product_tag-b-complex","8":"product_tag-headache-relief","9":"product_tag-headache-supplement","10":"product_tag-magnesium-active","11":"product_tag-migraine-supplements","12":"product_tag-omega-3","13":"product_tag-probiotic","14":"product_tag-vitamin-c","15":"product_shipping_class-regular-shipping","17":"first","18":"instock","19":"sale","20":"taxable","21":"shipping-taxable","22":"purchasable","23":"product-type-simple"},"exclude_global_add_ons":false,"addons":[{"name":"Cr\u00e8me anti-douleur pour la douleur, l&#039;inflammation et acc\u00e9l\u00e9rer la gu\u00e9rison","type":"checkbox","position":0,"required":true,"title_format":"heading","default":"","description_enable":false,"description":"","placeholder_enable":false,"placeholder":"","display":"select","restrictions_type":"any_text","adjust_price":false,"price":"","price_type":"flat_fee","restrictions":false,"min":"0","max":"0","options":[{"label":"Yes (save $10)","price":"49","price_type":"flat_fee","image":0,"visibility":true},{"label":"No","price":"","price_type":"flat_fee","image":0,"visibility":true}],"id":1723735899},{"name":"Do you own our tool kit? (A1, A2, A3, A4 & A5)","type":"multiple_choice","position":0,"required":true,"title_format":"heading","default":"","description_enable":false,"description":"","placeholder_enable":false,"placeholder":"","display":"radiobutton","restrictions_type":"any_text","adjust_price":false,"price":"","price_type":"flat_fee","restrictions":false,"min":"0","max":"0","options":[{"label":"Yes","price":"0","price_type":"flat_fee","image":0,"visibility":true},{"label":"No","price":"399","price_type":"flat_fee","image":0,"visibility":true}]}],"_links":{"self":[{"href":"https:\/\/advancedsofttissuerelease.com\/fr\/wp-json\/wp\/v2\/product\/10208","targetHints":{"allow":["GET"]}}],"collection":[{"href":"https:\/\/advancedsofttissuerelease.com\/fr\/wp-json\/wp\/v2\/product"}],"about":[{"href":"https:\/\/advancedsofttissuerelease.com\/fr\/wp-json\/wp\/v2\/types\/product"}],"version-history":[{"count":0,"href":"https:\/\/advancedsofttissuerelease.com\/fr\/wp-json\/wp\/v2\/product\/10208\/revisions"}],"wp:featuredmedia":[{"embeddable":true,"href":"https:\/\/advancedsofttissuerelease.com\/fr\/wp-json\/wp\/v2\/media\/37352"}],"wp:attachment":[{"href":"https:\/\/advancedsofttissuerelease.com\/fr\/wp-json\/wp\/v2\/media?parent=10208"}],"wp:term":[{"taxonomy":"product_brand","embeddable":true,"href":"https:\/\/advancedsofttissuerelease.com\/fr\/wp-json\/wp\/v2\/product_brand?post=10208"},{"taxonomy":"product_cat","embeddable":true,"href":"https:\/\/advancedsofttissuerelease.com\/fr\/wp-json\/wp\/v2\/product_cat?post=10208"},{"taxonomy":"product_tag","embeddable":true,"href":"https:\/\/advancedsofttissuerelease.com\/fr\/wp-json\/wp\/v2\/product_tag?post=10208"},{"taxonomy":"woo-feed-brand","embeddable":true,"href":"https:\/\/advancedsofttissuerelease.com\/fr\/wp-json\/wp\/v2\/woo-feed-brand?post=10208"}],"curies":[{"name":"wp","href":"https:\/\/api.w.org\/{rel}","templated":true}]}}