{"id":10509,"date":"2020-03-16T12:44:48","date_gmt":"2020-03-16T18:44:48","guid":{"rendered":"https:\/\/advancedsofttissuerelease.com\/?post_type=product&#038;p=10509"},"modified":"2025-09-22T22:05:03","modified_gmt":"2025-09-23T02:05:03","slug":"kit-anti-stress-2","status":"publish","type":"product","link":"https:\/\/advancedsofttissuerelease.com\/fr\/product\/stress-relief-kit\/","title":{"rendered":"Kit anti-stress"},"content":{"rendered":"<h1><span style=\"font-size: 12pt; color: #333333;\"><strong>Kit de suppl\u00e9ment anti-stress<\/strong><\/span><\/h1>\n<p>Dans ce programme \u00e9tape par \u00e9tape, le Dr Jacobs vous montrera comment contr\u00f4ler et soulager rapidement et efficacement le stress en mettant en \u0153uvre le r\u00e9gime ASTR avec notre kit de suppl\u00e9ments anti-stress. Si vous souffrez de stress \u00e0 court terme ou chronique, ce kit vous permettra de d\u00e9marrer votre voyage pour vivre sans stress\u00a0!<\/p>\n<p><span style=\"color: #333333;\"><strong>Le kit de suppl\u00e9ment anti-stress comprend<\/strong><\/span><\/p>\n<ol>\n<li><span style=\"color: #333333;\">B Actif<\/span><\/li>\n<li><span style=\"color: #333333;\">Magn\u00e9sium actif<\/span><\/li>\n<li>Niacine \u00e0 lib\u00e9ration prolong\u00e9e<\/li>\n<li>Om\u00e9ga Actif<\/li>\n<li>CNA<\/li>\n<li>Vitamine C &amp; Bioflavono\u00efdes<\/li>\n<li>Coq 10 Actif<\/li>\n<li><span style=\"color: #333333;\">ASTR diet, including recipes<\/span><\/li>\n<\/ol>\n<p><span style=\"color: #0000ff;\"><a style=\"color: #0000ff;\" href=\"https:\/\/advancedsofttissuerelease.com\/fr\/produit\/b-actif-2\/\"><strong>B Actif &gt;<\/strong><\/a><\/span><\/p>\n<ul>\n<li><span style=\"color: #333333;\">Soutient le m\u00e9tabolisme des glucides<\/span><\/li>\n<li><span style=\"color: #333333;\">Soutient le fonctionnement du syst\u00e8me nerveux<\/span><\/li>\n<li><span style=\"color: #333333;\">Prend en charge le fonctionnement du syst\u00e8me surr\u00e9nalien<\/span><\/li>\n<li><span style=\"color: #333333;\">Soutient le fonctionnement du syst\u00e8me immunitaire<\/span><\/li>\n<li><span style=\"color: #333333;\">Soutient la sant\u00e9 cardiovasculaire<\/span><\/li>\n<li><span style=\"color: #333333;\">Prot\u00e8ge contre les carences alimentaires<\/span><\/li>\n<li><span style=\"color: #333333;\">Prot\u00e8ge contre l&#039;\u00e9puisement des nutriments induit par le stress<\/span><\/li>\n<li><span style=\"color: #333333;\">Soutient une fonction mentale et une humeur saines<\/span><\/li>\n<\/ul>\n<p><span style=\"color: #333333;\">Le suppl\u00e9ment actif ASTR B aide \u00e0 soutenir le m\u00e9tabolisme des glucides, le fonctionnement du syst\u00e8me nerveux\/surr\u00e9nalien\/immunitaire, la sant\u00e9 cardiovasculaire, ainsi que le fonctionnement mental et l&#039;humeur sains. B Active contient tout le spectre des vitamines B ; les formes activ\u00e9es de B2, B6 et B12\u00a0; et folate.*<\/span><\/p>\n<p><span style=\"color: #0000ff;\"><a style=\"color: #0000ff;\" href=\"https:\/\/advancedsofttissuerelease.com\/fr\/produit\/omega-actif-2\/\"><strong><span style=\"font-size: 12pt;\">Om\u00e9ga Actif &gt;<\/span><\/strong><\/a><\/span><\/p>\n<ul>\n<li>Soutient la sant\u00e9 cardiovasculaire<\/li>\n<li>Soutient le m\u00e9tabolisme du sucre dans le sang<\/li>\n<li>Soutient la fonction cognitive<\/li>\n<li>Soutient le d\u00e9veloppement cognitif<\/li>\n<li>Soutient une peau saine<\/li>\n<li>Soutient des articulations saines<\/li>\n<li>Soutient les tissus conjonctifs sains<\/li>\n<li>Am\u00e9liore la sant\u00e9 visuelle et oculaire<\/li>\n<li>Maintient un \u00e9quilibre inflammatoire normal<\/li>\n<\/ul>\n<p><span style=\"color: #0000ff;\"><a style=\"color: #0000ff;\" href=\"https:\/\/advancedsofttissuerelease.com\/fr\/produit\/niacine-a-liberation-prolongee-3\/\"><strong>Niacine<\/strong><strong>\u00a0Active &gt;<\/strong><\/a><\/span><\/p>\n<ul>\n<li>Soutient des lipides sanguins sains<\/li>\n<li>Soutient le cholest\u00e9rol des lipoprot\u00e9ines de haute densit\u00e9 (HDL) pour la sant\u00e9<\/li>\n<li>Formule \u00e0 lib\u00e9ration prolong\u00e9e qui est compl\u00e8te en sept \u00e0 huit heures<\/li>\n<li>Prend en charge l&#039;\u00e9paisseur normale de l&#039;intima-m\u00e9dia carotidienne (CIMT)<\/li>\n<li>A un effet de rin\u00e7age moindre par rapport \u00e0 la niacine \u00e0 lib\u00e9ration instantan\u00e9e<\/li>\n<\/ul>\n<p><span style=\"color: #0000ff;\"><a style=\"color: #0000ff;\" href=\"https:\/\/advancedsofttissuerelease.com\/fr\/produit\/magnesium-actif\/\"><strong>Magn\u00e9sium Actif &gt;<\/strong><\/a><\/span><\/p>\n<ul>\n<li><span style=\"color: #333333;\">Fournit 3 formes de magn\u00e9sium hautement absorb\u00e9<\/span><\/li>\n<li><span style=\"color: #333333;\">Magn\u00e9sium \u00e0 haute concentration pour le soutien cardiovasculaire<\/span><\/li>\n<li><span style=\"color: #333333;\">Le magn\u00e9sium joue un r\u00f4le vital dans des centaines d&#039;activit\u00e9s m\u00e9taboliques<\/span><\/li>\n<li><span style=\"color: #333333;\">Aide \u00e0 maintenir une tension art\u00e9rielle saine<\/span><\/li>\n<li><span style=\"color: #333333;\">Aide \u00e0 maintenir une glyc\u00e9mie saine<\/span><\/li>\n<li><span style=\"color: #333333;\">Favorise la production d&#039;\u00e9nergie<\/span><\/li>\n<li><span style=\"color: #333333;\">Favorise la relaxation musculaire<\/span><\/li>\n<li><span style=\"color: #333333;\">Soutient la fonction musculaire<\/span><\/li>\n<li><span style=\"color: #333333;\">Soutenir la fonction nerveuse<\/span><\/li>\n<\/ul>\n<p><a href=\"https:\/\/advancedsofttissuerelease.com\/fr\/produit\/vitamine-c-et-bioflavonoides\/\"><strong><span style=\"color: #0000ff;\">Vitamine C &amp;\u00a0<span style=\"caret-color: #0000ff;\">Bioflavono\u00efdes<\/span>\u00a0 &gt;\u00a0<\/span><\/strong><\/a><\/p>\n<ul>\n<li>Formule \u00e0 haute teneur en vitamine C<\/li>\n<li>Soutient le syst\u00e8me immunitaire<\/li>\n<li>Soutient les syst\u00e8mes antioxydants<\/li>\n<li>Soutenir la synth\u00e8se des vaisseaux sanguins<\/li>\n<li>Soutient la production de collag\u00e8ne<\/li>\n<li>Soutient la production de carnitine<\/li>\n<li>Soutient la production de neurotransmetteurs<\/li>\n<\/ul>\n<p>La vitamine C et les bioflavono\u00efdes combinent de la vitamine C \u00e0 haute puissance avec un complexe de bioflavono\u00efdes d&#039;agrumes standardis\u00e9 \u00e0 spectre complet. La vitamine C et les bioflavono\u00efdes ont fait l&#039;objet de recherches approfondies pour leur r\u00f4le dans le soutien des fonctions antioxydantes et immunitaires. De plus, les recherches indiquent que la vitamine C est n\u00e9cessaire \u00e0 la synth\u00e8se du collag\u00e8ne, des neurotransmetteurs et de la carnitine. Les bioflavono\u00efdes semblent soutenir un m\u00e9tabolisme et une cognition sains en fonctionnant comme des agents de signalisation cellulaire.*<\/p>\n<div class=\"page\" title=\"Page 1\">\n<div class=\"section\">\n<div class=\"layoutArea\">\n<div class=\"column\">\n<p><span style=\"color: #0000ff;\"><a style=\"color: #0000ff;\" href=\"https:\/\/advancedsofttissuerelease.com\/fr\/produit\/nac-n-acetyl-l-cysteine\/\"><strong>CNA &gt;<\/strong><\/a><\/span><\/p>\n<div class=\"page\" title=\"Page 1\">\n<div class=\"section\">\n<div class=\"layoutArea\">\n<div class=\"column\">\n<ul>\n<li>Prend en charge la synth\u00e8se du glutathion<\/li>\n<li>Prend en charge la d\u00e9toxification des toxines et des polluants environnementaux<\/li>\n<li>Soutient l&#039;activit\u00e9 antioxydante dans toutes les cellules du corps<\/li>\n<li>Soutient une fonction respiratoire saine<\/li>\n<\/ul>\n<p><a href=\"https:\/\/advancedsofttissuerelease.com\/fr\/produit\/coq-10-actif-2\/\"><strong>CoQ 10 actif &gt;<\/strong><\/a><\/p>\n<ul>\n<li>Prend en charge la production d&#039;\u00e9nergie naturelle<\/li>\n<li>Prend en charge le fonctionnement mitochondrial<\/li>\n<li>Soutient la sant\u00e9 du plasma et des tissus<\/li>\n<li>Soutient la sant\u00e9 et le fonctionnement du syst\u00e8me cardiovasculaire<\/li>\n<li>Soutient la sant\u00e9 neuromusculaire<\/li>\n<li>Soutient le fonctionnement du syst\u00e8me nerveux central<\/li>\n<\/ul>\n<p>Le suppl\u00e9ment ASTR CoQ 10 soutient la production d&#039;\u00e9nergie naturelle et la sant\u00e9 mitochondriale, le bon fonctionnement du syst\u00e8me cardiovasculaire et la sant\u00e9 du syst\u00e8me neuromusculaire et nerveux central. Il a \u00e9t\u00e9 cliniquement d\u00e9montr\u00e9 que l&#039;ASTR CoQ 10 est plus absorbable pour une utilisation optimale dans le soutien des besoins de sant\u00e9 cardiovasculaires et \u00e9nerg\u00e9tiques.*<\/p>\n<\/div>\n<\/div>\n<\/div>\n<\/div>\n<\/div>\n<\/div>\n<\/div>\n<\/div>\n<p style=\"text-align: center;\"><span style=\"font-size: 8pt; color: #333333;\">*Ces d\u00e9clarations n&#039;ont pas \u00e9t\u00e9 \u00e9valu\u00e9es par la Food and Drug Administration. Ce produit n&#039;est pas destin\u00e9 \u00e0 diagnostiquer, traiter, gu\u00e9rir ou pr\u00e9venir toute maladie.\u00a0<\/span><\/p>","protected":false},"excerpt":{"rendered":"<p><span class=\"\">Programme \u00e9tape par \u00e9tape comprenant des conseils de soulagement du stress, de la m\u00e9ditation,\u00a0<\/span><span class=\"\">r\u00e9gime alimentaire, <\/span><span class=\"\">des recettes, des listes de courses et des suppl\u00e9ments qui vous aideront \u00e0 traiter la source de vos probl\u00e8mes de sant\u00e9 sous-jacents.<\/span><\/p>","protected":false},"featured_media":48276,"template":"","meta":{"_analytify_skip_tracking":false},"product_brand":[],"product_cat":[1782],"product_tag":[1934,1799,1935,1792,1933,1831,1883,1884],"woo-feed-brand":[],"class_list":{"0":"post-10509","1":"product","2":"type-product","3":"status-publish","4":"has-post-thumbnail","6":"product_cat-health-supplement-kits","7":"product_tag-anxiety-relief","8":"product_tag-b-complex","9":"product_tag-depression-relief","10":"product_tag-magnesium-active","11":"product_tag-n-acetyl-l-cysteine","12":"product_tag-niacin","13":"product_tag-stress-relief","14":"product_tag-stress-relief-supplements","15":"product_shipping_class-regular-shipping","17":"first","18":"instock","19":"sale","20":"taxable","21":"shipping-taxable","22":"purchasable","23":"product-type-simple"},"exclude_global_add_ons":[],"addons":[],"_links":{"self":[{"href":"https:\/\/advancedsofttissuerelease.com\/fr\/wp-json\/wp\/v2\/product\/10509","targetHints":{"allow":["GET"]}}],"collection":[{"href":"https:\/\/advancedsofttissuerelease.com\/fr\/wp-json\/wp\/v2\/product"}],"about":[{"href":"https:\/\/advancedsofttissuerelease.com\/fr\/wp-json\/wp\/v2\/types\/product"}],"version-history":[{"count":0,"href":"https:\/\/advancedsofttissuerelease.com\/fr\/wp-json\/wp\/v2\/product\/10509\/revisions"}],"wp:featuredmedia":[{"embeddable":true,"href":"https:\/\/advancedsofttissuerelease.com\/fr\/wp-json\/wp\/v2\/media\/48276"}],"wp:attachment":[{"href":"https:\/\/advancedsofttissuerelease.com\/fr\/wp-json\/wp\/v2\/media?parent=10509"}],"wp:term":[{"taxonomy":"product_brand","embeddable":true,"href":"https:\/\/advancedsofttissuerelease.com\/fr\/wp-json\/wp\/v2\/product_brand?post=10509"},{"taxonomy":"product_cat","embeddable":true,"href":"https:\/\/advancedsofttissuerelease.com\/fr\/wp-json\/wp\/v2\/product_cat?post=10509"},{"taxonomy":"product_tag","embeddable":true,"href":"https:\/\/advancedsofttissuerelease.com\/fr\/wp-json\/wp\/v2\/product_tag?post=10509"},{"taxonomy":"woo-feed-brand","embeddable":true,"href":"https:\/\/advancedsofttissuerelease.com\/fr\/wp-json\/wp\/v2\/woo-feed-brand?post=10509"}],"curies":[{"name":"wp","href":"https:\/\/api.w.org\/{rel}","templated":true}]}}