{"id":10512,"date":"2020-03-16T12:57:43","date_gmt":"2020-03-16T18:57:43","guid":{"rendered":"https:\/\/advancedsofttissuerelease.com\/?post_type=product&#038;p=10512"},"modified":"2025-09-23T20:35:00","modified_gmt":"2025-09-24T00:35:00","slug":"kit-de-supplement-quotidien-2","status":"publish","type":"product","link":"https:\/\/advancedsofttissuerelease.com\/fr\/product\/daily-supplement-kit\/","title":{"rendered":"Kit de suppl\u00e9ment quotidien"},"content":{"rendered":"<h1><span style=\"font-size: 12pt; color: #333333;\"><strong>Kit de suppl\u00e9ment quotidien<\/strong><\/span><\/h1>\n<p>Dans ce programme \u00e9tape par \u00e9tape, le Dr Jacobs vous montrera comment mettre en \u0153uvre rapidement et efficacement le r\u00e9gime ASTR avec notre kit de suppl\u00e9ments quotidiens pour une sant\u00e9, une \u00e9nergie et un bien-\u00eatre optimaux. Si vous souhaitez maintenir une sant\u00e9 optimale, ce kit est un bon d\u00e9but\u00a0!<\/p>\n<p><span style=\"color: #333333;\"><strong>Le kit de suppl\u00e9ment quotidien comprend<\/strong><\/span><\/p>\n<ol>\n<li><span style=\"color: #333333;\">B Actif<\/span><\/li>\n<li><span style=\"color: #333333;\">Magn\u00e9sium actif<\/span><\/li>\n<li>Coq 10 Actif<\/li>\n<li>K2 et D3 complets<\/li>\n<li>Om\u00e9ga Actif<\/li>\n<li><span style=\"color: #333333;\">ASTR diet, including recipes<\/span><\/li>\n<\/ol>\n<p><a href=\"https:\/\/advancedsofttissuerelease.com\/fr\/produit\/b-actif-2\/\"><strong>B Actif &gt;<\/strong><\/a><\/p>\n<ul>\n<li>Soutient le m\u00e9tabolisme des glucides<\/li>\n<li>Soutient le fonctionnement du syst\u00e8me nerveux<\/li>\n<li>Prend en charge le fonctionnement du syst\u00e8me surr\u00e9nalien<\/li>\n<li>Soutient le fonctionnement du syst\u00e8me immunitaire<\/li>\n<li>Soutient la sant\u00e9 cardiovasculaire<\/li>\n<li>Prot\u00e8ge contre les carences alimentaires<\/li>\n<li>Prot\u00e8ge contre l&#039;\u00e9puisement des nutriments induit par le stress<\/li>\n<li>Soutient une fonction mentale et une humeur saines<\/li>\n<\/ul>\n<p>Le suppl\u00e9ment actif ASTR B aide \u00e0 soutenir le m\u00e9tabolisme des glucides, le fonctionnement du syst\u00e8me nerveux\/surr\u00e9nalien\/immunitaire, la sant\u00e9 cardiovasculaire, ainsi que le fonctionnement mental et l&#039;humeur sains. B Active contient tout le spectre des vitamines B ; les formes activ\u00e9es de B2, B6 et B12\u00a0; et folate.*<\/p>\n<p><span style=\"color: #0000ff;\"><a style=\"color: #0000ff;\" href=\"https:\/\/advancedsofttissuerelease.com\/fr\/produit\/magnesium-actif\/\"><strong>Magn\u00e9sium Actif &gt;<\/strong><\/a><\/span><\/p>\n<ul>\n<li><span style=\"color: #333333;\">Fournit 3 formes de magn\u00e9sium hautement absorb\u00e9<\/span><\/li>\n<li><span style=\"color: #333333;\">Magn\u00e9sium \u00e0 haute concentration pour le soutien cardiovasculaire<\/span><\/li>\n<li><span style=\"color: #333333;\">Le magn\u00e9sium joue un r\u00f4le vital dans des centaines d&#039;activit\u00e9s m\u00e9taboliques<\/span><\/li>\n<li><span style=\"color: #333333;\">Aide \u00e0 maintenir une tension art\u00e9rielle saine<\/span><\/li>\n<li><span style=\"color: #333333;\">Aide \u00e0 maintenir une glyc\u00e9mie saine<\/span><\/li>\n<li><span style=\"color: #333333;\">Favorise la production d&#039;\u00e9nergie<\/span><\/li>\n<li><span style=\"color: #333333;\">Favorise la relaxation musculaire<\/span><\/li>\n<li><span style=\"color: #333333;\">Soutient la fonction musculaire<\/span><\/li>\n<li><span style=\"color: #333333;\">Soutenir la fonction nerveuse<\/span><\/li>\n<\/ul>\n<p><span style=\"color: #0000ff;\"><a style=\"color: #0000ff;\" href=\"https:\/\/advancedsofttissuerelease.com\/fr\/produit\/coq-10-actif-2\/\"><strong>CoQ 10 actif &gt;<\/strong><\/a><\/span><\/p>\n<ul>\n<li>Prend en charge la production d&#039;\u00e9nergie naturelle<\/li>\n<li>Prend en charge le fonctionnement mitochondrial<\/li>\n<li>Soutient la sant\u00e9 du plasma et des tissus<\/li>\n<li>Soutient la sant\u00e9 et le fonctionnement du syst\u00e8me cardiovasculaire<\/li>\n<li>Soutient la sant\u00e9 neuromusculaire<\/li>\n<li>Soutient le fonctionnement du syst\u00e8me nerveux central<\/li>\n<\/ul>\n<p>Le suppl\u00e9ment ASTR CoQ 10 soutient la production d&#039;\u00e9nergie naturelle et la sant\u00e9 mitochondriale, le bon fonctionnement du syst\u00e8me cardiovasculaire et la sant\u00e9 du syst\u00e8me neuromusculaire et nerveux central. Il a \u00e9t\u00e9 cliniquement d\u00e9montr\u00e9 que l&#039;ASTR CoQ 10 est plus absorbable pour une utilisation optimale dans le soutien des besoins de sant\u00e9 cardiovasculaires et \u00e9nerg\u00e9tiques.<\/p>\n<p><span style=\"color: #0000ff;\"><a style=\"color: #0000ff;\" href=\"https:\/\/advancedsofttissuerelease.com\/fr\/produit\/k2-d3-complet-2\/\"><strong>K2 &amp; D3 Complet &gt;<\/strong><\/a><\/span><\/p>\n<ul>\n<li>Favorise une circulation sanguine saine<\/li>\n<li>Favorise une sant\u00e9 osseuse optimale<\/li>\n<li>Favorise un bon stockage du calcium<\/li>\n<li>Maintient une fonction cardiom\u00e9tabolique saine<\/li>\n<li>Soutient l&#039;\u00e9lasticit\u00e9 art\u00e9rielle<\/li>\n<li>Stimule la fonction immunitaire<\/li>\n<li>Soutient un \u00e9quilibre calcique sain<\/li>\n<li>Soutient l&#039;\u00e9quilibre de la glyc\u00e9mie<\/li>\n<\/ul>\n<div class=\"page\" title=\"Page 1\">\n<div class=\"section\">\n<div class=\"layoutArea\">\n<div class=\"column\">\n<p>Les recherches actuelles ont montr\u00e9 qu&#039;une suppl\u00e9mentation \u00e0 haute concentration de K2, \u00e0 180 mcg\/jour, entra\u00eene de meilleurs r\u00e9sultats cliniques par rapport \u00e0 une suppl\u00e9mentation \u00e0 faible dose*. K2 &amp; D3 complete fournit 180 mcg de MenaQ7\u00ae PRO, la forme de vitamine K2 la plus \u00e9tudi\u00e9e sous forme de MK-7, ainsi que 5 000 UI de vitamine D3 pour un soutien optimal de la sant\u00e9 osseuse et cardiovasculaire.<\/p>\n<\/div>\n<\/div>\n<\/div>\n<\/div>\n<p><span style=\"color: #0000ff;\"><a style=\"color: #0000ff;\" href=\"https:\/\/advancedsofttissuerelease.com\/fr\/produit\/omega-actif-2\/\"><strong><span style=\"font-size: 12pt;\">Om\u00e9ga Actif &gt;<\/span><\/strong><\/a><\/span><\/p>\n<ul>\n<li>Soutient la sant\u00e9 cardiovasculaire<\/li>\n<li>Soutient le m\u00e9tabolisme du sucre dans le sang<\/li>\n<li>Soutient la fonction cognitive<\/li>\n<li>Soutient le d\u00e9veloppement cognitif<\/li>\n<li>Soutient une peau saine<\/li>\n<li>Soutient des articulations saines<\/li>\n<li>Soutient les tissus conjonctifs sains<\/li>\n<li>Am\u00e9liore la sant\u00e9 visuelle et oculaire<\/li>\n<li>Maintient un \u00e9quilibre inflammatoire normal<\/li>\n<\/ul>\n<p style=\"text-align: center;\"><span style=\"font-size: 8pt; color: #333333;\">*Ces d\u00e9clarations n&#039;ont pas \u00e9t\u00e9 \u00e9valu\u00e9es par la Food and Drug Administration. Ce produit n&#039;est pas destin\u00e9 \u00e0 diagnostiquer, traiter, gu\u00e9rir ou pr\u00e9venir toute maladie.\u00a0<\/span><\/p>","protected":false},"excerpt":{"rendered":"<p>Programme \u00e9tape par \u00e9tape comprenant des conseils de sant\u00e9, un plan nutritionnel, des recettes, des listes de courses et des suppl\u00e9ments qui vous aideront \u00e0 traiter la source de vos probl\u00e8mes de sant\u00e9 sous-jacents.<\/p>","protected":false},"featured_media":47787,"template":"","meta":{"_analytify_skip_tracking":false},"product_brand":[],"product_cat":[1782],"product_tag":[604,1809,1890,1808,1792,1891],"woo-feed-brand":[],"class_list":{"0":"post-10512","1":"product","2":"type-product","3":"status-publish","4":"has-post-thumbnail","6":"product_cat-health-supplement-kits","7":"product_tag-coq-10","8":"product_tag-d3-vitamin","9":"product_tag-daily-vitamins","10":"product_tag-k2-vitamin","11":"product_tag-magnesium-active","12":"product_tag-multivitamins","13":"product_shipping_class-regular-shipping","15":"first","16":"instock","17":"sale","18":"taxable","19":"shipping-taxable","20":"purchasable","21":"product-type-simple"},"exclude_global_add_ons":[],"addons":[],"_links":{"self":[{"href":"https:\/\/advancedsofttissuerelease.com\/fr\/wp-json\/wp\/v2\/product\/10512","targetHints":{"allow":["GET"]}}],"collection":[{"href":"https:\/\/advancedsofttissuerelease.com\/fr\/wp-json\/wp\/v2\/product"}],"about":[{"href":"https:\/\/advancedsofttissuerelease.com\/fr\/wp-json\/wp\/v2\/types\/product"}],"version-history":[{"count":0,"href":"https:\/\/advancedsofttissuerelease.com\/fr\/wp-json\/wp\/v2\/product\/10512\/revisions"}],"wp:featuredmedia":[{"embeddable":true,"href":"https:\/\/advancedsofttissuerelease.com\/fr\/wp-json\/wp\/v2\/media\/47787"}],"wp:attachment":[{"href":"https:\/\/advancedsofttissuerelease.com\/fr\/wp-json\/wp\/v2\/media?parent=10512"}],"wp:term":[{"taxonomy":"product_brand","embeddable":true,"href":"https:\/\/advancedsofttissuerelease.com\/fr\/wp-json\/wp\/v2\/product_brand?post=10512"},{"taxonomy":"product_cat","embeddable":true,"href":"https:\/\/advancedsofttissuerelease.com\/fr\/wp-json\/wp\/v2\/product_cat?post=10512"},{"taxonomy":"product_tag","embeddable":true,"href":"https:\/\/advancedsofttissuerelease.com\/fr\/wp-json\/wp\/v2\/product_tag?post=10512"},{"taxonomy":"woo-feed-brand","embeddable":true,"href":"https:\/\/advancedsofttissuerelease.com\/fr\/wp-json\/wp\/v2\/woo-feed-brand?post=10512"}],"curies":[{"name":"wp","href":"https:\/\/api.w.org\/{rel}","templated":true}]}}