{"id":10516,"date":"2020-03-16T13:26:44","date_gmt":"2020-03-16T19:26:44","guid":{"rendered":"https:\/\/advancedsofttissuerelease.com\/?post_type=product&#038;p=10516"},"modified":"2025-09-23T20:00:30","modified_gmt":"2025-09-24T00:00:30","slug":"kit-de-sante-intestinale-2","status":"publish","type":"product","link":"https:\/\/advancedsofttissuerelease.com\/fr\/product\/gut-health-kit\/","title":{"rendered":"Kit de sant\u00e9 intestinale"},"content":{"rendered":"<h1><span style=\"font-size: 12pt; color: #333333;\"><strong>Trousse de suppl\u00e9ments pour la sant\u00e9 intestinale<\/strong><\/span><\/h1>\n<p>Dans ce programme \u00e9tape par \u00e9tape, le Dr Jacobs vous montrera comment r\u00e9duire rapidement et efficacement les probl\u00e8mes intestinaux (gastro-intestinaux) en mettant en \u0153uvre le r\u00e9gime anti-inflammatoire d&#039;ASTR avec notre kit de suppl\u00e9ments pour la sant\u00e9 intestinale. Si vous rencontrez des probl\u00e8mes gastro-intestinaux \u00e0 court terme ou chroniques, ce kit vous aidera \u00e0 vivre sans les d\u00e9sagr\u00e9ments quotidiens que vous rencontrez actuellement\u00a0!<\/p>\n<p><span style=\"color: #333333;\"><strong>Le kit de suppl\u00e9ments pour la sant\u00e9 intestinale comprend<\/strong><\/span><\/p>\n<ol>\n<li><span style=\"color: #333333;\">GI<\/span><\/li>\n<li><span style=\"color: #333333;\">GI et immunitaire<\/span><\/li>\n<li>Probiotique Max<\/li>\n<li>Enzymes<\/li>\n<li><span style=\"color: #333333;\">ASTR diet, including recipes<\/span><\/li>\n<\/ol>\n<p><span style=\"color: #0000ff;\"><strong><a style=\"color: #0000ff;\" href=\"https:\/\/advancedsofttissuerelease.com\/fr\/produit\/gi-2\/\">IG &gt;<\/a><\/strong><\/span><\/p>\n<ul>\n<li>Soutient l&#039;int\u00e9grit\u00e9 et le fonctionnement optimal du tractus gastro-intestinal<\/li>\n<li>Soutient la muqueuse gastro-intestinale<\/li>\n<li>Soutient l&#039;inuline pr\u00e9biotique<\/li>\n<\/ul>\n<p>Le suppl\u00e9ment ASTR GI soutient l&#039;int\u00e9grit\u00e9 et le fonctionnement optimal du tractus gastro-intestinal. GI contient de la L-glutamine, du zinc et de l&#039;acide pantoth\u00e9nique pour soutenir la muqueuse gastro-intestinale et l&#039;inuline pr\u00e9biotique pour nourrir les cellules de la muqueuse. Il contient \u00e9galement de l&#039;extrait de feuille d&#039;alo\u00e8s, traditionnellement utilis\u00e9 pour une fonction gastro-intestinale optimale.*<\/p>\n<p><span style=\"color: #0000ff;\"><a style=\"color: #0000ff;\" href=\"https:\/\/advancedsofttissuerelease.com\/fr\/produit\/gi-immunise-2\/\"><strong>GI &amp; Immunitaire &gt;<\/strong><\/a><\/span><\/p>\n<ul>\n<li>Favorise l&#039;\u00e9quilibre microbien<\/li>\n<li>Aide \u00e0 maintenir le confort gastro-intestinal<\/li>\n<li>Soutient un fonctionnement immunitaire sain<\/li>\n<li>Fournit des nutriments qui augmentent la protection antioxydante<\/li>\n<li>Am\u00e9liore la fonction immunitaire<\/li>\n<li>Soutient la r\u00e9ponse immunitaire naturelle<\/li>\n<\/ul>\n<p><span style=\"color: #0000ff;\"><strong><a style=\"color: #0000ff;\" href=\"https:\/\/advancedsofttissuerelease.com\/fr\/produit\/probiotique-max-2\/\">Probiotic Max \u2013 18 souches&gt;<\/a><\/strong><\/span><\/p>\n<ul>\n<li>Soutient un microbiote sain<\/li>\n<li>Soutient la r\u00e9ponse immunitaire naturelle<\/li>\n<li>Favorise la digestion du lactose<\/li>\n<li>Soutient la r\u00e9gularit\u00e9 intestinale<\/li>\n<li>Soutient un microbiome intestinal sain<\/li>\n<li>S\u00e9lectionn\u00e9 pour sa viabilit\u00e9 et sa stabilit\u00e9<\/li>\n<\/ul>\n<p>Le suppl\u00e9ment ASTR Probiotic Max soutient un microbiote sain, la r\u00e9ponse immunitaire naturelle, la digestion du lactose et la r\u00e9gularit\u00e9 intestinale. Probiotic Max Strain contient diverses souches probiotiques pour soutenir un microbiome intestinal sain. Ces souches ont \u00e9t\u00e9 s\u00e9lectionn\u00e9es non seulement pour leurs bienfaits pour la sant\u00e9 et leurs actions compl\u00e9mentaires, mais aussi pour leur viabilit\u00e9 et leur stabilit\u00e9. Pour prot\u00e9ger les bact\u00e9ries de la lumi\u00e8re et de l&#039;humidit\u00e9, des emballages opaques et doubl\u00e9s d&#039;aluminium sont utilis\u00e9s pour les deux formules.*<\/p>\n<p><span style=\"color: #0000ff;\"><a style=\"color: #0000ff;\" href=\"https:\/\/advancedsofttissuerelease.com\/fr\/produit\/enzymes-2\/\"><strong>Enzymes &gt;<\/strong><\/a><\/span><\/p>\n<ul>\n<li>Favorise une digestion saine des macronutriments<\/li>\n<li>Am\u00e9liore l&#039;absorption des nutriments<\/li>\n<li>Prend en charge la d\u00e9gradation des polysaccharides<\/li>\n<li>Soutient le fonctionnement pancr\u00e9atique<\/li>\n<li>Favorise la d\u00e9gradation du lactose<\/li>\n<\/ul>\n<p>Les suppl\u00e9ments d&#039;enzymes ASTR favorisent \u00e0 la fois une digestion saine et l&#039;absorption des macronutriments. Enzymes est con\u00e7u pour faciliter la digestion des graisses, des prot\u00e9ines, des glucides, des fibres et du lactose. ASTR a cr\u00e9\u00e9 des enzymes en utilisant une myriade d&#039;enzymes digestives cl\u00e9s diff\u00e9rentes afin de fonctionner dans une large plage de pH.*<\/p>\n<p><strong>NE CONTIENT PAS:<\/strong>\u00a0 gluten, colorants artificiels, conservateurs artificiels ou \u00e9dulcorants artificiels.<\/p>\n<p style=\"text-align: center;\"><span style=\"font-size: 8pt; color: #333333;\">*Ces d\u00e9clarations n&#039;ont pas \u00e9t\u00e9 \u00e9valu\u00e9es par la Food and Drug Administration. Ce produit n&#039;est pas destin\u00e9 \u00e0 diagnostiquer, traiter, gu\u00e9rir ou pr\u00e9venir toute maladie.\u00a0<\/span><\/p>","protected":false},"excerpt":{"rendered":"<p><span class=\"\">Programme \u00e9tape par \u00e9tape comprenant des conseils sur la sant\u00e9 intestinale,\u00a0<\/span><span class=\"\">r\u00e9gime alimentaire, <\/span><span class=\"\">des recettes, des listes de courses et des suppl\u00e9ments qui vous aideront \u00e0 traiter la source de vos probl\u00e8mes de sant\u00e9 sous-jacents.<\/span><\/p>","protected":false},"featured_media":37354,"template":"","meta":{"_analytify_skip_tracking":false},"product_brand":[],"product_cat":[1782],"product_tag":[644,1898,662,1895,1896,1897],"woo-feed-brand":[],"class_list":{"0":"post-10516","1":"product","2":"type-product","3":"status-publish","4":"has-post-thumbnail","6":"product_cat-health-supplement-kits","7":"product_tag-enzymes","8":"product_tag-fiber","9":"product_tag-gi","10":"product_tag-gut-supplements","11":"product_tag-leaky-gut-supplements","12":"product_tag-probiotics","13":"product_shipping_class-regular-shipping","15":"first","16":"instock","17":"sale","18":"taxable","19":"shipping-taxable","20":"purchasable","21":"product-type-simple"},"exclude_global_add_ons":[],"addons":[],"_links":{"self":[{"href":"https:\/\/advancedsofttissuerelease.com\/fr\/wp-json\/wp\/v2\/product\/10516","targetHints":{"allow":["GET"]}}],"collection":[{"href":"https:\/\/advancedsofttissuerelease.com\/fr\/wp-json\/wp\/v2\/product"}],"about":[{"href":"https:\/\/advancedsofttissuerelease.com\/fr\/wp-json\/wp\/v2\/types\/product"}],"version-history":[{"count":0,"href":"https:\/\/advancedsofttissuerelease.com\/fr\/wp-json\/wp\/v2\/product\/10516\/revisions"}],"wp:featuredmedia":[{"embeddable":true,"href":"https:\/\/advancedsofttissuerelease.com\/fr\/wp-json\/wp\/v2\/media\/37354"}],"wp:attachment":[{"href":"https:\/\/advancedsofttissuerelease.com\/fr\/wp-json\/wp\/v2\/media?parent=10516"}],"wp:term":[{"taxonomy":"product_brand","embeddable":true,"href":"https:\/\/advancedsofttissuerelease.com\/fr\/wp-json\/wp\/v2\/product_brand?post=10516"},{"taxonomy":"product_cat","embeddable":true,"href":"https:\/\/advancedsofttissuerelease.com\/fr\/wp-json\/wp\/v2\/product_cat?post=10516"},{"taxonomy":"product_tag","embeddable":true,"href":"https:\/\/advancedsofttissuerelease.com\/fr\/wp-json\/wp\/v2\/product_tag?post=10516"},{"taxonomy":"woo-feed-brand","embeddable":true,"href":"https:\/\/advancedsofttissuerelease.com\/fr\/wp-json\/wp\/v2\/woo-feed-brand?post=10516"}],"curies":[{"name":"wp","href":"https:\/\/api.w.org\/{rel}","templated":true}]}}